{"id":6841,"date":"2026-01-13T11:36:59","date_gmt":"2026-01-13T08:36:59","guid":{"rendered":"https:\/\/wristbandfactory.eu\/?post_type=product&#038;p=6841"},"modified":"2026-01-13T11:39:55","modified_gmt":"2026-01-13T08:39:55","slug":"custom-hard-pvc-tags-for-wristbands-qr-barcode-rfid-ready","status":"publish","type":"product","link":"https:\/\/wristbandfactory.eu\/et\/p\/custom-hard-pvc-tags-for-wristbands-qr-barcode-rfid-ready\/","title":{"rendered":"K\u00f5vast PVC-st sildid k\u00e4epaeltele"},"content":{"rendered":"<p data-path-to-node=\"10\">Muutke tavalised \u00fcrituste k\u00e4epaelad intelligentseteks ligip\u00e4\u00e4sukontrolli t\u00f6\u00f6riistadeks meie eridisainiga k\u00f5vade PVC-siltidega. Need j\u00e4igad liugurid on loodud otse riidest k\u00e4epaeltele kinnitamiseks, pakkudes tasast ja vastupidavat pinda, mis on spetsiaalselt optimeeritud skannitavate andmete jaoks. Erinevalt pehmetest kangast pindadest, kus QR-koodid v\u00f5ivad moonduda, tagavad k\u00f5vad PVC-sildid 100% skannitavuse sularahata maksete, piletim\u00fc\u00fcgi ja sotsiaalmeedia integratsiooni jaoks.<\/p>\n<h3 data-path-to-node=\"11\">Peamised omadused<\/h3>\n<ul data-path-to-node=\"12\">\n<li>\n<p data-path-to-node=\"12,0,0\"><b data-path-to-node=\"12,0,0\" data-index-in-node=\"0\">Muutuvate andmete printimine:<\/b> Saame igale sildile printida unikaalsed QR-koodid, v\u00f6\u00f6tkoodid v\u00f5i j\u00e4rjestikused seerianumbrid, v\u00f5imaldades iga k\u00fclalise j\u00e4lgimist ja turvalist juurdep\u00e4\u00e4sukontrolli.<\/p>\n<\/li>\n<li>\n<p data-path-to-node=\"12,1,0\"><b data-path-to-node=\"12,1,0\" data-index-in-node=\"0\">Premium-konstruktsioon:<\/b> Need sildid on valmistatud kvaliteetsest k\u00f5vast PVC-st, mis on vastupidavad painutamisele, veele ja UV-kiirgusele, muutes need lamineeritud paberist alternatiividest paremaks.<\/p>\n<\/li>\n<li>\n<p data-path-to-node=\"12,2,0\"><b data-path-to-node=\"12,2,0\" data-index-in-node=\"0\">Elav br\u00e4nding:<\/b> Sile valge pind toimib ideaalse l\u00f5uendina teravate, t\u00e4isv\u00e4rviliste logode ja sponsori br\u00e4ndingu jaoks, mis paistavad riidest rihma taustal silma.<\/p>\n<\/li>\n<li>\n<p data-path-to-node=\"12,3,0\"><b data-path-to-node=\"12,3,0\" data-index-in-node=\"0\">RFID\/NFC-v\u00f5imekus:<\/b> Soovi korral saadaval sisseehitatud RFID- v\u00f5i NFC-kiipidega kontaktivaba sisenemise ja sularahata makses\u00fcsteemide jaoks.<\/p>\n<\/li>\n<\/ul>\n<h3 data-path-to-node=\"13\">Spetsifikatsioonid<\/h3>\n<ul data-path-to-node=\"14\">\n<li>\n<p data-path-to-node=\"14,0,0\"><b data-path-to-node=\"14,0,0\" data-index-in-node=\"0\">Materjal:<\/b> J\u00e4ik k\u00f5va PVC (pol\u00fcvin\u00fc\u00fclkloriid)<\/p>\n<\/li>\n<li>\n<p data-path-to-node=\"14,1,0\"><b data-path-to-node=\"14,1,0\" data-index-in-node=\"0\">M\u00f5\u00f5tmed:<\/b> Saadaval standardsuurused (nt 26x33mm, 30x40mm) v\u00f5i eritellimusel valmistatud kujundid.<\/p>\n<\/li>\n<li>\n<p data-path-to-node=\"14,2,0\"><b data-path-to-node=\"14,2,0\" data-index-in-node=\"0\">\u00dchilduvus:<\/b> Pilud 15 mm v\u00f5i 20 mm laiuste kootud v\u00f5i satiinist k\u00e4epaelte jaoks.<\/p>\n<\/li>\n<li>\n<p data-path-to-node=\"14,3,0\"><b data-path-to-node=\"14,3,0\" data-index-in-node=\"0\">Printimismeetod:<\/b> UV-digitaaltr\u00fckk v\u00f5i ofsettr\u00fckk fotokvaliteedi saavutamiseks.<\/p>\n<\/li>\n<li>\n<p data-path-to-node=\"14,4,0\"><b data-path-to-node=\"14,4,0\" data-index-in-node=\"0\">Viimistlus:<\/b> Saadaval l\u00e4ikiv v\u00f5i matt lamineerimine.<\/p>\n<\/li>\n<\/ul>\n<h3 data-path-to-node=\"15\">B2B kasutusjuhud<\/h3>\n<ul data-path-to-node=\"16\">\n<li>\n<p data-path-to-node=\"16,0,0\"><b data-path-to-node=\"16,0,0\" data-index-in-node=\"0\">Muusikafestivalid:<\/b> Kasutage QR-koode sularahata kontode laadimiseks ja sisenemise skaneerimiseks.<\/p>\n<\/li>\n<li>\n<p data-path-to-node=\"16,1,0\"><b data-path-to-node=\"16,1,0\" data-index-in-node=\"0\">VIP-p\u00e4\u00e4s:<\/b> Eristuvad k\u00f5vad sildid eriliste k\u00fclaliste v\u00f5i lavataguse personali tuvastamiseks.<\/p>\n<\/li>\n<li>\n<p data-path-to-node=\"16,2,0\"><b data-path-to-node=\"16,2,0\" data-index-in-node=\"0\">Garderoobi haldamine:<\/b> K\u00e4epaelte k\u00fclge kinnitatud nummerdatud sildid esemete turvaliseks k\u00e4ttesaamiseks.<\/p>\n<\/li>\n<li>\n<p data-path-to-node=\"16,3,0\"><b data-path-to-node=\"16,3,0\" data-index-in-node=\"0\">Kuurordid ja hotellid:<\/b> Vastupidavad toav\u00f5tmed v\u00f5i r\u00e4tikute vahetamise \u017eetoonid k\u00fclaliste randmetele kinnitatuna.<\/p>\n<\/li>\n<\/ul>","protected":false},"excerpt":{"rendered":"<ul>\n<li>\n<p data-path-to-node=\"9,0,0\"><b data-path-to-node=\"9,0,0\" data-index-in-node=\"0\">Nutika ID lahendus:<\/b> Ideaalne QR-koodide, v\u00f6\u00f6tkoodide ja UID-numbrite integreerimiseks riidest k\u00e4epaeltele.<\/p>\n<\/li>\n<li>\n<p data-path-to-node=\"9,1,0\"><b data-path-to-node=\"9,1,0\" data-index-in-node=\"0\">Vastupidav materjal:<\/b> Valmistatud j\u00e4igast ja veekindlast PVC-st, mis peab vastu mitmep\u00e4evastele \u00fcritustele ja karmidele tingimustele.<\/p>\n<\/li>\n<li>\n<p data-path-to-node=\"9,2,0\"><b data-path-to-node=\"9,2,0\" data-index-in-node=\"0\">T\u00e4ielik kohandamine:<\/b> K\u00f5rglahutusega UV- v\u00f5i ofsettr\u00fckk v\u00f5imaldab erksav\u00e4rvilisi logosid ja keerukate andmete skannimist.<\/p>\n<\/li>\n<li>\n<p data-path-to-node=\"9,3,0\"><b data-path-to-node=\"9,3,0\" data-index-in-node=\"0\">Universaalne sobivus:<\/b> Kahe pesaga, mis sobivad sujuvalt standardsete 15 mm ja 20 mm kangast k\u00e4epaeltega.<\/p>\n<\/li>\n<\/ul>","protected":false},"featured_media":6840,"comment_status":"closed","ping_status":"closed","template":"","meta":[],"product_brand":[],"product_cat":[66,124],"product_tag":[],"class_list":{"0":"post-6841","1":"product","2":"type-product","3":"status-publish","4":"has-post-thumbnail","6":"product_cat-wristbands","7":"product_cat-id-solutions","9":"first","10":"instock","11":"shipping-taxable","12":"product-type-simple"},"_links":{"self":[{"href":"https:\/\/wristbandfactory.eu\/et\/wp-json\/wp\/v2\/product\/6841","targetHints":{"allow":["GET"]}}],"collection":[{"href":"https:\/\/wristbandfactory.eu\/et\/wp-json\/wp\/v2\/product"}],"about":[{"href":"https:\/\/wristbandfactory.eu\/et\/wp-json\/wp\/v2\/types\/product"}],"replies":[{"embeddable":true,"href":"https:\/\/wristbandfactory.eu\/et\/wp-json\/wp\/v2\/comments?post=6841"}],"wp:featuredmedia":[{"embeddable":true,"href":"https:\/\/wristbandfactory.eu\/et\/wp-json\/wp\/v2\/media\/6840"}],"wp:attachment":[{"href":"https:\/\/wristbandfactory.eu\/et\/wp-json\/wp\/v2\/media?parent=6841"}],"wp:term":[{"taxonomy":"product_brand","embeddable":true,"href":"https:\/\/wristbandfactory.eu\/et\/wp-json\/wp\/v2\/product_brand?post=6841"},{"taxonomy":"product_cat","embeddable":true,"href":"https:\/\/wristbandfactory.eu\/et\/wp-json\/wp\/v2\/product_cat?post=6841"},{"taxonomy":"product_tag","embeddable":true,"href":"https:\/\/wristbandfactory.eu\/et\/wp-json\/wp\/v2\/product_tag?post=6841"}],"curies":[{"name":"t\u00f6\u00f6leht","href":"https:\/\/api.w.org\/{rel}","templated":true}]}}