{"id":6838,"date":"2026-01-13T10:28:34","date_gmt":"2026-01-13T07:28:34","guid":{"rendered":"https:\/\/wristbandfactory.eu\/?post_type=product&#038;p=6838"},"modified":"2026-01-13T10:28:34","modified_gmt":"2026-01-13T07:28:34","slug":"custom-printed-velvet-gift-bags-premium-drawstring-pouches","status":"publish","type":"product","link":"https:\/\/wristbandfactory.eu\/et\/p\/custom-printed-velvet-gift-bags-premium-drawstring-pouches\/","title":{"rendered":"Logoga sametist kinkekotid"},"content":{"rendered":"<p data-path-to-node=\"9\">Loo unustamatu lahtipakkimise kogemus meie abil <b data-path-to-node=\"9\" data-index-in-node=\"78\">Eridisainiga tr\u00fckitud sametist kinkekotid<\/b>. Luksuskaupade jaem\u00fc\u00fcjatele, ehtebr\u00e4ndidele ja firma\u00fcrituste korraldajatele m\u00f5eldud pehmed kotid pakuvad keerukat viisi v\u00e4ikeste esemete pakendamiseks. Erinevalt tavalistest plast- v\u00f5i paberpakenditest annab samet edasi vastupidavust, elegantsi ja k\u00f5rget v\u00e4\u00e4rtust.<\/p>\n<p data-path-to-node=\"10\">Olenemata sellest, kas vajate v\u00e4ikest kotti s\u00f5rmuste jaoks v\u00f5i suuremat kotti kosmeetika ja tehnikavidinate jaoks, pakume t\u00e4ielikku paindlikkust suuruse ja tootmise osas.<\/p>\n<h2 data-path-to-node=\"11\">Peamised br\u00e4ndingu omadused<\/h2>\n<p data-path-to-node=\"12\">Pakume kolme erinevat br\u00e4ndingumeetodit, mis sobivad teie logo stiiliga:<\/p>\n<ul data-path-to-node=\"13\">\n<li>\n<p data-path-to-node=\"13,0,0\"><b data-path-to-node=\"13,0,0\" data-index-in-node=\"0\">Siiditr\u00fckk:<\/b> Ideaalne julgete, \u00fchev\u00e4rviliste ja selge br\u00e4ndingu jaoks.<\/p>\n<\/li>\n<li>\n<p data-path-to-node=\"13,1,0\"><b data-path-to-node=\"13,1,0\" data-index-in-node=\"0\">Kuumstantsimine (foolium):<\/b> Ideaalne luksusbr\u00e4ndidele. Lisa l\u00e4ikiv kuldne v\u00f5i h\u00f5bedane fooliumviimistlus, mis p\u00fc\u00fcab valgust tumeda samettekstuuri taustal.<\/p>\n<\/li>\n<li>\n<p data-path-to-node=\"13,2,0\"><b data-path-to-node=\"13,2,0\" data-index-in-node=\"0\">S\u00fcvistatud\/reljeefne tr\u00fckkimine:<\/b> Loo peen ja kombatav 3D-efekt, kus logo on kangasse pressitud, et anda sellele luksuslik ja tagasihoidlik v\u00e4limus.<\/p>\n<\/li>\n<\/ul>\n<h2 data-path-to-node=\"14\">Spetsifikatsioonid<\/h2>\n<ul data-path-to-node=\"15\">\n<li>\n<p data-path-to-node=\"15,0,0\"><b data-path-to-node=\"15,0,0\" data-index-in-node=\"0\">Materjal:<\/b> Kvaliteetne pehme samet\/veluurkangas.<\/p>\n<\/li>\n<li>\n<p data-path-to-node=\"15,1,0\"><b data-path-to-node=\"15,1,0\" data-index-in-node=\"0\">Sulgemisstiilid:<\/b> \u00dchepoolne pingutuspael v\u00f5i kahepoolne pingutuspael (t\u00f5mbab m\u00f5lemast otsast).<\/p>\n<\/li>\n<li>\n<p data-path-to-node=\"15,2,0\"><b data-path-to-node=\"15,2,0\" data-index-in-node=\"0\">Keelte materjalid:<\/b> Satiinlint, PP-pael, puuvillane k\u00f6is v\u00f5i sobiv sametriba.<\/p>\n<\/li>\n<li>\n<p data-path-to-node=\"15,3,0\"><b data-path-to-node=\"15,3,0\" data-index-in-node=\"0\">V\u00e4rvid:<\/b> Lai valik standardseid sametv\u00e4rve (must, tumesinine, punane, hall, roheline jne).<\/p>\n<\/li>\n<li>\n<p data-path-to-node=\"15,4,0\"><b data-path-to-node=\"15,4,0\" data-index-in-node=\"0\">Suurused:<\/b> T\u00e4ielikult kohandatav (nt 5x7cm, 8x10cm, 10x15cm, 15x20cm ja suuremad).<\/p>\n<\/li>\n<li>\n<p data-path-to-node=\"15,5,0\"><b data-path-to-node=\"15,5,0\" data-index-in-node=\"0\">Minimaalne tellimus:<\/b> Hulgim\u00fc\u00fcgikogused saadaval.<\/p>\n<\/li>\n<\/ul>\n<h2 data-path-to-node=\"16\">Levinumad kasutusjuhud<\/h2>\n<ul data-path-to-node=\"17\">\n<li>\n<p data-path-to-node=\"17,0,0\"><b data-path-to-node=\"17,0,0\" data-index-in-node=\"0\">Ehted Pakend:<\/b> S\u00f5rmused, kaelakeed, k\u00f5rvar\u00f5ngad ja kellad.<\/p>\n<\/li>\n<li>\n<p data-path-to-node=\"17,1,0\"><b data-path-to-node=\"17,1,0\" data-index-in-node=\"0\">Ettev\u00f5tte kingitused:<\/b> Kvaliteetne pakend USB-m\u00e4lupulkadele, medalitele v\u00f5i m\u00fcntidele.<\/p>\n<\/li>\n<li>\n<p data-path-to-node=\"17,2,0\"><b data-path-to-node=\"17,2,0\" data-index-in-node=\"0\">\u00dcrituse meened:<\/b> Pulmad, galad ja reklaamkingitused.<\/p>\n<\/li>\n<li>\n<p data-path-to-node=\"17,3,0\"><b data-path-to-node=\"17,3,0\" data-index-in-node=\"0\">Kosmeetika:<\/b> Luksuslikud kotid ilutarvikute ja parf\u00fc\u00fcmide jaoks.<\/p>\n<\/li>\n<\/ul>","protected":false},"excerpt":{"rendered":"<ul data-path-to-node=\"8\">\n<li>\n<p data-path-to-node=\"8,0,0\"><b data-path-to-node=\"8,0,0\" data-index-in-node=\"0\">Premium pehme tekstuur:<\/b> Kvaliteetne sametkangas, mis lisab igale tootele v\u00f5i kingitusele luksusliku h\u00f5ngu.<\/p>\n<\/li>\n<li>\n<p data-path-to-node=\"8,1,0\"><b data-path-to-node=\"8,1,0\" data-index-in-node=\"0\">Mitmek\u00fclgne kohandamine:<\/b> Valige siiditr\u00fcki, metallikkuumpressimise (kuld\/h\u00f5be) v\u00f5i elegantse reljeeftr\u00fcki vahel.<\/p>\n<\/li>\n<li>\n<p data-path-to-node=\"8,2,0\"><b data-path-to-node=\"8,2,0\" data-index-in-node=\"0\">Paindlik disain:<\/b> Saadaval \u00fche- v\u00f5i kahekordse pingutuspaelaga sulguritega erinevatest paela- v\u00f5i paelamaterjalidest.<\/p>\n<\/li>\n<li>\n<p data-path-to-node=\"8,3,0\"><b data-path-to-node=\"8,3,0\" data-index-in-node=\"0\">M\u00f5\u00f5tude j\u00e4rgi valmistatud:<\/b> Saadaval on eritellimusel suurused, mis sobivad ideaalselt ehetele, kosmeetikale, tehnikatarvikutele v\u00f5i \u00fcrituste meenetele.<\/p>\n<\/li>\n<\/ul>","protected":false},"featured_media":6839,"comment_status":"closed","ping_status":"closed","template":"","meta":[],"product_brand":[],"product_cat":[131],"product_tag":[],"class_list":{"0":"post-6838","1":"product","2":"type-product","3":"status-publish","4":"has-post-thumbnail","6":"product_cat-custom-bags-totes","8":"first","9":"instock","10":"shipping-taxable","11":"purchasable","12":"product-type-simple"},"_links":{"self":[{"href":"https:\/\/wristbandfactory.eu\/et\/wp-json\/wp\/v2\/product\/6838","targetHints":{"allow":["GET"]}}],"collection":[{"href":"https:\/\/wristbandfactory.eu\/et\/wp-json\/wp\/v2\/product"}],"about":[{"href":"https:\/\/wristbandfactory.eu\/et\/wp-json\/wp\/v2\/types\/product"}],"replies":[{"embeddable":true,"href":"https:\/\/wristbandfactory.eu\/et\/wp-json\/wp\/v2\/comments?post=6838"}],"wp:featuredmedia":[{"embeddable":true,"href":"https:\/\/wristbandfactory.eu\/et\/wp-json\/wp\/v2\/media\/6839"}],"wp:attachment":[{"href":"https:\/\/wristbandfactory.eu\/et\/wp-json\/wp\/v2\/media?parent=6838"}],"wp:term":[{"taxonomy":"product_brand","embeddable":true,"href":"https:\/\/wristbandfactory.eu\/et\/wp-json\/wp\/v2\/product_brand?post=6838"},{"taxonomy":"product_cat","embeddable":true,"href":"https:\/\/wristbandfactory.eu\/et\/wp-json\/wp\/v2\/product_cat?post=6838"},{"taxonomy":"product_tag","embeddable":true,"href":"https:\/\/wristbandfactory.eu\/et\/wp-json\/wp\/v2\/product_tag?post=6838"}],"curies":[{"name":"t\u00f6\u00f6leht","href":"https:\/\/api.w.org\/{rel}","templated":true}]}}