{"id":6678,"date":"2026-01-09T22:38:59","date_gmt":"2026-01-09T19:38:59","guid":{"rendered":"https:\/\/wristbandfactory.eu\/?post_type=product&#038;p=6678"},"modified":"2026-01-10T10:21:35","modified_gmt":"2026-01-10T07:21:35","slug":"metal-opera-glasses-with-handle-bulk-theatre-binoculars-3x-4x","status":"publish","type":"product","link":"https:\/\/wristbandfactory.eu\/et\/p\/metal-opera-glasses-with-handle-bulk-theatre-binoculars-3x-4x\/","title":{"rendered":"Metallist teatribinoklid k\u00e4epidemega"},"content":{"rendered":"<p data-path-to-node=\"9\">T\u00e4iustage oma patroonide v\u00f5i klientide kultuurielamust meie abil <b data-path-to-node=\"9\" data-index-in-node=\"94\">Kvaliteetsed metallist ooperibinooberid<\/b>. Need teatribinokkel on disainitud elegantseks ja selgeks pildiks ning on \u00fclim aksessuaar ooperimajadele, teatritele ja kontserdisaalidele. Erinevalt plastist alternatiividest on neil prillidel vastupidav t\u00e4ismetallist konstruktsioon ja kuldne viimistlus, mis teeb neist v\u00e4\u00e4rtusliku eseme, mis sobib jaem\u00fc\u00fcgiks v\u00f5i eksklusiivseteks firmakingitusteks.<\/p>\n<p data-path-to-node=\"10\">Integreeritud kokkupandav k\u00e4epide lisab vintage-h\u00f5ngulist h\u00f5ngu, pakkudes samal ajal praktilist mugavust pikkade etenduste ajal. Olenemata sellest, kas t\u00e4idate muuseumi kingitusi v\u00f5i otsite ainulaadset m\u00e4lestuskingitust gala\u00fcrituseks, pakuvad need ooperibinoklid ideaalset stiili ja funktsionaalsuse kombinatsiooni.<\/p>\n<h2 data-path-to-node=\"11\">Peamised omadused<\/h2>\n<ul data-path-to-node=\"12\">\n<li>\n<p data-path-to-node=\"12,0,0\"><b data-path-to-node=\"12,0,0\" data-index-in-node=\"0\">Kaks optilist varianti:<\/b> Valida saab j\u00e4rgmiste vahel: <b data-path-to-node=\"12,0,0\" data-index-in-node=\"37\">3-kordne suurendus<\/b> (laiem vaatev\u00e4li, 122 m\/1000 m) kogu lava j\u00e4\u00e4dvustamiseks v\u00f5i <b data-path-to-node=\"12,0,0\" data-index-in-node=\"122\">4-kordne suurendus<\/b> (105 m\/1000 m) n\u00e4oilmete ja peente detailide teravustamiseks.<\/p>\n<\/li>\n<li>\n<p data-path-to-node=\"12,1,0\"><b data-path-to-node=\"12,1,0\" data-index-in-node=\"0\">Ergonoomiline disain:<\/b> Keskfookusega prisma ja kokkupandav\/teleskoopk\u00e4epide (105\u2013165 mm) h\u00f5lpsaks reguleerimiseks ja mugavaks hoidmiseks.<\/p>\n<\/li>\n<li>\n<p data-path-to-node=\"12,2,0\"><b data-path-to-node=\"12,2,0\" data-index-in-node=\"0\">Premium-versioon:<\/b> Kaaludes 175 g ja olles kompaktse vormiteguriga (100 \u00d7 54 mm), tagab vastupidav metallkorpus pikaealisuse ja esmaklassilise tunde k\u00e4es.<\/p>\n<\/li>\n<li>\n<p data-path-to-node=\"12,3,0\"><b data-path-to-node=\"12,3,0\" data-index-in-node=\"0\">Esitluseks valmis:<\/b> Iga tootega on kaasas elegantne hoiukarp, mis lihtsustab kingituste v\u00f5i jaem\u00fc\u00fcgi v\u00e4ljapaneku pakkimisprotsessi.<\/p>\n<\/li>\n<\/ul>\n<h2 data-path-to-node=\"13\">Spetsifikatsioonid<\/h2>\n<ul data-path-to-node=\"14\">\n<li>\n<p data-path-to-node=\"14,0,0\"><b data-path-to-node=\"14,0,0\" data-index-in-node=\"0\">Materjal:<\/b> T\u00e4ismetallist sulam kuldse viimistlusega<\/p>\n<\/li>\n<li>\n<p data-path-to-node=\"14,1,0\"><b data-path-to-node=\"14,1,0\" data-index-in-node=\"0\">K\u00e4epide:<\/b> Teleskoop-\/kokkupandav (105 mm kuni 165 mm)<\/p>\n<\/li>\n<li>\n<p data-path-to-node=\"14,2,0\"><b data-path-to-node=\"14,2,0\" data-index-in-node=\"0\">Kaal:<\/b> 175 g<\/p>\n<\/li>\n<li>\n<p data-path-to-node=\"14,3,0\"><b data-path-to-node=\"14,3,0\" data-index-in-node=\"0\">M\u00f5\u00f5tmed:<\/b> 100 \u00d7 54 mm<\/p>\n<\/li>\n<li>\n<p data-path-to-node=\"14,4,0\"><b data-path-to-node=\"14,4,0\" data-index-in-node=\"0\">Prisma t\u00fc\u00fcp:<\/b> Keskfookus<\/p>\n<\/li>\n<li>\n<p data-path-to-node=\"14,5,0\"><b data-path-to-node=\"14,5,0\" data-index-in-node=\"0\">3x mudeli spetsifikatsioonid:<\/b><\/p>\n<ul data-path-to-node=\"14,5,1\">\n<li>\n<p data-path-to-node=\"14,5,1,0,0\">V\u00e4ljundpupill: 8 mm<\/p>\n<\/li>\n<li>\n<p data-path-to-node=\"14,5,1,1,0\">Vaatev\u00e4li: 122 m \/ 1000 m<\/p>\n<\/li>\n<li>\n<p data-path-to-node=\"14,5,1,2,0\">Heleduse indeks: 69<\/p>\n<\/li>\n<\/ul>\n<\/li>\n<li>\n<p data-path-to-node=\"14,6,0\"><b data-path-to-node=\"14,6,0\" data-index-in-node=\"0\">4x mudeli spetsifikatsioonid:<\/b><\/p>\n<ul data-path-to-node=\"14,6,1\">\n<li>\n<p data-path-to-node=\"14,6,1,0,0\">V\u00e4ljundpupill: 6,5 mm<\/p>\n<\/li>\n<li>\n<p data-path-to-node=\"14,6,1,1,0\">Vaatev\u00e4li: 105 m \/ 1000 m<\/p>\n<\/li>\n<li>\n<p data-path-to-node=\"14,6,1,2,0\">Heleduse indeks: 39<\/p>\n<\/li>\n<\/ul>\n<\/li>\n<li>\n<p data-path-to-node=\"14,7,0\"><b data-path-to-node=\"14,7,0\" data-index-in-node=\"0\">Tarneaeg:<\/b> Ligikaudu 37 p\u00e4eva (tellimisel valmistatud\/import)<\/p>\n<\/li>\n<\/ul>\n<h2 data-path-to-node=\"15\">Kasutusjuhud<\/h2>\n<ul data-path-to-node=\"16\">\n<li>\n<p data-path-to-node=\"16,0,0\"><b data-path-to-node=\"16,0,0\" data-index-in-node=\"0\">Teatri- ja ooperipoed:<\/b> K\u00f5rge kasumimarginaaliga kaubaartikkel k\u00fclastajatele, kes soovivad oma vaatamiskogemust t\u00e4iustada.<\/p>\n<\/li>\n<li>\n<p data-path-to-node=\"16,1,0\"><b data-path-to-node=\"16,1,0\" data-index-in-node=\"0\">Ettev\u00f5tte kingitused:<\/b> Suurep\u00e4rane kingitus kunsti- ja kultuurisektori partneritele.<\/p>\n<\/li>\n<li>\n<p data-path-to-node=\"16,2,0\"><b data-path-to-node=\"16,2,0\" data-index-in-node=\"0\">VIP-\u00fcrituse mugavused:<\/b> Pakkuge tipptasemel piletiomanikele kaubam\u00e4rgiga v\u00f5i eksklusiivseid vaatamist\u00f6\u00f6riistu.<\/p>\n<\/li>\n<\/ul>","protected":false},"excerpt":{"rendered":"<ul data-path-to-node=\"8\">\n<li>\n<p data-path-to-node=\"8,0,0\"><b data-path-to-node=\"8,0,0\" data-index-in-node=\"0\">Klassikaline elegants:<\/b> T\u00e4ismetallist korpus luksusliku kuldse viimistlusega ja kokkupandava k\u00e4epidemega keerukaks vaatamiseks.<\/p>\n<\/li>\n<li>\n<p data-path-to-node=\"8,1,0\"><b data-path-to-node=\"8,1,0\" data-index-in-node=\"0\">Tipptasemel optika:<\/b> Saadaval 3x (lai vaade) v\u00f5i 4x (detailfookus) suurendusega ja k\u00f5rge heledusindeksiga.<\/p>\n<\/li>\n<li>\n<p data-path-to-node=\"8,2,0\"><b data-path-to-node=\"8,2,0\" data-index-in-node=\"0\">B2B-valmis:<\/b> Ideaalne teatrikaubapoodide, VIP-\u00fcrituste kingituste ja tipptasemel ettev\u00f5tete auhindade jaoks.<\/p>\n<\/li>\n<li>\n<p data-path-to-node=\"8,3,0\"><b data-path-to-node=\"8,3,0\" data-index-in-node=\"0\">T\u00e4ielik komplekt:<\/b> Sisaldab vastupidavat hoiukarpi kaitsmiseks ja esitlemiseks.<\/p>\n<\/li>\n<\/ul>","protected":false},"featured_media":6679,"comment_status":"closed","ping_status":"closed","template":"","meta":[],"product_brand":[],"product_cat":[121],"product_tag":[],"class_list":{"0":"post-6678","1":"product","2":"type-product","3":"status-publish","4":"has-post-thumbnail","6":"product_cat-promotional-merchandise","8":"first","9":"instock","10":"shipping-taxable","11":"purchasable","12":"product-type-simple"},"_links":{"self":[{"href":"https:\/\/wristbandfactory.eu\/et\/wp-json\/wp\/v2\/product\/6678","targetHints":{"allow":["GET"]}}],"collection":[{"href":"https:\/\/wristbandfactory.eu\/et\/wp-json\/wp\/v2\/product"}],"about":[{"href":"https:\/\/wristbandfactory.eu\/et\/wp-json\/wp\/v2\/types\/product"}],"replies":[{"embeddable":true,"href":"https:\/\/wristbandfactory.eu\/et\/wp-json\/wp\/v2\/comments?post=6678"}],"wp:featuredmedia":[{"embeddable":true,"href":"https:\/\/wristbandfactory.eu\/et\/wp-json\/wp\/v2\/media\/6679"}],"wp:attachment":[{"href":"https:\/\/wristbandfactory.eu\/et\/wp-json\/wp\/v2\/media?parent=6678"}],"wp:term":[{"taxonomy":"product_brand","embeddable":true,"href":"https:\/\/wristbandfactory.eu\/et\/wp-json\/wp\/v2\/product_brand?post=6678"},{"taxonomy":"product_cat","embeddable":true,"href":"https:\/\/wristbandfactory.eu\/et\/wp-json\/wp\/v2\/product_cat?post=6678"},{"taxonomy":"product_tag","embeddable":true,"href":"https:\/\/wristbandfactory.eu\/et\/wp-json\/wp\/v2\/product_tag?post=6678"}],"curies":[{"name":"t\u00f6\u00f6leht","href":"https:\/\/api.w.org\/{rel}","templated":true}]}}