{"id":6671,"date":"2026-01-09T18:39:46","date_gmt":"2026-01-09T15:39:46","guid":{"rendered":"https:\/\/wristbandfactory.eu\/?post_type=product&#038;p=6671"},"modified":"2026-01-09T18:44:21","modified_gmt":"2026-01-09T15:44:21","slug":"custom-foil-holographic-event-wristbands","status":"publish","type":"product","link":"https:\/\/wristbandfactory.eu\/et\/p\/custom-foil-holographic-event-wristbands\/","title":{"rendered":"Fooliumtr\u00fckiga k\u00e4epaelad"},"content":{"rendered":"<p data-path-to-node=\"9\">T\u00f5sta oma \u00fcrituse br\u00e4ndingut meie eridisainiga foolium- ja holograafiliste k\u00e4epaeltega k\u00f5rgemale. Need kvaliteetsest YUPO s\u00fcnteetilisest paberist valmistatud k\u00e4epaelad pakuvad esmaklassilist alternatiivi tavalisele Tyvekile, omades piimvalget pinda, mis tagab erksad ja disainile vastavad v\u00e4rvid.<\/p>\n<p data-path-to-node=\"10\">Need k\u00e4epaelad on loodud k\u00f5rgetasemeliste \u00fcrituste, klubide ja festivalide jaoks ning v\u00f5imaldavad luksuslikke metallikdetaile \u2013 sealhulgas kuldset, h\u00f5bedast ja klaasfooliumi \u2013 v\u00f5i t\u00e4ielikku holograafilist viimistlust. Sujuv tekstuur koos k\u00f5rglahutusega CMYK-ofsettr\u00fckiga muudab need ideaalseks keerukate kujunduste ja VIP-identifitseerimise jaoks. Vaatamata elegantsele v\u00e4limusele on need vastupidava konstruktsiooniga, et taluda vett, higi ja aktiivset keskkonda.<\/p>\n<h2 data-path-to-node=\"11\">Peamised omadused<\/h2>\n<ul data-path-to-node=\"12\">\n<li>\n<p data-path-to-node=\"12,0,0\"><b data-path-to-node=\"12,0,0\" data-index-in-node=\"0\">Luksuslik viimistlus:<\/b> Saadaval kuumpressitud kuldfooliumi, h\u00f5befooliumi, klaasfooliumi ja holograafiliste pealiskihtidega maksimaalse n\u00e4htavuse tagamiseks.<\/p>\n<\/li>\n<li>\n<p data-path-to-node=\"12,1,0\"><b data-path-to-node=\"12,1,0\" data-index-in-node=\"0\">Materjali tipptase:<\/b> YUPO s\u00fcnteetiline tselluloos annab Tyvekist siledama viimistluse, v\u00f5imaldades teravamaid prindidetaile ja eredamaid v\u00e4rve.<\/p>\n<\/li>\n<li>\n<p data-path-to-node=\"12,2,0\"><b data-path-to-node=\"12,2,0\" data-index-in-node=\"0\">V\u00f5ltsimiskindel disain:<\/b> Tugeval liimiga sulguril on stantsitud turvaribad, mis eemaldamise katsel purunevad, tagades, et rihma ei saa uuesti kasutada.<\/p>\n<\/li>\n<li>\n<p data-path-to-node=\"12,3,0\"><b data-path-to-node=\"12,3,0\" data-index-in-node=\"0\">Nutikate andmete jaoks valmis:<\/b> T\u00e4ielikult \u00fchilduv muutuvandmete printimisega, sh j\u00e4rjestikuse nummerdamise, v\u00f6\u00f6tkoodide ja QR-koodidega digitaalseks integreerimiseks.<\/p>\n<\/li>\n<\/ul>\n<h2 data-path-to-node=\"13\">Spetsifikatsioonid<\/h2>\n<ul data-path-to-node=\"14\">\n<li>\n<p data-path-to-node=\"14,0,0\"><b data-path-to-node=\"14,0,0\" data-index-in-node=\"0\">Materjal:<\/b> YUPO (segatud tselluloosist \/ s\u00fcnteetiline paber) \u2013 veekindel ja rebenemiskindel.<\/p>\n<\/li>\n<li>\n<p data-path-to-node=\"14,1,0\"><b data-path-to-node=\"14,1,0\" data-index-in-node=\"0\">Standardm\u00f5\u00f5tmed:<\/b><\/p>\n<ul data-path-to-node=\"14,1,1\">\n<li>\n<p data-path-to-node=\"14,1,1,0,0\">20 mm x 250 mm<\/p>\n<\/li>\n<li>\n<p data-path-to-node=\"14,1,1,1,0\">25 mm x 250 mm<\/p>\n<\/li>\n<li>\n<p data-path-to-node=\"14,1,1,2,0\"><i data-path-to-node=\"14,1,1,2,0\" data-index-in-node=\"0\">Eritellimusel saadaval suurused.<\/i><\/p>\n<\/li>\n<\/ul>\n<\/li>\n<li>\n<p data-path-to-node=\"14,2,0\"><b data-path-to-node=\"14,2,0\" data-index-in-node=\"0\">Printimismeetod:<\/b> T\u00e4isv\u00e4rviline CMYK ofsettr\u00fckk + fooliumtr\u00fckk.<\/p>\n<\/li>\n<li>\n<p data-path-to-node=\"14,3,0\"><b data-path-to-node=\"14,3,0\" data-index-in-node=\"0\">Fooliumi valikud:<\/b> Kuld, h\u00f5be, klaasfoolium, hologramm.<\/p>\n<\/li>\n<li>\n<p data-path-to-node=\"14,4,0\"><b data-path-to-node=\"14,4,0\" data-index-in-node=\"0\">P\u00e4ritolu:<\/b> L\u00f5una-Korea (ANYWRISTBAND \/ mudel TS25).<\/p>\n<\/li>\n<\/ul>\n<h2 data-path-to-node=\"15\">Kasutusjuhud<\/h2>\n<ul data-path-to-node=\"16\">\n<li>\n<p data-path-to-node=\"16,0,0\"><b data-path-to-node=\"16,0,0\" data-index-in-node=\"0\">VIP-ligip\u00e4\u00e4su kontroll:<\/b> T\u00e4nu peegeldavale metallikviimistlusele sobib ideaalselt VIP-k\u00fclaliste eristamiseks kontsertidel, festivalidel ja \u00f6\u00f6klubides.<\/p>\n<\/li>\n<li>\n<p data-path-to-node=\"16,1,0\"><b data-path-to-node=\"16,1,0\" data-index-in-node=\"0\">Firma\u00fcritused:<\/b> Tipptasemel br\u00e4nding galadele ja konverentsidele, kus visuaalne esitlus on kriitilise t\u00e4htsusega.<\/p>\n<\/li>\n<li>\n<p data-path-to-node=\"16,2,0\"><b data-path-to-node=\"16,2,0\" data-index-in-node=\"0\">Turvalised kohad:<\/b> Ideaalne l\u00f5bustusparkidesse ja piiratud aladele, mis vajavad usaldusv\u00e4\u00e4rset tuvastamist v\u00f6\u00f6tkoodi integreerimise abil.<\/p>\n<\/li>\n<\/ul>\n<p data-path-to-node=\"17\">","protected":false},"excerpt":{"rendered":"<ul>\n<li>\n<p data-path-to-node=\"7,0,0\"><b data-path-to-node=\"7,0,0\" data-index-in-node=\"0\">Esmaklassiline visuaalne efekt:<\/b> Siledal piimvalgel YUPO pinnal on kaunid metallikaktsendid (kuld, h\u00f5be, klaasfoolium) v\u00f5i holograafilised efektid.<\/p>\n<\/li>\n<li>\n<p data-path-to-node=\"7,1,0\"><b data-path-to-node=\"7,1,0\" data-index-in-node=\"0\">Suurep\u00e4rane vastupidavus:<\/b> Valmistatud rebenemiskindlast, veekindlast 100% s\u00fcnteetilisest paberist, mis \u00fcletab tavalisi paberrihmasid.<\/p>\n<\/li>\n<li>\n<p data-path-to-node=\"7,2,0\"><b data-path-to-node=\"7,2,0\" data-index-in-node=\"0\">K\u00f5rge turvalisus:<\/b> Varustatud v\u00f5ltsimiskindla liimkorgi ja vormitud turvav\u00f6\u00f6dega \u00fclekandumise v\u00e4ltimiseks.<\/p>\n<\/li>\n<li>\n<p data-path-to-node=\"7,3,0\"><b data-path-to-node=\"7,3,0\" data-index-in-node=\"0\">T\u00e4ielik kohandamine:<\/b> Toetab erksat CMYK ofsettr\u00fckki, v\u00f6\u00f6tkoode, QR-koode ja muutuvat nummerdamist juurdep\u00e4\u00e4su kontrollimiseks.<\/p>\n<\/li>\n<\/ul>","protected":false},"featured_media":6677,"comment_status":"closed","ping_status":"closed","template":"","meta":[],"product_brand":[],"product_cat":[41],"product_tag":[],"class_list":{"0":"post-6671","1":"product","2":"type-product","3":"status-publish","4":"has-post-thumbnail","6":"product_cat-tyvek","8":"first","9":"instock","10":"shipping-taxable","11":"product-type-simple"},"_links":{"self":[{"href":"https:\/\/wristbandfactory.eu\/et\/wp-json\/wp\/v2\/product\/6671","targetHints":{"allow":["GET"]}}],"collection":[{"href":"https:\/\/wristbandfactory.eu\/et\/wp-json\/wp\/v2\/product"}],"about":[{"href":"https:\/\/wristbandfactory.eu\/et\/wp-json\/wp\/v2\/types\/product"}],"replies":[{"embeddable":true,"href":"https:\/\/wristbandfactory.eu\/et\/wp-json\/wp\/v2\/comments?post=6671"}],"wp:featuredmedia":[{"embeddable":true,"href":"https:\/\/wristbandfactory.eu\/et\/wp-json\/wp\/v2\/media\/6677"}],"wp:attachment":[{"href":"https:\/\/wristbandfactory.eu\/et\/wp-json\/wp\/v2\/media?parent=6671"}],"wp:term":[{"taxonomy":"product_brand","embeddable":true,"href":"https:\/\/wristbandfactory.eu\/et\/wp-json\/wp\/v2\/product_brand?post=6671"},{"taxonomy":"product_cat","embeddable":true,"href":"https:\/\/wristbandfactory.eu\/et\/wp-json\/wp\/v2\/product_cat?post=6671"},{"taxonomy":"product_tag","embeddable":true,"href":"https:\/\/wristbandfactory.eu\/et\/wp-json\/wp\/v2\/product_tag?post=6671"}],"curies":[{"name":"t\u00f6\u00f6leht","href":"https:\/\/api.w.org\/{rel}","templated":true}]}}