{"id":6615,"date":"2026-01-09T15:29:35","date_gmt":"2026-01-09T12:29:35","guid":{"rendered":"https:\/\/wristbandfactory.eu\/?post_type=product&#038;p=6615"},"modified":"2026-01-09T15:33:16","modified_gmt":"2026-01-09T12:33:16","slug":"custom-full-color-vinyl-wristbands","status":"publish","type":"product","link":"https:\/\/wristbandfactory.eu\/et\/p\/custom-full-color-vinyl-wristbands\/","title":{"rendered":"T\u00e4isv\u00e4rvitr\u00fckis vin\u00fc\u00fclk\u00e4epaelad"},"content":{"rendered":"<p data-path-to-node=\"10\">T\u00f5sta oma \u00fcrituse br\u00e4ndingut meie abil <b data-path-to-node=\"10\" data-index-in-node=\"62\">T\u00e4isv\u00e4rvitr\u00fckis vin\u00fc\u00fclk\u00e4epaelad<\/b>. Kuigi tavalistel k\u00e4epaeladel on vaid \u00fchev\u00e4rvilised logod, kasutavad need esmaklassilised k\u00e4epaelad t\u00e4iustatud tehnoloogiat. <b data-path-to-node=\"10\" data-index-in-node=\"200\">CMYK digitaaltr\u00fcki tehnoloogia<\/b> fotode, sujuvate v\u00e4rvi\u00fcleminekute ja \u00fclidetailse graafika taasesitamiseks otse k\u00e4epaela pinnale.<\/p>\n<p data-path-to-node=\"11\">M\u00f5eldud k\u00f5rgetasemeliste \u00fcrituste, festivalide ja kuurortide jaoks <b data-path-to-node=\"11\" data-index-in-node=\"62\">Lai n\u00e4gu (L-kujuline)<\/b> struktuur maksimeerib prinditava ala, muutes selle ideaalseks valikuks sponsorite logode v\u00f5i keerukate kujunduste esitlemiseks. Vaatamata esmaklassilisele viimistlusele on neil k\u00e4epaeltel t\u00f6\u00f6stusharu juhtivad turvafunktsioonid, mida ootate, sealhulgas v\u00f5ltsimiskindel lukustusnupp ja veekindel kolmekihiline konstruktsioon, mis talub ujumist, du\u0161\u0161i ja pikaajalist kandmist.<\/p>\n<h2 data-path-to-node=\"12\">Peamised omadused<\/h2>\n<ul data-path-to-node=\"13\">\n<li>\n<p data-path-to-node=\"13,0,0\"><b data-path-to-node=\"13,0,0\" data-index-in-node=\"0\">Fotokvaliteediga printimine:<\/b> Paljundage mis tahes kujundust, sh fotosid ja gradiente, teravate ja k\u00f5rge eraldusv\u00f5imega detailidega.<\/p>\n<\/li>\n<li>\n<p data-path-to-node=\"13,1,0\"><b data-path-to-node=\"13,1,0\" data-index-in-node=\"0\">V\u00f5ltsimiskindel lukustus:<\/b> Rihma eemaldamiseks tuleb p\u00fcsiv plastkl\u00f5ps purustada, mis tagab absoluutse turvalisuse.<\/p>\n<\/li>\n<li>\n<p data-path-to-node=\"13,2,0\"><b data-path-to-node=\"13,2,0\" data-index-in-node=\"0\">Veekindel ja rebenemiskindel:<\/b> Ideaalne mitmep\u00e4evaseks kasutamiseks niisketes keskkondades, n\u00e4iteks veeparkides ja rannakuurortides.<\/p>\n<\/li>\n<li>\n<p data-path-to-node=\"13,3,0\"><b data-path-to-node=\"13,3,0\" data-index-in-node=\"0\">Muutuvate andmetega valmis:<\/b> Integreeritud juurdep\u00e4\u00e4sukontrolli jaoks saab printida unikaalsete QR-koodide, v\u00f6\u00f6tkoodide v\u00f5i seerianumbritega.<\/p>\n<\/li>\n<\/ul>\n<h2 data-path-to-node=\"14\">Spetsifikatsioonid<\/h2>\n<ul data-path-to-node=\"15\">\n<li>\n<p data-path-to-node=\"15,0,0\"><b data-path-to-node=\"15,0,0\" data-index-in-node=\"0\">Materjal:<\/b> 3-kihiline kolmekihiline vin\u00fc\u00fcl<\/p>\n<\/li>\n<li>\n<p data-path-to-node=\"15,1,0\"><b data-path-to-node=\"15,1,0\" data-index-in-node=\"0\">Printimismeetod:<\/b> CMYK digitaaltr\u00fckk (t\u00e4isv\u00e4rviline)<\/p>\n<\/li>\n<li>\n<p data-path-to-node=\"15,2,0\"><b data-path-to-node=\"15,2,0\" data-index-in-node=\"0\">Mudel:<\/b> Lai n\u00e4gu \/ L-kujuline<\/p>\n<\/li>\n<li>\n<p data-path-to-node=\"15,3,0\"><b data-path-to-node=\"15,3,0\" data-index-in-node=\"0\">Sulgemine:<\/b> \u00dchekordselt kasutatav plastmassist kl\u00f5ps<\/p>\n<\/li>\n<li>\n<p data-path-to-node=\"15,4,0\"><b data-path-to-node=\"15,4,0\" data-index-in-node=\"0\">Veekindel:<\/b> Jah (100%)<\/p>\n<\/li>\n<li>\n<p data-path-to-node=\"15,5,0\"><b data-path-to-node=\"15,5,0\" data-index-in-node=\"0\">Tootmisaeg:<\/b> 5\u201310 t\u00f6\u00f6p\u00e4eva<\/p>\n<\/li>\n<li>\n<p data-path-to-node=\"15,6,0\"><b data-path-to-node=\"15,6,0\" data-index-in-node=\"0\">Minimaalne kogus:<\/b> 100 \u00fchikut<\/p>\n<\/li>\n<\/ul>\n<h2 data-path-to-node=\"16\">Kasutusjuhud<\/h2>\n<ul data-path-to-node=\"17\">\n<li>\n<p data-path-to-node=\"17,0,0\"><b data-path-to-node=\"17,0,0\" data-index-in-node=\"0\">Muusikafestivalid:<\/b> Keerulised ja raskesti kopeeritavad kujundused toimivad turvaliste volitustena mitmep\u00e4evaseks sisenemiseks.<\/p>\n<\/li>\n<li>\n<p data-path-to-node=\"17,1,0\"><b data-path-to-node=\"17,1,0\" data-index-in-node=\"0\">VIP ja lava taga:<\/b> Esmaklassiline t\u00e4isv\u00e4rviline v\u00e4limus eristab VIP-k\u00fclalisi tavak\u00fclastajatest.<\/p>\n<\/li>\n<li>\n<p data-path-to-node=\"17,2,0\"><b data-path-to-node=\"17,2,0\" data-index-in-node=\"0\">Sponsorlus:<\/b> Suur pindala v\u00f5imaldab sponsorite logode selget ja v\u00e4rvilist kuvamist.<\/p>\n<\/li>\n<li>\n<p data-path-to-node=\"17,3,0\"><b data-path-to-node=\"17,3,0\" data-index-in-node=\"0\">Kuurordid ja hotellid:<\/b> Piisavalt vastupidav n\u00e4dalapikkuseks k\u00fclaliste samastumiseks, pakkudes samal ajal tipptasemel esteetikat.<\/p>\n<\/li>\n<\/ul>","protected":false},"excerpt":{"rendered":"<ul>\n<li>\n<p data-path-to-node=\"9,0,0\"><b data-path-to-node=\"9,0,0\" data-index-in-node=\"0\">Piiramatu arv v\u00e4rve:<\/b> CMYK-digitaaltr\u00fckk v\u00f5imaldab fotosid, gradiente ja keerukaid kujundusi ilma v\u00e4rvipiiranguteta.<\/p>\n<\/li>\n<li>\n<p data-path-to-node=\"9,1,0\"><b data-path-to-node=\"9,1,0\" data-index-in-node=\"0\">Maksimaalne br\u00e4ndiruum:<\/b> \u201cLai n\u00e4gu\u201d disain pakub suurt l\u00f5uendit sponsorluslogode ja \u00fcrituste graafika jaoks.<\/p>\n<\/li>\n<li>\n<p data-path-to-node=\"9,2,0\"><b data-path-to-node=\"9,2,0\" data-index-in-node=\"0\">K\u00f5rge turvalisus:<\/b> \u00dchekordselt kasutatav plastmassist trukkkinnitus hoiab \u00e4ra k\u00fclalistevahelise \u00fclekandmise ja taaskasutamise.<\/p>\n<\/li>\n<li>\n<p data-path-to-node=\"9,3,0\"><b data-path-to-node=\"9,3,0\" data-index-in-node=\"0\">Esmaklassiline vastupidavus:<\/b> Kolmekihiline vin\u00fc\u00fclkonstruktsioon tagab, et k\u00e4epael p\u00fcsib terve ja erksana 7+ p\u00e4eva.<\/p>\n<\/li>\n<\/ul>","protected":false},"featured_media":6616,"comment_status":"closed","ping_status":"closed","template":"","meta":[],"product_brand":[],"product_cat":[51],"product_tag":[],"class_list":{"0":"post-6615","1":"product","2":"type-product","3":"status-publish","4":"has-post-thumbnail","6":"product_cat-vinyl","8":"first","9":"instock","10":"shipping-taxable","11":"purchasable","12":"product-type-simple"},"_links":{"self":[{"href":"https:\/\/wristbandfactory.eu\/et\/wp-json\/wp\/v2\/product\/6615","targetHints":{"allow":["GET"]}}],"collection":[{"href":"https:\/\/wristbandfactory.eu\/et\/wp-json\/wp\/v2\/product"}],"about":[{"href":"https:\/\/wristbandfactory.eu\/et\/wp-json\/wp\/v2\/types\/product"}],"replies":[{"embeddable":true,"href":"https:\/\/wristbandfactory.eu\/et\/wp-json\/wp\/v2\/comments?post=6615"}],"wp:featuredmedia":[{"embeddable":true,"href":"https:\/\/wristbandfactory.eu\/et\/wp-json\/wp\/v2\/media\/6616"}],"wp:attachment":[{"href":"https:\/\/wristbandfactory.eu\/et\/wp-json\/wp\/v2\/media?parent=6615"}],"wp:term":[{"taxonomy":"product_brand","embeddable":true,"href":"https:\/\/wristbandfactory.eu\/et\/wp-json\/wp\/v2\/product_brand?post=6615"},{"taxonomy":"product_cat","embeddable":true,"href":"https:\/\/wristbandfactory.eu\/et\/wp-json\/wp\/v2\/product_cat?post=6615"},{"taxonomy":"product_tag","embeddable":true,"href":"https:\/\/wristbandfactory.eu\/et\/wp-json\/wp\/v2\/product_tag?post=6615"}],"curies":[{"name":"t\u00f6\u00f6leht","href":"https:\/\/api.w.org\/{rel}","templated":true}]}}