{"id":6609,"date":"2026-01-06T13:25:58","date_gmt":"2026-01-06T10:25:58","guid":{"rendered":"https:\/\/wristbandfactory.eu\/?post_type=product&#038;p=6609"},"modified":"2026-01-06T13:25:58","modified_gmt":"2026-01-06T10:25:58","slug":"custom-full-color-microfiber-suede-towels","status":"publish","type":"product","link":"https:\/\/wristbandfactory.eu\/et\/p\/custom-full-color-microfiber-suede-towels\/","title":{"rendered":"Logoga mikrofiiber r\u00e4tikud"},"content":{"rendered":"<p data-path-to-node=\"9\">T\u00f5sta oma br\u00e4ndi n\u00e4htavust j\u00f5usaalis, rannas v\u00f5i spordi\u00fcritustel meie esmaklassiliste mikrokiust seemisnahast r\u00e4tikutega. Erinevalt traditsioonilistest r\u00e4tikutest pakub seemisnahast viimistlusega mikrokiud siledat ja aasadeta pinda, mis v\u00f5imaldab uskumatult teravat ja erksat t\u00e4isv\u00e4rvilist printimist, muutes teie logo v\u00f5i kunstiteose fotograafilise selgusega silmapaistvaks.<\/p>\n<h2 data-path-to-node=\"10\">Peamised omadused<\/h2>\n<ul data-path-to-node=\"11\">\n<li>\n<p data-path-to-node=\"11,0,0\"><b data-path-to-node=\"11,0,0\" data-index-in-node=\"0\">Elav sublimatsioon:<\/b> Kasutame t\u00e4iustatud soojus\u00fclekandeprintimist, et teie v\u00e4rvid p\u00fcsiksid erksad ka p\u00e4rast mitut pesu.<\/p>\n<\/li>\n<li>\n<p data-path-to-node=\"11,1,0\"><b data-path-to-node=\"11,1,0\" data-index-in-node=\"0\">Seemisnahast viimistlus:<\/b> Pehme, harjatud tekstuur tundub naha vastas luksuslik, j\u00e4\u00e4des samal ajal v\u00e4ga funktsionaalseks ja liivakindlaks.<\/p>\n<\/li>\n<li>\n<p data-path-to-node=\"11,2,0\"><b data-path-to-node=\"11,2,0\" data-index-in-node=\"0\">Keskkonnas\u00f5bralikud tindid:<\/b> Meie tr\u00fckiprotsessis kasutatakse ohutuid ja kauakestvaid tinte, mis sobivad igap\u00e4evaseks kasutamiseks.<\/p>\n<\/li>\n<li>\n<p data-path-to-node=\"11,3,0\"><b data-path-to-node=\"11,3,0\" data-index-in-node=\"0\">Mitmek\u00fclgne suurus:<\/b> Valikus on k\u00e4ter\u00e4tikud (50x70cm) ja suured rannar\u00e4tikud (80x160cm).<\/p>\n<\/li>\n<\/ul>\n<h2 data-path-to-node=\"12\">Spetsifikatsioonid<\/h2>\n<ul data-path-to-node=\"13\">\n<li>\n<p data-path-to-node=\"13,0,0\"><b data-path-to-node=\"13,0,0\" data-index-in-node=\"0\">Materjal:<\/b> 100% mikrokiud seemisnahk (pol\u00fcestri\/pol\u00fcamiidi segu).<\/p>\n<\/li>\n<li>\n<p data-path-to-node=\"13,1,0\"><b data-path-to-node=\"13,1,0\" data-index-in-node=\"0\">Standardsuurused:<\/b> 50x70cm, 50x100cm, 70x140cm, 80x160cm.<\/p>\n<\/li>\n<li>\n<p data-path-to-node=\"13,2,0\"><b data-path-to-node=\"13,2,0\" data-index-in-node=\"0\">Kohandamine:<\/b> T\u00e4ispinna digitaalne tr\u00fckk (\u00fche- v\u00f5i kahepoolne).<\/p>\n<\/li>\n<li>\n<p data-path-to-node=\"13,3,0\"><b data-path-to-node=\"13,3,0\" data-index-in-node=\"0\">Eritellimusel valikud:<\/b> Soovi korral on saadaval eritellimusel suurused ja kujundid.<\/p>\n<\/li>\n<li>\n<p data-path-to-node=\"13,4,0\"><b data-path-to-node=\"13,4,0\" data-index-in-node=\"0\">Kaal:<\/b> Kerge ja kokkupandav h\u00f5lpsaks transportimiseks.<\/p>\n<\/li>\n<\/ul>\n<h2 data-path-to-node=\"14\">Kasutusjuhud<\/h2>\n<ul data-path-to-node=\"15\">\n<li>\n<p data-path-to-node=\"15,0,0\"><b data-path-to-node=\"15,0,0\" data-index-in-node=\"0\">Ettev\u00f5tte identiteet:<\/b> Luksuslikud kingitused t\u00f6\u00f6tajatele ja partneritele.<\/p>\n<\/li>\n<li>\n<p data-path-to-node=\"15,1,0\"><b data-path-to-node=\"15,1,0\" data-index-in-node=\"0\">Sport ja Fitness:<\/b> Br\u00e4ndivarustus CrossFit&#039;i treeningkastidele, ujumisklubidele ja joogastuudiotele.<\/p>\n<\/li>\n<li>\n<p data-path-to-node=\"15,2,0\"><b data-path-to-node=\"15,2,0\" data-index-in-node=\"0\">\u00dcrituse kaubaartikli pakkumine:<\/b> Meeldej\u00e4\u00e4vad suveniirid festivalideks ja vaba\u00f5huv\u00f5istlusteks.<\/p>\n<\/li>\n<li>\n<p data-path-to-node=\"15,3,0\"><b data-path-to-node=\"15,3,0\" data-index-in-node=\"0\">Turism ja k\u00fclalislahkus:<\/b> Eritellimusel valmistatud rannar\u00e4tikud hotellidele, spaadele ja kuurortidele.<\/p>\n<\/li>\n<\/ul>\n<p data-path-to-node=\"16\">","protected":false},"excerpt":{"rendered":"<p data-path-to-node=\"7\">Meie eritellimusel valmistatud mikrokiust seemisnahast r\u00e4tikud pakuvad esmaklassilist ja pehmet pinda k\u00f5rgresolutsioonilise t\u00e4isv\u00e4rvilise br\u00e4ndingu jaoks. Ideaalne spordiklubidele, firmakingitustele ja \u00fcritustele.<\/p>\n<ul data-path-to-node=\"8\">\n<li>\n<p data-path-to-node=\"8,0,0\"><b data-path-to-node=\"8,0,0\" data-index-in-node=\"0\">Fotokvaliteediga br\u00e4nding:<\/b> Servast servani t\u00e4isv\u00e4rviline sublimatsioontr\u00fckk.<\/p>\n<\/li>\n<li>\n<p data-path-to-node=\"8,1,0\"><b data-path-to-node=\"8,1,0\" data-index-in-node=\"0\">Kiirkuivatamise tehnoloogia:<\/b> K\u00f5rgj\u00f5udlusega mikrokiust seemisnahast materjal, mis kuivab oluliselt kiiremini kui puuvill.<\/p>\n<\/li>\n<li>\n<p data-path-to-node=\"8,2,0\"><b data-path-to-node=\"8,2,0\" data-index-in-node=\"0\">T\u00e4ielikult kohandatav:<\/b> Saadaval neljas standardsuuruses v\u00f5i eritellimusel valmistatud m\u00f5\u00f5tmetes, et see sobiks teie br\u00e4ndi vajadustega.<\/p>\n<\/li>\n<li>\n<p data-path-to-node=\"8,3,0\"><b data-path-to-node=\"8,3,0\" data-index-in-node=\"0\">Kompaktne ja kerge:<\/b> Ideaalne reisimiseks, j\u00f5usaali v\u00f5i reklaamkingituste jaoks.<\/p>\n<\/li>\n<\/ul>","protected":false},"featured_media":6610,"comment_status":"closed","ping_status":"closed","template":"","meta":[],"product_brand":[],"product_cat":[129,118],"product_tag":[],"class_list":{"0":"post-6609","1":"product","2":"type-product","3":"status-publish","4":"has-post-thumbnail","6":"product_cat-leisure-lifestyle","7":"product_cat-sports-fitness","9":"first","10":"instock","11":"shipping-taxable","12":"purchasable","13":"product-type-simple"},"_links":{"self":[{"href":"https:\/\/wristbandfactory.eu\/et\/wp-json\/wp\/v2\/product\/6609","targetHints":{"allow":["GET"]}}],"collection":[{"href":"https:\/\/wristbandfactory.eu\/et\/wp-json\/wp\/v2\/product"}],"about":[{"href":"https:\/\/wristbandfactory.eu\/et\/wp-json\/wp\/v2\/types\/product"}],"replies":[{"embeddable":true,"href":"https:\/\/wristbandfactory.eu\/et\/wp-json\/wp\/v2\/comments?post=6609"}],"wp:featuredmedia":[{"embeddable":true,"href":"https:\/\/wristbandfactory.eu\/et\/wp-json\/wp\/v2\/media\/6610"}],"wp:attachment":[{"href":"https:\/\/wristbandfactory.eu\/et\/wp-json\/wp\/v2\/media?parent=6609"}],"wp:term":[{"taxonomy":"product_brand","embeddable":true,"href":"https:\/\/wristbandfactory.eu\/et\/wp-json\/wp\/v2\/product_brand?post=6609"},{"taxonomy":"product_cat","embeddable":true,"href":"https:\/\/wristbandfactory.eu\/et\/wp-json\/wp\/v2\/product_cat?post=6609"},{"taxonomy":"product_tag","embeddable":true,"href":"https:\/\/wristbandfactory.eu\/et\/wp-json\/wp\/v2\/product_tag?post=6609"}],"curies":[{"name":"t\u00f6\u00f6leht","href":"https:\/\/api.w.org\/{rel}","templated":true}]}}