{"id":6607,"date":"2026-01-06T12:55:23","date_gmt":"2026-01-06T09:55:23","guid":{"rendered":"https:\/\/wristbandfactory.eu\/?post_type=product&#038;p=6607"},"modified":"2026-01-06T22:27:48","modified_gmt":"2026-01-06T19:27:48","slug":"custom-round-cord-lanyards-with-printable-badge-slider","status":"publish","type":"product","link":"https:\/\/wristbandfactory.eu\/et\/p\/custom-round-cord-lanyards-with-printable-badge-slider\/","title":{"rendered":"Logoga \u00fcmarpaelad plastikust hoidikuga"},"content":{"rendered":"<p data-path-to-node=\"8\">Meie eridisainiga \u00fcmmargused paelast kaelapaelad prinditavate liuguritega pakuvad moodsat ja minimalistlikku alternatiivi traditsioonilistele lamedatele paeltega kaelapaeltele. Selle disaini keskmes on \u00fcmmargune plastkinnitus, millele saab t\u00e4ielikult teie ettev\u00f5tte logo lisada. See liugur mitte ainult ei tugevda teie br\u00e4ndi identiteeti silmade k\u00f5rgusel, vaid pakub ka stabiilset kinnitust identifitseerimism\u00e4rkidele, tagades, et need j\u00e4\u00e4vad kogu teie \u00fcrituse v\u00e4ltel ettepoole.<\/p>\n<h2 data-path-to-node=\"9\">Peamised omadused<\/h2>\n<ul data-path-to-node=\"10\">\n<li>\n<p data-path-to-node=\"10,0,0\"><b data-path-to-node=\"10,0,0\" data-index-in-node=\"0\">Prinditav plast\u00fchendus:<\/b> Vastupidav plastliugur on optimeeritud pikaajaliseks logo pealekandmiseks, mis ei tuhmu.<\/p>\n<\/li>\n<li>\n<p data-path-to-node=\"10,1,0\"><b data-path-to-node=\"10,1,0\" data-index-in-node=\"0\">Premium paela tekstuur:<\/b> Suure tihedusega kootud pael, mis s\u00e4ilitab oma kuju ja professionaalse v\u00e4limuse.<\/p>\n<\/li>\n<li>\n<p data-path-to-node=\"10,2,0\"><b data-path-to-node=\"10,2,0\" data-index-in-node=\"0\">M\u00e4rgi jaoks optimeeritud:<\/b> Integreeritud aas on ideaalse suurusega tavaliste m\u00e4rgiklambrite ja kaardihoidjate jaoks.<\/p>\n<\/li>\n<li>\n<p data-path-to-node=\"10,3,0\"><b data-path-to-node=\"10,3,0\" data-index-in-node=\"0\">Mitmek\u00fclgne kohandamine:<\/b> Saadaval laias valikus paelav\u00e4rvides, et need sobiksid ideaalselt teie ettev\u00f5tte identiteediga.<\/p>\n<\/li>\n<\/ul>\n<h2 data-path-to-node=\"11\">Spetsifikatsioonid<\/h2>\n<ul data-path-to-node=\"12\">\n<li>\n<p data-path-to-node=\"12,0,0\"><b data-path-to-node=\"12,0,0\" data-index-in-node=\"0\">Paela l\u00e4bim\u00f5\u00f5t:<\/b> 5 mm v\u00f5i 6 mm k\u00f5rgtugevast pol\u00fcesterpaelast.<\/p>\n<\/li>\n<li>\n<p data-path-to-node=\"12,1,0\"><b data-path-to-node=\"12,1,0\" data-index-in-node=\"0\">Liuguri materjal:<\/b> Tugevdatud ABS-plastik sileda viimistlusega tr\u00fckkimiseks.<\/p>\n<\/li>\n<li>\n<p data-path-to-node=\"12,2,0\"><b data-path-to-node=\"12,2,0\" data-index-in-node=\"0\">Liuguri m\u00f5\u00f5tmed:<\/b> 25\u201330 mm l\u00e4bim\u00f5\u00f5duga \u00fcmmargune br\u00e4ndiala.<\/p>\n<\/li>\n<li>\n<p data-path-to-node=\"12,3,0\"><b data-path-to-node=\"12,3,0\" data-index-in-node=\"0\">Manuse t\u00fc\u00fcp:<\/b> Integreeritud paelaaas m\u00e4rgihoidjatele.<\/p>\n<\/li>\n<\/ul>\n<h2 data-path-to-node=\"13\">Kasutusjuhud<\/h2>\n<ul data-path-to-node=\"14\">\n<li>\n<p data-path-to-node=\"14,0,0\"><b data-path-to-node=\"14,0,0\" data-index-in-node=\"0\">K\u00f5rgetasemelised tippkohtumised:<\/b> Ideaalne prestii\u017esete \u00fcrituste, n\u00e4iteks Davosi v\u00f5i rahvusvaheliste foorumite jaoks, kus br\u00e4nding peab olema peen, kuid professionaalne.<\/p>\n<\/li>\n<li>\n<p data-path-to-node=\"14,1,0\"><b data-path-to-node=\"14,1,0\" data-index-in-node=\"0\">Ettev\u00f5tte identifitseerimine:<\/b> Ideaalne igap\u00e4evaseks kasutamiseks m\u00f5eldud lahendus t\u00f6\u00f6tajatele, kes vajavad n\u00e4htavat isikutunnistust.<\/p>\n<\/li>\n<li>\n<p data-path-to-node=\"14,2,0\"><b data-path-to-node=\"14,2,0\" data-index-in-node=\"0\">N\u00e4itusel osaleja br\u00e4nding:<\/b> Andke oma messi t\u00f6\u00f6tajatele esmaklassiline v\u00e4limus, mis eristub tavalistest lamedatest kaelapaeladest.<\/p>\n<\/li>\n<\/ul>","protected":false},"excerpt":{"rendered":"<p data-path-to-node=\"6\">Professionaalne \u00fcmmarguse paelaga kaelapael spetsiaalse prinditava \u00fcmmarguse liuguriga. See kinnitus toimib h\u00e4sti n\u00e4htava br\u00e4ndingu keskpunktina, hoides samal ajal turvaliselt ID-kaarte ja \u00fcrituste p\u00e4\u00e4smeid.<\/p>\n<ul data-path-to-node=\"7\">\n<li>\n<p data-path-to-node=\"7,0,0\"><b data-path-to-node=\"7,0,0\" data-index-in-node=\"0\">Suure m\u00f5juga br\u00e4nding:<\/b> Keskne plastliugur pakub tasast ja stabiilset pinda k\u00f5rglahutusega logo printimiseks.<\/p>\n<\/li>\n<li>\n<p data-path-to-node=\"7,1,0\"><b data-path-to-node=\"7,1,0\" data-index-in-node=\"0\">Ergonoomiline disain:<\/b> Mugav \u00fcmarpaelkonstruktsioon v\u00e4hendab kaela\u00e4rritust pikkade firma\u00fcrituste ajal.<\/p>\n<\/li>\n<li>\n<p data-path-to-node=\"7,2,0\"><b data-path-to-node=\"7,2,0\" data-index-in-node=\"0\">Integreeritud ID-lahendus:<\/b> Spetsiaalselt loodud liidestamiseks plastkaardihoidjate ja l\u00e4heduskaartidega ilma lisariistvarata.<\/p>\n<\/li>\n<\/ul>","protected":false},"featured_media":6608,"comment_status":"closed","ping_status":"closed","template":"","meta":[],"product_brand":[],"product_cat":[125,105],"product_tag":[],"class_list":{"0":"post-6607","1":"product","2":"type-product","3":"status-publish","4":"has-post-thumbnail","6":"product_cat-cord-lanyards","7":"product_cat-badge-holder-lanyards","9":"first","10":"instock","11":"shipping-taxable","12":"purchasable","13":"product-type-simple"},"_links":{"self":[{"href":"https:\/\/wristbandfactory.eu\/et\/wp-json\/wp\/v2\/product\/6607","targetHints":{"allow":["GET"]}}],"collection":[{"href":"https:\/\/wristbandfactory.eu\/et\/wp-json\/wp\/v2\/product"}],"about":[{"href":"https:\/\/wristbandfactory.eu\/et\/wp-json\/wp\/v2\/types\/product"}],"replies":[{"embeddable":true,"href":"https:\/\/wristbandfactory.eu\/et\/wp-json\/wp\/v2\/comments?post=6607"}],"wp:featuredmedia":[{"embeddable":true,"href":"https:\/\/wristbandfactory.eu\/et\/wp-json\/wp\/v2\/media\/6608"}],"wp:attachment":[{"href":"https:\/\/wristbandfactory.eu\/et\/wp-json\/wp\/v2\/media?parent=6607"}],"wp:term":[{"taxonomy":"product_brand","embeddable":true,"href":"https:\/\/wristbandfactory.eu\/et\/wp-json\/wp\/v2\/product_brand?post=6607"},{"taxonomy":"product_cat","embeddable":true,"href":"https:\/\/wristbandfactory.eu\/et\/wp-json\/wp\/v2\/product_cat?post=6607"},{"taxonomy":"product_tag","embeddable":true,"href":"https:\/\/wristbandfactory.eu\/et\/wp-json\/wp\/v2\/product_tag?post=6607"}],"curies":[{"name":"t\u00f6\u00f6leht","href":"https:\/\/api.w.org\/{rel}","templated":true}]}}