{"id":6604,"date":"2026-01-06T01:05:42","date_gmt":"2026-01-05T22:05:42","guid":{"rendered":"https:\/\/wristbandfactory.eu\/?post_type=product&#038;p=6604"},"modified":"2026-01-06T01:05:42","modified_gmt":"2026-01-05T22:05:42","slug":"custom-rpet-sublimation-yoyo-keyring","status":"publish","type":"product","link":"https:\/\/wristbandfactory.eu\/et\/p\/custom-rpet-sublimation-yoyo-keyring\/","title":{"rendered":"Logoga taaskasutatud materjalist jojo-v\u00f5tmehoidja"},"content":{"rendered":"<p data-path-to-node=\"10\">Subiner YoYo RPET-ist v\u00f5tmehoidja on \u00fclim multifunktsionaalne aksessuaar t\u00e4nap\u00e4evastele ettev\u00f5tetele. See sisset\u00f5mmatav v\u00f5tmehoidja on loodud t\u00f6\u00f6tajatele, kes vajavad kiiret juurdep\u00e4\u00e4su ID-kaartidele, v\u00f5tmetele v\u00f5i turvav\u00f5tmetele. See pakub sujuvat kasutuskogemust, kuvades samal ajal teie br\u00e4ndi silmapaistvalt t\u00e4isv\u00e4rvides.<\/p>\n<h2 data-path-to-node=\"11\">Peamised omadused<\/h2>\n<p data-path-to-node=\"12\">Subiner YoYo iga element on loodud vastupidavust ja n\u00e4htavust silmas pidades. Taaskasutatud pol\u00fcesterrihm pakub pehmet, kuid tugevat alust k\u00f5rglahutusega sublimatsioonitr\u00fckiks. Erinevalt tavalisest siiditr\u00fckist tungib sublimatsioon kiududesse, tagades, et teie logo ei tuhmu, ei pragune ega kooru isegi igap\u00e4evase kasutamise korral. Integreeritud teleskoopmehhanismi on testitud pikaealisuse osas, tagades iga kord sujuva t\u00f5mbamise.<\/p>\n<h2 data-path-to-node=\"13\">Spetsifikatsioonid<\/h2>\n<ul data-path-to-node=\"14\">\n<li>\n<p data-path-to-node=\"14,0,0\"><b data-path-to-node=\"14,0,0\" data-index-in-node=\"0\">Materjal:<\/b> Taaskasutatud RPET pol\u00fcester (rihm ja silt), alumiinium (karabiin), metall (v\u00f5tmehoidja).<\/p>\n<\/li>\n<li>\n<p data-path-to-node=\"14,1,0\"><b data-path-to-node=\"14,1,0\" data-index-in-node=\"0\">Tr\u00fckkimine:<\/b> Kahepoolne t\u00e4isv\u00e4rviline sublimatsioon.<\/p>\n<\/li>\n<li>\n<p data-path-to-node=\"14,2,0\"><b data-path-to-node=\"14,2,0\" data-index-in-node=\"0\">Manused:<\/b> Teleskoopiline m\u00e4rgihoidja, karabiin ja r\u00f5ngas.<\/p>\n<\/li>\n<li>\n<p data-path-to-node=\"14,3,0\"><b data-path-to-node=\"14,3,0\" data-index-in-node=\"0\">J\u00e4tkusuutlikkus:<\/b> Sisaldab sisemist RPET-m\u00e4rgist, mis kinnitab keskkonnas\u00f5braliku materjali kasutamist.<\/p>\n<\/li>\n<li>\n<p data-path-to-node=\"14,4,0\"><b data-path-to-node=\"14,4,0\" data-index-in-node=\"0\">Minimaalne tellimuse kogus:<\/b> 100 t\u00fckki.<\/p>\n<\/li>\n<\/ul>\n<h2 data-path-to-node=\"15\">Kasutusjuhud<\/h2>\n<p data-path-to-node=\"16\">Need YoYo v\u00f5tmehoidjad sobivad ideaalselt ettev\u00f5tetesse, kus ID-kaarte sageli skaneeritakse. Need sobivad suurep\u00e4raselt reklaamkingitusteks messidel, \u00fcrituste t\u00f6\u00f6tajate turvalisteks kinnitusteks v\u00f5i uute t\u00f6\u00f6tajate tervituskomplekti osana. Karabiin v\u00f5imaldab neid h\u00f5lpsalt v\u00f6\u00f6aasade, seljakottide v\u00f5i kaelapaelte k\u00fclge kinnitada, muutes need aktiivse t\u00f6\u00f6keskkonna lemmikuks.<\/p>","protected":false},"excerpt":{"rendered":"<p data-path-to-node=\"8\">See keskkonnas\u00f5bralik teleskoopv\u00f5tmehoidja \u00fchendab funktsionaalsuse erksa br\u00e4ndinguga. Valmistatud taaskasutatud PET-ist, sellel on sisset\u00f5mmatav pael ja turvaline karabiin igap\u00e4evaseks professionaalseks kasutamiseks.<\/p>\n<ul data-path-to-node=\"9\">\n<li>\n<p data-path-to-node=\"9,0,0\"><b data-path-to-node=\"9,0,0\" data-index-in-node=\"0\">Keskkonnas\u00f5bralik br\u00e4nding:<\/b> Valmistatud kvaliteetsest taaskasutatud RPET-pol\u00fcestrist, et toetada ettev\u00f5tte j\u00e4tkusuutlikkuse eesm\u00e4rke.<\/p>\n<\/li>\n<li>\n<p data-path-to-node=\"9,1,0\"><b data-path-to-node=\"9,1,0\" data-index-in-node=\"0\">T\u00e4isv\u00e4rviline kohandamine:<\/b> Kahepoolne sublimatsioontr\u00fckk v\u00f5imaldab luua keerukaid, servast servani ulatuvaid fotokujundusi.<\/p>\n<\/li>\n<li>\n<p data-path-to-node=\"9,2,0\"><b data-path-to-node=\"9,2,0\" data-index-in-node=\"0\">Mitmek\u00fclgne 3-\u00fches disain:<\/b> Sisaldab teleskoop-m\u00e4rgi t\u00f5mbamise v\u00f5imalust, tugevat alumiiniumist karabiinhaaki ja metallist v\u00f5tmehoidjat.<\/p>\n<\/li>\n<li>\n<p data-path-to-node=\"9,3,0\"><b data-path-to-node=\"9,3,0\" data-index-in-node=\"0\">Madalad B2B miinimumid:<\/b> Professionaalne eritellimusel tootmine alates 100 eksemplarist.<\/p>\n<\/li>\n<\/ul>","protected":false},"featured_media":6606,"comment_status":"closed","ping_status":"closed","template":"","meta":[],"product_brand":[],"product_cat":[105,94],"product_tag":[],"class_list":{"0":"post-6604","1":"product","2":"type-product","3":"status-publish","4":"has-post-thumbnail","6":"product_cat-badge-holder-lanyards","7":"product_cat-keychains","9":"first","10":"instock","11":"shipping-taxable","12":"purchasable","13":"product-type-simple"},"_links":{"self":[{"href":"https:\/\/wristbandfactory.eu\/et\/wp-json\/wp\/v2\/product\/6604","targetHints":{"allow":["GET"]}}],"collection":[{"href":"https:\/\/wristbandfactory.eu\/et\/wp-json\/wp\/v2\/product"}],"about":[{"href":"https:\/\/wristbandfactory.eu\/et\/wp-json\/wp\/v2\/types\/product"}],"replies":[{"embeddable":true,"href":"https:\/\/wristbandfactory.eu\/et\/wp-json\/wp\/v2\/comments?post=6604"}],"wp:featuredmedia":[{"embeddable":true,"href":"https:\/\/wristbandfactory.eu\/et\/wp-json\/wp\/v2\/media\/6606"}],"wp:attachment":[{"href":"https:\/\/wristbandfactory.eu\/et\/wp-json\/wp\/v2\/media?parent=6604"}],"wp:term":[{"taxonomy":"product_brand","embeddable":true,"href":"https:\/\/wristbandfactory.eu\/et\/wp-json\/wp\/v2\/product_brand?post=6604"},{"taxonomy":"product_cat","embeddable":true,"href":"https:\/\/wristbandfactory.eu\/et\/wp-json\/wp\/v2\/product_cat?post=6604"},{"taxonomy":"product_tag","embeddable":true,"href":"https:\/\/wristbandfactory.eu\/et\/wp-json\/wp\/v2\/product_tag?post=6604"}],"curies":[{"name":"t\u00f6\u00f6leht","href":"https:\/\/api.w.org\/{rel}","templated":true}]}}