{"id":6599,"date":"2026-01-06T00:43:04","date_gmt":"2026-01-05T21:43:04","guid":{"rendered":"https:\/\/wristbandfactory.eu\/?post_type=product&#038;p=6599"},"modified":"2026-01-06T00:55:13","modified_gmt":"2026-01-05T21:55:13","slug":"premium-fabric-wristbands-with-gold-thread","status":"publish","type":"product","link":"https:\/\/wristbandfactory.eu\/et\/p\/premium-fabric-wristbands-with-gold-thread\/","title":{"rendered":"Kuldse niidiga tekstiilist k\u00e4epaelad"},"content":{"rendered":"<p data-path-to-node=\"8\">Meie esmaklassilised kuldse niidiga kangast k\u00e4epaelad on \u00fcrituste identifitseerimise tipptase. Traditsiooniliste kvaliteetsete pol\u00fcesterkiudude ja metallilise lurex-niidi kombineerimisel loome k\u00e4epaela, mis mitte ainult ei identifitseeri k\u00fclalist, vaid t\u00e4iustab kogu \u00fcrituse kogemust. Need k\u00e4epaelad on loodud korraldajatele, kes keelduvad turvalisuse v\u00f5i stiili osas j\u00e4releandmisi tegemast.<\/p>\n<h2 data-path-to-node=\"9\">Peamised omadused<\/h2>\n<ul data-path-to-node=\"10\">\n<li>\n<p data-path-to-node=\"10,0,0\"><b data-path-to-node=\"10,0,0\" data-index-in-node=\"0\">Metallilise lureksi kudumine:<\/b> Autentne kuldne niit, mis on kootud otse kangasse p\u00fcsiva ja s\u00e4deleva viimistluse saavutamiseks.<\/p>\n<\/li>\n<li>\n<p data-path-to-node=\"10,1,0\"><b data-path-to-node=\"10,1,0\" data-index-in-node=\"0\">V\u00f5ltsimiskindlad sulgurid:<\/b> Vali \u00fchesuunaliste plastliugurite, metallr\u00f5ngaste v\u00f5i keskkonnas\u00f5bralike bambuslukkude vahel.<\/p>\n<\/li>\n<li>\n<p data-path-to-node=\"10,2,0\"><b data-path-to-node=\"10,2,0\" data-index-in-node=\"0\">Mugav ja sobiv disain:<\/b> Pehmed servad tagavad, et k\u00e4epael p\u00fcsib mugav isegi pikkade mitmep\u00e4evaste \u00fcrituste ajal.<\/p>\n<\/li>\n<li>\n<p data-path-to-node=\"10,3,0\"><b data-path-to-node=\"10,3,0\" data-index-in-node=\"0\">Vee- ja rebenemiskindel:<\/b> Loodud vihma, higi ja raske tegevuse jaoks vastu pidama, kaotamata v\u00e4rvi v\u00f5i struktuurilist terviklikkust.<\/p>\n<\/li>\n<\/ul>\n<h2 data-path-to-node=\"11\">Spetsifikatsioonid<\/h2>\n<ul data-path-to-node=\"12\">\n<li>\n<p data-path-to-node=\"12,0,0\"><b data-path-to-node=\"12,0,0\" data-index-in-node=\"0\">Materjal:<\/b> Kvaliteetne pol\u00fcester + metallikkuldne lurex.<\/p>\n<\/li>\n<li>\n<p data-path-to-node=\"12,1,0\"><b data-path-to-node=\"12,1,0\" data-index-in-node=\"0\">M\u00f5\u00f5tmed:<\/b> Standardm\u00f5\u00f5t 15 mm x 350 mm (erim\u00f5\u00f5dud saadaval soovi korral).<\/p>\n<\/li>\n<li>\n<p data-path-to-node=\"12,2,0\"><b data-path-to-node=\"12,2,0\" data-index-in-node=\"0\">Tr\u00fckkimine:<\/b> Kuni 8 kootud v\u00e4rvi, sh metallikalus.<\/p>\n<\/li>\n<li>\n<p data-path-to-node=\"12,3,0\"><b data-path-to-node=\"12,3,0\" data-index-in-node=\"0\">Lukustusvalikud:<\/b> \u00dchekordselt kasutatav liuglukk (plastikust\/metallist) v\u00f5i korduvkasutatav helmes.<\/p>\n<\/li>\n<li>\n<p data-path-to-node=\"12,4,0\"><b data-path-to-node=\"12,4,0\" data-index-in-node=\"0\">Minimaalne tellimuse kogus:<\/b> 100 \u00fchikut.<\/p>\n<\/li>\n<\/ul>\n<h2 data-path-to-node=\"13\">Kasutusjuhud<\/h2>\n<ul data-path-to-node=\"14\">\n<li>\n<p data-path-to-node=\"14,0,0\"><b data-path-to-node=\"14,0,0\" data-index-in-node=\"0\">Muusikafestivalid:<\/b> VIP-, lavataguste v\u00f5i artistide alade t\u00e4histamine n\u00e4htava premium-m\u00e4rgisega.<\/p>\n<\/li>\n<li>\n<p data-path-to-node=\"14,1,0\"><b data-path-to-node=\"14,1,0\" data-index-in-node=\"0\">Firmapidu:<\/b> Elegantne alternatiiv tavalistele plast- v\u00f5i paberist k\u00e4epaeltele mustade lipsudega \u00fcritusteks.<\/p>\n<\/li>\n<li>\n<p data-path-to-node=\"14,2,0\"><b data-path-to-node=\"14,2,0\" data-index-in-node=\"0\">Luksushotellid ja kuurordid:<\/b> Eristades stiilselt \u201ck\u00f5ik hinnas\u201d v\u00f5i \u201cklubitaseme\u201d k\u00fclalisi.<\/p>\n<\/li>\n<li>\n<p data-path-to-node=\"14,3,0\"><b data-path-to-node=\"14,3,0\" data-index-in-node=\"0\">M\u00e4lestus\u00fcritused:<\/b> Aastap\u00e4eva t\u00e4histamine, kus k\u00e4epael on v\u00e4\u00e4rtuslik m\u00e4lestusese.<\/p>\n<\/li>\n<\/ul>\n<p data-path-to-node=\"15\">","protected":false},"excerpt":{"rendered":"<ul>\n<li>\n<p data-path-to-node=\"7,0,0\"><b data-path-to-node=\"7,0,0\" data-index-in-node=\"0\">Esmaklassiline VIP-esteetika:<\/b> Kootud metallikkuldne niit annab eksklusiivse ja luksusliku v\u00e4limuse, mis eristab VIP-k\u00fclalisi.<\/p>\n<\/li>\n<li>\n<p data-path-to-node=\"7,1,0\"><b data-path-to-node=\"7,1,0\" data-index-in-node=\"0\">\u00dclim turvalisus:<\/b> Sisaldab \u00fcleandmatut lukustusmehhanismi, et v\u00e4ltida volitamata jagamist ja sisenemist.<\/p>\n<\/li>\n<li>\n<p data-path-to-node=\"7,2,0\"><b data-path-to-node=\"7,2,0\" data-index-in-node=\"0\">Pikaajaline br\u00e4nding:<\/b> Valmistatud kvaliteetsest pol\u00fcestrist, mis peab vastu mitmep\u00e4evastele festivalidele ja sobib suveniirina.<\/p>\n<\/li>\n<li>\n<p data-path-to-node=\"7,3,0\"><b data-path-to-node=\"7,3,0\" data-index-in-node=\"0\">T\u00e4ielik kohandamine:<\/b> T\u00e4isv\u00e4rviline kudumine v\u00f5imaldab keerukaid logosid integreerida s\u00e4delevate kuldsete aktsentidega.<\/p>\n<\/li>\n<\/ul>","protected":false},"featured_media":6603,"comment_status":"closed","ping_status":"closed","template":"","meta":[],"product_brand":[],"product_cat":[47],"product_tag":[],"class_list":{"0":"post-6599","1":"product","2":"type-product","3":"status-publish","4":"has-post-thumbnail","6":"product_cat-fabric-wristbands","8":"first","9":"instock","10":"shipping-taxable","11":"purchasable","12":"product-type-simple"},"_links":{"self":[{"href":"https:\/\/wristbandfactory.eu\/et\/wp-json\/wp\/v2\/product\/6599","targetHints":{"allow":["GET"]}}],"collection":[{"href":"https:\/\/wristbandfactory.eu\/et\/wp-json\/wp\/v2\/product"}],"about":[{"href":"https:\/\/wristbandfactory.eu\/et\/wp-json\/wp\/v2\/types\/product"}],"replies":[{"embeddable":true,"href":"https:\/\/wristbandfactory.eu\/et\/wp-json\/wp\/v2\/comments?post=6599"}],"wp:featuredmedia":[{"embeddable":true,"href":"https:\/\/wristbandfactory.eu\/et\/wp-json\/wp\/v2\/media\/6603"}],"wp:attachment":[{"href":"https:\/\/wristbandfactory.eu\/et\/wp-json\/wp\/v2\/media?parent=6599"}],"wp:term":[{"taxonomy":"product_brand","embeddable":true,"href":"https:\/\/wristbandfactory.eu\/et\/wp-json\/wp\/v2\/product_brand?post=6599"},{"taxonomy":"product_cat","embeddable":true,"href":"https:\/\/wristbandfactory.eu\/et\/wp-json\/wp\/v2\/product_cat?post=6599"},{"taxonomy":"product_tag","embeddable":true,"href":"https:\/\/wristbandfactory.eu\/et\/wp-json\/wp\/v2\/product_tag?post=6599"}],"curies":[{"name":"t\u00f6\u00f6leht","href":"https:\/\/api.w.org\/{rel}","templated":true}]}}