{"id":6514,"date":"2026-01-03T00:15:17","date_gmt":"2026-01-02T21:15:17","guid":{"rendered":"https:\/\/wristbandfactory.eu\/?post_type=product&#038;p=6514"},"modified":"2026-01-03T00:19:12","modified_gmt":"2026-01-02T21:19:12","slug":"event-watch-led-wristband-with-custom-logo","status":"publish","type":"product","link":"https:\/\/wristbandfactory.eu\/et\/p\/event-watch-led-wristband-with-custom-logo\/","title":{"rendered":"Logoga kelladisainiga LED-k\u00e4epaelad"},"content":{"rendered":"<p data-path-to-node=\"10\">T\u00f5sta oma ettev\u00f5tte br\u00e4ndingut esile LED-k\u00e4epaelaga \u201cEvent Watch\u201d. See mudel on disainitud silmapaistva korpusega, mis j\u00e4ljendab moodsat kella, ja on spetsiaalselt loodud br\u00e4ndi maksimaalse n\u00e4htavuse tagamiseks. LED-mooduli lame ja \u00fclisuur pind tagab, et isegi detailsed logod kuvatakse selgelt ja j\u00e4\u00e4vad kogu toimumiskoha t\u00e4helepanu keskpunkti. See 30g kaaluv kantav seade on valmistatud l\u00f6\u00f6gikindlast ABS-plastist ja meditsiinilise kvaliteediga silikoonist ning pakub soliidset ja esmaklassilist tunnet, mida k\u00fclalised hindavad k\u00f5rgtehnoloogilise suveniirina.<\/p>\n<h2 data-path-to-node=\"11\">Peamised omadused<\/h2>\n<ul data-path-to-node=\"12\">\n<li>\n<p data-path-to-node=\"12,0,0\"><b data-path-to-node=\"12,0,0\" data-index-in-node=\"0\">Esmaklassiline kellalaadne esteetika:<\/b> Tuttav kella disain teeb sellest k\u00f5ige professionaalsema valiku tipptasemel galade ja firmakonverentside jaoks.<\/p>\n<\/li>\n<li>\n<p data-path-to-node=\"12,1,0\"><b data-path-to-node=\"12,1,0\" data-index-in-node=\"0\">Professionaalne raadiosagedusintegratsioon:<\/b> S\u00fcnkroniseerub sujuvalt teie valgustuslauaga, et pulseerida ja vilkuda t\u00e4iuslikus koosk\u00f5las \u00fcrituse lavaprogrammiga.<\/p>\n<\/li>\n<li>\n<p data-path-to-node=\"12,2,0\"><b data-path-to-node=\"12,2,0\" data-index-in-node=\"0\">Vastupidav ja korduvkasutatav:<\/b> Kvaliteetsed materjalid ja vahetatav akus\u00fcsteem muudavad need k\u00e4epaeld sobivaks mitmep\u00e4evaseks kasutamiseks v\u00f5i j\u00e4rjestikusteks retkedeks.<\/p>\n<\/li>\n<li>\n<p data-path-to-node=\"12,3,0\"><b data-path-to-node=\"12,3,0\" data-index-in-node=\"0\">Suure intensiivsusega LED-id:<\/b> V\u00f5imas valgusvoog, mis suudab kuvada 15 erinevat v\u00e4rvi, et see sobiks ideaalselt teie br\u00e4ndi v\u00e4rvipaletiga.<\/p>\n<\/li>\n<\/ul>\n<h2 data-path-to-node=\"13\">Spetsifikatsioonid<\/h2>\n<ul data-path-to-node=\"14\">\n<li>\n<p data-path-to-node=\"14,0,0\"><b data-path-to-node=\"14,0,0\" data-index-in-node=\"0\">Materjal:<\/b> Tugevdatud ABS-korpus ja esmaklassiline silikoonrihm<\/p>\n<\/li>\n<li>\n<p data-path-to-node=\"14,1,0\"><b data-path-to-node=\"14,1,0\" data-index-in-node=\"0\">Kaal:<\/b> 30g<\/p>\n<\/li>\n<li>\n<p data-path-to-node=\"14,2,0\"><b data-path-to-node=\"14,2,0\" data-index-in-node=\"0\">\u00dchiku suurus:<\/b> 6,7 x 7,5 cm<\/p>\n<\/li>\n<li>\n<p data-path-to-node=\"14,3,0\"><b data-path-to-node=\"14,3,0\" data-index-in-node=\"0\">Suhtlus:<\/b> RF 433MHz \/ Kaugjuhtimispult \/ DMX512<\/p>\n<\/li>\n<li>\n<p data-path-to-node=\"14,4,0\"><b data-path-to-node=\"14,4,0\" data-index-in-node=\"0\">Aku:<\/b> 2x CR2032 (vahetatavad)<\/p>\n<\/li>\n<li>\n<p data-path-to-node=\"14,5,0\"><b data-path-to-node=\"14,5,0\" data-index-in-node=\"0\">T\u00f6\u00f6aeg:<\/b> Kuni 12 tundi<\/p>\n<\/li>\n<li>\n<p data-path-to-node=\"14,6,0\"><b data-path-to-node=\"14,6,0\" data-index-in-node=\"0\">LED-v\u00e4rvid:<\/b> 15 mitmev\u00e4rvilist re\u017eiimi<\/p>\n<\/li>\n<\/ul>\n<h2 data-path-to-node=\"15\">Kasutusjuhud<\/h2>\n<ul data-path-to-node=\"16\">\n<li>\n<p data-path-to-node=\"16,0,0\"><b data-path-to-node=\"16,0,0\" data-index-in-node=\"0\">Ettev\u00f5tte gala\u00fcritused:<\/b> Professionaalne kantav ese, mis toimib nii interaktiivse aksessuaarina kui ka br\u00e4nditud v\u00e4\u00e4rtusliku kingitusena.<\/p>\n<\/li>\n<li>\n<p data-path-to-node=\"16,1,0\"><b data-path-to-node=\"16,1,0\" data-index-in-node=\"0\">Suuremahulised konverentsid:<\/b> Kogu publiku muutmine s\u00fcnkroniseeritud valgusl\u00f5uendiks p\u00f5hiettekannete ja avalikustuste ajal.<\/p>\n<\/li>\n<li>\n<p data-path-to-node=\"16,2,0\"><b data-path-to-node=\"16,2,0\" data-index-in-node=\"0\">VIP-sponsori br\u00e4nding:<\/b> \u00dclisuure esik\u00fclje kasutamine \u00fcrituse peamiste sponsorite esitlemiseks eksklusiivsetel \u00f5htustel koosviibimistel.<\/p>\n<\/li>\n<li>\n<p data-path-to-node=\"16,3,0\"><b data-path-to-node=\"16,3,0\" data-index-in-node=\"0\">Toote turuletoomised:<\/b> Br\u00e4ndi identiteedi esilet\u00f5stmine tuhandete osalejate seas samaaegselt tsentraalse valgustuse juhtimise abil.<\/p>\n<\/li>\n<\/ul>\n<p data-path-to-node=\"17\">","protected":false},"excerpt":{"rendered":"<ul>\n<li>\n<p data-path-to-node=\"9,0,0\"><b data-path-to-node=\"9,0,0\" data-index-in-node=\"0\">Kaasaegne kellakujundus:<\/b> Silikoonrihmaga ja silmapaistva ristk\u00fclikukujulise korpusega kellal on professionaalne nutikell, mis meenutab mugavat silikoonrihma.<\/p>\n<\/li>\n<li>\n<p data-path-to-node=\"9,1,0\"><b data-path-to-node=\"9,1,0\" data-index-in-node=\"0\">Maksimeeritud br\u00e4ndipind:<\/b> \u00dclisuur ja lame \u201ckella sihverplaat\u201d pakub meie kataloogis suurimat tr\u00fckipinda m\u00f5jukate eridisainiga logode jaoks.<\/p>\n<\/li>\n<li>\n<p data-path-to-node=\"9,2,0\"><b data-path-to-node=\"9,2,0\" data-index-in-node=\"0\">Pikaajaline j\u00f5ud:<\/b> Varustatud kahe CR2032 vahetatava patareiga, mis pakuvad pikemateks \u00fcritusteks usaldusv\u00e4\u00e4rset 12-tunnist valgusshow&#039;d.<\/p>\n<\/li>\n<li>\n<p data-path-to-node=\"9,3,0\"><b data-path-to-node=\"9,3,0\" data-index-in-node=\"0\">T\u00e4ielik s\u00fcnkroniseeritud juhtimine:<\/b> Reageerib koheselt kesksetele RF ja DMX512 kontrolleritele, et hallata samaaegselt 15 erksat LED-v\u00e4rvi.<\/p>\n<\/li>\n<\/ul>","protected":false},"featured_media":6515,"comment_status":"closed","ping_status":"closed","template":"","meta":[],"product_brand":[],"product_cat":[80],"product_tag":[],"class_list":{"0":"post-6514","1":"product","2":"type-product","3":"status-publish","4":"has-post-thumbnail","6":"product_cat-led-wristbands","8":"first","9":"instock","10":"shipping-taxable","11":"purchasable","12":"product-type-simple"},"_links":{"self":[{"href":"https:\/\/wristbandfactory.eu\/et\/wp-json\/wp\/v2\/product\/6514","targetHints":{"allow":["GET"]}}],"collection":[{"href":"https:\/\/wristbandfactory.eu\/et\/wp-json\/wp\/v2\/product"}],"about":[{"href":"https:\/\/wristbandfactory.eu\/et\/wp-json\/wp\/v2\/types\/product"}],"replies":[{"embeddable":true,"href":"https:\/\/wristbandfactory.eu\/et\/wp-json\/wp\/v2\/comments?post=6514"}],"wp:featuredmedia":[{"embeddable":true,"href":"https:\/\/wristbandfactory.eu\/et\/wp-json\/wp\/v2\/media\/6515"}],"wp:attachment":[{"href":"https:\/\/wristbandfactory.eu\/et\/wp-json\/wp\/v2\/media?parent=6514"}],"wp:term":[{"taxonomy":"product_brand","embeddable":true,"href":"https:\/\/wristbandfactory.eu\/et\/wp-json\/wp\/v2\/product_brand?post=6514"},{"taxonomy":"product_cat","embeddable":true,"href":"https:\/\/wristbandfactory.eu\/et\/wp-json\/wp\/v2\/product_cat?post=6514"},{"taxonomy":"product_tag","embeddable":true,"href":"https:\/\/wristbandfactory.eu\/et\/wp-json\/wp\/v2\/product_tag?post=6514"}],"curies":[{"name":"t\u00f6\u00f6leht","href":"https:\/\/api.w.org\/{rel}","templated":true}]}}