{"id":6513,"date":"2026-01-02T23:41:25","date_gmt":"2026-01-02T20:41:25","guid":{"rendered":"https:\/\/wristbandfactory.eu\/?post_type=product&#038;p=6513"},"modified":"2026-01-02T23:41:25","modified_gmt":"2026-01-02T20:41:25","slug":"nylon-cord-remote-controlled-led-wristbands-with-custom-logo","status":"publish","type":"product","link":"https:\/\/wristbandfactory.eu\/et\/p\/nylon-cord-remote-controlled-led-wristbands-with-custom-logo\/","title":{"rendered":"Logoga paelast LED-k\u00e4epaelad"},"content":{"rendered":"<p data-path-to-node=\"9\">T\u00f5sta oma \u00fcrituse visuaalset efekti nailonpaelaga LED-k\u00e4epaelaga. See mudel pakub ainulaadset ja vabaaja festivali esteetikat ning professionaalset kaugjuhtimisega valgustustehnoloogiat. Reguleeritav nailonpael tagab kindla ja mugava sobivuse k\u00f5igile osalejatele, mist\u00f5ttu on see populaarne valik suuremahulistel v\u00e4lifestivalidel, \u00f6istel jooksuv\u00f5istlustel ja muusika\u00fcritustel, kus kerget kantavat k\u00e4epaela eelistatakse traditsioonilisele silikoonist k\u00e4epaelale.<\/p>\n<h2 data-path-to-node=\"10\">Peamised omadused<\/h2>\n<ul data-path-to-node=\"11\">\n<li>\n<p data-path-to-node=\"11,0,0\"><b data-path-to-node=\"11,0,0\" data-index-in-node=\"0\">15 d\u00fcnaamilist LED-v\u00e4rvi:<\/b> Saate reaalajas oma \u00fcrituse teema v\u00f5i muusikaga sobitada 15 erksa mitmev\u00e4rvilise re\u017eiimi vahel.<\/p>\n<\/li>\n<li>\n<p data-path-to-node=\"11,1,0\"><b data-path-to-node=\"11,1,0\" data-index-in-node=\"0\">Turvaline kinnitus:<\/b> S\u00f5lmitud nailonpaela disain on vastupidav ja k\u00fclalistel on seda lihtne reguleerida, pakkudes universaalset lahendust.<\/p>\n<\/li>\n<li>\n<p data-path-to-node=\"11,2,0\"><b data-path-to-node=\"11,2,0\" data-index-in-node=\"0\">T\u00f5hus energiahaldus:<\/b> Kasutades k\u00e4sitsi vahetamise asemel t\u00f5mbeklappide s\u00fcsteemi, saate rihmasid mitu p\u00e4eva ette jagada ilma aku t\u00fchjenemise riskita.<\/p>\n<\/li>\n<li>\n<p data-path-to-node=\"11,3,0\"><b data-path-to-node=\"11,3,0\" data-index-in-node=\"0\">Professionaalne B2B br\u00e4nding:<\/b> LED-korpuse tasane pind on optimeeritud teie ettev\u00f5tte logo kvaliteetseks tampotr\u00fckiks.<\/p>\n<\/li>\n<\/ul>\n<h2 data-path-to-node=\"12\">Spetsifikatsioonid<\/h2>\n<ul data-path-to-node=\"13\">\n<li>\n<p data-path-to-node=\"13,0,0\"><b data-path-to-node=\"13,0,0\" data-index-in-node=\"0\">Materjal:<\/b> ABS-korpus \u00fclitugeva nailonpaelaga.<\/p>\n<\/li>\n<li>\n<p data-path-to-node=\"13,1,0\"><b data-path-to-node=\"13,1,0\" data-index-in-node=\"0\">Kaal:<\/b> 20g.<\/p>\n<\/li>\n<li>\n<p data-path-to-node=\"13,2,0\"><b data-path-to-node=\"13,2,0\" data-index-in-node=\"0\">\u00dchiku suurus:<\/b> 6,7 x 7,5 cm.<\/p>\n<\/li>\n<li>\n<p data-path-to-node=\"13,3,0\"><b data-path-to-node=\"13,3,0\" data-index-in-node=\"0\">LED-re\u017eiimid:<\/b> 15 mitmev\u00e4rvilist valikut.<\/p>\n<\/li>\n<li>\n<p data-path-to-node=\"13,4,0\"><b data-path-to-node=\"13,4,0\" data-index-in-node=\"0\">Suhtlus:<\/b> RF 433MHz \/ Kaugjuhtimispult.<\/p>\n<\/li>\n<li>\n<p data-path-to-node=\"13,5,0\"><b data-path-to-node=\"13,5,0\" data-index-in-node=\"0\">Aku:<\/b> 2x CR2032 (vahetatavad).<\/p>\n<\/li>\n<li>\n<p data-path-to-node=\"13,6,0\"><b data-path-to-node=\"13,6,0\" data-index-in-node=\"0\">T\u00f6\u00f6aeg:<\/b> 12 tundi.<\/p>\n<\/li>\n<\/ul>\n<h2 data-path-to-node=\"14\">Kasutusjuhud<\/h2>\n<ul data-path-to-node=\"15\">\n<li>\n<p data-path-to-node=\"15,0,0\"><b data-path-to-node=\"15,0,0\" data-index-in-node=\"0\">Muusikafestivalid:<\/b> Vastab klassikalisele kootud riba esteetikale, kuid lisab s\u00fcnkroniseeritud k\u00f5rgtehnoloogilise valgusshow.<\/p>\n<\/li>\n<li>\n<p data-path-to-node=\"15,1,0\"><b data-path-to-node=\"15,1,0\" data-index-in-node=\"0\">Heategevuslikud \u00f5htujooksud:<\/b> \u00dclikerge lisatarvik, mis suurendab n\u00e4htavust ja \u00fchtsust osalejate vahel.<\/p>\n<\/li>\n<li>\n<p data-path-to-node=\"15,2,0\"><b data-path-to-node=\"15,2,0\" data-index-in-node=\"0\">Rannapeod ja suve\u00fcritused:<\/b> Hingav nailonpael on mugav sooja ilmaga ja energilises keskkonnas.<\/p>\n<\/li>\n<li>\n<p data-path-to-node=\"15,3,0\"><b data-path-to-node=\"15,3,0\" data-index-in-node=\"0\">Sponsorite aktiveerimine:<\/b> Kulut\u00f5hus, br\u00e4nditud kantav ese, mis loob suurtele rahvahulkadele meeldej\u00e4\u00e4va \u201cvau\u201d efekti.<\/p>\n<\/li>\n<\/ul>\n<p data-path-to-node=\"16\">","protected":false},"excerpt":{"rendered":"<ul>\n<li>\n<p data-path-to-node=\"8,0,0\"><b data-path-to-node=\"8,0,0\" data-index-in-node=\"0\">\u00dclikerge mugavus:<\/b> Minimalistlik disain pehme nailonpaela ja kompaktse ABS-korpusega, kaalub vaid 20 g.<\/p>\n<\/li>\n<li>\n<p data-path-to-node=\"8,1,0\"><b data-path-to-node=\"8,1,0\" data-index-in-node=\"0\">S\u00fcnkroniseeritud kaugjuhtimispult:<\/b> T\u00e4ielikult \u00fchilduv keskkontrolleritega, et hallata samaaegselt 15 erinevat LED-v\u00e4rvi kogu toimumiskohas.<\/p>\n<\/li>\n<li>\n<p data-path-to-node=\"8,2,0\"><b data-path-to-node=\"8,2,0\" data-index-in-node=\"0\">Pikendatud aku t\u00f6\u00f6iga:<\/b> Varustatud kahe CR2032 vahetatava patareiga, mis tagavad 12 tundi aktiivset valgusshow&#039;d.<\/p>\n<\/li>\n<li>\n<p data-path-to-node=\"8,3,0\"><b data-path-to-node=\"8,3,0\" data-index-in-node=\"0\">T\u00f5mbamisvastase kaitsega:<\/b> Aku kaitseklapp tagab, et seadmed j\u00e4\u00e4vad 100% toiteallikale kuni teie s\u00fcndmuse toimumise hetkeni.<\/p>\n<\/li>\n<\/ul>","protected":false},"featured_media":5983,"comment_status":"closed","ping_status":"closed","template":"","meta":[],"product_brand":[],"product_cat":[80],"product_tag":[],"class_list":{"0":"post-6513","1":"product","2":"type-product","3":"status-publish","4":"has-post-thumbnail","6":"product_cat-led-wristbands","8":"first","9":"instock","10":"shipping-taxable","11":"product-type-simple"},"_links":{"self":[{"href":"https:\/\/wristbandfactory.eu\/et\/wp-json\/wp\/v2\/product\/6513","targetHints":{"allow":["GET"]}}],"collection":[{"href":"https:\/\/wristbandfactory.eu\/et\/wp-json\/wp\/v2\/product"}],"about":[{"href":"https:\/\/wristbandfactory.eu\/et\/wp-json\/wp\/v2\/types\/product"}],"replies":[{"embeddable":true,"href":"https:\/\/wristbandfactory.eu\/et\/wp-json\/wp\/v2\/comments?post=6513"}],"wp:featuredmedia":[{"embeddable":true,"href":"https:\/\/wristbandfactory.eu\/et\/wp-json\/wp\/v2\/media\/5983"}],"wp:attachment":[{"href":"https:\/\/wristbandfactory.eu\/et\/wp-json\/wp\/v2\/media?parent=6513"}],"wp:term":[{"taxonomy":"product_brand","embeddable":true,"href":"https:\/\/wristbandfactory.eu\/et\/wp-json\/wp\/v2\/product_brand?post=6513"},{"taxonomy":"product_cat","embeddable":true,"href":"https:\/\/wristbandfactory.eu\/et\/wp-json\/wp\/v2\/product_cat?post=6513"},{"taxonomy":"product_tag","embeddable":true,"href":"https:\/\/wristbandfactory.eu\/et\/wp-json\/wp\/v2\/product_tag?post=6513"}],"curies":[{"name":"t\u00f6\u00f6leht","href":"https:\/\/api.w.org\/{rel}","templated":true}]}}