{"id":6512,"date":"2026-01-02T23:35:13","date_gmt":"2026-01-02T20:35:13","guid":{"rendered":"https:\/\/wristbandfactory.eu\/?post_type=product&#038;p=6512"},"modified":"2026-01-09T23:00:52","modified_gmt":"2026-01-09T20:00:52","slug":"curved-ergonomic-led-wristband-with-custom-logo","status":"publish","type":"product","link":"https:\/\/wristbandfactory.eu\/et\/p\/curved-ergonomic-led-wristband-with-custom-logo\/","title":{"rendered":"Logoga kumerad ergonoomilised LED-k\u00e4epaelad"},"content":{"rendered":"<p data-path-to-node=\"9\">T\u00f5sta oma br\u00e4ndikogemust k\u00f5rgemale \u201ckumer\u201d ergonoomilise LED-k\u00e4epaelaga. Sellel mudelil (kataloog LED 7) on iseloomulik j\u00e4ik PVC-konstruktsioon, mis pakub tavaliste silikoonalternatiividega v\u00f5rreldes esmaklassilist v\u00e4limust ja tunnetust. Pooll\u00e4bipaistev materjal laseb valgusel elegantselt hajuda l\u00e4bi kogu k\u00e4epaela, samas kui ainulaadne lukustuss\u00fcsteem tagab mugavuse ja paigalp\u00fcsimise kogu \u00fcrituse v\u00e4ltel. See on eelistatud valik ettev\u00f5tete VIP-aladele ja suure m\u00f5juga tooteesitlustele, kus moodne esteetika on v\u00f5tmet\u00e4htsusega.<\/p>\n<h2 data-path-to-node=\"10\">Peamised omadused<\/h2>\n<ul data-path-to-node=\"11\">\n<li>\n<p data-path-to-node=\"11,0,0\"><b data-path-to-node=\"11,0,0\" data-index-in-node=\"0\">Valitav LED-v\u00f5imsus:<\/b> Valige 2-LED-versiooni vahel peene meeleolu loomiseks v\u00f5i 4-LED-versiooni vahel maksimaalse heleduse saavutamiseks suurtes kohtades.<\/p>\n<\/li>\n<li>\n<p data-path-to-node=\"11,1,0\"><b data-path-to-node=\"11,1,0\" data-index-in-node=\"0\">Vastupidav PVC materjal:<\/b> Valmistatud l\u00f6\u00f6gikindla ABS-i ja professionaalse PVC kombinatsioonist, et tagada suurem vastupidavus.<\/p>\n<\/li>\n<li>\n<p data-path-to-node=\"11,2,0\"><b data-path-to-node=\"11,2,0\" data-index-in-node=\"0\">Sujuv raadiosagedusintegratsioon:<\/b> \u00dchendub kesksete valgustuskonsoolidega, et k\u00e4ivitada reaalajas v\u00e4rvimuutusi ja d\u00fcnaamilisi vilkumisj\u00e4rjestusi.<\/p>\n<\/li>\n<li>\n<p data-path-to-node=\"11,3,0\"><b data-path-to-node=\"11,3,0\" data-index-in-node=\"0\">Anatoomiline sobivus:<\/b> Eelnevalt kumer kuju asetseb randmel madalamal, v\u00e4hendades mahtu ja pakkudes elegantset, k\u00e4ekellalaadset profiili.<\/p>\n<\/li>\n<\/ul>\n<h2 data-path-to-node=\"12\">Spetsifikatsioonid<\/h2>\n<ul data-path-to-node=\"13\">\n<li>\n<p data-path-to-node=\"13,0,0\"><b data-path-to-node=\"13,0,0\" data-index-in-node=\"0\">Materjal:<\/b> L\u00f6\u00f6gikindlast ABS-korpus ja esmaklassiline PVC-rihm.<\/p>\n<\/li>\n<li>\n<p data-path-to-node=\"13,1,0\"><b data-path-to-node=\"13,1,0\" data-index-in-node=\"0\">\u00dchiku suurus:<\/b> L\u00e4bim\u00f5\u00f5t 6,9 x 6,4 cm.<\/p>\n<\/li>\n<li>\n<p data-path-to-node=\"13,2,0\"><b data-path-to-node=\"13,2,0\" data-index-in-node=\"0\">Kaal:<\/b> 30g.<\/p>\n<\/li>\n<li>\n<p data-path-to-node=\"13,3,0\"><b data-path-to-node=\"13,3,0\" data-index-in-node=\"0\">Suhtlus:<\/b> RF 433MHz \/ Kaugjuhtimispult \/ DMX512.<\/p>\n<\/li>\n<li>\n<p data-path-to-node=\"13,4,0\"><b data-path-to-node=\"13,4,0\" data-index-in-node=\"0\">Aku:<\/b> 2x CR2032 (vahetatavad).<\/p>\n<\/li>\n<li>\n<p data-path-to-node=\"13,5,0\"><b data-path-to-node=\"13,5,0\" data-index-in-node=\"0\">Aku t\u00f6\u00f6iga:<\/b> Ligikaudu 8 tundi aktiivset valgusshow&#039;d.<\/p>\n<\/li>\n<li>\n<p data-path-to-node=\"13,6,0\"><b data-path-to-node=\"13,6,0\" data-index-in-node=\"0\">LED-re\u017eiimid:<\/b> 15+ mitmev\u00e4rvilist s\u00fcnkroniseerimisre\u017eiimi.<\/p>\n<\/li>\n<\/ul>\n<h2 data-path-to-node=\"14\">Kasutusjuhud<\/h2>\n<ul data-path-to-node=\"15\">\n<li>\n<p data-path-to-node=\"15,0,0\"><b data-path-to-node=\"15,0,0\" data-index-in-node=\"0\">Ettev\u00f5tte gala\u00fcritused:<\/b> Pakub k\u00f5rgtehnoloogilist ja stiilset kantavat eset, mis t\u00e4iustab ametlikku atmosf\u00e4\u00e4ri.<\/p>\n<\/li>\n<li>\n<p data-path-to-node=\"15,1,0\"><b data-path-to-node=\"15,1,0\" data-index-in-node=\"0\">Toote tutvustus:<\/b> Uute toodete turuletoomisel elevuse tekitamiseks kasutatakse s\u00fcnkroniseeritud v\u00e4rvimustreid.<\/p>\n<\/li>\n<li>\n<p data-path-to-node=\"15,2,0\"><b data-path-to-node=\"15,2,0\" data-index-in-node=\"0\">VIP-ligip\u00e4\u00e4su kontroll:<\/b> J\u00e4iga ja h\u00e4sti n\u00e4htava LED-mudeli abil eristatakse esmaklassilisi k\u00fclalisi.<\/p>\n<\/li>\n<li>\n<p data-path-to-node=\"15,3,0\"><b data-path-to-node=\"15,3,0\" data-index-in-node=\"0\">Teemapeod:<\/b> Mitmev\u00e4rviliste v\u00f5imaluste kasutamine teie \u00fcrituse spetsiifilise v\u00e4rvipaletiga sobitamiseks.<\/p>\n<\/li>\n<\/ul>\n<p data-path-to-node=\"16\">","protected":false},"excerpt":{"rendered":"<ul>\n<li>\n<p data-path-to-node=\"8,0,0\"><b data-path-to-node=\"8,0,0\" data-index-in-node=\"0\">Anatoomiline j\u00e4ik disain:<\/b> Kontuuriga PVC-konstruktsioon j\u00e4rgib randme loomulikku kuju, pakkudes professionaalset ergonoomilist mugavust \u00fcrituste ajal.<\/p>\n<\/li>\n<li>\n<p data-path-to-node=\"8,1,0\"><b data-path-to-node=\"8,1,0\" data-index-in-node=\"0\">Turvaline lukustuv sulgur:<\/b> Ainulaadne puslekujuline lukustatav pesa tagab, et rihm p\u00fcsib kindlalt paigal ka energiliste liigutuste ajal.<\/p>\n<\/li>\n<li>\n<p data-path-to-node=\"8,2,0\"><b data-path-to-node=\"8,2,0\" data-index-in-node=\"0\">Kaugjuhtimisega s\u00fcnkroonimine:<\/b> T\u00e4ielikult \u00fchilduv professionaalsete RF ja DMX512 kontrolleritega s\u00fcnkroniseeritud valgusefektide loomiseks kogu toimumiskohas.<\/p>\n<\/li>\n<li>\n<p data-path-to-node=\"8,3,0\"><b data-path-to-node=\"8,3,0\" data-index-in-node=\"0\">K\u00f5rgelt n\u00e4htav br\u00e4nding:<\/b> J\u00e4ik PVC-pind pakub stabiilset ja silmapaistvat pinda \u00fclit\u00e4pseks eridisainiga logo tr\u00fckkimiseks.<\/p>\n<\/li>\n<\/ul>","protected":false},"featured_media":6687,"comment_status":"closed","ping_status":"closed","template":"","meta":[],"product_brand":[],"product_cat":[80],"product_tag":[],"class_list":{"0":"post-6512","1":"product","2":"type-product","3":"status-publish","4":"has-post-thumbnail","6":"product_cat-led-wristbands","8":"first","9":"instock","10":"shipping-taxable","11":"product-type-simple"},"_links":{"self":[{"href":"https:\/\/wristbandfactory.eu\/et\/wp-json\/wp\/v2\/product\/6512","targetHints":{"allow":["GET"]}}],"collection":[{"href":"https:\/\/wristbandfactory.eu\/et\/wp-json\/wp\/v2\/product"}],"about":[{"href":"https:\/\/wristbandfactory.eu\/et\/wp-json\/wp\/v2\/types\/product"}],"replies":[{"embeddable":true,"href":"https:\/\/wristbandfactory.eu\/et\/wp-json\/wp\/v2\/comments?post=6512"}],"wp:featuredmedia":[{"embeddable":true,"href":"https:\/\/wristbandfactory.eu\/et\/wp-json\/wp\/v2\/media\/6687"}],"wp:attachment":[{"href":"https:\/\/wristbandfactory.eu\/et\/wp-json\/wp\/v2\/media?parent=6512"}],"wp:term":[{"taxonomy":"product_brand","embeddable":true,"href":"https:\/\/wristbandfactory.eu\/et\/wp-json\/wp\/v2\/product_brand?post=6512"},{"taxonomy":"product_cat","embeddable":true,"href":"https:\/\/wristbandfactory.eu\/et\/wp-json\/wp\/v2\/product_cat?post=6512"},{"taxonomy":"product_tag","embeddable":true,"href":"https:\/\/wristbandfactory.eu\/et\/wp-json\/wp\/v2\/product_tag?post=6512"}],"curies":[{"name":"t\u00f6\u00f6leht","href":"https:\/\/api.w.org\/{rel}","templated":true}]}}