{"id":6507,"date":"2026-01-02T23:24:17","date_gmt":"2026-01-02T20:24:17","guid":{"rendered":"https:\/\/wristbandfactory.eu\/?post_type=product&#038;p=6507"},"modified":"2026-01-09T23:09:03","modified_gmt":"2026-01-09T20:09:03","slug":"the-bright-stadium-led-wristband-with-custom-logo","status":"publish","type":"product","link":"https:\/\/wristbandfactory.eu\/et\/p\/the-bright-stadium-led-wristband-with-custom-logo\/","title":{"rendered":"Logoga v\u00f5imsad staadioni LED-k\u00e4epaelad \"The Bright\""},"content":{"rendered":"<p>Muutke oma staadioni\u00fcritus lummavaks valgusmereks \u201cThe Bright\u201d LED-k\u00e4epaelaga. See mudel on spetsiaalselt loodud suuremahuliste lavastuste jaoks, kus tavalistel n\u00f6\u00f6ppatareidega k\u00e4epaeladel puudub vajalik valgusvoog. Kasutades 11 individuaalset LED-i ja spetsiaalset AAA-toiteallikat, tagab \u201cThe Bright\u201d, et teie br\u00e4nd ja valgusshow j\u00f5uavad ka k\u00f5ige kaugematesse istmetesse v\u00f5rratu intensiivsuse ja selgusega. See on \u00fclim t\u00f6\u00f6riist \u00fcrituste korraldajatele, kes keelduvad visuaalse m\u00f5ju osas j\u00e4releandmisi tegemast.<\/p>\n<h2 data-path-to-node=\"11\">Peamised omadused<\/h2>\n<ul data-path-to-node=\"12\">\n<li>\n<p data-path-to-node=\"12,0,0\"><b data-path-to-node=\"12,0,0\" data-index-in-node=\"0\">11-LED-massiiv:<\/b> Meie v\u00f5imsaim valgustuskonfiguratsioon, mis on loodud spetsiaalselt maksimaalse valgustugevuse tagamiseks suurtes sise- ja v\u00e4listingimustes esinemistel.<\/p>\n<\/li>\n<li>\n<p data-path-to-node=\"12,1,0\"><b data-path-to-node=\"12,1,0\" data-index-in-node=\"0\">AAA patareidega t\u00f6\u00f6tav:<\/b> Erinevalt tavamudelitest kasutab see vahetatavaid AAA-patareisid, mis h\u00f5lbustavad hooldust ja pikendavad oluliselt suure intensiivsusega j\u00f5udlust.<\/p>\n<\/li>\n<li>\n<p data-path-to-node=\"12,2,0\"><b data-path-to-node=\"12,2,0\" data-index-in-node=\"0\">RF ja DMX juhtimine:<\/b> Integreerub sujuvalt professionaalsete valgustuslaudadega, et k\u00e4ivitada reaalajas v\u00e4rvimuutusi, laineid ja mustreid.<\/p>\n<\/li>\n<li>\n<p data-path-to-node=\"12,3,0\"><b data-path-to-node=\"12,3,0\" data-index-in-node=\"0\">Vastupidav konstruktsioon:<\/b> Valmistatud l\u00f6\u00f6gikindlast ABS-plastist ja mugavast silikoonist, et taluda energilist rahvahulga kaasamist.<\/p>\n<\/li>\n<\/ul>\n<h2 data-path-to-node=\"13\">Spetsifikatsioonid<\/h2>\n<ul data-path-to-node=\"14\">\n<li>\n<p data-path-to-node=\"14,0,0\"><b data-path-to-node=\"14,0,0\" data-index-in-node=\"0\">LED-ide arv:<\/b> 11 suure intensiivsusega LED-i.<\/p>\n<\/li>\n<li>\n<p data-path-to-node=\"14,1,0\"><b data-path-to-node=\"14,1,0\" data-index-in-node=\"0\">Toiteallikas:<\/b> 2x AAA patareid (vahetatavad).<\/p>\n<\/li>\n<li>\n<p data-path-to-node=\"14,2,0\"><b data-path-to-node=\"14,2,0\" data-index-in-node=\"0\">Kaal:<\/b> 31 g (koos patareidega).<\/p>\n<\/li>\n<li>\n<p data-path-to-node=\"14,3,0\"><b data-path-to-node=\"14,3,0\" data-index-in-node=\"0\">Kestus:<\/b> Kuni 12 tundi aktiivset sooritust.<\/p>\n<\/li>\n<li>\n<p data-path-to-node=\"14,4,0\"><b data-path-to-node=\"14,4,0\" data-index-in-node=\"0\">Suhtlus:<\/b> Raadiosagedus 433MHz \/ DMX512.<\/p>\n<\/li>\n<li>\n<p data-path-to-node=\"14,5,0\"><b data-path-to-node=\"14,5,0\" data-index-in-node=\"0\">Materjal:<\/b> L\u00f6\u00f6gikindlast ABS-korpus ja silikoonrihm.<\/p>\n<\/li>\n<li>\n<p data-path-to-node=\"14,6,0\"><b data-path-to-node=\"14,6,0\" data-index-in-node=\"0\">Kohandamine:<\/b> Aku\/LED-korpuse \u00fclit\u00e4pne tampotr\u00fckk.<\/p>\n<\/li>\n<\/ul>\n<h2 data-path-to-node=\"15\">Kasutusjuhud<\/h2>\n<ul data-path-to-node=\"16\">\n<li>\n<p data-path-to-node=\"16,0,0\"><b data-path-to-node=\"16,0,0\" data-index-in-node=\"0\">Staadioni kontserdituurid:<\/b> Luues massiivseid ja eredaid valgusshow&#039;sid, mis s\u00fcnkroonivad ideaalselt muusikalise etteastega.<\/p>\n<\/li>\n<li>\n<p data-path-to-node=\"16,1,0\"><b data-path-to-node=\"16,1,0\" data-index-in-node=\"0\">Suured vaba\u00f5hufestivalid:<\/b> Br\u00e4ndi n\u00e4htavuse ja publiku kaasamise tagamine tohutul festivalialal \u00f6\u00f6sel.<\/p>\n<\/li>\n<li>\n<p data-path-to-node=\"16,2,0\"><b data-path-to-node=\"16,2,0\" data-index-in-node=\"0\">Spordi\u00fcritused:<\/b> F\u00e4nnide kaasamine ja oluliste m\u00e4nguhetkede esilet\u00f5stmine s\u00fcnkroniseeritud meeskonnav\u00e4rvides valguslahendustega.<\/p>\n<\/li>\n<li>\n<p data-path-to-node=\"16,3,0\"><b data-path-to-node=\"16,3,0\" data-index-in-node=\"0\">Sponsorite aktiveerimine:<\/b> Pakutakse esmaklassilist kaubam\u00e4rgiga kantavat eset, mida k\u00fclalised hindavad k\u00f5rgtehnoloogilise suveniirina.<\/p>\n<\/li>\n<\/ul>","protected":false},"excerpt":{"rendered":"<ul>\n<li>\n<p data-path-to-node=\"9,0,0\"><b data-path-to-node=\"9,0,0\" data-index-in-node=\"0\">Maksimaalne n\u00e4htavus:<\/b> 11 suure intensiivsusega LED-i tagavad eredaima valgusshow suurtel staadionidel ja areenidel.<\/p>\n<\/li>\n<li>\n<p data-path-to-node=\"9,1,0\"><b data-path-to-node=\"9,1,0\" data-index-in-node=\"0\">Laiendatud j\u00f5udlus:<\/b> Toiteallikaks 2 AAA patareid, mis tagavad usaldusv\u00e4\u00e4rse 12-tunnise t\u00f6\u00f6aja ka k\u00f5ige pikemate \u00fcrituste jaoks.<\/p>\n<\/li>\n<li>\n<p data-path-to-node=\"9,2,0\"><b data-path-to-node=\"9,2,0\" data-index-in-node=\"0\">Professionaalne s\u00fcnkroonimine:<\/b> T\u00e4ielikult \u00fchilduv RF ja DMX512 kontrolleritega s\u00fcnkroniseeritud valgusefektide loomiseks kogu toimumiskohas.<\/p>\n<\/li>\n<li>\n<p data-path-to-node=\"9,3,0\"><b data-path-to-node=\"9,3,0\" data-index-in-node=\"0\">B2B kohandamine:<\/b> ABS-korpusel suur ja silmapaistev tr\u00fckiala n\u00e4htava eridisainiga logo jaoks.<\/p>\n<\/li>\n<\/ul>","protected":false},"featured_media":6690,"comment_status":"closed","ping_status":"closed","template":"","meta":[],"product_brand":[],"product_cat":[80],"product_tag":[],"class_list":{"0":"post-6507","1":"product","2":"type-product","3":"status-publish","4":"has-post-thumbnail","6":"product_cat-led-wristbands","8":"first","9":"instock","10":"shipping-taxable","11":"product-type-simple"},"_links":{"self":[{"href":"https:\/\/wristbandfactory.eu\/et\/wp-json\/wp\/v2\/product\/6507","targetHints":{"allow":["GET"]}}],"collection":[{"href":"https:\/\/wristbandfactory.eu\/et\/wp-json\/wp\/v2\/product"}],"about":[{"href":"https:\/\/wristbandfactory.eu\/et\/wp-json\/wp\/v2\/types\/product"}],"replies":[{"embeddable":true,"href":"https:\/\/wristbandfactory.eu\/et\/wp-json\/wp\/v2\/comments?post=6507"}],"wp:featuredmedia":[{"embeddable":true,"href":"https:\/\/wristbandfactory.eu\/et\/wp-json\/wp\/v2\/media\/6690"}],"wp:attachment":[{"href":"https:\/\/wristbandfactory.eu\/et\/wp-json\/wp\/v2\/media?parent=6507"}],"wp:term":[{"taxonomy":"product_brand","embeddable":true,"href":"https:\/\/wristbandfactory.eu\/et\/wp-json\/wp\/v2\/product_brand?post=6507"},{"taxonomy":"product_cat","embeddable":true,"href":"https:\/\/wristbandfactory.eu\/et\/wp-json\/wp\/v2\/product_cat?post=6507"},{"taxonomy":"product_tag","embeddable":true,"href":"https:\/\/wristbandfactory.eu\/et\/wp-json\/wp\/v2\/product_tag?post=6507"}],"curies":[{"name":"t\u00f6\u00f6leht","href":"https:\/\/api.w.org\/{rel}","templated":true}]}}