{"id":6248,"date":"2025-12-20T19:03:55","date_gmt":"2025-12-20T16:03:55","guid":{"rendered":"https:\/\/wristbandfactory.eu\/?post_type=product&#038;p=6248"},"modified":"2025-12-20T19:03:55","modified_gmt":"2025-12-20T16:03:55","slug":"custom-printed-nail-files-made-in-europe-full-color-uv-print","status":"publish","type":"product","link":"https:\/\/wristbandfactory.eu\/et\/p\/custom-printed-nail-files-made-in-europe-full-color-uv-print\/","title":{"rendered":"Logoga k\u00fc\u00fcneviilid"},"content":{"rendered":"<p data-path-to-node=\"10\">T\u00f5sta oma ilubr\u00e4ndi v\u00f5i firmakingituste valikut uuele tasemele meie abil <b data-path-to-node=\"10\" data-index-in-node=\"88\">Eridisainiga tr\u00fckitud k\u00fc\u00fcneviilid<\/b>, uhkelt <b data-path-to-node=\"10\" data-index-in-node=\"123\">Valmistatud Euroopas<\/b>. Erinevalt tavalistest reklaamtoodetest on need kvaliteetsed smirgellauad loodud reaalseks funktsionaalsuseks, muutes need v\u00e4\u00e4rtuslikuks aksessuaariks professionaalsetele salongidele, spaadele ja reisikomplektidele.<\/p>\n<p data-path-to-node=\"11\">Me kasutame tipptasemel <b data-path-to-node=\"11\" data-index-in-node=\"20\">UV-digitaaltr\u00fckk<\/b> et katta fail oma eridisainiga kujunduse, logo v\u00f5i mustriga. See tehnoloogia v\u00f5imaldab fotorealistlikke detaile ja erksaid v\u00e4rve, kasutades ohutuid ja mittetoksilisi tinte, mis taluvad igap\u00e4evast kasutamist. Olenemata sellest, kas olete hotellikett, mis otsib esmaklassilisi tubade mugavusi, v\u00f5i ilubr\u00e4nd, mis otsib kaupu, pakuvad need failid ideaalset stiili ja praktilisuse kombinatsiooni.<\/p>\n<h2 data-path-to-node=\"12\">Peamised omadused<\/h2>\n<ul data-path-to-node=\"13\">\n<li>\n<p data-path-to-node=\"13,0,0\"><b data-path-to-node=\"13,0,0\" data-index-in-node=\"0\">Elav kohandamine:<\/b> T\u00e4ispinna UV-tr\u00fckk muudab lihtsa t\u00f6\u00f6riista moeaksessuaariks. Ideaalne keerukate logode v\u00f5i t\u00e4ismustriga kujunduste jaoks.<\/p>\n<\/li>\n<li>\n<p data-path-to-node=\"13,1,0\"><b data-path-to-node=\"13,1,0\" data-index-in-node=\"0\">Ohutus ennek\u00f5ike:<\/b> Kasutame ainult mittetoksilisi ja ohutuid tr\u00fckiv\u00e4rve, mist\u00f5ttu sobivad need laialdaseks levitamiseks ja sagedaseks kokkupuuteks nahaga.<\/p>\n<\/li>\n<li>\n<p data-path-to-node=\"13,2,0\"><b data-path-to-node=\"13,2,0\" data-index-in-node=\"0\">Vastupidav konstruktsioon:<\/b> Valmistatud vastupidavaks kvaliteetsest liivapaberist, mis vormib t\u00f5husalt nii naturaalseid kui ka pikendatud k\u00fc\u00fcsi ilma koorumiseta.<\/p>\n<\/li>\n<li>\n<p data-path-to-node=\"13,3,0\"><b data-path-to-node=\"13,3,0\" data-index-in-node=\"0\">Turunduse m\u00f5ju:<\/b> V\u00e4ga funktsionaalne ese, mis p\u00fcsib teie kliendi k\u00e4ekotis v\u00f5i vannitoas, pakkudes korduvat br\u00e4ndin\u00e4htust.<\/p>\n<\/li>\n<\/ul>\n<h2 data-path-to-node=\"14\">Spetsifikatsioonid<\/h2>\n<ul data-path-to-node=\"15\">\n<li>\n<p data-path-to-node=\"15,0,0\"><b data-path-to-node=\"15,0,0\" data-index-in-node=\"0\">P\u00e4ritolu:<\/b> Valmistatud Euroopas.<\/p>\n<\/li>\n<li>\n<p data-path-to-node=\"15,1,0\"><b data-path-to-node=\"15,1,0\" data-index-in-node=\"0\">Printimismeetod:<\/b> T\u00e4isv\u00e4rviline UV-digitaaltr\u00fckk.<\/p>\n<\/li>\n<li>\n<p data-path-to-node=\"15,2,0\"><b data-path-to-node=\"15,2,0\" data-index-in-node=\"0\">Materjal:<\/b> Kvaliteetne abrasiivpaberi s\u00fcdamik.<\/p>\n<\/li>\n<li>\n<p data-path-to-node=\"15,3,0\"><b data-path-to-node=\"15,3,0\" data-index-in-node=\"0\">Saadaval olevad suurused:<\/b><\/p>\n<ul data-path-to-node=\"15,3,1\">\n<li>\n<p data-path-to-node=\"15,3,1,0,0\"><b data-path-to-node=\"15,3,1,0,0\" data-index-in-node=\"0\">Professionaalne (18 cm \u00d7 1,85 cm):<\/b> Salongide ja koduse manik\u00fc\u00fcri standard. Pikk pind sujuvate liigutuste jaoks.<\/p>\n<\/li>\n<li>\n<p data-path-to-node=\"15,3,1,1,0\"><b data-path-to-node=\"15,3,1,1,0\" data-index-in-node=\"0\">Universaalne (12 cm \u00d7 1,6 cm):<\/b> T\u00e4iuslik tasakaal mugavuse ja kaasaskantavuse vahel.<\/p>\n<\/li>\n<li>\n<p data-path-to-node=\"15,3,1,2,0\"><b data-path-to-node=\"15,3,1,2,0\" data-index-in-node=\"0\">Reisimine (8,7 cm \u00d7 1,6 cm):<\/b> Kompaktne suurus sobib ideaalselt kosmeetikakottidesse, reisikomplektidesse ja kiireteks abivahenditeks liikvel olles.<\/p>\n<\/li>\n<\/ul>\n<\/li>\n<\/ul>\n<h2 data-path-to-node=\"16\">Kasutusjuhud<\/h2>\n<ul data-path-to-node=\"17\">\n<li>\n<p data-path-to-node=\"17,0,0\"><b data-path-to-node=\"17,0,0\" data-index-in-node=\"0\">Ilusalongid ja spaad:<\/b> Br\u00e4nditud t\u00f6\u00f6riistad tehnikutele v\u00f5i jaem\u00fc\u00fcgiartiklid klientidele koju kaasa v\u00f5tmiseks.<\/p>\n<\/li>\n<li>\n<p data-path-to-node=\"17,1,0\"><b data-path-to-node=\"17,1,0\" data-index-in-node=\"0\">Hotelli mugavused:<\/b> L\u00e4bim\u00f5eldud lisa luksushotellide ja kuurortide vannitoakomplektidele.<\/p>\n<\/li>\n<li>\n<p data-path-to-node=\"17,2,0\"><b data-path-to-node=\"17,2,0\" data-index-in-node=\"0\">Ettev\u00f5tte kingitused:<\/b> Kompaktne, soodne, kuid samas v\u00e4ga kasulik kingitus naistekonverentsidele, moe\u00fcritustele v\u00f5i heaolukampaaniatele.<\/p>\n<\/li>\n<\/ul>","protected":false},"excerpt":{"rendered":"<ul>\n<li>\n<p data-path-to-node=\"9,0,0\"><b data-path-to-node=\"9,0,0\" data-index-in-node=\"0\">Euroopa toodang:<\/b> Uhkelt Euroopas toodetud, tagades tavaliste imporditud toodetega v\u00f5rreldes parema meisterlikkuse, ohutuse ja vastupidavuse.<\/p>\n<\/li>\n<li>\n<p data-path-to-node=\"9,1,0\"><b data-path-to-node=\"9,1,0\" data-index-in-node=\"0\">T\u00e4isv\u00e4rviline br\u00e4nding:<\/b> Kasutab t\u00e4iustatud UV-tr\u00fckitehnoloogiat ja mittetoksilisi tinti, et luua erksad ja kriimustuskindlad logod ja mustrid.<\/p>\n<\/li>\n<li>\n<p data-path-to-node=\"9,2,0\"><b data-path-to-node=\"9,2,0\" data-index-in-node=\"0\">Kolm mitmek\u00fclgset suurust:<\/b> Saadaval suuruses suur (professionaalne), keskmine (universaalne) ja v\u00e4ike (reis), et see sobiks igale sihtr\u00fchmale.<\/p>\n<\/li>\n<li>\n<p data-path-to-node=\"9,3,0\"><b data-path-to-node=\"9,3,0\" data-index-in-node=\"0\">Professionaalne kvaliteet:<\/b> Sobib nii naturaalsetele kui ka kunstk\u00fc\u00fcntele, pakkudes efektiivset viilimist kvaliteetsete abrasiivsete materjalidega.<\/p>\n<\/li>\n<\/ul>","protected":false},"featured_media":6249,"comment_status":"closed","ping_status":"closed","template":"","meta":[],"product_brand":[],"product_cat":[132],"product_tag":[],"class_list":{"0":"post-6248","1":"product","2":"type-product","3":"status-publish","4":"has-post-thumbnail","6":"product_cat-hotel-spa-amenities","8":"first","9":"instock","10":"shipping-taxable","11":"product-type-simple"},"_links":{"self":[{"href":"https:\/\/wristbandfactory.eu\/et\/wp-json\/wp\/v2\/product\/6248","targetHints":{"allow":["GET"]}}],"collection":[{"href":"https:\/\/wristbandfactory.eu\/et\/wp-json\/wp\/v2\/product"}],"about":[{"href":"https:\/\/wristbandfactory.eu\/et\/wp-json\/wp\/v2\/types\/product"}],"replies":[{"embeddable":true,"href":"https:\/\/wristbandfactory.eu\/et\/wp-json\/wp\/v2\/comments?post=6248"}],"wp:featuredmedia":[{"embeddable":true,"href":"https:\/\/wristbandfactory.eu\/et\/wp-json\/wp\/v2\/media\/6249"}],"wp:attachment":[{"href":"https:\/\/wristbandfactory.eu\/et\/wp-json\/wp\/v2\/media?parent=6248"}],"wp:term":[{"taxonomy":"product_brand","embeddable":true,"href":"https:\/\/wristbandfactory.eu\/et\/wp-json\/wp\/v2\/product_brand?post=6248"},{"taxonomy":"product_cat","embeddable":true,"href":"https:\/\/wristbandfactory.eu\/et\/wp-json\/wp\/v2\/product_cat?post=6248"},{"taxonomy":"product_tag","embeddable":true,"href":"https:\/\/wristbandfactory.eu\/et\/wp-json\/wp\/v2\/product_tag?post=6248"}],"curies":[{"name":"t\u00f6\u00f6leht","href":"https:\/\/api.w.org\/{rel}","templated":true}]}}