{"id":6245,"date":"2025-12-20T18:56:31","date_gmt":"2025-12-20T15:56:31","guid":{"rendered":"https:\/\/wristbandfactory.eu\/?post_type=product&#038;p=6245"},"modified":"2025-12-29T12:14:01","modified_gmt":"2025-12-29T09:14:01","slug":"bio-based-reusable-coffee-cups","status":"publish","type":"product","link":"https:\/\/wristbandfactory.eu\/et\/p\/bio-based-reusable-coffee-cups\/","title":{"rendered":"Logoga korduvkasutatavad topsid (Bio-materjal)"},"content":{"rendered":"<p data-path-to-node=\"10\">Avaldage j\u00e4tkusuutlikkust meie toodetega <b data-path-to-node=\"10\" data-index-in-node=\"63\">Eridisainiga biop\u00f5hised korduvkasutatavad kohvitopsid<\/b>. See 200 ml anum, mis on loodud ideaalse keskkonnas\u00f5braliku alternatiivina \u00fchekordselt kasutatavatele pabertopsidele, \u00fchendab endas Saksa insenerit\u00f6\u00f6 taastuvate materjalidega. See on ideaalne reklaamtoode keskkonnateadlikele kontoritele, kohvikutele ja firma\u00fcritustele.<\/p>\n<p data-path-to-node=\"11\">Tass on valmistatud kvaliteetsest <b data-path-to-node=\"11\" data-index-in-node=\"37\">taastuvatest allikatest saadud biop\u00f5hised plastid<\/b>, tagades v\u00e4iksema s\u00fcsiniku jalaj\u00e4lje, ohverdamata vastupidavust. Selle praktilise disaini hulka kuulub turvaline kaas, mis hoiab joogid kauem kuumana, v\u00e4ltides samal ajal mahavalgumist t\u00f6\u00f6le s\u00f5ites.<\/p>\n<h2 data-path-to-node=\"12\">Peamised omadused<\/h2>\n<ul data-path-to-node=\"13\">\n<li>\n<p data-path-to-node=\"13,0,0\"><b data-path-to-node=\"13,0,0\" data-index-in-node=\"0\">Taastuv koostis:<\/b> Valmistatud biop\u00f5histest pol\u00fcmeeridest, pakkudes vastutustundlikku alternatiivi fossiilk\u00fctustel p\u00f5hinevatele plastidele.<\/p>\n<\/li>\n<li>\n<p data-path-to-node=\"13,1,0\"><b data-path-to-node=\"13,1,0\" data-index-in-node=\"0\">Kontoris\u00f5bralik:<\/b> Sobib ideaalselt tavaliste kohvimasinate tilade alla, muutes selle \u00fclimaks aksessuaariks laualt koosolekule.<\/p>\n<\/li>\n<li>\n<p data-path-to-node=\"13,2,0\"><b data-path-to-node=\"13,2,0\" data-index-in-node=\"0\">H\u00fcgieen ja ohutus:<\/b> T\u00e4iesti BPA-vaba ja toiduohutu. Materjal on vastupidav ja oma eluts\u00fckli l\u00f5pus t\u00e4ielikult taaskasutatav.<\/p>\n<\/li>\n<li>\n<p data-path-to-node=\"13,3,0\"><b data-path-to-node=\"13,3,0\" data-index-in-node=\"0\">Mitmek\u00fclgne br\u00e4nding:<\/b> Kohanda oma logo p\u00fcsivaks esilet\u00f5stmiseks siiditr\u00fckki, tampotr\u00fckki v\u00f5i esmaklassilist lasergraveeringut kasutades.<\/p>\n<\/li>\n<\/ul>\n<h2 data-path-to-node=\"14\">Spetsifikatsioonid<\/h2>\n<ul data-path-to-node=\"15\">\n<li>\n<p data-path-to-node=\"15,0,0\"><b data-path-to-node=\"15,0,0\" data-index-in-node=\"0\">Mahutavus:<\/b> 200 ml.<\/p>\n<\/li>\n<li>\n<p data-path-to-node=\"15,1,0\"><b data-path-to-node=\"15,1,0\" data-index-in-node=\"0\">Materjal:<\/b> Biop\u00f5hine plast (taastuvad allikad).<\/p>\n<\/li>\n<li>\n<p data-path-to-node=\"15,2,0\"><b data-path-to-node=\"15,2,0\" data-index-in-node=\"0\">P\u00e4ritolu:<\/b> Valmistatud Saksamaal.<\/p>\n<\/li>\n<li>\n<p data-path-to-node=\"15,3,0\"><b data-path-to-node=\"15,3,0\" data-index-in-node=\"0\">Omadused:<\/b> BPA-vaba, 100% taaskasutatav, n\u00f5udepesumasinas pestav.<\/p>\n<\/li>\n<li>\n<p data-path-to-node=\"15,4,0\"><b data-path-to-node=\"15,4,0\" data-index-in-node=\"0\">Kaas:<\/b> Komplektis (biop\u00f5hine, soojust s\u00e4ilitav).<\/p>\n<\/li>\n<li>\n<p data-path-to-node=\"15,5,0\"><b data-path-to-node=\"15,5,0\" data-index-in-node=\"0\">Br\u00e4ndingu valikud:<\/b> Siiditr\u00fckk, tampoontr\u00fckk, lasergraveerimine.<\/p>\n<\/li>\n<\/ul>\n<h2 data-path-to-node=\"16\">Kasutusjuhud<\/h2>\n<ul data-path-to-node=\"17\">\n<li>\n<p data-path-to-node=\"17,0,0\"><b data-path-to-node=\"17,0,0\" data-index-in-node=\"0\">Kontori j\u00e4tkusuutlikkus:<\/b> J\u00e4\u00e4tmete ja kulude v\u00e4hendamiseks vahetage kontori k\u00f6\u00f6gis \u00fchekordsed tassid v\u00e4lja.<\/p>\n<\/li>\n<li>\n<p data-path-to-node=\"17,1,0\"><b data-path-to-node=\"17,1,0\" data-index-in-node=\"0\">Ettev\u00f5tte kingitused:<\/b> Praktiline ja kvaliteetne kingitus t\u00f6\u00f6tajatele ja klientidele, mis on koosk\u00f5las ettev\u00f5tte sotsiaalse vastutuse eesm\u00e4rkidega.<\/p>\n<\/li>\n<li>\n<p data-path-to-node=\"17,2,0\"><b data-path-to-node=\"17,2,0\" data-index-in-node=\"0\">Kohvikud ja \u00fcritused:<\/b> Vastupidav serveerimislahendus konverentsidele ja s\u00f6\u00f6klatele, mis vajavad virnastatavaid ja pestavaid joogin\u00f5usid.<\/p>\n<\/li>\n<\/ul>","protected":false},"excerpt":{"rendered":"<ul>\n<li>\n<p data-path-to-node=\"9,0,0\"><b data-path-to-node=\"9,0,0\" data-index-in-node=\"0\">\u00d6koinnovatsioon:<\/b> Valmistatud Saksamaal taastuvatest biop\u00f5histest materjalidest, toetades rohelisemat eluviisi.<\/p>\n<\/li>\n<li>\n<p data-path-to-node=\"9,1,0\"><b data-path-to-node=\"9,1,0\" data-index-in-node=\"0\">Ideaalne kaasav\u00f5etav suurus:<\/b> 200 ml mahutavus sobib enamiku tavaliste kohvimasinate alla; ideaalne kontori- ja kodukasutuseks.<\/p>\n<\/li>\n<li>\n<p data-path-to-node=\"9,2,0\"><b data-path-to-node=\"9,2,0\" data-index-in-node=\"0\">Nutikas disain:<\/b> Soojust s\u00e4ilitava, lekkeid v\u00e4hendava biokaane ja virnastatava kujuga h\u00f5lpsaks hoiustamiseks.<\/p>\n<\/li>\n<li>\n<p data-path-to-node=\"9,3,0\"><b data-path-to-node=\"9,3,0\" data-index-in-node=\"0\">Ohutu ja vastupidav:<\/b> BPA-vaba, 100% taaskasutatav ja n\u00f5udepesumasinas pestav (tr\u00fckitud logode puhul on soovitatav k\u00e4sitsi pesemine).<\/p>\n<\/li>\n<\/ul>","protected":false},"featured_media":6246,"comment_status":"closed","ping_status":"closed","template":"","meta":[],"product_brand":[],"product_cat":[111],"product_tag":[],"class_list":{"0":"post-6245","1":"product","2":"type-product","3":"status-publish","4":"has-post-thumbnail","6":"product_cat-reusable-event-cups","8":"first","9":"instock","10":"shipping-taxable","11":"purchasable","12":"product-type-simple"},"_links":{"self":[{"href":"https:\/\/wristbandfactory.eu\/et\/wp-json\/wp\/v2\/product\/6245","targetHints":{"allow":["GET"]}}],"collection":[{"href":"https:\/\/wristbandfactory.eu\/et\/wp-json\/wp\/v2\/product"}],"about":[{"href":"https:\/\/wristbandfactory.eu\/et\/wp-json\/wp\/v2\/types\/product"}],"replies":[{"embeddable":true,"href":"https:\/\/wristbandfactory.eu\/et\/wp-json\/wp\/v2\/comments?post=6245"}],"wp:featuredmedia":[{"embeddable":true,"href":"https:\/\/wristbandfactory.eu\/et\/wp-json\/wp\/v2\/media\/6246"}],"wp:attachment":[{"href":"https:\/\/wristbandfactory.eu\/et\/wp-json\/wp\/v2\/media?parent=6245"}],"wp:term":[{"taxonomy":"product_brand","embeddable":true,"href":"https:\/\/wristbandfactory.eu\/et\/wp-json\/wp\/v2\/product_brand?post=6245"},{"taxonomy":"product_cat","embeddable":true,"href":"https:\/\/wristbandfactory.eu\/et\/wp-json\/wp\/v2\/product_cat?post=6245"},{"taxonomy":"product_tag","embeddable":true,"href":"https:\/\/wristbandfactory.eu\/et\/wp-json\/wp\/v2\/product_tag?post=6245"}],"curies":[{"name":"t\u00f6\u00f6leht","href":"https:\/\/api.w.org\/{rel}","templated":true}]}}