{"id":6242,"date":"2025-12-20T18:48:57","date_gmt":"2025-12-20T15:48:57","guid":{"rendered":"https:\/\/wristbandfactory.eu\/?post_type=product&#038;p=6242"},"modified":"2025-12-20T18:53:47","modified_gmt":"2025-12-20T15:53:47","slug":"custom-made-hooded-wearable-blankets-bespoke-design","status":"publish","type":"product","link":"https:\/\/wristbandfactory.eu\/et\/p\/custom-made-hooded-wearable-blankets-bespoke-design\/","title":{"rendered":"Eritellimusel kapuutsiga pleedid (Sinu disainiga)"},"content":{"rendered":"<p data-path-to-node=\"10\">Looge meie abil t\u00f5eliselt ainulaadne firmakingitus v\u00f5i jaem\u00fc\u00fcgitoode <b data-path-to-node=\"10\" data-index-in-node=\"89\">Eritellimusel valmistatud kapuutsiga tekid<\/b>. See teenus v\u00f5imaldab teil \u00fcletada standardsete laoartiklite piiranguid. Pakume t\u00e4ielikku <b data-path-to-node=\"10\" data-index-in-node=\"226\">\u201cL\u00f5ika ja \u00f5mble\u201d tootmislahendus<\/b>, andes teile t\u00e4ieliku kontrolli l\u00f5pptoote v\u00e4limuse, tunde ja omaduste \u00fcle.<\/p>\n<p data-path-to-node=\"11\">Olenemata sellest, kas soovite talvekampaania jaoks hiiglaslikku \u00fclisuurt kapuutsiga dressipluusi, suvefestivalidele kerget pont\u0161ot v\u00f5i luksuslikku \u0161erpadega voodriga tekki VIP-kingitusteks, valmistame selle teie spetsifikatsioonide j\u00e4rgi. Teie disain tr\u00fckitakse enne l\u00f5ikamist kangarullidele, tagades sujuva tulemuse. <b data-path-to-node=\"11\" data-index-in-node=\"274\">360-kraadine br\u00e4ndikogemus<\/b> ilma tr\u00fckkimata veeristeta.<\/p>\n<h2 data-path-to-node=\"12\">Peamised omadused<\/h2>\n<ul data-path-to-node=\"13\">\n<li>\n<p data-path-to-node=\"13,0,0\"><b data-path-to-node=\"13,0,0\" data-index-in-node=\"0\">Piiramatu disainivabadus:<\/b> Meie t\u00e4ispinna sublimatsioonitr\u00fckk t\u00e4hendab, et teie kunstiteos katab kanga iga sentimeetri. Ideaalne keerukate mustrite, br\u00e4ndi maskottide v\u00f5i fotodisainide jaoks.<\/p>\n<\/li>\n<li>\n<p data-path-to-node=\"13,1,0\"><b data-path-to-node=\"13,1,0\" data-index-in-node=\"0\">Materjali valik:<\/b><\/p>\n<ul data-path-to-node=\"13,1,1\">\n<li>\n<p data-path-to-node=\"13,1,1,0,0\"><i data-path-to-node=\"13,1,1,0,0\" data-index-in-node=\"0\">V\u00e4limine kiht:<\/i> Sile flanellfliis (ideaalne tr\u00fckkimiseks) v\u00f5i veluur.<\/p>\n<\/li>\n<li>\n<p data-path-to-node=\"13,1,1,1,0\"><i data-path-to-node=\"13,1,1,1,0\" data-index-in-node=\"0\">Sisemine vooder:<\/i> Paks valge \u0161erpa (klassikaline soojus), hall \u0161erpa v\u00f5i mikrofliis (kergem).<\/p>\n<\/li>\n<li>\n<p data-path-to-node=\"13,1,1,2,0\"><i data-path-to-node=\"13,1,1,2,0\" data-index-in-node=\"0\">\u00d6ko-valik:<\/i> Saadaval soovi korral ka 100% GRS sertifitseeritud taaskasutatud pol\u00fcestrist.<\/p>\n<\/li>\n<\/ul>\n<\/li>\n<li>\n<p data-path-to-node=\"13,2,0\"><b data-path-to-node=\"13,2,0\" data-index-in-node=\"0\">Eridisainiga suurus:<\/b> Saame toota laste, t\u00e4iskasvanute standard- ja t\u00e4iskasvanute \u00fclisuurtes (hiiglaslikes) m\u00f5\u00f5tmetes.<\/p>\n<\/li>\n<li>\n<p data-path-to-node=\"13,3,0\"><b data-path-to-node=\"13,3,0\" data-index-in-node=\"0\">Private Label valmis:<\/b> Saame \u00f5mmelda teie enda kaubam\u00e4rgiga kaelasilte, hooldussilte ja isegi lukut\u00f5mmiseid v\u00f5i n\u00f6\u00f6pe.<\/p>\n<\/li>\n<\/ul>\n<h2 data-path-to-node=\"14\">Spetsifikatsioonid<\/h2>\n<ul data-path-to-node=\"15\">\n<li>\n<p data-path-to-node=\"15,0,0\"><b data-path-to-node=\"15,0,0\" data-index-in-node=\"0\">Tootmist\u00fc\u00fcp:<\/b> Valmistatud tellimuse peale (OEM\/ODM).<\/p>\n<\/li>\n<li>\n<p data-path-to-node=\"15,1,0\"><b data-path-to-node=\"15,1,0\" data-index-in-node=\"0\">Standardkanga kaal:<\/b> 200 g\/m\u00b2 flanell + 230 g\/m\u00b2 \u0161erpa (kohandatav).<\/p>\n<\/li>\n<li>\n<p data-path-to-node=\"15,2,0\"><b data-path-to-node=\"15,2,0\" data-index-in-node=\"0\">Printimismeetod:<\/b> T\u00e4isv\u00e4rviline sublimatsioon (CMYK).<\/p>\n<\/li>\n<li>\n<p data-path-to-node=\"15,3,0\"><b data-path-to-node=\"15,3,0\" data-index-in-node=\"0\">Standardsuurus:<\/b> 100 x 80 cm (kantava kapuutsiga dressipluusi stiilis) \u2013 <i data-path-to-node=\"15,3,0\" data-index-in-node=\"53\">Saadaval on eritellimusel suurused.<\/i><\/p>\n<\/li>\n<li>\n<p data-path-to-node=\"15,4,0\"><b data-path-to-node=\"15,4,0\" data-index-in-node=\"0\">Omadused:<\/b> Kapuuts, k\u00e4nguru tasku, elastsed k\u00e4tised.<\/p>\n<\/li>\n<li>\n<p data-path-to-node=\"15,5,0\"><b data-path-to-node=\"15,5,0\" data-index-in-node=\"0\">Pakend:<\/b> Vaakumpakendatud t\u00f5husaks saatmiseks v\u00f5i eridisainiga kinkekarpidesse.<\/p>\n<\/li>\n<\/ul>","protected":false},"excerpt":{"rendered":"<ul>\n<li>\n<p data-path-to-node=\"9,0,0\"><b data-path-to-node=\"9,0,0\" data-index-in-node=\"0\">100% T\u00e4ielikult kohandatav:<\/b> Erinevalt laos olevatest toodetest on see toode valmistatud nullist, mis v\u00f5imaldab servast servani tr\u00fckkimist ja eridisainiga Pantone&#039;i v\u00e4rvide sobitamist.<\/p>\n<\/li>\n<li>\n<p data-path-to-node=\"9,1,0\"><b data-path-to-node=\"9,1,0\" data-index-in-node=\"0\">Premium-materjalide valikud:<\/b> Vali koheva \u0161erpa voodri, pehme mikrofliisi v\u00f5i keskkonnas\u00f5braliku GRS taaskasutatud pol\u00fcestri kombinatsiooni vahel.<\/p>\n<\/li>\n<li>\n<p data-path-to-node=\"9,2,0\"><b data-path-to-node=\"9,2,0\" data-index-in-node=\"0\">\u00dcle\u00fcldine br\u00e4nding:<\/b> Kasutage kogu teki pinda \u2013 esiosa, tagaosa, kapuutsi ja varrukaid \u2013 erksa ja fotorealistliku sublimatsioonitr\u00fcki jaoks.<\/p>\n<\/li>\n<li>\n<p data-path-to-node=\"9,3,0\"><b data-path-to-node=\"9,3,0\" data-index-in-node=\"0\">Eridisainiga funktsioonid:<\/b> Kohanda detaile, n\u00e4iteks tasku kuju, manseti v\u00e4rve ja lisa privaatseid silte v\u00f5i tikitud embleeme.<\/p>\n<\/li>\n<\/ul>","protected":false},"featured_media":6244,"comment_status":"closed","ping_status":"closed","template":"","meta":[],"product_brand":[],"product_cat":[129],"product_tag":[],"class_list":{"0":"post-6242","1":"product","2":"type-product","3":"status-publish","4":"has-post-thumbnail","6":"product_cat-leisure-lifestyle","8":"first","9":"instock","10":"shipping-taxable","11":"product-type-simple"},"_links":{"self":[{"href":"https:\/\/wristbandfactory.eu\/et\/wp-json\/wp\/v2\/product\/6242","targetHints":{"allow":["GET"]}}],"collection":[{"href":"https:\/\/wristbandfactory.eu\/et\/wp-json\/wp\/v2\/product"}],"about":[{"href":"https:\/\/wristbandfactory.eu\/et\/wp-json\/wp\/v2\/types\/product"}],"replies":[{"embeddable":true,"href":"https:\/\/wristbandfactory.eu\/et\/wp-json\/wp\/v2\/comments?post=6242"}],"wp:featuredmedia":[{"embeddable":true,"href":"https:\/\/wristbandfactory.eu\/et\/wp-json\/wp\/v2\/media\/6244"}],"wp:attachment":[{"href":"https:\/\/wristbandfactory.eu\/et\/wp-json\/wp\/v2\/media?parent=6242"}],"wp:term":[{"taxonomy":"product_brand","embeddable":true,"href":"https:\/\/wristbandfactory.eu\/et\/wp-json\/wp\/v2\/product_brand?post=6242"},{"taxonomy":"product_cat","embeddable":true,"href":"https:\/\/wristbandfactory.eu\/et\/wp-json\/wp\/v2\/product_cat?post=6242"},{"taxonomy":"product_tag","embeddable":true,"href":"https:\/\/wristbandfactory.eu\/et\/wp-json\/wp\/v2\/product_tag?post=6242"}],"curies":[{"name":"t\u00f6\u00f6leht","href":"https:\/\/api.w.org\/{rel}","templated":true}]}}