{"id":6239,"date":"2025-12-20T18:40:33","date_gmt":"2025-12-20T15:40:33","guid":{"rendered":"https:\/\/wristbandfactory.eu\/?post_type=product&#038;p=6239"},"modified":"2025-12-20T18:40:33","modified_gmt":"2025-12-20T15:40:33","slug":"custom-laser-engraved-portable-ashtrays-zinc-alloy-with-carabiner","status":"publish","type":"product","link":"https:\/\/wristbandfactory.eu\/et\/p\/custom-laser-engraved-portable-ashtrays-zinc-alloy-with-carabiner\/","title":{"rendered":"Logoga kaasaskantavad tuhatoosid (Tsingisulam)"},"content":{"rendered":"<p data-path-to-node=\"10\">\u00dchendage stiil, funktsionaalsus ja keskkonnateadlikkus meie toodetega <b data-path-to-node=\"10\" data-index-in-node=\"97\">Eridisainiga lasergraveeritud kaasaskantavad tuhatoosid<\/b>. See moodsale professionaalile loodud aksessuaar pakub diskreetset ja elegantset viisi tuha ja sigaretikontide haldamiseks liikvel olles. Olgu see siis \u00e4rijuhile, \u00f5ues\u00f5brale v\u00f5i l\u00e4bim\u00f5eldud firmakingitus \u2013 see tsingisulamist tuhatoos on kvaliteedi m\u00e4rk.<\/p>\n<p data-path-to-node=\"11\">Elegantne <b data-path-to-node=\"11\" data-index-in-node=\"10\">Tsingisulami konstruktsioon<\/b> See ei paku mitte ainult moodsat, l\u00e4ikivat h\u00f5bedast esteetikat, vaid tagab ka vastupidavuse. See on rooste- ja kulumiskindel, s\u00e4ilitades oma poleeritud v\u00e4limuse aja jooksul. Kompaktsel ristk\u00fclikukujulisel disainil on turvaline sulgemismehhanism, mis p\u00fc\u00fcab l\u00f5hnad ja tuha sisse, muutes selle taskus v\u00f5i kotis kandmise ohutuks.<\/p>\n<h2 data-path-to-node=\"12\">Peamised omadused<\/h2>\n<ul data-path-to-node=\"13\">\n<li>\n<p data-path-to-node=\"13,0,0\"><b data-path-to-node=\"13,0,0\" data-index-in-node=\"0\">Ehitatud kestma:<\/b> Tsinkisulam on oluliselt vastupidavam kui plast- v\u00f5i alumiiniumalternatiivid, andes tootele rahuldava kaalu ja esmaklassilise tunde.<\/p>\n<\/li>\n<li>\n<p data-path-to-node=\"13,1,0\"><b data-path-to-node=\"13,1,0\" data-index-in-node=\"0\">Laseri t\u00e4psus:<\/b> Me s\u00f6\u00f6vitame teie logo metallpinnale lasergraveerimise abil. See tehnika loob selge ja p\u00fcsiva j\u00e4lje, mis ei kulu maha nagu tr\u00fckitud tint.<\/p>\n<\/li>\n<li>\n<p data-path-to-node=\"13,2,0\"><b data-path-to-node=\"13,2,0\" data-index-in-node=\"0\">Kaasaskantav mugavus:<\/b> Varustatud karabiiniga (konksuga), mis v\u00f5imaldab kasutajatel selle h\u00f5lpsaks ligip\u00e4\u00e4suks v\u00f6\u00f6aasade, seljakottide v\u00f5i v\u00f5tmehoidjate k\u00fclge kinnitada.<\/p>\n<\/li>\n<li>\n<p data-path-to-node=\"13,3,0\"><b data-path-to-node=\"13,3,0\" data-index-in-node=\"0\">H\u00fcgieen ja ohutus:<\/b> Tihedalt sulguv kaas hoiab \u00e4ra tuha v\u00e4ljavalgumise ja sisaldab l\u00f5hnu, hoides taskud ja kotid puhtana.<\/p>\n<\/li>\n<\/ul>\n<h2 data-path-to-node=\"14\">Spetsifikatsioonid<\/h2>\n<ul data-path-to-node=\"15\">\n<li>\n<p data-path-to-node=\"15,0,0\"><b data-path-to-node=\"15,0,0\" data-index-in-node=\"0\">Materjal:<\/b> Kvaliteetne tsingisulam.<\/p>\n<\/li>\n<li>\n<p data-path-to-node=\"15,1,0\"><b data-path-to-node=\"15,1,0\" data-index-in-node=\"0\">Viimistlus:<\/b> L\u00e4ikiv h\u00f5bedane \/ poleeritud.<\/p>\n<\/li>\n<li>\n<p data-path-to-node=\"15,2,0\"><b data-path-to-node=\"15,2,0\" data-index-in-node=\"0\">M\u00f5\u00f5tmed:<\/b> 85 \u00d7 32 \u00d7 17 mm.<\/p>\n<\/li>\n<li>\n<p data-path-to-node=\"15,3,0\"><b data-path-to-node=\"15,3,0\" data-index-in-node=\"0\">Br\u00e4ndingu meetod:<\/b> Lasergraveerimine (\u00fcks k\u00fclg).<\/p>\n<\/li>\n<li>\n<p data-path-to-node=\"15,4,0\"><b data-path-to-node=\"15,4,0\" data-index-in-node=\"0\">Pakend:<\/b> Tarnitakse kaitsvas kotis, kinkimiseks valmis.<\/p>\n<\/li>\n<li>\n<p data-path-to-node=\"15,5,0\"><b data-path-to-node=\"15,5,0\" data-index-in-node=\"0\">Omadused:<\/b> Integreeritud karabiiniklamber.<\/p>\n<\/li>\n<\/ul>\n<h2 data-path-to-node=\"16\">Kasutusjuhud<\/h2>\n<ul data-path-to-node=\"17\">\n<li>\n<p data-path-to-node=\"17,0,0\"><b data-path-to-node=\"17,0,0\" data-index-in-node=\"0\">Ettev\u00f5tte kingitused:<\/b> Elegantne kingitus klientidele ja partneritele, kes hindavad praktilisi ja luksuslikke aksessuaare.<\/p>\n<\/li>\n<li>\n<p data-path-to-node=\"17,1,0\"><b data-path-to-node=\"17,1,0\" data-index-in-node=\"0\">V\u00e4li\u00fcritused:<\/b> H\u00e4davajalik festivalide, golfiturniiride ja vaba\u00f5hu\u00fcrituste jaoks, et hoida territoorium pr\u00fcgivaba.<\/p>\n<\/li>\n<li>\n<p data-path-to-node=\"17,2,0\"><b data-path-to-node=\"17,2,0\" data-index-in-node=\"0\">K\u00fclalislahkus:<\/b> Pakkuge hotellik\u00fclalistele v\u00f5i restorani klientidele suitsetamisaladel kaubam\u00e4rgiga kaasaskantavaid tuhatoose.<\/p>\n<\/li>\n<\/ul>\n<p data-path-to-node=\"18\">","protected":false},"excerpt":{"rendered":"<ul>\n<li>\n<p data-path-to-node=\"9,0,0\"><b data-path-to-node=\"9,0,0\" data-index-in-node=\"0\">Kvaliteetne materjal:<\/b> Valmistatud kvaliteetsest tsingisulamitest l\u00e4ikiva h\u00f5bedase viimistlusega, mis pakub rooste- ja kulumiskindlust.<\/p>\n<\/li>\n<li>\n<p data-path-to-node=\"9,1,0\"><b data-path-to-node=\"9,1,0\" data-index-in-node=\"0\">Kompaktne ja kaasaskantav:<\/b> M\u00f5\u00f5tmetega 85 \u00d7 32 \u00d7 17 mm mahub see kergesti taskutesse v\u00f5i kottidesse v\u00f5i kinnitatakse karabiiniga varustuse k\u00fclge.<\/p>\n<\/li>\n<li>\n<p data-path-to-node=\"9,2,0\"><b data-path-to-node=\"9,2,0\" data-index-in-node=\"0\">Keerukas br\u00e4nding:<\/b> Teie logo graveeritakse k\u00fcljele laseriga, et anda p\u00fcsiv, peen ja professionaalne v\u00e4limus.<\/p>\n<\/li>\n<li>\n<p data-path-to-node=\"9,3,0\"><b data-path-to-node=\"9,3,0\" data-index-in-node=\"0\">Keskkonnas\u00f5bralik lahendus:<\/b> Soodustab sigaretij\u00e4\u00e4tmete vastutustundlikku utiliseerimist, sobib ideaalselt v\u00e4li\u00fcritusteks ja rohelisteks algatusteks.<\/p>\n<\/li>\n<\/ul>","protected":false},"featured_media":6240,"comment_status":"closed","ping_status":"closed","template":"","meta":[],"product_brand":[],"product_cat":[68,121],"product_tag":[],"class_list":{"0":"post-6239","1":"product","2":"type-product","3":"status-publish","4":"has-post-thumbnail","6":"product_cat-event-supplies","7":"product_cat-promotional-merchandise","9":"first","10":"instock","11":"shipping-taxable","12":"purchasable","13":"product-type-simple"},"_links":{"self":[{"href":"https:\/\/wristbandfactory.eu\/et\/wp-json\/wp\/v2\/product\/6239","targetHints":{"allow":["GET"]}}],"collection":[{"href":"https:\/\/wristbandfactory.eu\/et\/wp-json\/wp\/v2\/product"}],"about":[{"href":"https:\/\/wristbandfactory.eu\/et\/wp-json\/wp\/v2\/types\/product"}],"replies":[{"embeddable":true,"href":"https:\/\/wristbandfactory.eu\/et\/wp-json\/wp\/v2\/comments?post=6239"}],"wp:featuredmedia":[{"embeddable":true,"href":"https:\/\/wristbandfactory.eu\/et\/wp-json\/wp\/v2\/media\/6240"}],"wp:attachment":[{"href":"https:\/\/wristbandfactory.eu\/et\/wp-json\/wp\/v2\/media?parent=6239"}],"wp:term":[{"taxonomy":"product_brand","embeddable":true,"href":"https:\/\/wristbandfactory.eu\/et\/wp-json\/wp\/v2\/product_brand?post=6239"},{"taxonomy":"product_cat","embeddable":true,"href":"https:\/\/wristbandfactory.eu\/et\/wp-json\/wp\/v2\/product_cat?post=6239"},{"taxonomy":"product_tag","embeddable":true,"href":"https:\/\/wristbandfactory.eu\/et\/wp-json\/wp\/v2\/product_tag?post=6239"}],"curies":[{"name":"t\u00f6\u00f6leht","href":"https:\/\/api.w.org\/{rel}","templated":true}]}}