{"id":6237,"date":"2025-12-20T18:34:37","date_gmt":"2025-12-20T15:34:37","guid":{"rendered":"https:\/\/wristbandfactory.eu\/?post_type=product&#038;p=6237"},"modified":"2025-12-20T18:34:37","modified_gmt":"2025-12-20T15:34:37","slug":"velvet-presentation-boxes-for-badges-jewelry-custom-printable","status":"publish","type":"product","link":"https:\/\/wristbandfactory.eu\/et\/p\/velvet-presentation-boxes-for-badges-jewelry-custom-printable\/","title":{"rendered":"Sametist karbid rinnam\u00e4rkidele ja ehetele"},"content":{"rendered":"<p data-path-to-node=\"10\">Muutke lihtne reklaamtoode hinnaliseks m\u00e4lestusesemeks meie abil <b data-path-to-node=\"10\" data-index-in-node=\"96\">Sametist esitluskarbid<\/b>. Need karbid on loodud jaem\u00fc\u00fcjatele, juveelipoodidele ja firma\u00fcrituste korraldajatele ning pakuvad m\u00e4rkide, rinnan\u00f5elte ja v\u00e4ikeste aksessuaaride jaoks \u00fclimat kaitset ja esitlust.<\/p>\n<p data-path-to-node=\"11\">Erinevalt tavalistest plast- v\u00f5i paberpakenditest annab sameti rikkalik tekstuur koheselt edasi luksust ja prestii\u017ei. Olenemata sellest, kas annate \u00fcle teenistusauhinda, m\u00fc\u00fcte luksuslikke mansetin\u00f6\u00f6pe v\u00f5i jagate m\u00e4lestusn\u00f5elu, tagab meie suuruste ja v\u00e4rvide valik ideaalse sobivuse teie konkreetsele esemele.<\/p>\n<h2 data-path-to-node=\"12\">Peamised omadused<\/h2>\n<ul data-path-to-node=\"13\">\n<li>\n<p data-path-to-node=\"13,0,0\"><b data-path-to-node=\"13,0,0\" data-index-in-node=\"0\">Luksuslik esteetika:<\/b> Klassikaline sametine v\u00e4lispind (saadaval punases, sinises, rohelises, mustas ja burgundipunases v\u00e4rvitoonis) asendab \u00fchekordselt kasutatava pakendi korduvkasutatava, v\u00e4ljapanekuks sobiva \u00fcmbrisega.<\/p>\n<\/li>\n<li>\n<p data-path-to-node=\"13,1,0\"><b data-path-to-node=\"13,1,0\" data-index-in-node=\"0\">Eridisainiga kaitse:<\/b> Igal karbit\u00fc\u00fcbil on kindlate esemete jaoks m\u00f5eldud siset\u00fckk \u2013 alates <b data-path-to-node=\"13,1,0\" data-index-in-node=\"87\">augustamispadjad<\/b> k\u00f5rvar\u00f5ngaste ja n\u00f6\u00f6pn\u00f5elte jaoks <b data-path-to-node=\"13,1,0\" data-index-in-node=\"131\">kuldsed konksud<\/b> medalite riputamiseks.<\/p>\n<\/li>\n<li>\n<p data-path-to-node=\"13,2,0\"><b data-path-to-node=\"13,2,0\" data-index-in-node=\"0\">Valmis jaem\u00fc\u00fcgiks ja \u00fcritusteks:<\/b> Ideaalne ehete v\u00e4ljapanekuks v\u00f5i ametlike auhindade jagamiseks tseremooniatel.<\/p>\n<\/li>\n<li>\n<p data-path-to-node=\"13,3,0\"><b data-path-to-node=\"13,3,0\" data-index-in-node=\"0\">Kohandamine:<\/b> Saame valitud mudelite kaantele kanda eridisainiga tr\u00fckiseid, muutes pakendi br\u00e4nditud turundusvahendiks.<\/p>\n<\/li>\n<\/ul>\n<h2 data-path-to-node=\"14\">Spetsifikatsioonid<\/h2>\n<table data-path-to-node=\"15\">\n<thead>\n<tr>\n<td><strong>Mudeli t\u00fc\u00fcp<\/strong><\/td>\n<td><strong>M\u00f5\u00f5tmed<\/strong><\/td>\n<td><strong>Saadaval olevad v\u00e4rvid<\/strong><\/td>\n<td><strong>Sisevooder<\/strong><\/td>\n<\/tr>\n<\/thead>\n<tbody>\n<tr>\n<td><span data-path-to-node=\"15,1,0,0\"><b data-path-to-node=\"15,1,0,0\" data-index-in-node=\"0\">Standardne m\u00e4rgikarp<\/b><\/span><\/td>\n<td><span data-path-to-node=\"15,1,1,0\">54 \u00d7 57 \u00d7 34 mm<\/span><\/td>\n<td><span data-path-to-node=\"15,1,2,0\">Punane, tumesinine, roheline, must<\/span><\/td>\n<td><span data-path-to-node=\"15,1,3,0\">Sametist padi + kuldne konks<\/span><\/td>\n<\/tr>\n<tr>\n<td><span data-path-to-node=\"15,2,0,0\"><b data-path-to-node=\"15,2,0,0\" data-index-in-node=\"0\">V\u00e4ike m\u00e4rgikarp<\/b><\/span><\/td>\n<td><span data-path-to-node=\"15,2,1,0\">45 \u00d7 51 \u00d7 24 mm<\/span><\/td>\n<td><span data-path-to-node=\"15,2,2,0\">Punane, tumesinine<\/span><\/td>\n<td><span data-path-to-node=\"15,2,3,0\">Papist augustamispadi<\/span><\/td>\n<\/tr>\n<tr>\n<td><span data-path-to-node=\"15,3,0,0\"><b data-path-to-node=\"15,3,0,0\" data-index-in-node=\"0\">Keskmise suurusega m\u00e4rgikarp<\/b><\/span><\/td>\n<td><span data-path-to-node=\"15,3,1,0\">60 \u00d7 75 \u00d7 31 mm<\/span><\/td>\n<td><span data-path-to-node=\"15,3,2,0\">Punane, roheline, tumesinine, Burgundia<\/span><\/td>\n<td><span data-path-to-node=\"15,3,3,0\">Sametist augustamispadi<\/span><\/td>\n<\/tr>\n<tr>\n<td><span data-path-to-node=\"15,4,0,0\"><b data-path-to-node=\"15,4,0,0\" data-index-in-node=\"0\">\u00dcmmargune ehtekarp<\/b><\/span><\/td>\n<td><span data-path-to-node=\"15,4,1,0\">57 \u00d7 51 \u00d7 39 mm<\/span><\/td>\n<td><span data-path-to-node=\"15,4,2,0\">Punane, tumesinine, roheline, must<\/span><\/td>\n<td><span data-path-to-node=\"15,4,3,0\">Sametist padi piluga<\/span><\/td>\n<\/tr>\n<tr>\n<td><span data-path-to-node=\"15,5,0,0\"><b data-path-to-node=\"15,5,0,0\" data-index-in-node=\"0\">Lipsuklambri karp<\/b><\/span><\/td>\n<td><span data-path-to-node=\"15,5,1,0\">89 \u00d7 41 \u00d7 29 mm<\/span><\/td>\n<td><span data-path-to-node=\"15,5,2,0\">Punane, roheline, tumesinine<\/span><\/td>\n<td><span data-path-to-node=\"15,5,3,0\">Sametist padi piluga<\/span><\/td>\n<\/tr>\n<tr>\n<td><span data-path-to-node=\"15,6,0,0\"><b data-path-to-node=\"15,6,0,0\" data-index-in-node=\"0\">L\u00e4bipaistev kaanega karp<\/b><\/span><\/td>\n<td><span data-path-to-node=\"15,6,1,0\">74 \u00d7 50 \u00d7 38 mm<\/span><\/td>\n<td><span data-path-to-node=\"15,6,2,0\">Punane<\/span><\/td>\n<td><span data-path-to-node=\"15,6,3,0\">Sametist padi piluga<\/span><\/td>\n<\/tr>\n<\/tbody>\n<\/table>\n<h2 data-path-to-node=\"16\">Kasutusjuhud<\/h2>\n<ul data-path-to-node=\"17\">\n<li>\n<p data-path-to-node=\"17,0,0\"><b data-path-to-node=\"17,0,0\" data-index-in-node=\"0\">Ettev\u00f5tte auhinnad:<\/b> T\u00f6\u00f6tajatele \u201cTeenistusaastate\u201d n\u00f6\u00f6pn\u00f5elte v\u00f5i teenetem\u00e4rkide andmise standard.<\/p>\n<\/li>\n<li>\n<p data-path-to-node=\"17,1,0\"><b data-path-to-node=\"17,1,0\" data-index-in-node=\"0\">Ehete jaem\u00fc\u00fck:<\/b> t\u00e4iusta s\u00f5rmuste, k\u00f5rvar\u00f5ngaste ja lipsuklambrite karbist lahtiv\u00f5tmise kogemust.<\/p>\n<\/li>\n<li>\n<p data-path-to-node=\"17,2,0\"><b data-path-to-node=\"17,2,0\" data-index-in-node=\"0\">S\u00f5jav\u00e4gi ja valitsus:<\/b> Ametlike s\u00fcmboolika ja medalite ametlikud esitluskarbid.<\/p>\n<\/li>\n<\/ul>","protected":false},"excerpt":{"rendered":"<ul>\n<li>\n<p data-path-to-node=\"9,0,0\"><b data-path-to-node=\"9,0,0\" data-index-in-node=\"0\">Esmaklassiline sametviimistlus:<\/b> Pehme puudutusega v\u00e4lispind, mis t\u00f5stab iga auhinna, rinnam\u00e4rgi v\u00f5i ehte tajutavat v\u00e4\u00e4rtust.<\/p>\n<\/li>\n<li>\n<p data-path-to-node=\"9,1,0\"><b data-path-to-node=\"9,1,0\" data-index-in-node=\"0\">Turvalised lisad:<\/b> Sisaldab spetsiaalseid voodreid, sh n\u00f6\u00f6pn\u00f5elte augustamispadjad ja medalite kuldsed konksud.<\/p>\n<\/li>\n<li>\n<p data-path-to-node=\"9,2,0\"><b data-path-to-node=\"9,2,0\" data-index-in-node=\"0\">Mitmek\u00fclgne valik:<\/b> Rinnakleebiste, lipsuklambrite, mansetin\u00f6\u00f6pide ja s\u00f5rmuste jaoks on saadaval spetsiaalsed mudelid.<\/p>\n<\/li>\n<li>\n<p data-path-to-node=\"9,3,0\"><b data-path-to-node=\"9,3,0\" data-index-in-node=\"0\">Eridisainiga br\u00e4nding:<\/b> Valitud mudelitel on v\u00f5imalus oma logo otse kaanele printida, et luua terviklik ettev\u00f5tte identiteet.<\/p>\n<\/li>\n<\/ul>","protected":false},"featured_media":6238,"comment_status":"closed","ping_status":"closed","template":"","meta":[],"product_brand":[],"product_cat":[79,121],"product_tag":[],"class_list":{"0":"post-6237","1":"product","2":"type-product","3":"status-publish","4":"has-post-thumbnail","6":"product_cat-awards","7":"product_cat-promotional-merchandise","9":"first","10":"instock","11":"shipping-taxable","12":"purchasable","13":"product-type-simple"},"_links":{"self":[{"href":"https:\/\/wristbandfactory.eu\/et\/wp-json\/wp\/v2\/product\/6237","targetHints":{"allow":["GET"]}}],"collection":[{"href":"https:\/\/wristbandfactory.eu\/et\/wp-json\/wp\/v2\/product"}],"about":[{"href":"https:\/\/wristbandfactory.eu\/et\/wp-json\/wp\/v2\/types\/product"}],"replies":[{"embeddable":true,"href":"https:\/\/wristbandfactory.eu\/et\/wp-json\/wp\/v2\/comments?post=6237"}],"wp:featuredmedia":[{"embeddable":true,"href":"https:\/\/wristbandfactory.eu\/et\/wp-json\/wp\/v2\/media\/6238"}],"wp:attachment":[{"href":"https:\/\/wristbandfactory.eu\/et\/wp-json\/wp\/v2\/media?parent=6237"}],"wp:term":[{"taxonomy":"product_brand","embeddable":true,"href":"https:\/\/wristbandfactory.eu\/et\/wp-json\/wp\/v2\/product_brand?post=6237"},{"taxonomy":"product_cat","embeddable":true,"href":"https:\/\/wristbandfactory.eu\/et\/wp-json\/wp\/v2\/product_cat?post=6237"},{"taxonomy":"product_tag","embeddable":true,"href":"https:\/\/wristbandfactory.eu\/et\/wp-json\/wp\/v2\/product_tag?post=6237"}],"curies":[{"name":"t\u00f6\u00f6leht","href":"https:\/\/api.w.org\/{rel}","templated":true}]}}