{"id":6234,"date":"2025-12-20T18:28:29","date_gmt":"2025-12-20T15:28:29","guid":{"rendered":"https:\/\/wristbandfactory.eu\/?post_type=product&#038;p=6234"},"modified":"2025-12-29T12:16:39","modified_gmt":"2025-12-29T09:16:39","slug":"custom-3d-printed-cookie-cutters-gingerbread-molds-logo-shape","status":"publish","type":"product","link":"https:\/\/wristbandfactory.eu\/et\/p\/custom-3d-printed-cookie-cutters-gingerbread-molds-logo-shape\/","title":{"rendered":"Logoga piparkoogivormid (3D-prinditud)"},"content":{"rendered":"<p data-path-to-node=\"10\">Tooge oma br\u00e4ndi maitse iga kliendi k\u00f6\u00f6ki meie abil <b data-path-to-node=\"10\" data-index-in-node=\"88\">Eridisainiga 3D-prinditud k\u00fcpsisevormid<\/b>. Olgu selleks siis j\u00f5ulupiparkoogid, k\u00fcpsised v\u00f5i suhkruk\u00fcpsised \u2013 need eritellimusel valmistatud vormid muudavad k\u00fcpsetamise br\u00e4ndikogemuseks. Erinevalt tavalistest metalll\u00f5ikuritest v\u00f5imaldab meie 3D-printimistehnoloogia luua <b data-path-to-node=\"10\" data-index-in-node=\"332\">mis tahes kujundlik<\/b>\u2013 alates teie ettev\u00f5tte t\u00e4psest logost kuni konkreetse toote siluetini.<\/p>\n<p data-path-to-node=\"11\">Need l\u00f5ikurid on valmistatud k\u00f5rglahutusega 3D-printimise tehnoloogia abil ning on vastupidavad ja t\u00e4psed. P\u00f6\u00f6rame erilist t\u00e4helepanu l\u00f5ikeservale, tagades, et see oleks piisavalt terav, et tainast puhtalt l\u00f5igata, s\u00e4ilitades samal ajal \u00fclemise serva ohutu ja mugava haarde. Saadaval pidulikes v\u00e4rvides nagu punane, roheline ja sinine, et need sobiksid p\u00fchademeeleolu v\u00f5i teie ettev\u00f5tte identiteediga.<\/p>\n<h2 data-path-to-node=\"12\">Peamised omadused<\/h2>\n<ul data-path-to-node=\"13\">\n<li>\n<p data-path-to-node=\"13,0,0\"><b data-path-to-node=\"13,0,0\" data-index-in-node=\"0\">Br\u00e4ndile truu disain:<\/b> Siin pole mingeid \u201cstandardseid kujusid\u201d. Iga l\u00f5ikur modelleeritakse spetsiaalselt teie logo v\u00f5i kampaania teema j\u00e4rgi.<\/p>\n<\/li>\n<li>\n<p data-path-to-node=\"13,1,0\"><b data-path-to-node=\"13,1,0\" data-index-in-node=\"0\">Biop\u00f5hine materjal:<\/b> Valmistatud <b data-path-to-node=\"13,1,0\" data-index-in-node=\"30\">Toiduohutu PLA<\/b> (Pol\u00fcpiimhape), maisit\u00e4rklisest v\u00f5i suhkruroost saadud bioplastik, mis teeb sellest keskkonnas\u00f5braliku valiku.<\/p>\n<\/li>\n<li>\n<p data-path-to-node=\"13,2,0\"><b data-path-to-node=\"13,2,0\" data-index-in-node=\"0\">Optimeeritud geomeetria:<\/b> Tugevdatud \u00e4\u00e4r vastupidavuse tagamiseks ja kooniline l\u00f5ikeserv taigna h\u00f5lpsaks vabastamiseks.<\/p>\n<\/li>\n<li>\n<p data-path-to-node=\"13,3,0\"><b data-path-to-node=\"13,3,0\" data-index-in-node=\"0\">Erksad v\u00e4rvid:<\/b> Saadaval erinevates v\u00e4rvides, et muuta t\u00f6\u00f6riist ise kingitusena visuaalselt atraktiivseks.<\/p>\n<\/li>\n<\/ul>\n<h2 data-path-to-node=\"14\">Spetsifikatsioonid<\/h2>\n<ul data-path-to-node=\"15\">\n<li>\n<p data-path-to-node=\"15,0,0\"><b data-path-to-node=\"15,0,0\" data-index-in-node=\"0\">Materjal:<\/b> Toiduohutu PLA plastik (biolagunev).<\/p>\n<\/li>\n<li>\n<p data-path-to-node=\"15,1,0\"><b data-path-to-node=\"15,1,0\" data-index-in-node=\"0\">Tootmismeetod:<\/b> K\u00f5rglahutusega FDM 3D-printimine (70\u2013200 mikronit).<\/p>\n<\/li>\n<li>\n<p data-path-to-node=\"15,2,0\"><b data-path-to-node=\"15,2,0\" data-index-in-node=\"0\">Standardne s\u00fcgavus:<\/b> 1,27 cm (0,5 tolli) \u2013 ideaalne tavalise rullitud taigna jaoks. <i data-path-to-node=\"15,2,0\" data-index-in-node=\"72\">Saadaval on eridisainiga s\u00fcgavused.<\/i><\/p>\n<\/li>\n<li>\n<p data-path-to-node=\"15,3,0\"><b data-path-to-node=\"15,3,0\" data-index-in-node=\"0\">Suurus:<\/b> Eridisainiga (vastavalt kujundusele skaleeritud). <i data-path-to-node=\"15,3,0\" data-index-in-node=\"33\">V\u00f5rdlusfotodel on kasutatud 2,54 cm ruudustikku.<\/i><\/p>\n<\/li>\n<li>\n<p data-path-to-node=\"15,4,0\"><b data-path-to-node=\"15,4,0\" data-index-in-node=\"0\">Hooldusjuhised:<\/b> <b data-path-to-node=\"15,4,0\" data-index-in-node=\"19\">Ainult k\u00e4sitsipesu<\/b> leige veega. Ei ole n\u00f5udepesumasinas pestav (k\u00f5rge kuumus v\u00f5ib PLA-d moonutada). V\u00e4ltida pikaajalist otsese p\u00e4ikesevalguse k\u00e4es viibimist.<\/p>\n<\/li>\n<\/ul>\n<h2 data-path-to-node=\"16\">Kasutusjuhud<\/h2>\n<ul data-path-to-node=\"17\">\n<li>\n<p data-path-to-node=\"17,0,0\"><b data-path-to-node=\"17,0,0\" data-index-in-node=\"0\">J\u00f5ulukingitused firmadele:<\/b> Lisage partnerite ja t\u00f6\u00f6tajate p\u00fchadekingituste korvidesse kaubam\u00e4rgiga k\u00fcpsisevorm.<\/p>\n<\/li>\n<li>\n<p data-path-to-node=\"17,1,0\"><b data-path-to-node=\"17,1,0\" data-index-in-node=\"0\">\u00dcrituste toitlustamine:<\/b> Serveeri oma uue toote kujulisi k\u00fcpsiseid esitluspidudel v\u00f5i messidel.<\/p>\n<\/li>\n<li>\n<p data-path-to-node=\"17,2,0\"><b data-path-to-node=\"17,2,0\" data-index-in-node=\"0\">Kauplemine:<\/b> Ainulaadne ja soodne toode kokanduskoolidele, pagarit\u00f6\u00f6kodadele v\u00f5i peredele suunatud kaubam\u00e4rkidele m\u00fc\u00fcmiseks v\u00f5i \u00e4raandmiseks.<\/p>\n<\/li>\n<\/ul>","protected":false},"excerpt":{"rendered":"<ul>\n<li>\n<p data-path-to-node=\"9,0,0\"><b data-path-to-node=\"9,0,0\" data-index-in-node=\"0\">Eridisainiga kuju modelleerimine:<\/b> Muudame teie 2D logo v\u00f5i maskoti t\u00e4isfunktsionaalseks 3D k\u00fcpsisevormiks.<\/p>\n<\/li>\n<li>\n<p data-path-to-node=\"9,1,0\"><b data-path-to-node=\"9,1,0\" data-index-in-node=\"0\">Toiduohutu ja keskkonnas\u00f5bralik:<\/b> Valmistatud PLA-plastist, mis on taastuvatest ressurssidest saadud biolagunev materjal.<\/p>\n<\/li>\n<li>\n<p data-path-to-node=\"9,2,0\"><b data-path-to-node=\"9,2,0\" data-index-in-node=\"0\">T\u00e4ppisl\u00f5ikamine:<\/b> K\u00f5rgresolutsiooniga 3D-printimine (70\u2013200 mikronit) loob teravad servad puhaste l\u00f5igete jaoks isegi keerukate kujunduste puhul.<\/p>\n<\/li>\n<li>\n<p data-path-to-node=\"9,3,0\"><b data-path-to-node=\"9,3,0\" data-index-in-node=\"0\">Hooajaline br\u00e4nding:<\/b> \u00dclim interaktiivne firmakingitus, mis toob teie br\u00e4ndi p\u00fchade \u00f5htus\u00f6\u00f6gilauale.<\/p>\n<\/li>\n<\/ul>","protected":false},"featured_media":6235,"comment_status":"closed","ping_status":"closed","template":"","meta":[],"product_brand":[],"product_cat":[122],"product_tag":[],"class_list":{"0":"post-6234","1":"product","2":"type-product","3":"status-publish","4":"has-post-thumbnail","6":"product_cat-promotional-accessories","8":"first","9":"instock","10":"shipping-taxable","11":"purchasable","12":"product-type-simple"},"_links":{"self":[{"href":"https:\/\/wristbandfactory.eu\/et\/wp-json\/wp\/v2\/product\/6234","targetHints":{"allow":["GET"]}}],"collection":[{"href":"https:\/\/wristbandfactory.eu\/et\/wp-json\/wp\/v2\/product"}],"about":[{"href":"https:\/\/wristbandfactory.eu\/et\/wp-json\/wp\/v2\/types\/product"}],"replies":[{"embeddable":true,"href":"https:\/\/wristbandfactory.eu\/et\/wp-json\/wp\/v2\/comments?post=6234"}],"wp:featuredmedia":[{"embeddable":true,"href":"https:\/\/wristbandfactory.eu\/et\/wp-json\/wp\/v2\/media\/6235"}],"wp:attachment":[{"href":"https:\/\/wristbandfactory.eu\/et\/wp-json\/wp\/v2\/media?parent=6234"}],"wp:term":[{"taxonomy":"product_brand","embeddable":true,"href":"https:\/\/wristbandfactory.eu\/et\/wp-json\/wp\/v2\/product_brand?post=6234"},{"taxonomy":"product_cat","embeddable":true,"href":"https:\/\/wristbandfactory.eu\/et\/wp-json\/wp\/v2\/product_cat?post=6234"},{"taxonomy":"product_tag","embeddable":true,"href":"https:\/\/wristbandfactory.eu\/et\/wp-json\/wp\/v2\/product_tag?post=6234"}],"curies":[{"name":"t\u00f6\u00f6leht","href":"https:\/\/api.w.org\/{rel}","templated":true}]}}