{"id":6232,"date":"2025-12-20T18:21:12","date_gmt":"2025-12-20T15:21:12","guid":{"rendered":"https:\/\/wristbandfactory.eu\/?post_type=product&#038;p=6232"},"modified":"2026-02-05T15:09:01","modified_gmt":"2026-02-05T12:09:01","slug":"custom-printed-beer-coasters-pulpboard-beermat","status":"publish","type":"product","link":"https:\/\/wristbandfactory.eu\/et\/p\/custom-printed-beer-coasters-pulpboard-beermat\/","title":{"rendered":"Tr\u00fckiga \u00f5llealused"},"content":{"rendered":"<p data-path-to-node=\"8\">Muutke iga lauaplaat otseseks reklaamikanaliks meie tr\u00fckitud \u00f5llealuste abil. Need \u201c\u00f5llealused\u201d on enamat kui lihtsalt m\u00f6\u00f6bli kaitsmine \u2013 need on k\u00f5rgsageduslikud kokkupuutepunktid, mis toovad teie br\u00e4ndi otse kliendi k\u00e4tte keskmiselt 45 minutiks joogi kohta.<\/p>\n<p data-path-to-node=\"9\">Meie joogialused on spetsiaalselt loodud majutus- ja \u00fcritustevaldkonnale ning valmistatud ehtsast suure tihedusega paberimassist. Erinevalt tavalisest paberist v\u00f5i papist on see materjal loodud imama k\u00fclmadelt klaasp\u00f5hjadelt kondensatsiooni ilma deformeerumata v\u00f5i lagunemata, tagades esmaklassilise kogemuse, mis peegeldab h\u00e4sti teie br\u00e4ndi.<\/p>\n<h2 data-path-to-node=\"10\">Peamised omadused<\/h2>\n<ul data-path-to-node=\"11\">\n<li>\n<p data-path-to-node=\"11,0,0\"><b data-path-to-node=\"11,0,0\" data-index-in-node=\"0\">Fotokvaliteediga ofsettr\u00fckk:<\/b> Erksate v\u00e4rvide, terava teksti ja t\u00e4helepanu k\u00f6itvate fotodetailide saavutamiseks kasutame CMYK-ofsettr\u00fckki.<\/p>\n<\/li>\n<li>\n<p data-path-to-node=\"11,1,0\"><b data-path-to-node=\"11,1,0\" data-index-in-node=\"0\">Interaktiivne turundus:<\/b> Kasutage kahepoolse printimise v\u00f5imalust kahe erineva kujunduse loomiseks. Esik\u00fclg: br\u00e4ndi logo. Tagak\u00fclg: QR-kood men\u00fc\u00fc, v\u00f5istlust\u00f6\u00f6 v\u00f5i sotsiaalmeedia lingi jaoks.<\/p>\n<\/li>\n<li>\n<p data-path-to-node=\"11,2,0\"><b data-path-to-node=\"11,2,0\" data-index-in-node=\"0\">Autentne \u201cbaaritunnetus\u201d:<\/b> Ehtsa tselluloosist papi kombatav tekstuur pakub traditsioonilist kvaliteeti, mida ootavad k\u00e4sit\u00f6\u00f6\u00f5lletehased ja esmaklassilised s\u00f6\u00f6gikohad.<\/p>\n<\/li>\n<li>\n<p data-path-to-node=\"11,3,0\"><b data-path-to-node=\"11,3,0\" data-index-in-node=\"0\">Keskkonnas\u00f5bralikud valikud:<\/b> Papp on biolagunev materjal, mis teeb neist suurep\u00e4rase valiku j\u00e4tkusuutlike \u00fcrituste jaoks.<\/p>\n<\/li>\n<\/ul>\n<h2 data-path-to-node=\"12\">Spetsifikatsioonid<\/h2>\n<ul data-path-to-node=\"13\">\n<li>\n<p data-path-to-node=\"13,0,0\"><b data-path-to-node=\"13,0,0\" data-index-in-node=\"0\">Materjal:<\/b> Suure tihedusega imav tselluloosist papp (\u00f5llemattplaat).<\/p>\n<\/li>\n<li>\n<p data-path-to-node=\"13,1,0\"><b data-path-to-node=\"13,1,0\" data-index-in-node=\"0\">Paksuse valikud:<\/b><\/p>\n<ul data-path-to-node=\"13,1,1\">\n<li>\n<p data-path-to-node=\"13,1,1,0,0\"><b data-path-to-node=\"13,1,1,0,0\" data-index-in-node=\"0\">Standardne (1,2 mm):<\/b> Kulut\u00f5hus suuremahuliste reklaamide jaoks.<\/p>\n<\/li>\n<li>\n<p data-path-to-node=\"13,1,1,1,0\"><b data-path-to-node=\"13,1,1,1,0\" data-index-in-node=\"0\">Premium (1,6 mm):<\/b> Baaride ja restoranide t\u00f6\u00f6stusstandard.<\/p>\n<\/li>\n<li>\n<p data-path-to-node=\"13,1,1,2,0\"><b data-path-to-node=\"13,1,1,2,0\" data-index-in-node=\"0\">Tugevdatud konstruktsioon (2,0 mm):<\/b> Eriti j\u00e4ik luksusbr\u00e4ndingu ja m\u00e4lestusesemete jaoks.<\/p>\n<\/li>\n<\/ul>\n<\/li>\n<li>\n<p data-path-to-node=\"13,2,0\"><b data-path-to-node=\"13,2,0\" data-index-in-node=\"0\">Standardsed kujundid:<\/b><\/p>\n<ul data-path-to-node=\"13,2,1\">\n<li>\n<p data-path-to-node=\"13,2,1,0,0\"><b data-path-to-node=\"13,2,1,0,0\" data-index-in-node=\"0\">Voor:<\/b> \u00d8 93 mm v\u00f5i \u00d8 107 mm.<\/p>\n<\/li>\n<li>\n<p data-path-to-node=\"13,2,1,1,0\"><b data-path-to-node=\"13,2,1,1,0\" data-index-in-node=\"0\">Ruut:<\/b> 93 \u00d7 93 mm v\u00f5i 107 \u00d7 107 mm (\u00fcmarate nurkadega).<\/p>\n<\/li>\n<\/ul>\n<\/li>\n<li>\n<p data-path-to-node=\"13,3,0\"><b data-path-to-node=\"13,3,0\" data-index-in-node=\"0\">Tr\u00fckkimine:<\/b> T\u00e4isv\u00e4rviline (4\/4) m\u00f5lemalt poolt.<\/p>\n<\/li>\n<\/ul>\n<h2 data-path-to-node=\"14\">Kasutusjuhud<\/h2>\n<ul data-path-to-node=\"15\">\n<li>\n<p data-path-to-node=\"15,0,0\"><b data-path-to-node=\"15,0,0\" data-index-in-node=\"0\">K\u00e4sit\u00f6\u00f6\u00f5lletehased ja \u00f5llebaarid:<\/b> Tugevdage br\u00e4ndi identiteeti iga serveeritud pindiga.<\/p>\n<\/li>\n<li>\n<p data-path-to-node=\"15,1,0\"><b data-path-to-node=\"15,1,0\" data-index-in-node=\"0\">Toote turuletoomised:<\/b> Jaga partnerbaaridesse joogialuseid, et reklaamida uut rakendust, taksoteenust v\u00f5i jooki.<\/p>\n<\/li>\n<li>\n<p data-path-to-node=\"15,2,0\"><b data-path-to-node=\"15,2,0\" data-index-in-node=\"0\">Pulmad ja era\u00fcritused:<\/b> Isikup\u00e4rastatud joogialused on ainulaadseks kaunistuseks ja meeldej\u00e4\u00e4vaks kingituseks k\u00fclalistele.<\/p>\n<\/li>\n<\/ul>","protected":false},"excerpt":{"rendered":"<ul>\n<li>\n<p data-path-to-node=\"7,0,0\"><b data-path-to-node=\"7,0,0\" data-index-in-node=\"0\">Suure imamisv\u00f5imega tselluloosiplaat:<\/b> Spetsiaalne \u00f5llemattmaterjal (1,2\u20132,0 mm), mis hoiab niiskust ja lauad kuivana.<\/p>\n<\/li>\n<li>\n<p data-path-to-node=\"7,1,0\"><b data-path-to-node=\"7,1,0\" data-index-in-node=\"0\">Kahepoolne br\u00e4nding:<\/b> T\u00e4isv\u00e4rviline ofsettr\u00fckk nii esi- kui ka tagak\u00fcljel maksimaalse reklaampinna saavutamiseks (nt QR-koodid, retseptid).<\/p>\n<\/li>\n<li>\n<p data-path-to-node=\"7,2,0\"><b data-path-to-node=\"7,2,0\" data-index-in-node=\"0\">Mitmek\u00fclgsed kujundid:<\/b> Saadaval standardse \u00fcmmarguse (\u00d8 107\/93 mm) v\u00f5i ruudukujulise (93\u00d793\/107\u00d7107 mm) \u00fcmarate nurkadega.<\/p>\n<\/li>\n<li>\n<p data-path-to-node=\"7,3,0\"><b data-path-to-node=\"7,3,0\" data-index-in-node=\"0\">Turundusj\u00f5ud:<\/b> Ideaalsed \u201cminireklaamtahvlid\u201d \u00f5lletehastele, baaridele, festivalidele ja geriljaturunduskampaaniatele.<\/p>\n<\/li>\n<\/ul>","protected":false},"featured_media":6872,"comment_status":"closed","ping_status":"closed","template":"","meta":[],"product_brand":[],"product_cat":[119],"product_tag":[],"class_list":{"0":"post-6232","1":"product","2":"type-product","3":"status-publish","4":"has-post-thumbnail","6":"product_cat-drinkware-accessories","8":"first","9":"instock","10":"shipping-taxable","11":"purchasable","12":"product-type-simple"},"_links":{"self":[{"href":"https:\/\/wristbandfactory.eu\/et\/wp-json\/wp\/v2\/product\/6232","targetHints":{"allow":["GET"]}}],"collection":[{"href":"https:\/\/wristbandfactory.eu\/et\/wp-json\/wp\/v2\/product"}],"about":[{"href":"https:\/\/wristbandfactory.eu\/et\/wp-json\/wp\/v2\/types\/product"}],"replies":[{"embeddable":true,"href":"https:\/\/wristbandfactory.eu\/et\/wp-json\/wp\/v2\/comments?post=6232"}],"wp:featuredmedia":[{"embeddable":true,"href":"https:\/\/wristbandfactory.eu\/et\/wp-json\/wp\/v2\/media\/6872"}],"wp:attachment":[{"href":"https:\/\/wristbandfactory.eu\/et\/wp-json\/wp\/v2\/media?parent=6232"}],"wp:term":[{"taxonomy":"product_brand","embeddable":true,"href":"https:\/\/wristbandfactory.eu\/et\/wp-json\/wp\/v2\/product_brand?post=6232"},{"taxonomy":"product_cat","embeddable":true,"href":"https:\/\/wristbandfactory.eu\/et\/wp-json\/wp\/v2\/product_cat?post=6232"},{"taxonomy":"product_tag","embeddable":true,"href":"https:\/\/wristbandfactory.eu\/et\/wp-json\/wp\/v2\/product_tag?post=6232"}],"curies":[{"name":"t\u00f6\u00f6leht","href":"https:\/\/api.w.org\/{rel}","templated":true}]}}