{"id":6230,"date":"2025-12-20T18:14:23","date_gmt":"2025-12-20T15:14:23","guid":{"rendered":"https:\/\/wristbandfactory.eu\/?post_type=product&#038;p=6230"},"modified":"2025-12-29T12:18:25","modified_gmt":"2025-12-29T09:18:25","slug":"custom-printed-door-hangers-do-not-disturb-signs-pvc-pp-cardboard","status":"publish","type":"product","link":"https:\/\/wristbandfactory.eu\/et\/p\/custom-printed-door-hangers-do-not-disturb-signs-pvc-pp-cardboard\/","title":{"rendered":"Logoga uksesildid (PVC ja kartong)"},"content":{"rendered":"<p data-path-to-node=\"10\">Sujuvamaks muutke suhtlus ja t\u00e4iustage br\u00e4ndingut meie abil <b data-path-to-node=\"10\" data-index-in-node=\"80\">Eridisainiga tr\u00fckitud ukse riputusvahendid<\/b>. Olenemata sellest, kas vajate hotelliketi jaoks funktsionaalseid \u201c\u00c4rge segage\u201d silte v\u00f5i pilkup\u00fc\u00fcdvaid turundusvahendeid geriljareklaamikampaania jaoks, on meie ukseriputused loodud teie s\u00f5numi selgeks ja professionaalseks edastamiseks.<\/p>\n<p data-path-to-node=\"11\">Pakume laia valikut materjale, mis vastavad teie konkreetsetele vastupidavusvajadustele. Meie <b data-path-to-node=\"11\" data-index-in-node=\"74\">PVC ja pol\u00fcprop\u00fcleen (PP)<\/b> Valikud on rebenemiskindlad ja veekindlad, mist\u00f5ttu sobivad need ideaalselt igap\u00e4evaseks korduvaks kasutamiseks k\u00fclalislahkuse keskkondades. L\u00fchiajaliste reklaamide v\u00f5i otsepostituse kampaaniate jaoks sobivad meie kvaliteetsed <b data-path-to-node=\"11\" data-index-in-node=\"283\">Papp<\/b> Valikud pakuvad esmaklassilist v\u00e4limust kulut\u00f5husa hinnaga.<\/p>\n<h2 data-path-to-node=\"12\">Peamised omadused<\/h2>\n<ul data-path-to-node=\"13\">\n<li>\n<p data-path-to-node=\"13,0,0\"><b data-path-to-node=\"13,0,0\" data-index-in-node=\"0\">Materjali paindlikkus:<\/b><\/p>\n<ul data-path-to-node=\"13,0,1\">\n<li>\n<p data-path-to-node=\"13,0,1,0,0\"><b data-path-to-node=\"13,0,1,0,0\" data-index-in-node=\"0\">PVC\/PP:<\/b> Veekindel, j\u00e4ik ja kergesti puhastatav. Ideaalne pikaajaliseks kasutamiseks nii sise- kui ka v\u00e4listingimustes.<\/p>\n<\/li>\n<li>\n<p data-path-to-node=\"13,0,1,1,0\"><b data-path-to-node=\"13,0,1,1,0\" data-index-in-node=\"0\">Papp:<\/b> J\u00e4tkusuutlik ja kerge. Ideaalne \u00fchekordseteks \u00fcritusteks v\u00f5i massiliseks levitamiseks.<\/p>\n<\/li>\n<\/ul>\n<\/li>\n<li>\n<p data-path-to-node=\"13,1,0\"><b data-path-to-node=\"13,1,0\" data-index-in-node=\"0\">Visuaalne tipptase:<\/b> Me kasutame k\u00f5rglahutusega <b data-path-to-node=\"13,1,0\" data-index-in-node=\"42\">Nihe<\/b> v\u00f5i <b data-path-to-node=\"13,1,0\" data-index-in-node=\"52\">Siiditr\u00fckk<\/b> et teie logo ja tekst oleksid teravad, v\u00e4rvilised ja pleekimiskindlad.<\/p>\n<\/li>\n<li>\n<p data-path-to-node=\"13,2,0\"><b data-path-to-node=\"13,2,0\" data-index-in-node=\"0\">Eridisainiga kujundid:<\/b> Kuigi pakume standardseid ristk\u00fclikukujulisi kujusid konksuga, saame riidepuud ka teie br\u00e4ndinguga sobivaks eridisainiga kujuks stantsida.<\/p>\n<\/li>\n<li>\n<p data-path-to-node=\"13,3,0\"><b data-path-to-node=\"13,3,0\" data-index-in-node=\"0\">Kahekordne s\u00f5numivahetus:<\/b> Kasutage sildi m\u00f5lemat poolt, et edastada rohkem teavet v\u00f5i pakkuda kahetist funktsionaalsust.<\/p>\n<\/li>\n<\/ul>\n<h2 data-path-to-node=\"14\">Spetsifikatsioonid<\/h2>\n<ul data-path-to-node=\"15\">\n<li>\n<p data-path-to-node=\"15,0,0\"><b data-path-to-node=\"15,0,0\" data-index-in-node=\"0\">Materjalid:<\/b> J\u00e4ik PVC, painduv PP (pol\u00fcprop\u00fcleen) v\u00f5i kaetud papp.<\/p>\n<\/li>\n<li>\n<p data-path-to-node=\"15,1,0\"><b data-path-to-node=\"15,1,0\" data-index-in-node=\"0\">Tr\u00fckitehnika:<\/b> T\u00e4isv\u00e4rviline ofsettr\u00fckk (CMYK) v\u00f5i siiditr\u00fckk (t\u00e4isv\u00e4rvid).<\/p>\n<\/li>\n<li>\n<p data-path-to-node=\"15,2,0\"><b data-path-to-node=\"15,2,0\" data-index-in-node=\"0\">Tr\u00fcki katvus:<\/b> \u00dchepoolne v\u00f5i kahepoolne.<\/p>\n<\/li>\n<li>\n<p data-path-to-node=\"15,3,0\"><b data-path-to-node=\"15,3,0\" data-index-in-node=\"0\">Paksus:<\/b> Kohandatav vastavalt materjali valikule (nt 300 g papp, 500 mikronit PVC).<\/p>\n<\/li>\n<li>\n<p data-path-to-node=\"15,4,0\"><b data-path-to-node=\"15,4,0\" data-index-in-node=\"0\">Lisatud:<\/b> Standardne stantsitud konks ukselingidele.<\/p>\n<\/li>\n<\/ul>\n<h2 data-path-to-node=\"16\">Kasutusjuhud<\/h2>\n<ul data-path-to-node=\"17\">\n<li>\n<p data-path-to-node=\"17,0,0\"><b data-path-to-node=\"17,0,0\" data-index-in-node=\"0\">Majutus- ja toitlustussektor:<\/b> H\u00e4davajalik hotellidele, kuurortidele ja kruiisilaevadele (\u201c\u00c4ra sega\u201d, \u201cHommikus\u00f6\u00f6gimen\u00fc\u00fc\u201d, \u201cToateenindus\u201d).<\/p>\n<\/li>\n<li>\n<p data-path-to-node=\"17,1,0\"><b data-path-to-node=\"17,1,0\" data-index-in-node=\"0\">Ettev\u00f5tte kontorid:<\/b> Kasulik koosolekuruumide (\u201cKoosolek pooleli\u201d) v\u00f5i koristusgraafikute jaoks.<\/p>\n<\/li>\n<li>\n<p data-path-to-node=\"17,2,0\"><b data-path-to-node=\"17,2,0\" data-index-in-node=\"0\">Kinnisvara ja turundus:<\/b> \u201cNaabruskonna ukselingidele j\u00e4etud sildid \u201dJust m\u00fc\u00fcdud\u201c v\u00f5i \u201dAvatud uste p\u00e4ev\u201d.<\/p>\n<\/li>\n<\/ul>\n<p data-path-to-node=\"18\">","protected":false},"excerpt":{"rendered":"<ul>\n<li>\n<p data-path-to-node=\"9,0,0\"><b data-path-to-node=\"9,0,0\" data-index-in-node=\"0\">Mitmek\u00fclgne materjalivalik:<\/b> Hotellides pikaajaliseks taaskasutuseks valige vastupidav PVC v\u00f5i pol\u00fcprop\u00fcleen (PP) v\u00f5i turunduskampaaniate jaoks kulut\u00f5hus papp.<\/p>\n<\/li>\n<li>\n<p data-path-to-node=\"9,1,0\"><b data-path-to-node=\"9,1,0\" data-index-in-node=\"0\">Suure m\u00f5juga tr\u00fckkimine:<\/b> Saadaval erksav\u00e4rvilise ofsettr\u00fcki v\u00f5i siiditr\u00fckiga, et teie s\u00f5num oleks kaugelt n\u00e4htav.<\/p>\n<\/li>\n<li>\n<p data-path-to-node=\"9,2,0\"><b data-path-to-node=\"9,2,0\" data-index-in-node=\"0\">Kahepoolne suhtlus:<\/b> Maksimeerige kasulikkust, printides igale k\u00fcljele erinevad s\u00f5numid (nt \u201c\u00c4rge segage\u201d \/ \u201cPalun koristage tuba\u201d).<\/p>\n<\/li>\n<li>\n<p data-path-to-node=\"9,3,0\"><b data-path-to-node=\"9,3,0\" data-index-in-node=\"0\">Universaalne sobivus:<\/b> Loodud sobima standardsete ukselingidega hotellides, konverentsikeskustes ja kontorites.<\/p>\n<\/li>\n<\/ul>","protected":false},"featured_media":6280,"comment_status":"closed","ping_status":"closed","template":"","meta":[],"product_brand":[],"product_cat":[132],"product_tag":[],"class_list":{"0":"post-6230","1":"product","2":"type-product","3":"status-publish","4":"has-post-thumbnail","6":"product_cat-hotel-spa-amenities","8":"first","9":"instock","10":"shipping-taxable","11":"product-type-simple"},"_links":{"self":[{"href":"https:\/\/wristbandfactory.eu\/et\/wp-json\/wp\/v2\/product\/6230","targetHints":{"allow":["GET"]}}],"collection":[{"href":"https:\/\/wristbandfactory.eu\/et\/wp-json\/wp\/v2\/product"}],"about":[{"href":"https:\/\/wristbandfactory.eu\/et\/wp-json\/wp\/v2\/types\/product"}],"replies":[{"embeddable":true,"href":"https:\/\/wristbandfactory.eu\/et\/wp-json\/wp\/v2\/comments?post=6230"}],"wp:featuredmedia":[{"embeddable":true,"href":"https:\/\/wristbandfactory.eu\/et\/wp-json\/wp\/v2\/media\/6280"}],"wp:attachment":[{"href":"https:\/\/wristbandfactory.eu\/et\/wp-json\/wp\/v2\/media?parent=6230"}],"wp:term":[{"taxonomy":"product_brand","embeddable":true,"href":"https:\/\/wristbandfactory.eu\/et\/wp-json\/wp\/v2\/product_brand?post=6230"},{"taxonomy":"product_cat","embeddable":true,"href":"https:\/\/wristbandfactory.eu\/et\/wp-json\/wp\/v2\/product_cat?post=6230"},{"taxonomy":"product_tag","embeddable":true,"href":"https:\/\/wristbandfactory.eu\/et\/wp-json\/wp\/v2\/product_tag?post=6230"}],"curies":[{"name":"t\u00f6\u00f6leht","href":"https:\/\/api.w.org\/{rel}","templated":true}]}}