{"id":6228,"date":"2025-12-20T18:09:00","date_gmt":"2025-12-20T15:09:00","guid":{"rendered":"https:\/\/wristbandfactory.eu\/?post_type=product&#038;p=6228"},"modified":"2025-12-20T18:09:00","modified_gmt":"2025-12-20T15:09:00","slug":"custom-printed-rulers-3d-lenticular-rulers-pvc-pp-pet","status":"publish","type":"product","link":"https:\/\/wristbandfactory.eu\/et\/p\/custom-printed-rulers-3d-lenticular-rulers-pvc-pp-pet\/","title":{"rendered":"Logoga joonlauad (PVC, PP ja 3D)"},"content":{"rendered":"<p data-path-to-node=\"10\">Kindlusta endale p\u00fcsiv koht kliendi laual meie abil <b data-path-to-node=\"10\" data-index-in-node=\"80\">Eridisainiga tr\u00fckitud joonlauad<\/b>. Erinevalt \u00fchekordselt kasutatavatest flaieritest on kaubam\u00e4rgiga joonlaud praktiline t\u00f6\u00f6riist, mis pakub pikaajalist v\u00e4\u00e4rtust ja igap\u00e4evast n\u00e4htavust kontorites, koolides ja t\u00f6\u00f6stuskeskkondades.<\/p>\n<p data-path-to-node=\"11\">Pakume laia valikut materjale, mis vastavad teie kampaania eesm\u00e4rkidele. Valige meie <b data-path-to-node=\"11\" data-index-in-node=\"75\">Standardne PVC<\/b> klassikalise v\u00e4limuse saavutamiseks, <b data-path-to-node=\"11\" data-index-in-node=\"108\">Keskkonnas\u00f5bralik pol\u00fcprop\u00fcleen (PP)<\/b> j\u00e4tkusuutliku br\u00e4ndingu v\u00f5i meie tipptasemel <b data-path-to-node=\"11\" data-index-in-node=\"186\">3D l\u00e4\u00e4tsekujulised joonlauad<\/b> Maksimaalse m\u00f5ju saavutamiseks. L\u00e4\u00e4tsekujuline tehnoloogia loob kaasahaaravaid visuaalseid efekte, nagu animatsioon, s\u00fcgavus v\u00f5i piltide p\u00f6\u00f6ramine, mist\u00f5ttu on see ideaalne farmaatsia- ja toiduainet\u00f6\u00f6stuse kampaaniate jaoks.<\/p>\n<h2 data-path-to-node=\"12\">Peamised omadused<\/h2>\n<ul data-path-to-node=\"13\">\n<li>\n<p data-path-to-node=\"13,0,0\"><b data-path-to-node=\"13,0,0\" data-index-in-node=\"0\">K\u00f5rglahutusega br\u00e4nding:<\/b> Olenemata sellest, kas valite keerukate kujutiste jaoks digitaaltr\u00fcki v\u00f5i \u00fchev\u00e4rviliste t\u00e4ppv\u00e4rvide jaoks siiditr\u00fcki, tagame teravad ja erksad tulemused.<\/p>\n<\/li>\n<li>\n<p data-path-to-node=\"13,1,0\"><b data-path-to-node=\"13,1,0\" data-index-in-node=\"0\">Eridisainiga m\u00f5\u00f5tmed:<\/b> Me ei paku ainult standardsuurusi; saame toota joonlaudu alates kompaktsetest 15 cm versioonidest kuni suurte 68 cm formaatideni.<\/p>\n<\/li>\n<li>\n<p data-path-to-node=\"13,2,0\"><b data-path-to-node=\"13,2,0\" data-index-in-node=\"0\">Keskkonnas\u00f5bralikud valikud:<\/b> Roheliste kampaaniate jaoks pakume biolagunevaid ja taaskasutatavaid pol\u00fcprop\u00fcleenist (PP) materjale.<\/p>\n<\/li>\n<li>\n<p data-path-to-node=\"13,3,0\"><b data-path-to-node=\"13,3,0\" data-index-in-node=\"0\">T\u00e4iustatud 3D-efektid:<\/b> L\u00e4\u00e4tsekujuline printimine v\u00f5imaldab \u201cp\u00f6\u00f6ramist\u201d (piltide vahetamist), \u201cliikumist\u201d (videolaadset liikumist) v\u00f5i \u201c3D-s\u00fcgavuse\u201d efekte, muutes lihtsa joonlaua interaktiivseks kogemuseks.<\/p>\n<\/li>\n<\/ul>\n<h2 data-path-to-node=\"14\">Spetsifikatsioonid<\/h2>\n<table data-path-to-node=\"15\">\n<thead>\n<tr>\n<td><strong>Funktsioon<\/strong><\/td>\n<td><strong>PVC joonlauad<\/strong><\/td>\n<td><strong>PP (pol\u00fcprop\u00fcleenist) joonlauad<\/strong><\/td>\n<td><strong>3D l\u00e4\u00e4tsekujulised joonlauad<\/strong><\/td>\n<\/tr>\n<\/thead>\n<tbody>\n<tr>\n<td><span data-path-to-node=\"15,1,0,0\"><b data-path-to-node=\"15,1,0,0\" data-index-in-node=\"0\">Materjal<\/b><\/span><\/td>\n<td><span data-path-to-node=\"15,1,1,0\">Poolj\u00e4ik valge PVC<\/span><\/td>\n<td><span data-path-to-node=\"15,1,2,0\">Paindlik keskkonnas\u00f5bralik PP<\/span><\/td>\n<td><span data-path-to-node=\"15,1,3,0\">L\u00e4\u00e4tsekujuline PET<\/span><\/td>\n<\/tr>\n<tr>\n<td><span data-path-to-node=\"15,2,0,0\"><b data-path-to-node=\"15,2,0,0\" data-index-in-node=\"0\">Paksus<\/b><\/span><\/td>\n<td><span data-path-to-node=\"15,2,1,0\">300, 500 v\u00f5i 700 mikronit<\/span><\/td>\n<td><span data-path-to-node=\"15,2,2,0\">500 v\u00f5i 800 mikronit<\/span><\/td>\n<td><span data-path-to-node=\"15,2,3,0\">500 mikronit<\/span><\/td>\n<\/tr>\n<tr>\n<td><span data-path-to-node=\"15,3,0,0\"><b data-path-to-node=\"15,3,0,0\" data-index-in-node=\"0\">Printimismeetod<\/b><\/span><\/td>\n<td><span data-path-to-node=\"15,3,1,0\">Digitaalne v\u00f5i siiditr\u00fckk<\/span><\/td>\n<td><span data-path-to-node=\"15,3,2,0\">Digitaalne v\u00f5i siiditr\u00fckk<\/span><\/td>\n<td><span data-path-to-node=\"15,3,3,0\">Nihe\/Ekraan (3D-efektid)<\/span><\/td>\n<\/tr>\n<tr>\n<td><span data-path-to-node=\"15,4,0,0\"><b data-path-to-node=\"15,4,0,0\" data-index-in-node=\"0\">K\u00fcljed<\/b><\/span><\/td>\n<td><span data-path-to-node=\"15,4,1,0\">1- v\u00f5i 2-poolne<\/span><\/td>\n<td><span data-path-to-node=\"15,4,2,0\">1- v\u00f5i 2-poolne<\/span><\/td>\n<td><span data-path-to-node=\"15,4,3,0\">Eesmine (3D) + tagamine (staatiline)<\/span><\/td>\n<\/tr>\n<tr>\n<td><span data-path-to-node=\"15,5,0,0\"><b data-path-to-node=\"15,5,0,0\" data-index-in-node=\"0\">Pikkuse vahemik<\/b><\/span><\/td>\n<td><span data-path-to-node=\"15,5,1,0\">15\u201368 cm<\/span><\/td>\n<td><span data-path-to-node=\"15,5,2,0\">15\u201368 cm<\/span><\/td>\n<td><span data-path-to-node=\"15,5,3,0\">Standardsuurused<\/span><\/td>\n<\/tr>\n<\/tbody>\n<\/table>\n<h2 data-path-to-node=\"16\">Kasutusjuhud<\/h2>\n<ul data-path-to-node=\"17\">\n<li>\n<p data-path-to-node=\"17,0,0\"><b data-path-to-node=\"17,0,0\" data-index-in-node=\"0\">Hariduskampaaniad:<\/b> Olulised jaotusmaterjalid koolidele, \u00fclikoolidele ja koolituskeskustele.<\/p>\n<\/li>\n<li>\n<p data-path-to-node=\"17,1,0\"><b data-path-to-node=\"17,1,0\" data-index-in-node=\"0\">Ravimiturundus:<\/b> Kasutage 3D-l\u00e4\u00e4tsekujulisi efekte, et n\u00e4idata \u201cenne ja p\u00e4rast\u201d tulemusi v\u00f5i toimemehhanismi animatsioone.<\/p>\n<\/li>\n<li>\n<p data-path-to-node=\"17,2,0\"><b data-path-to-node=\"17,2,0\" data-index-in-node=\"0\">Ehitus ja inseneriteadus:<\/b> Vajalik t\u00f6\u00f6riist arhitektidele ja inseneridele, mis toimib ka esmaklassilise visiitkaardina.<\/p>\n<\/li>\n<\/ul>","protected":false},"excerpt":{"rendered":"<ul>\n<li>\n<p data-path-to-node=\"9,0,0\"><b data-path-to-node=\"9,0,0\" data-index-in-node=\"0\">Mitmek\u00fclgsed materjalivalikud:<\/b> Valige poolj\u00e4iga PVC, keskkonnas\u00f5braliku pol\u00fcprop\u00fcleeni (PP) v\u00f5i spetsiaalse l\u00e4\u00e4tsekujulise PET-i vahel.<\/p>\n<\/li>\n<li>\n<p data-path-to-node=\"9,1,0\"><b data-path-to-node=\"9,1,0\" data-index-in-node=\"0\">3D-visuaalsed efektid:<\/b> Meie l\u00e4\u00e4tsekujulised PET-joonlauad pakuvad t\u00e4helepanu k\u00f6itmiseks vapustavaid liikumis-, suumi- ja morfimisefekte.<\/p>\n<\/li>\n<li>\n<p data-path-to-node=\"9,2,0\"><b data-path-to-node=\"9,2,0\" data-index-in-node=\"0\">T\u00e4ielik kohandamine:<\/b> Saadaval k\u00f5rglahutusega digitaalse v\u00f5i siiditr\u00fckiga kogu pinnale (1 v\u00f5i 2 k\u00fclge).<\/p>\n<\/li>\n<li>\n<p data-path-to-node=\"9,3,0\"><b data-path-to-node=\"9,3,0\" data-index-in-node=\"0\">Praktiline br\u00e4ndi n\u00e4htavus:<\/b> Funktsionaalne lauaarvuti, mis tagab, et teie br\u00e4nd p\u00fcsib kliendi silmis iga p\u00e4ev.<\/p>\n<\/li>\n<\/ul>","protected":false},"featured_media":6229,"comment_status":"closed","ping_status":"closed","template":"","meta":[],"product_brand":[],"product_cat":[122],"product_tag":[],"class_list":{"0":"post-6228","1":"product","2":"type-product","3":"status-publish","4":"has-post-thumbnail","6":"product_cat-promotional-accessories","8":"first","9":"instock","10":"shipping-taxable","11":"product-type-simple"},"_links":{"self":[{"href":"https:\/\/wristbandfactory.eu\/et\/wp-json\/wp\/v2\/product\/6228","targetHints":{"allow":["GET"]}}],"collection":[{"href":"https:\/\/wristbandfactory.eu\/et\/wp-json\/wp\/v2\/product"}],"about":[{"href":"https:\/\/wristbandfactory.eu\/et\/wp-json\/wp\/v2\/types\/product"}],"replies":[{"embeddable":true,"href":"https:\/\/wristbandfactory.eu\/et\/wp-json\/wp\/v2\/comments?post=6228"}],"wp:featuredmedia":[{"embeddable":true,"href":"https:\/\/wristbandfactory.eu\/et\/wp-json\/wp\/v2\/media\/6229"}],"wp:attachment":[{"href":"https:\/\/wristbandfactory.eu\/et\/wp-json\/wp\/v2\/media?parent=6228"}],"wp:term":[{"taxonomy":"product_brand","embeddable":true,"href":"https:\/\/wristbandfactory.eu\/et\/wp-json\/wp\/v2\/product_brand?post=6228"},{"taxonomy":"product_cat","embeddable":true,"href":"https:\/\/wristbandfactory.eu\/et\/wp-json\/wp\/v2\/product_cat?post=6228"},{"taxonomy":"product_tag","embeddable":true,"href":"https:\/\/wristbandfactory.eu\/et\/wp-json\/wp\/v2\/product_tag?post=6228"}],"curies":[{"name":"t\u00f6\u00f6leht","href":"https:\/\/api.w.org\/{rel}","templated":true}]}}