{"id":6226,"date":"2025-12-20T18:04:19","date_gmt":"2025-12-20T15:04:19","guid":{"rendered":"https:\/\/wristbandfactory.eu\/?post_type=product&#038;p=6226"},"modified":"2025-12-20T18:04:20","modified_gmt":"2025-12-20T15:04:20","slug":"custom-fsc-certified-pencils-with-eraser-360-full-color-print","status":"publish","type":"product","link":"https:\/\/wristbandfactory.eu\/et\/p\/custom-fsc-certified-pencils-with-eraser-360-full-color-print\/","title":{"rendered":"Logoga harilikud pliiatsid (FSC\u00ae sertifikaadiga)"},"content":{"rendered":"<p data-path-to-node=\"10\">N\u00e4idake oma p\u00fchendumust keskkonnale ilma disainis j\u00e4releandmisi tegemata meie toodetega <b data-path-to-node=\"10\" data-index-in-node=\"109\">Eridisainiga FSC\u00ae sertifitseeritud pliiatsid<\/b>. Need ei ole lihtsalt kirjutusvahendid; need on j\u00e4tkusuutlike br\u00e4ndiv\u00e4\u00e4rtuste avaldus. Valides FSC\u00ae-sertifitseeritud puidu, toetate vastutustundlikku metsamajandamist kogu maailmas.<\/p>\n<p data-path-to-node=\"11\">Selle pliiatsi erip\u00e4raks on see, et <b data-path-to-node=\"11\" data-index-in-node=\"35\">360\u00b0 t\u00e4isv\u00e4rviline kohandamine<\/b>. Me ei tr\u00fcki k\u00fcljele lihtsalt v\u00e4ikest logo, vaid katame kogu pliiatsi korpuse teie ainulaadse kujundusega. Olgu selleks keerukas muster, foto v\u00f5i teie ettev\u00f5tte v\u00e4rvid \u2013 tulemuseks on sujuv ja pilkup\u00fc\u00fcdev reklaamvahend.<\/p>\n<h2 data-path-to-node=\"12\">Peamised omadused<\/h2>\n<ul data-path-to-node=\"13\">\n<li>\n<p data-path-to-node=\"13,0,0\"><b data-path-to-node=\"13,0,0\" data-index-in-node=\"0\">Keskkonnas\u00f5bralik valik:<\/b> Valmistatud sertifitseeritud s\u00e4\u00e4stvatest allikatest p\u00e4rit naturaalsest puidust, mis teeb sellest s\u00fc\u00fcmepiinadeta reklaamtoote.<\/p>\n<\/li>\n<li>\n<p data-path-to-node=\"13,1,0\"><b data-path-to-node=\"13,1,0\" data-index-in-node=\"0\">Piiramatu disain:<\/b> 360\u00b0 tr\u00fckitehnika v\u00f5imaldab CMYK-v\u00e4rvides servast servani br\u00e4ndingut, mis sobib ideaalselt keeruka graafika ja julgete s\u00f5numite jaoks.<\/p>\n<\/li>\n<li>\n<p data-path-to-node=\"13,2,0\"><b data-path-to-node=\"13,2,0\" data-index-in-node=\"0\">Funktsionaalne ja stiilne:<\/b> Varustatud praktilise kustutuskummiga, mida hoiab paigal elegantne <b data-path-to-node=\"13,2,0\" data-index-in-node=\"80\">metallist ferrule<\/b>, \u00fchendades praktilisuse viimistletud v\u00e4limusega.<\/p>\n<\/li>\n<li>\n<p data-path-to-node=\"13,3,0\"><b data-path-to-node=\"13,3,0\" data-index-in-node=\"0\">K\u00f5rge kasulikkus:<\/b> Pliiatsid on \u00fched enimhoitud reklaamtooted, mis tagavad, et teie br\u00e4nd p\u00fcsib kliendi k\u00e4es kuid.<\/p>\n<\/li>\n<\/ul>\n<h2 data-path-to-node=\"14\">Spetsifikatsioonid<\/h2>\n<ul data-path-to-node=\"15\">\n<li>\n<p data-path-to-node=\"15,0,0\"><b data-path-to-node=\"15,0,0\" data-index-in-node=\"0\">Materjal:<\/b> Naturaalne puit (FSC\u00ae sertifitseeritud).<\/p>\n<\/li>\n<li>\n<p data-path-to-node=\"15,1,0\"><b data-path-to-node=\"15,1,0\" data-index-in-node=\"0\">Printimismeetod:<\/b> 360\u00b0 t\u00e4isv\u00e4rviline digitaalne m\u00e4his.<\/p>\n<\/li>\n<li>\n<p data-path-to-node=\"15,2,0\"><b data-path-to-node=\"15,2,0\" data-index-in-node=\"0\">Komponendid:<\/b> Grafiitpliiats, kustutuskumm, metallkinnitus.<\/p>\n<\/li>\n<li>\n<p data-path-to-node=\"15,3,0\"><b data-path-to-node=\"15,3,0\" data-index-in-node=\"0\">Kuju:<\/b> Standardne \u00fcmmargune v\u00f5i kuusnurkne (s\u00f5ltuvalt laost).<\/p>\n<\/li>\n<li>\n<p data-path-to-node=\"15,4,0\"><b data-path-to-node=\"15,4,0\" data-index-in-node=\"0\">Sertifikaadid:<\/b> FSC\u00ae (Metsamajandusn\u00f5ukogu).<\/p>\n<\/li>\n<\/ul>\n<h2 data-path-to-node=\"16\">Kasutusjuhud<\/h2>\n<ul data-path-to-node=\"17\">\n<li>\n<p data-path-to-node=\"17,0,0\"><b data-path-to-node=\"17,0,0\" data-index-in-node=\"0\">Haridus\u00fcritused:<\/b> Ideaalne koolidele, \u00fclikoolidele ja koolituskeskustele.<\/p>\n<\/li>\n<li>\n<p data-path-to-node=\"17,1,0\"><b data-path-to-node=\"17,1,0\" data-index-in-node=\"0\">Messid:<\/b> Kerge ja keskkonnateadlik loosim\u00e4ng, mida osalejad ka p\u00e4riselt kasutavad.<\/p>\n<\/li>\n<li>\n<p data-path-to-node=\"17,2,0\"><b data-path-to-node=\"17,2,0\" data-index-in-node=\"0\">Kontoritarbed:<\/b> Br\u00e4ndi oma kontoritarbed, et tugevdada ettev\u00f5tte identiteeti nii sisemiselt kui ka kliendikohtumistel.<\/p>\n<\/li>\n<\/ul>","protected":false},"excerpt":{"rendered":"<ul>\n<li>\n<p data-path-to-node=\"9,0,0\"><b data-path-to-node=\"9,0,0\" data-index-in-node=\"0\">Sertifitseeritud j\u00e4tkusuutlikkus:<\/b> Valmistatud 100% naturaalsest puidust, mis p\u00e4rineb vastutustundlikult majandatud metsadest (FSC\u00ae sertifitseeritud).<\/p>\n<\/li>\n<li>\n<p data-path-to-node=\"9,1,0\"><b data-path-to-node=\"9,1,0\" data-index-in-node=\"0\">360\u00b0 t\u00e4ielik br\u00e4nding:<\/b> Erinevalt tavalisest tampotr\u00fckist katab teie disain kogu t\u00fcnni erksav\u00e4rvilises digitaaltr\u00fckis.<\/p>\n<\/li>\n<li>\n<p data-path-to-node=\"9,2,0\"><b data-path-to-node=\"9,2,0\" data-index-in-node=\"0\">Premium-viimistlus:<\/b> Sisaldab kvaliteetset kustutuskummi, mis on kinnitatud vastupidava metallh\u00fclsiga (detail).<\/p>\n<\/li>\n<li>\n<p data-path-to-node=\"9,3,0\"><b data-path-to-node=\"9,3,0\" data-index-in-node=\"0\">Mitmek\u00fclgne reklaam:<\/b> Ideaalne soodne ja n\u00e4htav kingitus messidele, koolidesse ja kontoritesse.<\/p>\n<\/li>\n<\/ul>","protected":false},"featured_media":6227,"comment_status":"closed","ping_status":"closed","template":"","meta":[],"product_brand":[],"product_cat":[122],"product_tag":[],"class_list":{"0":"post-6226","1":"product","2":"type-product","3":"status-publish","4":"has-post-thumbnail","6":"product_cat-promotional-accessories","8":"first","9":"instock","10":"shipping-taxable","11":"product-type-simple"},"_links":{"self":[{"href":"https:\/\/wristbandfactory.eu\/et\/wp-json\/wp\/v2\/product\/6226","targetHints":{"allow":["GET"]}}],"collection":[{"href":"https:\/\/wristbandfactory.eu\/et\/wp-json\/wp\/v2\/product"}],"about":[{"href":"https:\/\/wristbandfactory.eu\/et\/wp-json\/wp\/v2\/types\/product"}],"replies":[{"embeddable":true,"href":"https:\/\/wristbandfactory.eu\/et\/wp-json\/wp\/v2\/comments?post=6226"}],"wp:featuredmedia":[{"embeddable":true,"href":"https:\/\/wristbandfactory.eu\/et\/wp-json\/wp\/v2\/media\/6227"}],"wp:attachment":[{"href":"https:\/\/wristbandfactory.eu\/et\/wp-json\/wp\/v2\/media?parent=6226"}],"wp:term":[{"taxonomy":"product_brand","embeddable":true,"href":"https:\/\/wristbandfactory.eu\/et\/wp-json\/wp\/v2\/product_brand?post=6226"},{"taxonomy":"product_cat","embeddable":true,"href":"https:\/\/wristbandfactory.eu\/et\/wp-json\/wp\/v2\/product_cat?post=6226"},{"taxonomy":"product_tag","embeddable":true,"href":"https:\/\/wristbandfactory.eu\/et\/wp-json\/wp\/v2\/product_tag?post=6226"}],"curies":[{"name":"t\u00f6\u00f6leht","href":"https:\/\/api.w.org\/{rel}","templated":true}]}}