{"id":6224,"date":"2025-12-20T18:00:02","date_gmt":"2025-12-20T15:00:02","guid":{"rendered":"https:\/\/wristbandfactory.eu\/?post_type=product&#038;p=6224"},"modified":"2025-12-20T18:00:02","modified_gmt":"2025-12-20T15:00:02","slug":"custom-foldable-glasses-cases-pu-leather-metal-core","status":"publish","type":"product","link":"https:\/\/wristbandfactory.eu\/et\/p\/custom-foldable-glasses-cases-pu-leather-metal-core\/","title":{"rendered":"Logoga kokkupandavad prillitoosid"},"content":{"rendered":"<p data-path-to-node=\"10\">T\u00e4ienda oma kaubam\u00e4rgiga aksessuaare meie toodetega <b data-path-to-node=\"10\" data-index-in-node=\"67\">Eridisainiga kokkupandavad prillikotid<\/b>. See t\u00e4nap\u00e4evast mugavust silmas pidades loodud \u00fcmbris lahendab prilliraamide mahuka hoiustamise probleemi. Prillide kasutamisel volditakse \u00fcmbris t\u00e4iesti kokku ja mahub kergesti jope taskusse v\u00f5i \u00f5hukesesse kotti.<\/p>\n<p data-path-to-node=\"11\">Ideaalne optikapoodide, suvekampaaniate ja firmareiside kingituste jaoks \u2013 see \u00fcmbris \u00fchendab vastupidavuse ja tipptasemel esteetika. S\u00fcdamik on valmistatud kergmetallplaatidest konstruktsiooni terviklikkuse tagamiseks, kaetud sileda PU-nahaga esmaklassilise puudutuse tagamiseks ja vooderdatud pehme kangaga, et kaitsta l\u00e4\u00e4tsi kriimustuste eest.<\/p>\n<h2 data-path-to-node=\"12\">Peamised omadused<\/h2>\n<ul data-path-to-node=\"13\">\n<li>\n<p data-path-to-node=\"13,0,0\"><b data-path-to-node=\"13,0,0\" data-index-in-node=\"0\">Maksimaalne br\u00e4ndinguala:<\/b> Erinevalt tavalistest v\u00e4ikese logoga \u00fcmbristest v\u00f5imaldab see mudel <b data-path-to-node=\"13,0,0\" data-index-in-node=\"92\">t\u00e4ispinna CMYK digitaaltr\u00fckk<\/b> kogu v\u00e4lispinnal.<\/p>\n<\/li>\n<li>\n<p data-path-to-node=\"13,1,0\"><b data-path-to-node=\"13,1,0\" data-index-in-node=\"0\">Luksuslik interj\u00f6\u00f6ri detail:<\/b> Lisa elegantsi h\u00f5bedase v\u00f5i kuldse tooniga <b data-path-to-node=\"13,1,0\" data-index-in-node=\"70\">kuumpressitud logo<\/b> (5 \u00d7 2 cm) sisevoodrile.<\/p>\n<\/li>\n<li>\n<p data-path-to-node=\"13,2,0\"><b data-path-to-node=\"13,2,0\" data-index-in-node=\"0\">Universaalne sobivus:<\/b> Avatuna sobib kolmnurkne kuju enamikule tavalistele lugemisprillidele ja p\u00e4ikeseprillidele.<\/p>\n<\/li>\n<li>\n<p data-path-to-node=\"13,3,0\"><b data-path-to-node=\"13,3,0\" data-index-in-node=\"0\">Konstruktsiooniline tugevus:<\/b> Metallplaadi konstruktsioon tagab, et hoolimata kokkupandavusest on \u00fcmbris laiendatult j\u00e4ik ja kaitsev.<\/p>\n<\/li>\n<\/ul>\n<h2 data-path-to-node=\"14\">Spetsifikatsioonid<\/h2>\n<ul data-path-to-node=\"15\">\n<li>\n<p data-path-to-node=\"15,0,0\"><b data-path-to-node=\"15,0,0\" data-index-in-node=\"0\">Materjal:<\/b> Kergmetallist s\u00fcdamik, PU-nahk v\u00e4lispind, pehme kangasvooder.<\/p>\n<\/li>\n<li>\n<p data-path-to-node=\"15,1,0\"><b data-path-to-node=\"15,1,0\" data-index-in-node=\"0\">M\u00f5\u00f5tmed (suletud):<\/b> 16 \u00d7 6,5 \u00d7 1,0 cm.<\/p>\n<\/li>\n<li>\n<p data-path-to-node=\"15,2,0\"><b data-path-to-node=\"15,2,0\" data-index-in-node=\"0\">M\u00f5\u00f5tmed (avatud):<\/b> 16 \u00d7 6,5 \u00d7 6,5 cm.<\/p>\n<\/li>\n<li>\n<p data-path-to-node=\"15,3,0\"><b data-path-to-node=\"15,3,0\" data-index-in-node=\"0\">Sulgemise t\u00fc\u00fcp:<\/b> Peidetud magnetriba.<\/p>\n<\/li>\n<li>\n<p data-path-to-node=\"15,4,0\"><b data-path-to-node=\"15,4,0\" data-index-in-node=\"0\">Br\u00e4ndingu valikud:<\/b><\/p>\n<ul data-path-to-node=\"15,4,1\">\n<li>\n<p data-path-to-node=\"15,4,1,0,0\">V\u00e4lispind: t\u00e4isv\u00e4rviline tr\u00fckk (CMYK).<\/p>\n<\/li>\n<li>\n<p data-path-to-node=\"15,4,1,1,0\">Sisemus: kuumpressimine (kuldne v\u00f5i h\u00f5bedane foolium).<\/p>\n<\/li>\n<\/ul>\n<\/li>\n<li>\n<p data-path-to-node=\"15,5,0\"><b data-path-to-node=\"15,5,0\" data-index-in-node=\"0\">Pakend:<\/b> Individuaalne pol\u00fckott (standardne).<\/p>\n<ul data-path-to-node=\"15,5,1\">\n<li>\n<p data-path-to-node=\"15,5,1,0,0\"><i data-path-to-node=\"15,5,1,0,0\" data-index-in-node=\"0\">Valikuline:<\/i> Tr\u00fckitud papist vahekaart (15 \u00d7 6 cm).<\/p>\n<\/li>\n<\/ul>\n<\/li>\n<\/ul>\n<h2 data-path-to-node=\"16\">Kasutusjuhud<\/h2>\n<ul data-path-to-node=\"17\">\n<li>\n<p data-path-to-node=\"17,0,0\"><b data-path-to-node=\"17,0,0\" data-index-in-node=\"0\">Optika jaem\u00fc\u00fcjad:<\/b> V\u00e4\u00e4rtuslik kingitus prillide ostmisel.<\/p>\n<\/li>\n<li>\n<p data-path-to-node=\"17,1,0\"><b data-path-to-node=\"17,1,0\" data-index-in-node=\"0\">Reisimine ja turism:<\/b> Ideaalne reisib\u00fcroodele v\u00f5i lennufirmadele ruumis\u00e4\u00e4stliku reisitarvikuna.<\/p>\n<\/li>\n<li>\n<p data-path-to-node=\"17,2,0\"><b data-path-to-node=\"17,2,0\" data-index-in-node=\"0\">Suvised pakkumised:<\/b> Ideaalne kaaslane br\u00e4nditud p\u00e4ikeseprillide kampaaniate jaoks.<\/p>\n<\/li>\n<\/ul>","protected":false},"excerpt":{"rendered":"<ul>\n<li>\n<p data-path-to-node=\"9,0,0\"><b data-path-to-node=\"9,0,0\" data-index-in-node=\"0\">Nutikas kokkupandav disain:<\/b> Kasutamisel kokkupandav vaid 1,0 cm paksuseks, s\u00e4\u00e4stes v\u00e4\u00e4rtuslikku tasku- v\u00f5i kotiruumi.<\/p>\n<\/li>\n<li>\n<p data-path-to-node=\"9,1,0\"><b data-path-to-node=\"9,1,0\" data-index-in-node=\"0\">T\u00e4ielik kohandamine:<\/b> Kogu v\u00e4lispinna PU saab tr\u00fckkida t\u00e4isv\u00e4rviliselt, samas kui sisek\u00fcljel on luksuslik kuumpressitud logo.<\/p>\n<\/li>\n<li>\n<p data-path-to-node=\"9,2,0\"><b data-path-to-node=\"9,2,0\" data-index-in-node=\"0\">Kvaliteetsed materjalid:<\/b> Valmistatud tugevatest kergmetallplaatidest, kaetud PU-nahaga ja vooderdatud pehme kangaga kriimustuste v\u00e4ltimiseks.<\/p>\n<\/li>\n<li>\n<p data-path-to-node=\"9,3,0\"><b data-path-to-node=\"9,3,0\" data-index-in-node=\"0\">Magnetiline sulgemine:<\/b> Turvaline ja h\u00f5lpsasti kasutatav magnetiline kaas hoiab prillid turvaliselt.<\/p>\n<\/li>\n<\/ul>","protected":false},"featured_media":6225,"comment_status":"closed","ping_status":"closed","template":"","meta":[],"product_brand":[],"product_cat":[121],"product_tag":[],"class_list":{"0":"post-6224","1":"product","2":"type-product","3":"status-publish","4":"has-post-thumbnail","6":"product_cat-promotional-merchandise","8":"first","9":"instock","10":"shipping-taxable","11":"product-type-simple"},"_links":{"self":[{"href":"https:\/\/wristbandfactory.eu\/et\/wp-json\/wp\/v2\/product\/6224","targetHints":{"allow":["GET"]}}],"collection":[{"href":"https:\/\/wristbandfactory.eu\/et\/wp-json\/wp\/v2\/product"}],"about":[{"href":"https:\/\/wristbandfactory.eu\/et\/wp-json\/wp\/v2\/types\/product"}],"replies":[{"embeddable":true,"href":"https:\/\/wristbandfactory.eu\/et\/wp-json\/wp\/v2\/comments?post=6224"}],"wp:featuredmedia":[{"embeddable":true,"href":"https:\/\/wristbandfactory.eu\/et\/wp-json\/wp\/v2\/media\/6225"}],"wp:attachment":[{"href":"https:\/\/wristbandfactory.eu\/et\/wp-json\/wp\/v2\/media?parent=6224"}],"wp:term":[{"taxonomy":"product_brand","embeddable":true,"href":"https:\/\/wristbandfactory.eu\/et\/wp-json\/wp\/v2\/product_brand?post=6224"},{"taxonomy":"product_cat","embeddable":true,"href":"https:\/\/wristbandfactory.eu\/et\/wp-json\/wp\/v2\/product_cat?post=6224"},{"taxonomy":"product_tag","embeddable":true,"href":"https:\/\/wristbandfactory.eu\/et\/wp-json\/wp\/v2\/product_tag?post=6224"}],"curies":[{"name":"t\u00f6\u00f6leht","href":"https:\/\/api.w.org\/{rel}","templated":true}]}}