{"id":6222,"date":"2025-12-20T17:56:31","date_gmt":"2025-12-20T14:56:31","guid":{"rendered":"https:\/\/wristbandfactory.eu\/?post_type=product&#038;p=6222"},"modified":"2025-12-20T17:56:31","modified_gmt":"2025-12-20T14:56:31","slug":"custom-3d-snow-globes-with-bespoke-interior-logo","status":"publish","type":"product","link":"https:\/\/wristbandfactory.eu\/et\/p\/custom-3d-snow-globes-with-bespoke-interior-logo\/","title":{"rendered":"Logoga lumekuulid (3D erikujuga)"},"content":{"rendered":"<p data-path-to-node=\"10\">J\u00e4\u00e4dvusta p\u00fchade v\u00f5lu v\u00f5i k\u00fclmuta hetk meie... <b data-path-to-node=\"10\" data-index-in-node=\"95\">Eridisainiga 3D-lumekloobused<\/b>. Erinevalt tavalistest reklaamtoodetest on nendel gloobustel t\u00e4ielikult eridisainiga 3D-skulptuur sees \u2013 olgu see siis teie toote miniatuurne koopia, ettev\u00f5tte maskott v\u00f5i konkreetne arhitektuuriline stseen.<\/p>\n<p data-path-to-node=\"11\">Need vastupidavast ja lahustivabast pol\u00fcestervaigust valmistatud gloobused on kvaliteetsed kollektsiooniesemed. H\u00f5ljuv s\u00e4delus lisab lummava efekti, mis t\u00f5mbab teie br\u00e4ndile t\u00e4helepanu. Nii sisemise skulptuuri kui ka v\u00e4lise alusbr\u00e4ndingu v\u00f5imalustega on see \u00fclim premium-kingitus \u00e4ripartneritele ja hooajaliste kampaaniate jaoks.<\/p>\n<h2 data-path-to-node=\"12\">Peamised omadused<\/h2>\n<ul data-path-to-node=\"13\">\n<li>\n<p data-path-to-node=\"13,0,0\"><b data-path-to-node=\"13,0,0\" data-index-in-node=\"0\">T\u00e4ielikult eridisainiga 3D-modelleerimine:<\/b> Sisemus ei ole tasane vahet\u00fckk, vaid spetsiaalselt teie projekti jaoks loodud valatud vaigust kujuke.<\/p>\n<\/li>\n<li>\n<p data-path-to-node=\"13,1,0\"><b data-path-to-node=\"13,1,0\" data-index-in-node=\"0\">Kunstiline viimistlus:<\/b> 3D-elemente saab j\u00e4tta elegantseks valgeks v\u00f5i v\u00e4rvida k\u00e4sitsi hoolikalt, et need sobiksid teie br\u00e4ndi v\u00e4rvidega.<\/p>\n<\/li>\n<li>\n<p data-path-to-node=\"13,2,0\"><b data-path-to-node=\"13,2,0\" data-index-in-node=\"0\">Br\u00e4nditud alus:<\/b> Aluse (saadaval valge v\u00f5i musta v\u00e4rvi) omadused <b data-path-to-node=\"13,2,0\" data-index-in-node=\"62\">reljeeftr\u00fckk<\/b>, lisades oma logole v\u00f5i tekstile v\u00e4lisk\u00fcljele 3D-tekstuuri.<\/p>\n<\/li>\n<li>\n<p data-path-to-node=\"13,3,0\"><b data-path-to-node=\"13,3,0\" data-index-in-node=\"0\">Jaem\u00fc\u00fcgivalmis pakend:<\/b> Lisapakendit pole vaja. Iga maakera on pakendatud v\u00e4rvilise tr\u00fckitud ja kindla polstriga pappkasti, mis on jagamiseks valmis.<\/p>\n<\/li>\n<\/ul>\n<h2 data-path-to-node=\"14\">Spetsifikatsioonid<\/h2>\n<ul data-path-to-node=\"15\">\n<li>\n<p data-path-to-node=\"15,0,0\"><b data-path-to-node=\"15,0,0\" data-index-in-node=\"0\">Gloobuse materjal:<\/b> Klaasist\/l\u00e4bipaistvast plastikust ja pol\u00fcestervaigust figuurid (lahustivabad).<\/p>\n<\/li>\n<li>\n<p data-path-to-node=\"15,1,0\"><b data-path-to-node=\"15,1,0\" data-index-in-node=\"0\">Alusmaterjal:<\/b> Vastupidav komposiit.<\/p>\n<\/li>\n<li>\n<p data-path-to-node=\"15,2,0\"><b data-path-to-node=\"15,2,0\" data-index-in-node=\"0\">T\u00e4idis:<\/b> S\u00e4deleva s\u00e4deleva\/litritega vedelik.<\/p>\n<\/li>\n<li>\n<p data-path-to-node=\"15,3,0\"><b data-path-to-node=\"15,3,0\" data-index-in-node=\"0\">Saadaval olevad suurused:<\/b><\/p>\n<ul data-path-to-node=\"15,3,1\">\n<li>\n<p data-path-to-node=\"15,3,1,0,0\"><b data-path-to-node=\"15,3,1,0,0\" data-index-in-node=\"0\">\u00d8 8 cm maakera:<\/b> Alus 7,5 \u00d7 7,5 \u00d7 2,5 cm | Karp 11 \u00d7 13 \u00d7 11 cm.<\/p>\n<\/li>\n<li>\n<p data-path-to-node=\"15,3,1,1,0\"><b data-path-to-node=\"15,3,1,1,0\" data-index-in-node=\"0\">\u00d8 10 cm maakera:<\/b> Alus 9 \u00d7 9 \u00d7 3 cm | Karp 13,7 \u00d7 15,7 \u00d7 13,7 cm.<\/p>\n<\/li>\n<\/ul>\n<\/li>\n<li>\n<p data-path-to-node=\"15,4,0\"><b data-path-to-node=\"15,4,0\" data-index-in-node=\"0\">Kohandamine:<\/b> 3D-vormitud sisemus + reljeeftr\u00fckk + eridisainiga karp.<\/p>\n<\/li>\n<\/ul>\n<h2 data-path-to-node=\"16\">Kasutusjuhud<\/h2>\n<ul data-path-to-node=\"17\">\n<li>\n<p data-path-to-node=\"17,0,0\"><b data-path-to-node=\"17,0,0\" data-index-in-node=\"0\">J\u00f5ulukingitused:<\/b> Elementaarne p\u00fchadekingitus klientidele ja t\u00f6\u00f6tajatele.<\/p>\n<\/li>\n<li>\n<p data-path-to-node=\"17,1,0\"><b data-path-to-node=\"17,1,0\" data-index-in-node=\"0\">Turism ja suveniirid:<\/b> Muuseumide, hotellide ja linnavolikogude maam\u00e4rkide eridisainiga stseenid.<\/p>\n<\/li>\n<li>\n<p data-path-to-node=\"17,2,0\"><b data-path-to-node=\"17,2,0\" data-index-in-node=\"0\">Toote turuletoomised:<\/b> Looge uue auto, hoone v\u00f5i toote miniatuurne versioon, mis h\u00f5ljub &quot;lumes&quot;.\u201c<\/p>\n<\/li>\n<\/ul>","protected":false},"excerpt":{"rendered":"<ul>\n<li>\n<p data-path-to-node=\"9,0,0\"><b data-path-to-node=\"9,0,0\" data-index-in-node=\"0\">Eritellimusel 3D-sisustus:<\/b> Me modelleerime teie logo, toote v\u00f5i maskoti detailseks 3D-skulptuuriks maakera sisse.<\/p>\n<\/li>\n<li>\n<p data-path-to-node=\"9,1,0\"><b data-path-to-node=\"9,1,0\" data-index-in-node=\"0\">K\u00e4sitsi maalitud v\u00f5i mustvalge:<\/b> Vali klassikalise t\u00e4iesti valge skulptuuri v\u00f5i erksate k\u00e4sitsi maalitud detailide vahel.<\/p>\n<\/li>\n<li>\n<p data-path-to-node=\"9,2,0\"><b data-path-to-node=\"9,2,0\" data-index-in-node=\"0\">Premium-baas:<\/b> Tugev alus on saadaval musta v\u00f5i valge v\u00e4rviga, mida saab kohandada kombatava reljeeftr\u00fckiga.<\/p>\n<\/li>\n<li>\n<p data-path-to-node=\"9,3,0\"><b data-path-to-node=\"9,3,0\" data-index-in-node=\"0\">T\u00e4ielik kingituslahendus:<\/b> Tarnitakse eritellimusel tr\u00fckitud t\u00e4isv\u00e4rvilises karbis koos kaitsvate pol\u00fcst\u00fcreenist sisestustega.<\/p>\n<\/li>\n<\/ul>","protected":false},"featured_media":6223,"comment_status":"closed","ping_status":"closed","template":"","meta":[],"product_brand":[],"product_cat":[121],"product_tag":[],"class_list":{"0":"post-6222","1":"product","2":"type-product","3":"status-publish","4":"has-post-thumbnail","6":"product_cat-promotional-merchandise","8":"first","9":"instock","10":"shipping-taxable","11":"product-type-simple"},"_links":{"self":[{"href":"https:\/\/wristbandfactory.eu\/et\/wp-json\/wp\/v2\/product\/6222","targetHints":{"allow":["GET"]}}],"collection":[{"href":"https:\/\/wristbandfactory.eu\/et\/wp-json\/wp\/v2\/product"}],"about":[{"href":"https:\/\/wristbandfactory.eu\/et\/wp-json\/wp\/v2\/types\/product"}],"replies":[{"embeddable":true,"href":"https:\/\/wristbandfactory.eu\/et\/wp-json\/wp\/v2\/comments?post=6222"}],"wp:featuredmedia":[{"embeddable":true,"href":"https:\/\/wristbandfactory.eu\/et\/wp-json\/wp\/v2\/media\/6223"}],"wp:attachment":[{"href":"https:\/\/wristbandfactory.eu\/et\/wp-json\/wp\/v2\/media?parent=6222"}],"wp:term":[{"taxonomy":"product_brand","embeddable":true,"href":"https:\/\/wristbandfactory.eu\/et\/wp-json\/wp\/v2\/product_brand?post=6222"},{"taxonomy":"product_cat","embeddable":true,"href":"https:\/\/wristbandfactory.eu\/et\/wp-json\/wp\/v2\/product_cat?post=6222"},{"taxonomy":"product_tag","embeddable":true,"href":"https:\/\/wristbandfactory.eu\/et\/wp-json\/wp\/v2\/product_tag?post=6222"}],"curies":[{"name":"t\u00f6\u00f6leht","href":"https:\/\/api.w.org\/{rel}","templated":true}]}}