{"id":6217,"date":"2025-12-20T17:51:24","date_gmt":"2025-12-20T14:51:24","guid":{"rendered":"https:\/\/wristbandfactory.eu\/?post_type=product&#038;p=6217"},"modified":"2025-12-29T13:14:14","modified_gmt":"2025-12-29T10:14:14","slug":"custom-printed-bottle-openers-with-3d-domed-logo","status":"publish","type":"product","link":"https:\/\/wristbandfactory.eu\/et\/p\/custom-printed-bottle-openers-with-3d-domed-logo\/","title":{"rendered":"Logoga pudeliavajad (kristallkleebisega)"},"content":{"rendered":"<p data-path-to-node=\"10\">Veenduge, et teie br\u00e4nd oleks osa pidustusest meie abiga <b data-path-to-node=\"10\" data-index-in-node=\"79\">Eridisainiga tr\u00fckitud pudeliavajad<\/b>. Praktilised, vastupidavad ja pilkup\u00fc\u00fcdvad avajad on loodud korduvaks kasutamiseks, andes teie logole pikaajalise n\u00e4htavuse. Erinevalt tavalistest lamedatest tr\u00fckistest on meie avajatel a <b data-path-to-node=\"10\" data-index-in-node=\"288\">3D kupliga kleebis (epoks\u00fcvaik)<\/b>, mis lisab teie kujundusele l\u00e4ikiva ja suurendava efekti, kaitstes seda samal ajal kriimustuste ja pleekimise eest.<\/p>\n<p data-path-to-node=\"11\">Pakume kolme spetsiifilist mudelit, mis sobivad erinevatele reklaamivajadustele, alates taskus\u00f5bralikest v\u00f5tmehoidjatest kuni professionaalsete baaritarvikuteni.<\/p>\n<h2 data-path-to-node=\"12\">Peamised omadused<\/h2>\n<ul data-path-to-node=\"13\">\n<li>\n<p data-path-to-node=\"13,0,0\"><b data-path-to-node=\"13,0,0\" data-index-in-node=\"0\">Elav kohandamine:<\/b> Me kasutame digitaalset CMYK-printimist, et teie logo, fotod v\u00f5i gradientv\u00e4rvid enne kaitsva vaigust kupli alla sulgemist t\u00e4iusliku t\u00e4psusega reprodutseerida.<\/p>\n<\/li>\n<li>\n<p data-path-to-node=\"13,1,0\"><b data-path-to-node=\"13,1,0\" data-index-in-node=\"0\">Premium-viimistlus:<\/b> Epoks\u00fckate annab tootele juveelilaadse v\u00e4limuse, mis tundub puudutades sile ja t\u00f5stab tajutavat v\u00e4\u00e4rtust.<\/p>\n<\/li>\n<li>\n<p data-path-to-node=\"13,2,0\"><b data-path-to-node=\"13,2,0\" data-index-in-node=\"0\">Vastupidavad materjalid:<\/b> Valmistatud nikeldatud terasest ja vastupidavatest metallisulamitest, et pudelid saaksid h\u00f5lpsalt ja ilma painutamata avaneda.<\/p>\n<\/li>\n<li>\n<p data-path-to-node=\"13,3,0\"><b data-path-to-node=\"13,3,0\" data-index-in-node=\"0\">Mitmek\u00fclgne utiliit:<\/b> Ideaalne \u00f5lletehase meenete, festivali kingituste v\u00f5i v\u00f5tmekomplekti k\u00fclge kinnitatud k\u00e4ep\u00e4rase t\u00f6\u00f6riistana.<\/p>\n<\/li>\n<\/ul>\n<h2 data-path-to-node=\"14\">Spetsifikatsioonid<\/h2>\n<table data-path-to-node=\"15\">\n<thead>\n<tr>\n<td><strong>Mudeli t\u00fc\u00fcp<\/strong><\/td>\n<td><strong>M\u00f5\u00f5tmed<\/strong><\/td>\n<td><strong>Materjal<\/strong><\/td>\n<td><strong>Br\u00e4ndingu ala<\/strong><\/td>\n<\/tr>\n<\/thead>\n<tbody>\n<tr>\n<td><span data-path-to-node=\"15,1,0,0\"><b data-path-to-node=\"15,1,0,0\" data-index-in-node=\"0\">M\u00e4rgiavaja<\/b><\/span><\/td>\n<td><span data-path-to-node=\"15,1,1,0\">\u00d8 56 mm<\/span><\/td>\n<td><span data-path-to-node=\"15,1,2,0\">Metall + plastist alus<\/span><\/td>\n<td><span data-path-to-node=\"15,1,3,0\">T\u00e4isn\u00e4gu (\u00fcmmargune)<\/span><\/td>\n<\/tr>\n<tr>\n<td><span data-path-to-node=\"15,2,0,0\"><b data-path-to-node=\"15,2,0,0\" data-index-in-node=\"0\">Pudeli kuju<\/b><\/span><\/td>\n<td><span data-path-to-node=\"15,2,1,0\">35 \u00d7 137 mm<\/span><\/td>\n<td><span data-path-to-node=\"15,2,2,0\">Nikeldatud teras<\/span><\/td>\n<td><span data-path-to-node=\"15,2,3,0\">Eridisainiga kujuga kuppel<\/span><\/td>\n<\/tr>\n<tr>\n<td><span data-path-to-node=\"15,3,0,0\"><b data-path-to-node=\"15,3,0,0\" data-index-in-node=\"0\">Pirni v\u00f5tmehoidja<\/b><\/span><\/td>\n<td><span data-path-to-node=\"15,3,1,0\">Standardne v\u00f5tmehoidja suurus<\/span><\/td>\n<td><span data-path-to-node=\"15,3,2,0\">Metall (nikkelviimistlus)<\/span><\/td>\n<td><span data-path-to-node=\"15,3,3,0\">\u00d8 20 mm kuppel<\/span><\/td>\n<\/tr>\n<\/tbody>\n<\/table>\n<h2 data-path-to-node=\"16\">Kasutusjuhud<\/h2>\n<ul data-path-to-node=\"17\">\n<li>\n<p data-path-to-node=\"17,0,0\"><b data-path-to-node=\"17,0,0\" data-index-in-node=\"0\">Joogit\u00f6\u00f6stus:<\/b> H\u00e4davajalikud kaubad k\u00e4sit\u00f6\u00f6\u00f5lletehastele, siidrimajadele ja jookide turustajatele.<\/p>\n<\/li>\n<li>\n<p data-path-to-node=\"17,1,0\"><b data-path-to-node=\"17,1,0\" data-index-in-node=\"0\">Festivalid ja \u00fcritused:<\/b> Populaarne suveniir muusikafestivalidele ja toidumessidele, mida osalejad endale j\u00e4tavad.<\/p>\n<\/li>\n<li>\n<p data-path-to-node=\"17,2,0\"><b data-path-to-node=\"17,2,0\" data-index-in-node=\"0\">K\u00fclalislahkus:<\/b> Br\u00e4nditud t\u00f6\u00f6riistad baarmenidele ja teenindajatele pubides, klubides ja restoranides.<\/p>\n<\/li>\n<\/ul>","protected":false},"excerpt":{"rendered":"<ul>\n<li>\n<p data-path-to-node=\"9,0,0\"><b data-path-to-node=\"9,0,0\" data-index-in-node=\"0\">Kolm erinevat stiili:<\/b> Vali klassikalise n\u00f6\u00f6bikujulise v\u00f5tmehoidja, vastupidava pudelikujulise v\u00f5tmehoidja v\u00f5i kaasaskantava pirnikujulise v\u00f5tmehoidja vahel.<\/p>\n<\/li>\n<li>\n<p data-path-to-node=\"9,1,0\"><b data-path-to-node=\"9,1,0\" data-index-in-node=\"0\">3D vaigu viimistlus:<\/b> Teie logo tr\u00fckitakse t\u00e4isv\u00e4rvilises CMYK-v\u00e4rvides ja seda kaitseb kristallselge epoks\u00fcvaikkate, mis annab sellele l\u00e4ikiva ja kvaliteetse ilme.<\/p>\n<\/li>\n<li>\n<p data-path-to-node=\"9,2,0\"><b data-path-to-node=\"9,2,0\" data-index-in-node=\"0\">Vastupidav konstruktsioon:<\/b> Valmistatud nikeldatud terasest v\u00f5i t\u00e4ismetallist pikaajalise j\u00f5udluse tagamiseks.<\/p>\n<\/li>\n<li>\n<p data-path-to-node=\"9,3,0\"><b data-path-to-node=\"9,3,0\" data-index-in-node=\"0\">Praktiline turundus:<\/b> V\u00e4ga kasulik ese, mis tagab teie br\u00e4ndi kohaloleku pidudel, \u00fcritustel ja kodudes.<\/p>\n<\/li>\n<\/ul>","protected":false},"featured_media":6218,"comment_status":"closed","ping_status":"closed","template":"","meta":[],"product_brand":[],"product_cat":[119,121],"product_tag":[],"class_list":{"0":"post-6217","1":"product","2":"type-product","3":"status-publish","4":"has-post-thumbnail","6":"product_cat-drinkware-accessories","7":"product_cat-promotional-merchandise","9":"first","10":"instock","11":"shipping-taxable","12":"product-type-simple"},"_links":{"self":[{"href":"https:\/\/wristbandfactory.eu\/et\/wp-json\/wp\/v2\/product\/6217","targetHints":{"allow":["GET"]}}],"collection":[{"href":"https:\/\/wristbandfactory.eu\/et\/wp-json\/wp\/v2\/product"}],"about":[{"href":"https:\/\/wristbandfactory.eu\/et\/wp-json\/wp\/v2\/types\/product"}],"replies":[{"embeddable":true,"href":"https:\/\/wristbandfactory.eu\/et\/wp-json\/wp\/v2\/comments?post=6217"}],"wp:featuredmedia":[{"embeddable":true,"href":"https:\/\/wristbandfactory.eu\/et\/wp-json\/wp\/v2\/media\/6218"}],"wp:attachment":[{"href":"https:\/\/wristbandfactory.eu\/et\/wp-json\/wp\/v2\/media?parent=6217"}],"wp:term":[{"taxonomy":"product_brand","embeddable":true,"href":"https:\/\/wristbandfactory.eu\/et\/wp-json\/wp\/v2\/product_brand?post=6217"},{"taxonomy":"product_cat","embeddable":true,"href":"https:\/\/wristbandfactory.eu\/et\/wp-json\/wp\/v2\/product_cat?post=6217"},{"taxonomy":"product_tag","embeddable":true,"href":"https:\/\/wristbandfactory.eu\/et\/wp-json\/wp\/v2\/product_tag?post=6217"}],"curies":[{"name":"t\u00f6\u00f6leht","href":"https:\/\/api.w.org\/{rel}","templated":true}]}}