{"id":6207,"date":"2025-12-20T17:34:30","date_gmt":"2025-12-20T14:34:30","guid":{"rendered":"https:\/\/wristbandfactory.eu\/?post_type=product&#038;p=6207"},"modified":"2025-12-29T13:25:55","modified_gmt":"2025-12-29T10:25:55","slug":"custom-faux-leather-keychains-with-3d-domed-logo","status":"publish","type":"product","link":"https:\/\/wristbandfactory.eu\/et\/p\/custom-faux-leather-keychains-with-3d-domed-logo\/","title":{"rendered":"Kunstnahast v\u00f5tmehoidjad 3D logoga"},"content":{"rendered":"<p data-path-to-node=\"10\">T\u00f5sta oma br\u00e4ndi esile meie abil <b data-path-to-node=\"10\" data-index-in-node=\"53\">Eridisainiga kunstnahast v\u00f5tmehoidjad<\/b>, millel on esmaklassiline 3D-kuplikujuline viimistlus. Need v\u00f5tmehoidjad pakuvad elegantset naha v\u00e4limust koos moodsa digitaaltr\u00fckitehnoloogiaga, muutes need ideaalseks valikuks ettev\u00f5tetele, kes otsivad peent reklaamkingitust ilma ehtsa naha graveerimise k\u00f5rge hinnaga.<\/p>\n<p data-path-to-node=\"11\">Selle v\u00f5tmehoidja keskne element on <b data-path-to-node=\"11\" data-index-in-node=\"40\">3D kupliga kleebis<\/b> (tuntud ka kui vaigust etikett). Tr\u00fckime teie logo erksates CMYK v\u00e4rvides ja katame selle kristallselge pol\u00fcuretaanvaigu kihiga. See mitte ainult ei lisa teie kujundusele v\u00f5imendavat 3D-efekti, vaid pakub ka vastupidavat kaitset kriimustuste ja UV-kiirguse eest.<\/p>\n<h2 data-path-to-node=\"12\">Peamised omadused<\/h2>\n<ul data-path-to-node=\"13\">\n<li>\n<p data-path-to-node=\"13,0,0\"><b data-path-to-node=\"13,0,0\" data-index-in-node=\"0\">\u00dche- v\u00f5i kahepoolne:<\/b> Valige meie \u00fchepoolne variant elegantse ja lihtsa v\u00e4limuse saavutamiseks v\u00f5i maksimeerige n\u00e4htavust kahepoolse mudeliga, millel on logo nii esi- kui ka tagak\u00fcljel.<\/p>\n<\/li>\n<li>\n<p data-path-to-node=\"13,1,0\"><b data-path-to-node=\"13,1,0\" data-index-in-node=\"0\">T\u00e4isv\u00e4rviline t\u00e4psus:<\/b> Erinevalt reljeeftr\u00fckist tabab meie digitaalne tr\u00fckiprotsess ideaalselt gradiente ja keerulisi logov\u00e4rve.<\/p>\n<\/li>\n<li>\n<p data-path-to-node=\"13,2,0\"><b data-path-to-node=\"13,2,0\" data-index-in-node=\"0\">Taktiline kogemus:<\/b> Pehme kunstnaha ja sileda, reljeefse vaigust kupli kombinatsioon loob k\u00e4es kvaliteetse tunde.<\/p>\n<\/li>\n<li>\n<p data-path-to-node=\"13,3,0\"><b data-path-to-node=\"13,3,0\" data-index-in-node=\"0\">Pikaajaline:<\/b> Vaigukate tagab, et teie br\u00e4ndis\u00f5num j\u00e4\u00e4b selgeks ja terveks isegi igap\u00e4evasel v\u00f5tmehoidjal kasutamisel.<\/p>\n<\/li>\n<\/ul>\n<h2 data-path-to-node=\"14\">Spetsifikatsioonid<\/h2>\n<ul data-path-to-node=\"15\">\n<li>\n<p data-path-to-node=\"15,0,0\"><b data-path-to-node=\"15,0,0\" data-index-in-node=\"0\">Materjal:<\/b> Kunstnahast (PU) kere pol\u00fcuretaanvaigust sildiga<\/p>\n<\/li>\n<li>\n<p data-path-to-node=\"15,1,0\"><b data-path-to-node=\"15,1,0\" data-index-in-node=\"0\">Printimismeetod:<\/b> CMYK digitaaltr\u00fckk vaigukupli all<\/p>\n<\/li>\n<li>\n<p data-path-to-node=\"15,2,0\"><b data-path-to-node=\"15,2,0\" data-index-in-node=\"0\">Kahepoolse mudeli m\u00f5\u00f5tmed:<\/b><\/p>\n<ul data-path-to-node=\"15,2,1\">\n<li>\n<p data-path-to-node=\"15,2,1,0,0\">Kleebise suurus: 19 \u00d7 21 mm<\/p>\n<\/li>\n<\/ul>\n<\/li>\n<li>\n<p data-path-to-node=\"15,3,0\"><b data-path-to-node=\"15,3,0\" data-index-in-node=\"0\">\u00dchepoolse mudeli standardkujud:<\/b><\/p>\n<ul data-path-to-node=\"15,3,1\">\n<li>\n<p data-path-to-node=\"15,3,1,0,0\">\u00dcmmargune (l\u00e4bim\u00f5\u00f5t): 20 mm, 27 mm<\/p>\n<\/li>\n<li>\n<p data-path-to-node=\"15,3,1,1,0\">Ruudukujuline\/Ristk\u00fclikukujuline: 27 \u00d7 27 mm, 16 \u00d7 45 mm<\/p>\n<\/li>\n<\/ul>\n<\/li>\n<\/ul>\n<h2 data-path-to-node=\"16\">Kasutusjuhud<\/h2>\n<ul data-path-to-node=\"17\">\n<li>\n<p data-path-to-node=\"17,0,0\"><b data-path-to-node=\"17,0,0\" data-index-in-node=\"0\">Autot\u00f6\u00f6stus:<\/b> Ideaalsed kingitused autoesindustele, autopesulatele ja rendifirmadele.<\/p>\n<\/li>\n<li>\n<p data-path-to-node=\"17,1,0\"><b data-path-to-node=\"17,1,0\" data-index-in-node=\"0\">Kinnisvara:<\/b> Klassikaline ja vastupidav kingitus uutele koduomanikele v\u00f5tmete \u00fcleandmisel.<\/p>\n<\/li>\n<li>\n<p data-path-to-node=\"17,2,0\"><b data-path-to-node=\"17,2,0\" data-index-in-node=\"0\">Ettev\u00f5tte br\u00e4nding:<\/b> Professionaalsed kaubad kindlustusseltsidele, pankadele ja kontoritarvete firmadele.<\/p>\n<\/li>\n<\/ul>\n<p data-path-to-node=\"18\">","protected":false},"excerpt":{"rendered":"<ul data-path-to-node=\"9\">\n<li>\n<p data-path-to-node=\"9,0,0\"><b data-path-to-node=\"9,0,0\" data-index-in-node=\"0\">Premium v\u00e4limus:<\/b> Kvaliteetne kunstnahk koos l\u00e4ikiva 3D-vaigust sildiga loob peene v\u00e4limuse.<\/p>\n<\/li>\n<li>\n<p data-path-to-node=\"9,1,0\"><b data-path-to-node=\"9,1,0\" data-index-in-node=\"0\">Elav br\u00e4nding:<\/b> Digitaalne CMYK-printimine v\u00f5imaldab luua t\u00e4isv\u00e4rvilisi logosid, mida kaitseb kriimustuskindel vaigust kuppel.<\/p>\n<\/li>\n<li>\n<p data-path-to-node=\"9,2,0\"><b data-path-to-node=\"9,2,0\" data-index-in-node=\"0\">Mitmek\u00fclgsed valikud:<\/b> Valige \u00fche- v\u00f5i kahepoolse isikup\u00e4rastamise vahel vastavalt oma turundusvajadustele.<\/p>\n<\/li>\n<li>\n<p data-path-to-node=\"9,3,0\"><b data-path-to-node=\"9,3,0\" data-index-in-node=\"0\">Vastupidav viimistlus:<\/b> Epoks\u00fcvaigukiht kaitseb logo kulumise, pleekimise ja veekahjustuste eest.<\/p>\n<\/li>\n<\/ul>","protected":false},"featured_media":6209,"comment_status":"closed","ping_status":"closed","template":"","meta":[],"product_brand":[],"product_cat":[94],"product_tag":[],"class_list":{"0":"post-6207","1":"product","2":"type-product","3":"status-publish","4":"has-post-thumbnail","6":"product_cat-keychains","8":"first","9":"instock","10":"shipping-taxable","11":"product-type-simple"},"_links":{"self":[{"href":"https:\/\/wristbandfactory.eu\/et\/wp-json\/wp\/v2\/product\/6207","targetHints":{"allow":["GET"]}}],"collection":[{"href":"https:\/\/wristbandfactory.eu\/et\/wp-json\/wp\/v2\/product"}],"about":[{"href":"https:\/\/wristbandfactory.eu\/et\/wp-json\/wp\/v2\/types\/product"}],"replies":[{"embeddable":true,"href":"https:\/\/wristbandfactory.eu\/et\/wp-json\/wp\/v2\/comments?post=6207"}],"wp:featuredmedia":[{"embeddable":true,"href":"https:\/\/wristbandfactory.eu\/et\/wp-json\/wp\/v2\/media\/6209"}],"wp:attachment":[{"href":"https:\/\/wristbandfactory.eu\/et\/wp-json\/wp\/v2\/media?parent=6207"}],"wp:term":[{"taxonomy":"product_brand","embeddable":true,"href":"https:\/\/wristbandfactory.eu\/et\/wp-json\/wp\/v2\/product_brand?post=6207"},{"taxonomy":"product_cat","embeddable":true,"href":"https:\/\/wristbandfactory.eu\/et\/wp-json\/wp\/v2\/product_cat?post=6207"},{"taxonomy":"product_tag","embeddable":true,"href":"https:\/\/wristbandfactory.eu\/et\/wp-json\/wp\/v2\/product_tag?post=6207"}],"curies":[{"name":"t\u00f6\u00f6leht","href":"https:\/\/api.w.org\/{rel}","templated":true}]}}