{"id":6204,"date":"2025-12-20T17:26:54","date_gmt":"2025-12-20T14:26:54","guid":{"rendered":"https:\/\/wristbandfactory.eu\/?post_type=product&#038;p=6204"},"modified":"2025-12-20T17:26:54","modified_gmt":"2025-12-20T14:26:54","slug":"custom-printed-decorative-pillows-microfiber","status":"publish","type":"product","link":"https:\/\/wristbandfactory.eu\/et\/p\/custom-printed-decorative-pillows-microfiber\/","title":{"rendered":"Logoga dekoratiivpadjad"},"content":{"rendered":"<p data-path-to-node=\"10\">Muutke iga ruum br\u00e4ndinguv\u00f5imaluseks meie abil <b data-path-to-node=\"10\" data-index-in-node=\"82\">Eridisainiga tr\u00fckitud dekoratiivsed padjad<\/b>. Olenemata sellest, kas need padjad on suunatud reisihuvilistele, mugavuse suurendamisele v\u00e4li\u00fcritustel v\u00f5i br\u00e4ndilise ilme lisamisele hotellide fuajeedesse ja restoranidele, tagavad need teie s\u00f5numi n\u00e4htavuse ja tuntavuse.<\/p>\n<p data-path-to-node=\"11\">Kvaliteetsest pehmest mikrokiust valmistatud padjad pakuvad luksuslikku tunnet, mida kliendid hindavad. Sile pind sobib ideaalselt <b data-path-to-node=\"11\" data-index-in-node=\"142\">fotorealistlik sublimatsioonitr\u00fckk<\/b>, mis v\u00f5imaldab keerukaid kujundusi, tootefotosid ja erksaid logosid, mis ulatuvad \u00fcle kogu padja.<\/p>\n<h2 data-path-to-node=\"12\">Peamised omadused<\/h2>\n<ul data-path-to-node=\"13\">\n<li>\n<p data-path-to-node=\"13,0,0\"><b data-path-to-node=\"13,0,0\" data-index-in-node=\"0\">Maksimaalne br\u00e4ndi n\u00e4htavus:<\/b> Erinevalt v\u00e4ikestest esemetest pakuvad padjad suurt l\u00f5uendit. M\u00f5lema poole kasutamine v\u00f5imaldab loomingulist turundust \u2013 n\u00e4iteks elustiilipilt esik\u00fcljele ja teie ettev\u00f5tte logo tagak\u00fcljele.<\/p>\n<\/li>\n<li>\n<p data-path-to-node=\"13,1,0\"><b data-path-to-node=\"13,1,0\" data-index-in-node=\"0\">\u00dclim mugavus:<\/b> 200 g\/m\u00b2 mikrokiudkangas on pehme, mist\u00f5ttu on see funktsionaalne ese, mida kingisaajad soovivad oma kodus v\u00f5i kontoris kasutada.<\/p>\n<\/li>\n<li>\n<p data-path-to-node=\"13,2,0\"><b data-path-to-node=\"13,2,0\" data-index-in-node=\"0\">Vastupidav ja ergas:<\/b> 100% pol\u00fcesterkonstruktsioon tagab, et padi s\u00e4ilitab oma kuju ja muster p\u00fcsib erksana ka p\u00e4rast kasutamist.<\/p>\n<\/li>\n<li>\n<p data-path-to-node=\"13,3,0\"><b data-path-to-node=\"13,3,0\" data-index-in-node=\"0\">\u00dcrituseks valmis:<\/b> Suurep\u00e4rane viis br\u00e4ndida puhkealasid messidel, festivalidel v\u00f5i VIP-nurkades baarides ja klubides.<\/p>\n<\/li>\n<\/ul>\n<h2 data-path-to-node=\"14\">Spetsifikatsioonid<\/h2>\n<ul data-path-to-node=\"15\">\n<li>\n<p data-path-to-node=\"15,0,0\"><b data-path-to-node=\"15,0,0\" data-index-in-node=\"0\">Materjal:<\/b> 100% pol\u00fcester mikrokiud<\/p>\n<\/li>\n<li>\n<p data-path-to-node=\"15,1,0\"><b data-path-to-node=\"15,1,0\" data-index-in-node=\"0\">Kanga kaal:<\/b> 200 g\/m\u00b2<\/p>\n<\/li>\n<li>\n<p data-path-to-node=\"15,2,0\"><b data-path-to-node=\"15,2,0\" data-index-in-node=\"0\">Tr\u00fckitehnika:<\/b> T\u00e4isv\u00e4rviline sublimatsioon (fotorealistlik)<\/p>\n<\/li>\n<li>\n<p data-path-to-node=\"15,3,0\"><b data-path-to-node=\"15,3,0\" data-index-in-node=\"0\">Saadaval olevad suurused:<\/b><\/p>\n<ul data-path-to-node=\"15,3,1\">\n<li>\n<p data-path-to-node=\"15,3,1,0,0\"><b data-path-to-node=\"15,3,1,0,0\" data-index-in-node=\"0\">30 \u00d7 30 cm<\/b><\/p>\n<\/li>\n<li>\n<p data-path-to-node=\"15,3,1,1,0\"><b data-path-to-node=\"15,3,1,1,0\" data-index-in-node=\"0\">40 \u00d7 40 cm<\/b><\/p>\n<\/li>\n<\/ul>\n<\/li>\n<\/ul>\n<h2 data-path-to-node=\"16\">Kasutusjuhud<\/h2>\n<ul>\n<li>\n<p data-path-to-node=\"6,0,0\"><b data-path-to-node=\"6,0,0\" data-index-in-node=\"0\">\u00dcritused ja kampaaniad:<\/b> Ideaalne v\u00e4listingimustes istumisalade, festivalide VIP-lounge&#039;ide ja messide l\u00f5\u00f5gastusalade br\u00e4ndimiseks.<\/p>\n<\/li>\n<li>\n<p data-path-to-node=\"6,1,0\"><b data-path-to-node=\"6,1,0\" data-index-in-node=\"0\">K\u00fclalislahkus ja sisustus:<\/b> Lisab hotelli fuajeedesse, spaa ooteruumidesse, restoranidele ja baaridele isikup\u00e4rase ilme.<\/p>\n<\/li>\n<li>\n<p data-path-to-node=\"6,2,0\"><b data-path-to-node=\"6,2,0\" data-index-in-node=\"0\">Ettev\u00f5tte kingitused:<\/b> Esmaklassiline pehme kingitus partneritele ja t\u00f6\u00f6tajatele, mis sobib ideaalselt kodukontorisse.<\/p>\n<\/li>\n<\/ul>","protected":false},"excerpt":{"rendered":"<ul>\n<li>\n<p data-path-to-node=\"9,0,0\"><b data-path-to-node=\"9,0,0\" data-index-in-node=\"0\">Fotorealistlik br\u00e4nding:<\/b> Teravate logode ja erksate piltide jaoks on k\u00f5rglahutusega t\u00e4ispindtr\u00fckk.<\/p>\n<\/li>\n<li>\n<p data-path-to-node=\"9,1,0\"><b data-path-to-node=\"9,1,0\" data-index-in-node=\"0\">Kvaliteetne materjal:<\/b> Valmistatud luksusliku ja pehme tekstuuriga 100% pol\u00fcestermikrokiust (200 g\/m\u00b2).<\/p>\n<\/li>\n<li>\n<p data-path-to-node=\"9,2,0\"><b data-path-to-node=\"9,2,0\" data-index-in-node=\"0\">Kahepoolne disain:<\/b> Maksimaalse efekti saavutamiseks printige \u00fchele poole toote pilt ja teisele oma logo.<\/p>\n<\/li>\n<li>\n<p data-path-to-node=\"9,3,0\"><b data-path-to-node=\"9,3,0\" data-index-in-node=\"0\">Mitmek\u00fclgne kasutamine:<\/b> Ideaalne reisikampaaniate, hotellide, restoranide ja v\u00e4li\u00fcrituste istekohtade jaoks.<\/p>\n<\/li>\n<\/ul>","protected":false},"featured_media":6206,"comment_status":"closed","ping_status":"closed","template":"","meta":[],"product_brand":[],"product_cat":[129,68],"product_tag":[],"class_list":{"0":"post-6204","1":"product","2":"type-product","3":"status-publish","4":"has-post-thumbnail","6":"product_cat-leisure-lifestyle","7":"product_cat-event-supplies","9":"first","10":"instock","11":"shipping-taxable","12":"product-type-simple"},"_links":{"self":[{"href":"https:\/\/wristbandfactory.eu\/et\/wp-json\/wp\/v2\/product\/6204","targetHints":{"allow":["GET"]}}],"collection":[{"href":"https:\/\/wristbandfactory.eu\/et\/wp-json\/wp\/v2\/product"}],"about":[{"href":"https:\/\/wristbandfactory.eu\/et\/wp-json\/wp\/v2\/types\/product"}],"replies":[{"embeddable":true,"href":"https:\/\/wristbandfactory.eu\/et\/wp-json\/wp\/v2\/comments?post=6204"}],"wp:featuredmedia":[{"embeddable":true,"href":"https:\/\/wristbandfactory.eu\/et\/wp-json\/wp\/v2\/media\/6206"}],"wp:attachment":[{"href":"https:\/\/wristbandfactory.eu\/et\/wp-json\/wp\/v2\/media?parent=6204"}],"wp:term":[{"taxonomy":"product_brand","embeddable":true,"href":"https:\/\/wristbandfactory.eu\/et\/wp-json\/wp\/v2\/product_brand?post=6204"},{"taxonomy":"product_cat","embeddable":true,"href":"https:\/\/wristbandfactory.eu\/et\/wp-json\/wp\/v2\/product_cat?post=6204"},{"taxonomy":"product_tag","embeddable":true,"href":"https:\/\/wristbandfactory.eu\/et\/wp-json\/wp\/v2\/product_tag?post=6204"}],"curies":[{"name":"t\u00f6\u00f6leht","href":"https:\/\/api.w.org\/{rel}","templated":true}]}}