{"id":6201,"date":"2025-12-20T17:18:10","date_gmt":"2025-12-20T14:18:10","guid":{"rendered":"https:\/\/wristbandfactory.eu\/?post_type=product&#038;p=6201"},"modified":"2025-12-20T17:18:10","modified_gmt":"2025-12-20T14:18:10","slug":"custom-fan-scarves-sports-supporters-scarves-knitted-or-printed","status":"publish","type":"product","link":"https:\/\/wristbandfactory.eu\/et\/p\/custom-fan-scarves-sports-supporters-scarves-knitted-or-printed\/","title":{"rendered":"Logoga f\u00e4nnisallid"},"content":{"rendered":"<p data-path-to-node=\"10\">Tugevdage meeskonna \u00fchtsust ja maksimeerige br\u00e4ndi n\u00e4htavust meie <b data-path-to-node=\"10\" data-index-in-node=\"86\">Eridisainiga f\u00e4nnisallid<\/b>. Olgu tegemist professionaalse jalgpalliklubi, kohaliku spordimeeskonna v\u00f5i ettev\u00f5tte reklaam\u00fcritusega, need sallid on \u00fclim ergutusaksessuaar. Pakume mitmek\u00fclgseid valmistamisv\u00f5imalusi, et need vastaksid teie konkreetsetele disainivajadustele, alates traditsioonilisest soojusest kuni k\u00f5rglahutusega graafikani.<\/p>\n<p data-path-to-node=\"11\">Meie valikus on kolm spetsiaalset mudelit, mis tagavad teie logo parima v\u00e4ljan\u00e4gemise, olenemata sellest, kas see on otse kangasse kootud v\u00f5i fotorealistliku t\u00e4psusega tr\u00fckitud.<\/p>\n<h2 data-path-to-node=\"12\">Peamised omadused<\/h2>\n<ul data-path-to-node=\"13\">\n<li>\n<p data-path-to-node=\"13,0,0\"><b data-path-to-node=\"13,0,0\" data-index-in-node=\"0\">Klassikaline kootud sall:<\/b> Traditsiooniline valik. Kahepoolne disain v\u00f5imaldab m\u00f5lemale k\u00fcljele erinevaid logosid. Valmistatud pehmest 100% akr\u00fc\u00fclist soojuse ja vastupidavuse tagamiseks.<\/p>\n<\/li>\n<li>\n<p data-path-to-node=\"13,1,0\"><b data-path-to-node=\"13,1,0\" data-index-in-node=\"0\">Unikaalse pildiga sall (tr\u00fckitud):<\/b> Loodud keeruka graafika jaoks. Kasutab \u00fchel k\u00fcljel peegelpildi efekti, et saavutada teravaid ja detailseid prindit\u00f6id, millele kudumine ei suuda vastu astuda.<\/p>\n<\/li>\n<li>\n<p data-path-to-node=\"13,2,0\"><b data-path-to-node=\"13,2,0\" data-index-in-node=\"0\">Kootud sall embleemiga:<\/b> Eksklusiivne ja esmaklassiline variant. Kombineerib klassikalise kootud aluspinna detailse kinnitatud embleemiga, et luua luksuslik v\u00e4limus.<\/p>\n<\/li>\n<\/ul>\n<h2 data-path-to-node=\"14\">Spetsifikatsioonid<\/h2>\n<table data-path-to-node=\"15\">\n<thead>\n<tr>\n<td><strong>Mudeli t\u00fc\u00fcp<\/strong><\/td>\n<td><strong>M\u00f5\u00f5tmed<\/strong><\/td>\n<td><strong>Materjali koostis<\/strong><\/td>\n<td><strong>P\u00f5hiomadus<\/strong><\/td>\n<\/tr>\n<\/thead>\n<tbody>\n<tr>\n<td><span data-path-to-node=\"15,1,0,0\"><b data-path-to-node=\"15,1,0,0\" data-index-in-node=\"0\">Kootud sall<\/b><\/span><\/td>\n<td><span data-path-to-node=\"15,1,1,0\">18 \u00d7 140 cm<\/span><\/td>\n<td><span data-path-to-node=\"15,1,2,0\">100% akr\u00fc\u00fcl<\/span><\/td>\n<td><span data-path-to-node=\"15,1,3,0\">Kahepoolne, klassikaline soojus<\/span><\/td>\n<\/tr>\n<tr>\n<td><span data-path-to-node=\"15,2,0,0\"><b data-path-to-node=\"15,2,0,0\" data-index-in-node=\"0\">Pildisall<\/b><\/span><\/td>\n<td><span data-path-to-node=\"15,2,1,0\">20 \u00d7 130 cm<\/span><\/td>\n<td><span data-path-to-node=\"15,2,2,0\">80% akr\u00fc\u00fcl, 20% pol\u00fcester<\/span><\/td>\n<td><span data-path-to-node=\"15,2,3,0\">Detailne tr\u00fckk, peegliefekt<\/span><\/td>\n<\/tr>\n<tr>\n<td><span data-path-to-node=\"15,3,0,0\"><b data-path-to-node=\"15,3,0,0\" data-index-in-node=\"0\">Embleemi sall<\/b><\/span><\/td>\n<td><span data-path-to-node=\"15,3,1,0\">19 \u00d7 130 cm<\/span><\/td>\n<td><span data-path-to-node=\"15,3,2,0\">100% akr\u00fc\u00fcl<\/span><\/td>\n<td><span data-path-to-node=\"15,3,3,0\">Premium tikitud plaaster<\/span><\/td>\n<\/tr>\n<\/tbody>\n<\/table>\n<h2 data-path-to-node=\"16\">Kasutusjuhud<\/h2>\n<ul data-path-to-node=\"17\">\n<li>\n<p data-path-to-node=\"17,0,0\"><b data-path-to-node=\"17,0,0\" data-index-in-node=\"0\">Spordikaupade m\u00fc\u00fck:<\/b> Oluline tuluallikas jalgpalli-, hoki- ja korvpalliklubide f\u00e4nnipoodidele.<\/p>\n<\/li>\n<li>\n<p data-path-to-node=\"17,1,0\"><b data-path-to-node=\"17,1,0\" data-index-in-node=\"0\">\u00dcrituse sponsorlus:<\/b> N\u00e4htava br\u00e4ndingu loomine staadionipublikutele ja suurtele spordi\u00fcritustele.<\/p>\n<\/li>\n<li>\n<p data-path-to-node=\"17,2,0\"><b data-path-to-node=\"17,2,0\" data-index-in-node=\"0\">Ettev\u00f5tte kingitused:<\/b> Soojad ja praktilised kingitused talvisteks \u00fcritusteks v\u00f5i meeskonnat\u00f6\u00f6 arendamise tegevusteks \u00f5ues.<\/p>\n<\/li>\n<\/ul>","protected":false},"excerpt":{"rendered":"<ul>\n<li>\n<p data-path-to-node=\"9,0,0\"><b data-path-to-node=\"9,0,0\" data-index-in-node=\"0\">Kolm erinevat stiili:<\/b> Vali klassikalise kootud (\u017eakaar), HD-pildiga tr\u00fckitud v\u00f5i eksklusiivse embleemiga mudeli vahel.<\/p>\n<\/li>\n<li>\n<p data-path-to-node=\"9,1,0\"><b data-path-to-node=\"9,1,0\" data-index-in-node=\"0\">Kvaliteetsed materjalid:<\/b> Valmistatud soojast 100% akr\u00fc\u00fclist v\u00f5i detailsest pol\u00fcakr\u00fc\u00fcli segust teravamate prinditulemuste saavutamiseks.<\/p>\n<\/li>\n<li>\n<p data-path-to-node=\"9,2,0\"><b data-path-to-node=\"9,2,0\" data-index-in-node=\"0\">Kahepoolne br\u00e4nding:<\/b> Kootud mudelid v\u00f5imaldavad esi- ja tagak\u00fcljel erinevaid eridisainiga kujundusi.<\/p>\n<\/li>\n<li>\n<p data-path-to-node=\"9,3,0\"><b data-path-to-node=\"9,3,0\" data-index-in-node=\"0\">\u00dclim f\u00e4nnikaup:<\/b> Jalgpalliklubide, spordimeeskondade ja reklaam\u00fcrituste standardvarustus.<\/p>\n<\/li>\n<\/ul>","protected":false},"featured_media":6202,"comment_status":"closed","ping_status":"closed","template":"","meta":[],"product_brand":[],"product_cat":[123],"product_tag":[],"class_list":{"0":"post-6201","1":"product","2":"type-product","3":"status-publish","4":"has-post-thumbnail","6":"product_cat-fan-cheering-items","8":"first","9":"instock","10":"shipping-taxable","11":"product-type-simple"},"_links":{"self":[{"href":"https:\/\/wristbandfactory.eu\/et\/wp-json\/wp\/v2\/product\/6201","targetHints":{"allow":["GET"]}}],"collection":[{"href":"https:\/\/wristbandfactory.eu\/et\/wp-json\/wp\/v2\/product"}],"about":[{"href":"https:\/\/wristbandfactory.eu\/et\/wp-json\/wp\/v2\/types\/product"}],"replies":[{"embeddable":true,"href":"https:\/\/wristbandfactory.eu\/et\/wp-json\/wp\/v2\/comments?post=6201"}],"wp:featuredmedia":[{"embeddable":true,"href":"https:\/\/wristbandfactory.eu\/et\/wp-json\/wp\/v2\/media\/6202"}],"wp:attachment":[{"href":"https:\/\/wristbandfactory.eu\/et\/wp-json\/wp\/v2\/media?parent=6201"}],"wp:term":[{"taxonomy":"product_brand","embeddable":true,"href":"https:\/\/wristbandfactory.eu\/et\/wp-json\/wp\/v2\/product_brand?post=6201"},{"taxonomy":"product_cat","embeddable":true,"href":"https:\/\/wristbandfactory.eu\/et\/wp-json\/wp\/v2\/product_cat?post=6201"},{"taxonomy":"product_tag","embeddable":true,"href":"https:\/\/wristbandfactory.eu\/et\/wp-json\/wp\/v2\/product_tag?post=6201"}],"curies":[{"name":"t\u00f6\u00f6leht","href":"https:\/\/api.w.org\/{rel}","templated":true}]}}