{"id":6196,"date":"2025-12-20T17:11:39","date_gmt":"2025-12-20T14:11:39","guid":{"rendered":"https:\/\/wristbandfactory.eu\/?post_type=product&#038;p=6196"},"modified":"2025-12-29T13:28:43","modified_gmt":"2025-12-29T10:28:43","slug":"custom-printed-beeswax-food-wraps-bags-gots-certified-cotton","status":"publish","type":"product","link":"https:\/\/wristbandfactory.eu\/et\/p\/custom-printed-beeswax-food-wraps-bags-gots-certified-cotton\/","title":{"rendered":"Logoga mesilasvahast toidum\u00e4hikud"},"content":{"rendered":"<p data-path-to-node=\"12\">Suurenda oma ettev\u00f5tte sotsiaalset vastutust meie abil <b data-path-to-node=\"12\" data-index-in-node=\"79\">Eridisainiga tr\u00fckitud mesilasvaha toidukiled<\/b>. \u00dchekordselt kasutatavate plastide j\u00e4tkusuutliku alternatiivina pakuvad need kiled uuenduslikku ja keskkonnas\u00f5bralikku viisi toidu v\u00e4rskena hoidmiseks. Need kiled sobivad ideaalselt keskkonnateadlikele kaubam\u00e4rkidele, muutes igap\u00e4evased k\u00f6\u00f6gitarbed v\u00f5imsateks reklaamlauseteks.<\/p>\n<p data-path-to-node=\"13\">Kvaliteetsetest 100% looduslikest materjalidest valmistatud meie wrapid kasutavad teie k\u00e4te soojust, et vormida puuvilju, k\u00f6\u00f6givilju, v\u00f5ileibu v\u00f5i kausse, luues hingava tihendi, mis hoiab toidu kauem v\u00e4rskena.<\/p>\n<h2 data-path-to-node=\"14\">Peamised omadused<\/h2>\n<ul data-path-to-node=\"15\">\n<li>\n<p data-path-to-node=\"15,0,0\"><b data-path-to-node=\"15,0,0\" data-index-in-node=\"0\">Nullj\u00e4\u00e4tmete lahendus:<\/b> T\u00e4ielikult biolagunev ja komposteeritav, asendades \u00fchekordselt kasutatavat kilem\u00e4hist ja fooliumi.<\/p>\n<\/li>\n<li>\n<p data-path-to-node=\"15,1,0\"><b data-path-to-node=\"15,1,0\" data-index-in-node=\"0\">Sertifitseeritud kvaliteet:<\/b> Kasutame ainult GOTS-sertifikaadiga prinditavat puuvilla, tagades, et kangas on orgaaniline ja eetiliselt hangitud.<\/p>\n<\/li>\n<li>\n<p data-path-to-node=\"15,2,0\"><b data-path-to-node=\"15,2,0\" data-index-in-node=\"0\">Looduslik kaitse:<\/b> Ainulaadne segu mesilasvahast, jojoba\u00f5list ja m\u00e4nnivaigust pakub looduslikke antibakteriaalseid omadusi.<\/p>\n<\/li>\n<li>\n<p data-path-to-node=\"15,3,0\"><b data-path-to-node=\"15,3,0\" data-index-in-node=\"0\">Mitmek\u00fclgne br\u00e4nding:<\/b> Teie logo v\u00f5i eridisainiga mustri saab otse kangale tr\u00fckkida, pakkudes igap\u00e4evast br\u00e4ndi n\u00e4htavust kodudes ja kontorites.<\/p>\n<\/li>\n<li>\n<p data-path-to-node=\"15,4,0\"><b data-path-to-node=\"15,4,0\" data-index-in-node=\"0\">Pikaajaline:<\/b> Lihtsa hoolduse (pesemine leiges vees) t\u00f5ttu on need m\u00e4hised m\u00f5eldud korduvaks kasutamiseks, pakkudes reklaamieelarvetele suurt investeeringutasuvust.<\/p>\n<\/li>\n<\/ul>\n<h2 data-path-to-node=\"16\">Spetsifikatsioonid<\/h2>\n<ul data-path-to-node=\"17\">\n<li>\n<p data-path-to-node=\"17,0,0\"><b data-path-to-node=\"17,0,0\" data-index-in-node=\"0\">Materjali koostis:<\/b> GOTS puuvill, mesilasvaha (toiduk\u00f5lblik), jojoba\u00f5li, m\u00e4nnivaik.<\/p>\n<\/li>\n<li>\n<p data-path-to-node=\"17,1,0\"><b data-path-to-node=\"17,1,0\" data-index-in-node=\"0\">Standardsete lehtede suurused:<\/b><\/p>\n<ul data-path-to-node=\"17,1,1\">\n<li>\n<p data-path-to-node=\"17,1,1,0,0\"><b data-path-to-node=\"17,1,1,0,0\" data-index-in-node=\"0\">V\u00e4ike (18 \u00d7 18 cm):<\/b> Suupisteteks t\u00fckeldatud puuviljad v\u00f5i v\u00e4ikeste purkide katted.<\/p>\n<\/li>\n<li>\n<p data-path-to-node=\"17,1,1,1,0\"><b data-path-to-node=\"17,1,1,1,0\" data-index-in-node=\"0\">Keskmine (25 \u00d7 25 cm):<\/b> Ideaalne juustu, v\u00f5ileibade v\u00f5i keskmiste kausside jaoks.<\/p>\n<\/li>\n<li>\n<p data-path-to-node=\"17,1,1,2,0\"><b data-path-to-node=\"17,1,1,2,0\" data-index-in-node=\"0\">Suur (36 \u00d7 36 cm):<\/b> Katab suuri kausse, leiba v\u00f5i meloneid.<\/p>\n<\/li>\n<\/ul>\n<\/li>\n<li>\n<p data-path-to-node=\"17,2,0\"><b data-path-to-node=\"17,2,0\" data-index-in-node=\"0\">Koti suurused:<\/b><\/p>\n<ul data-path-to-node=\"17,2,1\">\n<li>\n<p data-path-to-node=\"17,2,1,0,0\"><b data-path-to-node=\"17,2,1,0,0\" data-index-in-node=\"0\">Keskmise suurusega kott (16 \u00d7 23 cm):<\/b> Ideaalne suupistebatoonide ja v\u00f5ileibade jaoks liikvel olles.<\/p>\n<\/li>\n<li>\n<p data-path-to-node=\"17,2,1,1,0\"><b data-path-to-node=\"17,2,1,1,0\" data-index-in-node=\"0\">Suur kott (23 \u00d7 32 cm):<\/b> Sobib pagaritoodete, v\u00e4rskete roheliste v\u00f5i suuremate k\u00f6\u00f6giviljade jaoks.<\/p>\n<\/li>\n<\/ul>\n<\/li>\n<li>\n<p data-path-to-node=\"17,3,0\"><b data-path-to-node=\"17,3,0\" data-index-in-node=\"0\">Kohandamine:<\/b> Saadaval on t\u00e4ispinna tr\u00fckkimine v\u00f5i logo paigutamine.<\/p>\n<\/li>\n<\/ul>\n<h2 data-path-to-node=\"18\">Kasutusjuhud<\/h2>\n<ul data-path-to-node=\"19\">\n<li>\n<p data-path-to-node=\"19,0,0\"><b data-path-to-node=\"19,0,0\" data-index-in-node=\"0\">Ettev\u00f5tte kingitused:<\/b> L\u00e4bim\u00f5eldud ja j\u00e4tkusuutlik kingitus t\u00f6\u00f6tajatele ja klientidele, mis on koosk\u00f5las roheliste algatustega.<\/p>\n<\/li>\n<li>\n<p data-path-to-node=\"19,1,0\"><b data-path-to-node=\"19,1,0\" data-index-in-node=\"0\">\u00dcrituse kaubad:<\/b> V\u00e4\u00e4rtuslikud kingitused toidufestivalidele, j\u00e4tkusuutlikkuse konverentsidele ja messidele.<\/p>\n<\/li>\n<li>\n<p data-path-to-node=\"19,2,0\"><b data-path-to-node=\"19,2,0\" data-index-in-node=\"0\">Jaem\u00fc\u00fck ja edasim\u00fc\u00fck:<\/b> Ideaalne mahetoidupoodidele, nullj\u00e4\u00e4tmetega kauplustele ja muuseumide kingipoodidele.<\/p>\n<\/li>\n<\/ul>","protected":false},"excerpt":{"rendered":"<ul>\n<li>\n<p data-path-to-node=\"11,0,0\"><b data-path-to-node=\"11,0,0\" data-index-in-node=\"0\">100% looduslikud materjalid:<\/b> Valmistatud GOTS-sertifitseeritud puuvillast, puhtast mesilasvahast, jojoba\u00f5list ja m\u00e4nnivaigust.<\/p>\n<\/li>\n<li>\n<p data-path-to-node=\"11,1,0\"><b data-path-to-node=\"11,1,0\" data-index-in-node=\"0\">Keskkonnas\u00f5bralik br\u00e4nding:<\/b> J\u00e4tkusuutlik ja biolagunev alternatiiv plastist toidukilele ja alumiiniumfooliumile.<\/p>\n<\/li>\n<li>\n<p data-path-to-node=\"11,2,0\"><b data-path-to-node=\"11,2,0\" data-index-in-node=\"0\">Kohandatav:<\/b> Saadaval erinevates lehtede suurustes ja kotiformaatides koos t\u00e4isv\u00e4rvilise logo tr\u00fckkimise v\u00f5imalustega.<\/p>\n<\/li>\n<li>\n<p data-path-to-node=\"11,3,0\"><b data-path-to-node=\"11,3,0\" data-index-in-node=\"0\">Korduvkasutatav ja pestav:<\/b> Vastupidav disain, mis vormib end k\u00e4esoojusega ja kestab korduval kasutamisel.<\/p>\n<\/li>\n<\/ul>","protected":false},"featured_media":6198,"comment_status":"closed","ping_status":"closed","template":"","meta":[],"product_brand":[],"product_cat":[121],"product_tag":[],"class_list":{"0":"post-6196","1":"product","2":"type-product","3":"status-publish","4":"has-post-thumbnail","6":"product_cat-promotional-merchandise","8":"first","9":"instock","10":"shipping-taxable","11":"purchasable","12":"product-type-simple"},"_links":{"self":[{"href":"https:\/\/wristbandfactory.eu\/et\/wp-json\/wp\/v2\/product\/6196","targetHints":{"allow":["GET"]}}],"collection":[{"href":"https:\/\/wristbandfactory.eu\/et\/wp-json\/wp\/v2\/product"}],"about":[{"href":"https:\/\/wristbandfactory.eu\/et\/wp-json\/wp\/v2\/types\/product"}],"replies":[{"embeddable":true,"href":"https:\/\/wristbandfactory.eu\/et\/wp-json\/wp\/v2\/comments?post=6196"}],"wp:featuredmedia":[{"embeddable":true,"href":"https:\/\/wristbandfactory.eu\/et\/wp-json\/wp\/v2\/media\/6198"}],"wp:attachment":[{"href":"https:\/\/wristbandfactory.eu\/et\/wp-json\/wp\/v2\/media?parent=6196"}],"wp:term":[{"taxonomy":"product_brand","embeddable":true,"href":"https:\/\/wristbandfactory.eu\/et\/wp-json\/wp\/v2\/product_brand?post=6196"},{"taxonomy":"product_cat","embeddable":true,"href":"https:\/\/wristbandfactory.eu\/et\/wp-json\/wp\/v2\/product_cat?post=6196"},{"taxonomy":"product_tag","embeddable":true,"href":"https:\/\/wristbandfactory.eu\/et\/wp-json\/wp\/v2\/product_tag?post=6196"}],"curies":[{"name":"t\u00f6\u00f6leht","href":"https:\/\/api.w.org\/{rel}","templated":true}]}}