{"id":6193,"date":"2025-12-20T16:56:00","date_gmt":"2025-12-20T13:56:00","guid":{"rendered":"https:\/\/wristbandfactory.eu\/?post_type=product&#038;p=6193"},"modified":"2025-12-29T13:32:38","modified_gmt":"2025-12-29T10:32:38","slug":"plantable-id-cards-with-linden-seeds-personalized","status":"publish","type":"product","link":"https:\/\/wristbandfactory.eu\/et\/p\/plantable-id-cards-with-linden-seeds-personalized\/","title":{"rendered":"Istutatavad nimekaardid \/ Seemnetega kaelakaardid"},"content":{"rendered":"<p data-path-to-node=\"12\">Muutke oma \u00fcrituse akrediteering roheliseks avalduseks meie abil <b data-path-to-node=\"12\" data-index-in-node=\"92\">Istutatavad ID-kaardid p\u00e4rnaseemnetega<\/b>. Erinevalt tavalistest plast- v\u00f5i paberist m\u00e4rkidest on neil uuenduslikel kaartidel ainulaadne \u00f6kokeer: esik\u00fcljele on kinnitatud v\u00e4ike biolagunev MDF-karp, milles on p\u00e4ris p\u00e4rn (<i data-path-to-node=\"12\" data-index-in-node=\"310\">Tilia<\/i>) seemned.<\/p>\n<p data-path-to-node=\"13\">Need kvaliteetsest immutatud paberist valmistatud kaardid on loodud vastu pidama mitmep\u00e4evaste konverentside v\u00f5i festivalide kulumisele, j\u00e4\u00e4des samal ajal t\u00e4ielikult biolagunevaks. P\u00e4rast \u00fcritust saavad osalejad kogu kaardi istutada aeda v\u00f5i parki, kus seemned idanevad ja kasvavad puudeks \u2013 j\u00e4ttes maha p\u00fcsiva ja positiivse \u00f6koloogilise p\u00e4randi veel kaua p\u00e4rast \u00fcrituse l\u00f5ppu.<\/p>\n<h2 data-path-to-node=\"14\">Peamised omadused<\/h2>\n<ul data-path-to-node=\"15\">\n<li>\n<p data-path-to-node=\"15,0,0\"><b data-path-to-node=\"15,0,0\" data-index-in-node=\"0\">Muutuvate andmete printimine (VDP):<\/b> Saame igale kaardile printida individuaalsed osalejate nimed, QR-koodid v\u00f5i istekohtade numbrid, muutes iga m\u00e4rgi ainulaadseks ja jagamiseks valmis.<\/p>\n<\/li>\n<li>\n<p data-path-to-node=\"15,1,0\"><b data-path-to-node=\"15,1,0\" data-index-in-node=\"0\">Innovatiivne seemnekonteiner:<\/b> Seemned on kaardi esik\u00fcljel dekoratiivses MDF-kapslis, mis loob kohese visuaalse jututeema j\u00e4tkusuutlikkuse kohta.<\/p>\n<\/li>\n<li>\n<p data-path-to-node=\"15,2,0\"><b data-path-to-node=\"15,2,0\" data-index-in-node=\"0\">T\u00e4isv\u00e4rviline br\u00e4nding:<\/b> K\u00f5rglahutusega CMYK-printimine on saadaval nii esik\u00fcljele (4+0) kui ka tagak\u00fcljele (4+4), et teie \u00fcrituse br\u00e4ndingut ilmekalt esile tuua.<\/p>\n<\/li>\n<li>\n<p data-path-to-node=\"15,3,0\"><b data-path-to-node=\"15,3,0\" data-index-in-node=\"0\">Hariduslik v\u00e4\u00e4rtus:<\/b> Tagak\u00fcljel on tr\u00fckitud selged istutusjuhised, mis juhendavad kasutajat, kuidas oma ID-kaart puuks muuta.<\/p>\n<\/li>\n<\/ul>\n<h2 data-path-to-node=\"16\">Spetsifikatsioonid<\/h2>\n<ul data-path-to-node=\"17\">\n<li>\n<p data-path-to-node=\"17,0,0\"><b data-path-to-node=\"17,0,0\" data-index-in-node=\"0\">M\u00f5\u00f5tmed:<\/b> 60 mm x 90 mm.<\/p>\n<\/li>\n<li>\n<p data-path-to-node=\"17,1,0\"><b data-path-to-node=\"17,1,0\" data-index-in-node=\"0\">Materjal:<\/b> Impregneeritud paber (biolagunev) + MDF-ist seemnekonteiner.<\/p>\n<\/li>\n<li>\n<p data-path-to-node=\"17,2,0\"><b data-path-to-node=\"17,2,0\" data-index-in-node=\"0\">Seemne t\u00fc\u00fcp:<\/b> P\u00e4rn (<i data-path-to-node=\"17,2,0\" data-index-in-node=\"24\">Tilia<\/i>).<\/p>\n<\/li>\n<li>\n<p data-path-to-node=\"17,3,0\"><b data-path-to-node=\"17,3,0\" data-index-in-node=\"0\">Orientatsioon:<\/b> Saadaval vertikaalsed v\u00f5i horisontaalsed valikud.<\/p>\n<\/li>\n<li>\n<p data-path-to-node=\"17,4,0\"><b data-path-to-node=\"17,4,0\" data-index-in-node=\"0\">Tr\u00fckkimine:<\/b> Digitaalne CMYK (muutuvate andmetega \u00fchilduv).<\/p>\n<\/li>\n<li>\n<p data-path-to-node=\"17,5,0\"><b data-path-to-node=\"17,5,0\" data-index-in-node=\"0\">Tootmisaeg:<\/b> Ligikaudu 2 n\u00e4dalat p\u00e4rast kinnitamist.<\/p>\n<\/li>\n<li>\n<p data-path-to-node=\"17,6,0\"><b data-path-to-node=\"17,6,0\" data-index-in-node=\"0\">Minimaalne tellimuse kogus:<\/b> 100 \u00fchikut.<\/p>\n<\/li>\n<\/ul>\n<h2 data-path-to-node=\"18\">Kasutusjuhud<\/h2>\n<ul data-path-to-node=\"19\">\n<li>\n<p data-path-to-node=\"19,0,0\"><b data-path-to-node=\"19,0,0\" data-index-in-node=\"0\">J\u00e4tkusuutlikud konverentsid:<\/b> Keskkonnatippkohtumiste ja kliimafoorumite \u00fclim \u201croheline\u201d m\u00e4rk.<\/p>\n<\/li>\n<li>\n<p data-path-to-node=\"19,1,0\"><b data-path-to-node=\"19,1,0\" data-index-in-node=\"0\">Ettev\u00f5tte sotsiaalse vastutuse \u00fcritused:<\/b> N\u00e4idake oma ettev\u00f5tte p\u00fchendumust keskkonnale m\u00e4rkidega, mis annavad loodusele tagasi.<\/p>\n<\/li>\n<li>\n<p data-path-to-node=\"19,2,0\"><b data-path-to-node=\"19,2,0\" data-index-in-node=\"0\">Loodusfestivalid:<\/b> Ideaalne v\u00e4li\u00fcrituste jaoks, kus plastj\u00e4\u00e4tmete teket minimeeritakse rangelt.<\/p>\n<\/li>\n<li>\n<p data-path-to-node=\"19,3,0\"><b data-path-to-node=\"19,3,0\" data-index-in-node=\"0\">VIP-kutsed:<\/b> Saab kasutada ka luksuslike, istutatavate kutsetena eksklusiivsetel galadel.<\/p>\n<\/li>\n<\/ul>","protected":false},"excerpt":{"rendered":"<ul data-path-to-node=\"11\">\n<li>\n<p data-path-to-node=\"11,0,0\"><b data-path-to-node=\"11,0,0\" data-index-in-node=\"0\">\u00d6koloogiline funktsioon:<\/b> Immutatud paberkaart n\u00e4htava MDF-\u00fcmbrisega, mis sisaldab p\u00e4ris p\u00e4rnapuu seemneid.<\/p>\n<\/li>\n<li>\n<p data-path-to-node=\"11,1,0\"><b data-path-to-node=\"11,1,0\" data-index-in-node=\"0\">Isikup\u00e4rastamine:<\/b> Toetab muutuvandmete printimist (VDP) \u2013 printige igale kaardile \u00fcksikute osalejate nimed, koodid v\u00f5i ametinimetused.<\/p>\n<\/li>\n<li>\n<p data-path-to-node=\"11,2,0\"><b data-path-to-node=\"11,2,0\" data-index-in-node=\"0\">Kujundus:<\/b> T\u00e4isv\u00e4rviline CMYK-tr\u00fckk (\u00fche- v\u00f5i kahepoolne) istutusjuhistega tagak\u00fcljel.<\/p>\n<\/li>\n<li>\n<p data-path-to-node=\"11,3,0\"><b data-path-to-node=\"11,3,0\" data-index-in-node=\"0\">Formaat:<\/b> Standardsuurus 60 x 90 mm, saadaval vertikaalses v\u00f5i horisontaalses orientatsioonis.<\/p>\n<\/li>\n<\/ul>","protected":false},"featured_media":6293,"comment_status":"closed","ping_status":"closed","template":"","meta":[],"product_brand":[],"product_cat":[90,91],"product_tag":[],"class_list":{"0":"post-6193","1":"product","2":"type-product","3":"status-publish","4":"has-post-thumbnail","6":"product_cat-laminated-cards","7":"product_cat-badge-holders","9":"first","10":"instock","11":"shipping-taxable","12":"purchasable","13":"product-type-simple"},"_links":{"self":[{"href":"https:\/\/wristbandfactory.eu\/et\/wp-json\/wp\/v2\/product\/6193","targetHints":{"allow":["GET"]}}],"collection":[{"href":"https:\/\/wristbandfactory.eu\/et\/wp-json\/wp\/v2\/product"}],"about":[{"href":"https:\/\/wristbandfactory.eu\/et\/wp-json\/wp\/v2\/types\/product"}],"replies":[{"embeddable":true,"href":"https:\/\/wristbandfactory.eu\/et\/wp-json\/wp\/v2\/comments?post=6193"}],"wp:featuredmedia":[{"embeddable":true,"href":"https:\/\/wristbandfactory.eu\/et\/wp-json\/wp\/v2\/media\/6293"}],"wp:attachment":[{"href":"https:\/\/wristbandfactory.eu\/et\/wp-json\/wp\/v2\/media?parent=6193"}],"wp:term":[{"taxonomy":"product_brand","embeddable":true,"href":"https:\/\/wristbandfactory.eu\/et\/wp-json\/wp\/v2\/product_brand?post=6193"},{"taxonomy":"product_cat","embeddable":true,"href":"https:\/\/wristbandfactory.eu\/et\/wp-json\/wp\/v2\/product_cat?post=6193"},{"taxonomy":"product_tag","embeddable":true,"href":"https:\/\/wristbandfactory.eu\/et\/wp-json\/wp\/v2\/product_tag?post=6193"}],"curies":[{"name":"t\u00f6\u00f6leht","href":"https:\/\/api.w.org\/{rel}","templated":true}]}}