{"id":6191,"date":"2025-12-20T16:49:13","date_gmt":"2025-12-20T13:49:13","guid":{"rendered":"https:\/\/wristbandfactory.eu\/?post_type=product&#038;p=6191"},"modified":"2025-12-20T16:49:13","modified_gmt":"2025-12-20T13:49:13","slug":"custom-wooden-id-cards-event-badges-eco-plywood","status":"publish","type":"product","link":"https:\/\/wristbandfactory.eu\/et\/p\/custom-wooden-id-cards-event-badges-eco-plywood\/","title":{"rendered":"Puidust kaelakaardid"},"content":{"rendered":"<p data-path-to-node=\"12\">Paista silma meie <b data-path-to-node=\"12\" data-index-in-node=\"44\">Eridisainiga puidust ID-kaardid<\/b>, keerukas ja j\u00e4tkusuutlik alternatiiv traditsioonilistele plastist PVC-siltidele. Need kaardid on valmistatud kvaliteetsest 3 mm vineerist ning pakuvad loomulikku ja professionaalset esteetikat, mis sobib ideaalselt keskkonnateadlike br\u00e4ndiv\u00e4\u00e4rtustega.<\/p>\n<p data-path-to-node=\"13\">Ideaalne konverentside, VIP-\u00fcrituste ja ettev\u00f5tte identifitseerimise jaoks \u2013 igal kaardil on selgelt eristatav puidus\u00fc\u00fc, mis muudab iga eseme ainulaadseks. Kaardid on kerged, kuid piisavalt vastupidavad mitmep\u00e4evaste \u00fcrituste jaoks.<\/p>\n<p data-path-to-node=\"14\"><b data-path-to-node=\"14\" data-index-in-node=\"0\">Tr\u00fckkimine ja viimistlus:<\/b> Pakume erksav\u00e4rvilist printimist teie logo, osalejate nimede v\u00f5i QR-koodide kuvamiseks.<\/p>\n<ul data-path-to-node=\"15\">\n<li>\n<p data-path-to-node=\"15,0,0\"><b data-path-to-node=\"15,0,0\" data-index-in-node=\"0\">Standardne viimistlus:<\/b> Kaardid on standardvarustuses \u00fchelt poolt lakitud, et kaitsta pinda ja tr\u00fckist.<\/p>\n<\/li>\n<li>\n<p data-path-to-node=\"15,1,0\"><b data-path-to-node=\"15,1,0\" data-index-in-node=\"0\">Kahepoolne variant:<\/b> Kahepoolse printimise puhul soovitame tungivalt teisele poolele lakki lisada, et v\u00e4ltida v\u00e4rvide tuhmumist ja kulumist (saadaval t\u00e4iendusena).<\/p>\n<\/li>\n<\/ul>\n<h2 data-path-to-node=\"16\">Peamised omadused<\/h2>\n<ul data-path-to-node=\"17\">\n<li>\n<p data-path-to-node=\"17,0,0\"><b data-path-to-node=\"17,0,0\" data-index-in-node=\"0\">Looduslik esteetika:<\/b> Soe puidutekstuur annab esmaklassilise v\u00e4limuse ja tunde, millele plastik ei vasta.<\/p>\n<\/li>\n<li>\n<p data-path-to-node=\"17,1,0\"><b data-path-to-node=\"17,1,0\" data-index-in-node=\"0\">T\u00e4ielik kohandamine:<\/b> Toetab t\u00e4isv\u00e4rvilist digitaaltr\u00fckki \u00fchele v\u00f5i m\u00f5lemale poolele.<\/p>\n<\/li>\n<li>\n<p data-path-to-node=\"17,2,0\"><b data-path-to-node=\"17,2,0\" data-index-in-node=\"0\">Vastupidavus:<\/b> Niiskuse ja igap\u00e4evase kulumise vastu kaitsva lakikihiga t\u00f6\u00f6deldud.<\/p>\n<\/li>\n<li>\n<p data-path-to-node=\"17,3,0\"><b data-path-to-node=\"17,3,0\" data-index-in-node=\"0\">Universaalne sobivus:<\/b> Sisaldab eelnevalt puuritud auku (standardsuuruses), et seda oleks lihtne kinnitada mis tahes kaelapaela v\u00f5i klambri k\u00fclge.<\/p>\n<\/li>\n<li>\n<p data-path-to-node=\"17,4,0\"><b data-path-to-node=\"17,4,0\" data-index-in-node=\"0\">J\u00e4tkusuutlik valik:<\/b> Valmistatud taastuvatest puiduallikatest, v\u00e4hendades teie \u00fcrituse plastilist jalaj\u00e4lge.<\/p>\n<\/li>\n<\/ul>\n<h2 data-path-to-node=\"18\">Spetsifikatsioonid<\/h2>\n<ul data-path-to-node=\"19\">\n<li>\n<p data-path-to-node=\"19,0,0\"><b data-path-to-node=\"19,0,0\" data-index-in-node=\"0\">M\u00f5\u00f5tmed:<\/b> 100 mm \u00d7 50 mm \u00d7 3 mm.<\/p>\n<\/li>\n<li>\n<p data-path-to-node=\"19,1,0\"><b data-path-to-node=\"19,1,0\" data-index-in-node=\"0\">Materjal:<\/b> Naturaalne vineer.<\/p>\n<\/li>\n<li>\n<p data-path-to-node=\"19,2,0\"><b data-path-to-node=\"19,2,0\" data-index-in-node=\"0\">Kaal:<\/b> \u00dclikerge mugavaks kandmiseks.<\/p>\n<\/li>\n<li>\n<p data-path-to-node=\"19,3,0\"><b data-path-to-node=\"19,3,0\" data-index-in-node=\"0\">Augur:<\/b> Tsentreeritud \u00fclemine auk (tavaliselt \u00fcmmargune v\u00f5i piklik).<\/p>\n<\/li>\n<li>\n<p data-path-to-node=\"19,4,0\"><b data-path-to-node=\"19,4,0\" data-index-in-node=\"0\">Minimaalne tellimuse kogus:<\/b> 100 \u00fchikut.<\/p>\n<\/li>\n<\/ul>\n<h2 data-path-to-node=\"20\">Kasutusjuhud<\/h2>\n<ul data-path-to-node=\"21\">\n<li>\n<p data-path-to-node=\"21,0,0\"><b data-path-to-node=\"21,0,0\" data-index-in-node=\"0\">Rohelised konverentsid:<\/b> \u00dclim aksessuaar j\u00e4tkusuutlikkusele keskendunud tippkohtumisteks.<\/p>\n<\/li>\n<li>\n<p data-path-to-node=\"21,1,0\"><b data-path-to-node=\"21,1,0\" data-index-in-node=\"0\">VIP-passid:<\/b> Eksklusiivsed lavatagused v\u00f5i erik\u00fclaliste p\u00e4\u00e4smed k\u00f5rge hinnaga.<\/p>\n<\/li>\n<li>\n<p data-path-to-node=\"21,2,0\"><b data-path-to-node=\"21,2,0\" data-index-in-node=\"0\">T\u00f6\u00f6taja ID:<\/b> Vastupidav ja stiilne igap\u00e4evane identifitseerimismaterjal keskkonnas\u00f5bralikele ettev\u00f5tetele.<\/p>\n<\/li>\n<li>\n<p data-path-to-node=\"21,3,0\"><b data-path-to-node=\"21,3,0\" data-index-in-node=\"0\">Ettev\u00f5tte kingitused:<\/b> Saab kasutada pagasisiltide v\u00f5i m\u00e4lestusesemete kujul.<\/p>\n<\/li>\n<\/ul>","protected":false},"excerpt":{"rendered":"<ul>\n<li>\n<p data-path-to-node=\"11,0,0\"><b data-path-to-node=\"11,0,0\" data-index-in-node=\"0\">Materjal:<\/b> 3 mm kvaliteetne vineer (naturaalne viimistlus).<\/p>\n<\/li>\n<li>\n<p data-path-to-node=\"11,1,0\"><b data-path-to-node=\"11,1,0\" data-index-in-node=\"0\">M\u00f5\u00f5tmed:<\/b> 10 cm x 5 cm (kerge ja vastupidav).<\/p>\n<\/li>\n<li>\n<p data-path-to-node=\"11,2,0\"><b data-path-to-node=\"11,2,0\" data-index-in-node=\"0\">Kaitse:<\/b> Standardne lakkimine \u00fchelt poolt vastupidavuse tagamiseks (kahepoolne on valikuline).<\/p>\n<\/li>\n<li>\n<p data-path-to-node=\"11,3,0\"><b data-path-to-node=\"11,3,0\" data-index-in-node=\"0\">Lisatud:<\/b> Eelnevalt puuritud auk, mis sobib k\u00f5igi standardsete kaelapaeladega.<\/p>\n<\/li>\n<li>\n<p data-path-to-node=\"11,4,0\"><b data-path-to-node=\"11,4,0\" data-index-in-node=\"0\">Keskkonnas\u00f5bralik:<\/b> Biolagunev, plastikvaba alternatiiv rohelistele \u00fcritustele.<\/p>\n<\/li>\n<\/ul>","protected":false},"featured_media":6192,"comment_status":"closed","ping_status":"closed","template":"","meta":[],"product_brand":[],"product_cat":[91],"product_tag":[],"class_list":{"0":"post-6191","1":"product","2":"type-product","3":"status-publish","4":"has-post-thumbnail","6":"product_cat-badge-holders","8":"first","9":"instock","10":"shipping-taxable","11":"purchasable","12":"product-type-simple"},"_links":{"self":[{"href":"https:\/\/wristbandfactory.eu\/et\/wp-json\/wp\/v2\/product\/6191","targetHints":{"allow":["GET"]}}],"collection":[{"href":"https:\/\/wristbandfactory.eu\/et\/wp-json\/wp\/v2\/product"}],"about":[{"href":"https:\/\/wristbandfactory.eu\/et\/wp-json\/wp\/v2\/types\/product"}],"replies":[{"embeddable":true,"href":"https:\/\/wristbandfactory.eu\/et\/wp-json\/wp\/v2\/comments?post=6191"}],"wp:featuredmedia":[{"embeddable":true,"href":"https:\/\/wristbandfactory.eu\/et\/wp-json\/wp\/v2\/media\/6192"}],"wp:attachment":[{"href":"https:\/\/wristbandfactory.eu\/et\/wp-json\/wp\/v2\/media?parent=6191"}],"wp:term":[{"taxonomy":"product_brand","embeddable":true,"href":"https:\/\/wristbandfactory.eu\/et\/wp-json\/wp\/v2\/product_brand?post=6191"},{"taxonomy":"product_cat","embeddable":true,"href":"https:\/\/wristbandfactory.eu\/et\/wp-json\/wp\/v2\/product_cat?post=6191"},{"taxonomy":"product_tag","embeddable":true,"href":"https:\/\/wristbandfactory.eu\/et\/wp-json\/wp\/v2\/product_tag?post=6191"}],"curies":[{"name":"t\u00f6\u00f6leht","href":"https:\/\/api.w.org\/{rel}","templated":true}]}}