{"id":6179,"date":"2025-12-20T16:26:50","date_gmt":"2025-12-20T13:26:50","guid":{"rendered":"https:\/\/wristbandfactory.eu\/?post_type=product&#038;p=6179"},"modified":"2025-12-29T13:50:35","modified_gmt":"2025-12-29T10:50:35","slug":"custom-branded-plant-growing-kits-green-gifts","status":"publish","type":"product","link":"https:\/\/wristbandfactory.eu\/et\/p\/custom-branded-plant-growing-kits-green-gifts\/","title":{"rendered":"Logoga taimekasvatuskomplektid"},"content":{"rendered":"<p data-path-to-node=\"12\">Too loodus kontorisse v\u00f5i koju meie mitmek\u00fclgse tootevalikuga <b data-path-to-node=\"12\" data-index-in-node=\"90\">Eridisainiga kaubam\u00e4rgiga taimekasvatuskomplektid<\/b>. Need \u201crohelised kingitused\u201d on ideaalsed reklaamkaubad ettev\u00f5tetele, kes soovivad r\u00f5hutada j\u00e4tkusuutlikkust, heaolu ja kasvu. Olgu tegemist Maap\u00e4eva kampaaniate, t\u00f6\u00f6tajate t\u00e4nukingituste v\u00f5i keskkonnateadlike \u00fcrituste kingitustega, elav taim j\u00e4tab p\u00fcsiva mulje.<\/p>\n<p data-path-to-node=\"13\">Pakume laia valikut formaate, mis sobivad igale eelarvele ja stiilile. Alates aknalaual suurep\u00e4raste keraamiliste komplektidest kuni kompaktsete Bio-PET-komplektideni massiliseks levitamiseks \u2013 iga komplekt on kasvatamiseks valmis, sisaldades mulda ja seemneid.<\/p>\n<h2 data-path-to-node=\"14\">Saadaval olevad konfiguratsioonid<\/h2>\n<p data-path-to-node=\"15\">Saate meie kollektsioonist stiile kombineerida v\u00f5i valida:<\/p>\n<ul data-path-to-node=\"16\">\n<li>\n<p data-path-to-node=\"16,0,0\"><b data-path-to-node=\"16,0,0\" data-index-in-node=\"0\">Keraamiliste pottide komplektid:<\/b> Saadaval standardse \u201c3-osalise komplektina\u201d v\u00f5i muljetavaldava \u201cXXL-komplektina\u201d. Luksuslik v\u00e4limus, ideaalne kingitus juhtkonnale.<\/p>\n<\/li>\n<li>\n<p data-path-to-node=\"16,1,0\"><b data-path-to-node=\"16,1,0\" data-index-in-node=\"0\">EcoCup ja Bio-PET komplektid:<\/b> Kerged ja j\u00e4tkusuutlikud konteinerid, mis on valmistatud taaskasutatud materjalidest v\u00f5i bioplastist. Ideaalsed postisaadetistele ja \u00fcrituste jaoks.<\/p>\n<\/li>\n<li>\n<p data-path-to-node=\"16,2,0\"><b data-path-to-node=\"16,2,0\" data-index-in-node=\"0\">Suduvastane seemnesegu:<\/b> Spetsiaalsed \u00f5hu puhastamiseks m\u00f5eldud seemnesegud, pakendatud keskkonnas\u00f5bralikesse anumatesse.<\/p>\n<\/li>\n<li>\n<p data-path-to-node=\"16,3,0\"><b data-path-to-node=\"16,3,0\" data-index-in-node=\"0\">Viaalide kimbud:<\/b> Ainulaadne \u201cLill viaalis\u201d kontseptsioon (\u00fcksiku v\u00f5i kolme tk pakendis) \u2013 minimalistlik ja moodne l\u00e4henemine lillede kinkimisele.<\/p>\n<\/li>\n<li>\n<p data-path-to-node=\"16,4,0\"><b data-path-to-node=\"16,4,0\" data-index-in-node=\"0\">Mini- ja kahekordsed komplektid:<\/b> Kompaktsed \u00fcksikkomplektid v\u00f5i \u201ckaks-\u00fches\u201d karbid mitmekesisuse tagamiseks.<\/p>\n<\/li>\n<\/ul>\n<h2 data-path-to-node=\"17\">Peamised omadused<\/h2>\n<ul data-path-to-node=\"18\">\n<li>\n<p data-path-to-node=\"18,0,0\"><b data-path-to-node=\"18,0,0\" data-index-in-node=\"0\">Kasvatamiseks valmis:<\/b> K\u00f5ik komplektid sisaldavad kokkupressitud mullatablette ja kvaliteetseid seemneid (\u00fcrdid, lilled v\u00f5i puud).<\/p>\n<\/li>\n<li>\n<p data-path-to-node=\"18,1,0\"><b data-path-to-node=\"18,1,0\" data-index-in-node=\"0\">Br\u00e4ndingu piirkond:<\/b> Suur pind pottidel, tassidel v\u00f5i pakenditel teie logo ja s\u00f5numi jaoks.<\/p>\n<\/li>\n<li>\n<p data-path-to-node=\"18,2,0\"><b data-path-to-node=\"18,2,0\" data-index-in-node=\"0\">J\u00e4tkusuutlik s\u00f5num:<\/b> Seob teie br\u00e4ndi keskkonnahoidlikkuse ja positiivse kasvuga.<\/p>\n<\/li>\n<li>\n<p data-path-to-node=\"18,3,0\"><b data-path-to-node=\"18,3,0\" data-index-in-node=\"0\">Pikaajaline kokkupuude:<\/b> Erinevalt flaierist seisab taim laual kuid v\u00f5i aastaid, hoides teie br\u00e4ndi n\u00e4htavana.<\/p>\n<\/li>\n<\/ul>\n<h2 data-path-to-node=\"19\">Spetsifikatsioonid<\/h2>\n<ul data-path-to-node=\"20\">\n<li>\n<p data-path-to-node=\"20,0,0\"><b data-path-to-node=\"20,0,0\" data-index-in-node=\"0\">Materjali valikud:<\/b> Keraamika, Bio-PET-plast, taaskasutatud paber\/papp, klaas (viaalid).<\/p>\n<\/li>\n<li>\n<p data-path-to-node=\"20,1,0\"><b data-path-to-node=\"20,1,0\" data-index-in-node=\"0\">Seemnete valikud:<\/b> Basiilik, piparm\u00fcnt, petersell, p\u00e4evalill, unimind, suitsuvastane segu ja palju muud.<\/p>\n<\/li>\n<li>\n<p data-path-to-node=\"20,2,0\"><b data-path-to-node=\"20,2,0\" data-index-in-node=\"0\">Tr\u00fckkimine:<\/b> Tampotr\u00fckk (k\u00f5vale pinnale) v\u00f5i digitaalne silt\/\u00fcmbris (pakendil).<\/p>\n<\/li>\n<li>\n<p data-path-to-node=\"20,3,0\"><b data-path-to-node=\"20,3,0\" data-index-in-node=\"0\">Minimaalne tellimuse kogus:<\/b> 50 \u00fchikut (s\u00f5ltub mudeliti).<\/p>\n<\/li>\n<\/ul>","protected":false},"excerpt":{"rendered":"<ul data-path-to-node=\"11\">\n<li>\n<p data-path-to-node=\"11,0,0\"><b data-path-to-node=\"11,0,0\" data-index-in-node=\"0\">Sort:<\/b> Saadaval keraamilises (3 tk\/XXL), Bio-PET, EcoCup v\u00f5i klaasist viaalides.<\/p>\n<\/li>\n<li>\n<p data-path-to-node=\"11,1,0\"><b data-path-to-node=\"11,1,0\" data-index-in-node=\"0\">T\u00e4ielik komplekt:<\/b> Sisaldab k\u00f5ike kasvatamiseks vajalikku: potti\/konteinerit, mullagraanuleid ja seemneid.<\/p>\n<\/li>\n<li>\n<p data-path-to-node=\"11,2,0\"><b data-path-to-node=\"11,2,0\" data-index-in-node=\"0\">Keskkonnas\u00f5bralik:<\/b> J\u00e4tkusuutlikud materjalid nagu taaskasutatud plast, keraamika ja sudu v\u00e4hendavad taimesegud.<\/p>\n<\/li>\n<li>\n<p data-path-to-node=\"11,3,0\"><b data-path-to-node=\"11,3,0\" data-index-in-node=\"0\">Kohandamine:<\/b> Tampoontr\u00fckk v\u00f5i t\u00e4isv\u00e4rviline m\u00e4rgistus konteinerile v\u00f5i pakendile.<\/p>\n<\/li>\n<\/ul>","protected":false},"featured_media":6295,"comment_status":"closed","ping_status":"closed","template":"","meta":[],"product_brand":[],"product_cat":[121],"product_tag":[],"class_list":{"0":"post-6179","1":"product","2":"type-product","3":"status-publish","4":"has-post-thumbnail","6":"product_cat-promotional-merchandise","8":"first","9":"instock","10":"shipping-taxable","11":"purchasable","12":"product-type-simple"},"_links":{"self":[{"href":"https:\/\/wristbandfactory.eu\/et\/wp-json\/wp\/v2\/product\/6179","targetHints":{"allow":["GET"]}}],"collection":[{"href":"https:\/\/wristbandfactory.eu\/et\/wp-json\/wp\/v2\/product"}],"about":[{"href":"https:\/\/wristbandfactory.eu\/et\/wp-json\/wp\/v2\/types\/product"}],"replies":[{"embeddable":true,"href":"https:\/\/wristbandfactory.eu\/et\/wp-json\/wp\/v2\/comments?post=6179"}],"wp:featuredmedia":[{"embeddable":true,"href":"https:\/\/wristbandfactory.eu\/et\/wp-json\/wp\/v2\/media\/6295"}],"wp:attachment":[{"href":"https:\/\/wristbandfactory.eu\/et\/wp-json\/wp\/v2\/media?parent=6179"}],"wp:term":[{"taxonomy":"product_brand","embeddable":true,"href":"https:\/\/wristbandfactory.eu\/et\/wp-json\/wp\/v2\/product_brand?post=6179"},{"taxonomy":"product_cat","embeddable":true,"href":"https:\/\/wristbandfactory.eu\/et\/wp-json\/wp\/v2\/product_cat?post=6179"},{"taxonomy":"product_tag","embeddable":true,"href":"https:\/\/wristbandfactory.eu\/et\/wp-json\/wp\/v2\/product_tag?post=6179"}],"curies":[{"name":"t\u00f6\u00f6leht","href":"https:\/\/api.w.org\/{rel}","templated":true}]}}