{"id":6171,"date":"2025-12-19T22:38:05","date_gmt":"2025-12-19T19:38:05","guid":{"rendered":"https:\/\/wristbandfactory.eu\/?post_type=product&#038;p=6171"},"modified":"2025-12-19T22:42:03","modified_gmt":"2025-12-19T19:42:03","slug":"custom-handheld-led-mini-fans-battery-operated","status":"publish","type":"product","link":"https:\/\/wristbandfactory.eu\/et\/p\/custom-handheld-led-mini-fans-battery-operated\/","title":{"rendered":"LED-tuledega k\u00e4siventilaatorid"},"content":{"rendered":"<div style=\"width: 480px;\" class=\"wp-video\"><video class=\"wp-video-shortcode\" id=\"video-6171-1\" width=\"480\" height=\"834\" preload=\"metadata\" controls=\"controls\"><source type=\"video\/mp4\" src=\"https:\/\/wristbandfactory.eu\/wp-content\/uploads\/2025\/12\/wedding-fan.mp4?_=1\" \/><a href=\"https:\/\/wristbandfactory.eu\/wp-content\/uploads\/2025\/12\/wedding-fan.mp4\">https:\/\/wristbandfactory.eu\/wp-content\/uploads\/2025\/12\/wedding-fan.mp4<\/a><\/video><\/div>\n<p data-path-to-node=\"10\">Muutke iga tantsup\u00f5rand v\u00f5i \u00f5htune \u00fcritus s\u00e4ravaks vaatem\u00e4nguks meie eridisainiga LED-k\u00e4eshoitavate ventilaatoritega. Need pole lihtsalt jahutavad aksessuaarid; need on suure m\u00f5juga visuaalsed rekvisiidid, mida k\u00fclalised armastavad kasutada fotode ja sotsiaalmeedia jaoks. Eriti populaarsed pulmade j\u00e4relpidude ja muusikafestivalide puhul, \u00fchendades kokkupandava ventilaatori traditsioonilise elegantsi moodsa LED-tehnoloogiaga.<\/p>\n<p data-path-to-node=\"11\">Saadaval erinevates kangav\u00e4rvides (sh klassikaline valge pulmadeks) ja LED-v\u00e4rvides, neid saab br\u00e4ndida vastavalt teie \u00fcrituse teemale. Olenemata sellest, kas neid kasutatakse suurel reivil v\u00f5i intiimsel pulmavastuv\u00f5tul, tagavad need lehvikud, et teie br\u00e4nd v\u00f5i s\u00f5num s\u00e4raks pimedas eredalt.<\/p>\n<h2 data-path-to-node=\"12\">Peamised omadused<\/h2>\n<ul data-path-to-node=\"13\">\n<li>\n<p data-path-to-node=\"13,0,0\"><b data-path-to-node=\"13,0,0\" data-index-in-node=\"0\">Atmosf\u00e4\u00e4ri looja:<\/b> Loob tulede kustutamisel kohese &quot;vau&quot; efekti.<\/p>\n<\/li>\n<li>\n<p data-path-to-node=\"13,1,0\"><b data-path-to-node=\"13,1,0\" data-index-in-node=\"0\">Suur br\u00e4ndinguala:<\/b> Kangapind pakub piisavalt ruumi logode, hashtagide v\u00f5i pulmakuup\u00e4evade tr\u00fckkimiseks.<\/p>\n<\/li>\n<li>\n<p data-path-to-node=\"13,2,0\"><b data-path-to-node=\"13,2,0\" data-index-in-node=\"0\">Kasutajas\u00f5bralik:<\/b> Vilkumisre\u017eiimide vahel vahetamiseks on lihtne \u00fche nupuga toimida.<\/p>\n<\/li>\n<li>\n<p data-path-to-node=\"13,3,0\"><b data-path-to-node=\"13,3,0\" data-index-in-node=\"0\">Vastupidav konstruktsioon:<\/b> Valmistatud vastupidavatest plastribidest ja valgust hajutavast kangast, et taluda energilist kasutamist.<\/p>\n<\/li>\n<\/ul>\n<h2 data-path-to-node=\"14\">Spetsifikatsioonid<\/h2>\n<ul data-path-to-node=\"15\">\n<li>\n<p data-path-to-node=\"15,0,0\"><b data-path-to-node=\"15,0,0\" data-index-in-node=\"0\">Materjal:<\/b> Plastribid + valgust hajutav nailon\/pol\u00fcesterkangas.<\/p>\n<\/li>\n<li>\n<p data-path-to-node=\"15,1,0\"><b data-path-to-node=\"15,1,0\" data-index-in-node=\"0\">Suurus:<\/b> Ligikaudu 27 cm (kokkupandult) \/ 48\u201350 cm (avatud laiusega).<\/p>\n<\/li>\n<li>\n<p data-path-to-node=\"15,2,0\"><b data-path-to-node=\"15,2,0\" data-index-in-node=\"0\">LED-v\u00e4rvid:<\/b> Valge, sinine, punane, roheline, roosa, RGB (mitmev\u00e4rviline).<\/p>\n<\/li>\n<li>\n<p data-path-to-node=\"15,3,0\"><b data-path-to-node=\"15,3,0\" data-index-in-node=\"0\">Patareid:<\/b> Komplektis ja vahetatav (tavaliselt CR2032 v\u00f5i sarnane).<\/p>\n<\/li>\n<li>\n<p data-path-to-node=\"15,4,0\"><b data-path-to-node=\"15,4,0\" data-index-in-node=\"0\">Printimismeetod:<\/b> Siiditr\u00fckk kangale v\u00f5i k\u00e4epidemele.<\/p>\n<\/li>\n<\/ul>\n<h2 data-path-to-node=\"16\">Kasutusjuhud<\/h2>\n<ul data-path-to-node=\"17\">\n<li>\n<p data-path-to-node=\"17,0,0\"><b data-path-to-node=\"17,0,0\" data-index-in-node=\"0\">Pulmad:<\/b> Hilis\u00f5htuse tantsup\u00f5randa \u00fclim peomeelelahutus (eriti valgetele f\u00e4nnidele).<\/p>\n<\/li>\n<li>\n<p data-path-to-node=\"17,1,0\"><b data-path-to-node=\"17,1,0\" data-index-in-node=\"0\">Muusikafestivalid ja reivid:<\/b> Osalejate seas v\u00e4ga n\u00f5utud kaubaartiklid.<\/p>\n<\/li>\n<li>\n<p data-path-to-node=\"17,2,0\"><b data-path-to-node=\"17,2,0\" data-index-in-node=\"0\">\u00d6\u00f6klubid:<\/b> Br\u00e4nditud rekvisiidid VIP-laudadele v\u00f5i temaatilistele \u00f5htutele.<\/p>\n<\/li>\n<li>\n<p data-path-to-node=\"17,3,0\"><b data-path-to-node=\"17,3,0\" data-index-in-node=\"0\">Firmapeod:<\/b> L\u00f5busad j\u00e4\u00e4murdvad kingitused, mis valgustavad toimumiskohta.<\/p>\n<\/li>\n<\/ul>","protected":false},"excerpt":{"rendered":"<ul>\n<li>\n<p data-path-to-node=\"9,0,0\"><b data-path-to-node=\"9,0,0\" data-index-in-node=\"0\">Kahekordne funktsioon:<\/b> Hoiab k\u00fclalisi jahedana, luues samal ajal vapustava valgusshow.<\/p>\n<\/li>\n<li>\n<p data-path-to-node=\"9,1,0\"><b data-path-to-node=\"9,1,0\" data-index-in-node=\"0\">Kohandatav:<\/b> Printige oma logo v\u00f5i \u00fcrituse kuup\u00e4ev kangale v\u00f5i k\u00e4epidemele.<\/p>\n<\/li>\n<li>\n<p data-path-to-node=\"9,2,0\"><b data-path-to-node=\"9,2,0\" data-index-in-node=\"0\">Valgustusre\u017eiimid:<\/b> Mitu seadistust (kiire vilkumine, aeglane vilkumine, pidev p\u00f5lemine).<\/p>\n<\/li>\n<li>\n<p data-path-to-node=\"9,3,0\"><b data-path-to-node=\"9,3,0\" data-index-in-node=\"0\">Patareitoitel:<\/b> Komplektis pikaealised ja vahetatavad patareid.<\/p>\n<\/li>\n<\/ul>","protected":false},"featured_media":6172,"comment_status":"closed","ping_status":"closed","template":"","meta":[],"product_brand":[],"product_cat":[76,123],"product_tag":[],"class_list":{"0":"post-6171","1":"product","2":"type-product","3":"status-publish","4":"has-post-thumbnail","6":"product_cat-glow-led-products","7":"product_cat-fan-cheering-items","9":"first","10":"instock","11":"shipping-taxable","12":"purchasable","13":"product-type-simple"},"_links":{"self":[{"href":"https:\/\/wristbandfactory.eu\/et\/wp-json\/wp\/v2\/product\/6171","targetHints":{"allow":["GET"]}}],"collection":[{"href":"https:\/\/wristbandfactory.eu\/et\/wp-json\/wp\/v2\/product"}],"about":[{"href":"https:\/\/wristbandfactory.eu\/et\/wp-json\/wp\/v2\/types\/product"}],"replies":[{"embeddable":true,"href":"https:\/\/wristbandfactory.eu\/et\/wp-json\/wp\/v2\/comments?post=6171"}],"wp:featuredmedia":[{"embeddable":true,"href":"https:\/\/wristbandfactory.eu\/et\/wp-json\/wp\/v2\/media\/6172"}],"wp:attachment":[{"href":"https:\/\/wristbandfactory.eu\/et\/wp-json\/wp\/v2\/media?parent=6171"}],"wp:term":[{"taxonomy":"product_brand","embeddable":true,"href":"https:\/\/wristbandfactory.eu\/et\/wp-json\/wp\/v2\/product_brand?post=6171"},{"taxonomy":"product_cat","embeddable":true,"href":"https:\/\/wristbandfactory.eu\/et\/wp-json\/wp\/v2\/product_cat?post=6171"},{"taxonomy":"product_tag","embeddable":true,"href":"https:\/\/wristbandfactory.eu\/et\/wp-json\/wp\/v2\/product_tag?post=6171"}],"curies":[{"name":"t\u00f6\u00f6leht","href":"https:\/\/api.w.org\/{rel}","templated":true}]}}