{"id":6165,"date":"2025-12-19T22:29:34","date_gmt":"2025-12-19T19:29:34","guid":{"rendered":"https:\/\/wristbandfactory.eu\/?post_type=product&#038;p=6165"},"modified":"2025-12-29T13:57:35","modified_gmt":"2025-12-29T10:57:35","slug":"custom-luggage-tags-bamboo-waterproof-paper-shaped","status":"publish","type":"product","link":"https:\/\/wristbandfactory.eu\/et\/p\/custom-luggage-tags-bamboo-waterproof-paper-shaped\/","title":{"rendered":"Tr\u00fckiga kohvrisildid"},"content":{"rendered":"<p data-path-to-node=\"9\">Reisimine loob mulje ja meie eridisainiga pagasisiltide valik tagab, et teie br\u00e4nd j\u00f5uab k\u00f5ikjale, kuhu teie kliendid l\u00e4hevad. Vastupidavust ja n\u00e4htavust silmas pidades loodud tootesari pakub paindlikkust teie turunduseelarve ja -stiiliga sobitumiseks \u2013 olenemata sellest, kas vajate kulut\u00f5husat massjagamist v\u00f5i esmaklassilist keskkonnas\u00f5bralikku kingitust.<\/p>\n<p data-path-to-node=\"10\"><b data-path-to-node=\"10\" data-index-in-node=\"0\">Vali oma stiil:<\/b><\/p>\n<ol start=\"1\" data-path-to-node=\"11\">\n<li>\n<p data-path-to-node=\"11,0,0\"><b data-path-to-node=\"11,0,0\" data-index-in-node=\"0\">S\u00fcnteetilisest paberist sildid (vee- ja rebenemiskindlad):<\/b> \u00c4ra lase s\u00f5nal \u201cpaber\u201d end petta. See t\u00e4iustatud s\u00fcnteetiline materjal on t\u00e4iesti veekindel ja rebenemiskindel, mist\u00f5ttu sobib see ideaalselt karmideks reisideks.<\/p>\n<ul data-path-to-node=\"11,0,1\">\n<li>\n<p data-path-to-node=\"11,0,1,0,0\"><b data-path-to-node=\"11,0,1,0,0\" data-index-in-node=\"0\">Standardne kuju:<\/b> Maksimaalne br\u00e4ndinguala logode ja kontaktandmete jaoks.<\/p>\n<\/li>\n<li>\n<p data-path-to-node=\"11,0,1,1,0\"><b data-path-to-node=\"11,0,1,1,0\" data-index-in-node=\"0\">Lennuki kuju:<\/b> L\u00f5bus, stantsitud lennundusdisain, mis sobib ideaalselt turismiametitele ja lennufirmadele.<\/p>\n<\/li>\n<li>\n<p data-path-to-node=\"11,0,1,2,0\"><i data-path-to-node=\"11,0,1,2,0\" data-index-in-node=\"0\">Sisaldab t\u00e4isv\u00e4rvilist tr\u00fckki esik\u00fcljel.<\/i><\/p>\n<\/li>\n<\/ul>\n<\/li>\n<li>\n<p data-path-to-node=\"11,1,0\"><b data-path-to-node=\"11,1,0\" data-index-in-node=\"0\">Bambusest sildid (\u00f6ko-premium):<\/b> J\u00e4tkusuutliku ja luksusliku ilme saavutamiseks vali meie naturaalsed bambusest sildid. J\u00e4igad ja oman\u00e4olised, paistavad need karussellil silma.<\/p>\n<ul data-path-to-node=\"11,1,1\">\n<li>\n<p data-path-to-node=\"11,1,1,0,0\"><i data-path-to-node=\"11,1,1,0,0\" data-index-in-node=\"0\">Komplektis plastrihm ja pannal turvaliseks kinnitamiseks.<\/i><\/p>\n<\/li>\n<\/ul>\n<\/li>\n<\/ol>\n<h2 data-path-to-node=\"12\">Peamised omadused<\/h2>\n<ul data-path-to-node=\"13\">\n<li>\n<p data-path-to-node=\"13,0,0\"><b data-path-to-node=\"13,0,0\" data-index-in-node=\"0\">Mitmek\u00fclgsus:<\/b> \u00dcks tootevalik, mitu lahendust. Kombineeri ja sobita tooteid erinevate kliendisegmentide jaoks (nt paber turistiklassi reisijatele, bambus VIP-idele).<\/p>\n<\/li>\n<li>\n<p data-path-to-node=\"13,1,0\"><b data-path-to-node=\"13,1,0\" data-index-in-node=\"0\">\u00c4\u00e4rmuslik vastupidavus:<\/b> S\u00fcnteetiline paber peab vastu vihmale, niiskusele ja pagasi karmile k\u00e4sitsemisele rebenemata.<\/p>\n<\/li>\n<li>\n<p data-path-to-node=\"13,2,0\"><b data-path-to-node=\"13,2,0\" data-index-in-node=\"0\">Keskkonnateadlik:<\/b> Bambus pakub taastuva materjali valikut roheliste turunduskampaaniate jaoks.<\/p>\n<\/li>\n<li>\n<p data-path-to-node=\"13,3,0\"><b data-path-to-node=\"13,3,0\" data-index-in-node=\"0\">Hea n\u00e4htavus:<\/b> Suured tr\u00fckipinnad tagavad, et teie logo on n\u00e4htav lennujaamades \u00fcle maailma.<\/p>\n<\/li>\n<\/ul>\n<h2 data-path-to-node=\"14\">Spetsifikatsioonid<\/h2>\n<ul data-path-to-node=\"15\">\n<li>\n<p data-path-to-node=\"15,0,0\"><b data-path-to-node=\"15,0,0\" data-index-in-node=\"0\">Materjalid:<\/b> S\u00fcnteetiline paber (pol\u00fcprop\u00fcleeni segu) V\u00d5I naturaalne bambus.<\/p>\n<\/li>\n<li>\n<p data-path-to-node=\"15,1,0\"><b data-path-to-node=\"15,1,0\" data-index-in-node=\"0\">Pabersildi omadused:<\/b> Veekindel, rebenemiskindel, paindlik.<\/p>\n<\/li>\n<li>\n<p data-path-to-node=\"15,2,0\"><b data-path-to-node=\"15,2,0\" data-index-in-node=\"0\">Bambussildi omadused:<\/b> J\u00e4ik, naturaalse tekstuuriga viimistlus.<\/p>\n<\/li>\n<li>\n<p data-path-to-node=\"15,3,0\"><b data-path-to-node=\"15,3,0\" data-index-in-node=\"0\">Kujundid:<\/b> Ristk\u00fclikukujuline (umbes 85x54 mm) v\u00f5i lennukikujuline stants.<\/p>\n<\/li>\n<li>\n<p data-path-to-node=\"15,4,0\"><b data-path-to-node=\"15,4,0\" data-index-in-node=\"0\">Lisatud:<\/b> Plastrihm pandlaga (bambusest) v\u00f5i aasmehhanismiga.<\/p>\n<\/li>\n<li>\n<p data-path-to-node=\"15,5,0\"><b data-path-to-node=\"15,5,0\" data-index-in-node=\"0\">MITTEKOHUSTUS:<\/b> 250 tk (paberist mudelite jaoks).<\/p>\n<\/li>\n<\/ul>\n<h2 data-path-to-node=\"16\">Kasutusjuhud<\/h2>\n<ul data-path-to-node=\"17\">\n<li>\n<p data-path-to-node=\"17,0,0\"><b data-path-to-node=\"17,0,0\" data-index-in-node=\"0\">Reisikorraldajad:<\/b> Lisage reisidokumentide rahakottidele kaubam\u00e4rgiga silt.<\/p>\n<\/li>\n<li>\n<p data-path-to-node=\"17,1,0\"><b data-path-to-node=\"17,1,0\" data-index-in-node=\"0\">Ettev\u00f5tte retriidid:<\/b> Tuvastage meeskonna pagas reisi ajal h\u00f5lpsalt.<\/p>\n<\/li>\n<li>\n<p data-path-to-node=\"17,2,0\"><b data-path-to-node=\"17,2,0\" data-index-in-node=\"0\">Hotellid:<\/b> Meeldej\u00e4\u00e4v kassakink k\u00fclalistele.<\/p>\n<\/li>\n<li>\n<p data-path-to-node=\"17,3,0\"><b data-path-to-node=\"17,3,0\" data-index-in-node=\"0\">Logistika:<\/b> Vastupidav m\u00e4rgistus kaubale ja mittestandardsetele veostele.<\/p>\n<\/li>\n<\/ul>","protected":false},"excerpt":{"rendered":"<ul>\n<li>\n<p data-path-to-node=\"8,0,0\"><b data-path-to-node=\"8,0,0\" data-index-in-node=\"0\">Materjali valik:<\/b> Valige j\u00e4iga bambusest v\u00f5i painduva rebenemiskindla paberi vahel.<\/p>\n<\/li>\n<li>\n<p data-path-to-node=\"8,1,0\"><b data-path-to-node=\"8,1,0\" data-index-in-node=\"0\">Kujundid:<\/b> Saadaval standardsete ristk\u00fclikukujuliste v\u00f5i temaatiliste lennukikujudena.<\/p>\n<\/li>\n<li>\n<p data-path-to-node=\"8,2,0\"><b data-path-to-node=\"8,2,0\" data-index-in-node=\"0\">Vastupidavus:<\/b> Veekindel ja loodud vastu pidama \u00fclemaailmsele reisimisele.<\/p>\n<\/li>\n<li>\n<p data-path-to-node=\"8,3,0\"><b data-path-to-node=\"8,3,0\" data-index-in-node=\"0\">Br\u00e4nding:<\/b> T\u00e4isv\u00e4rviline tr\u00fckk (paber) v\u00f5i lasergraveerimine\/tr\u00fckk (bambus).<\/p>\n<\/li>\n<\/ul>","protected":false},"featured_media":6304,"comment_status":"closed","ping_status":"closed","template":"","meta":[],"product_brand":[],"product_cat":[129,122],"product_tag":[],"class_list":{"0":"post-6165","1":"product","2":"type-product","3":"status-publish","4":"has-post-thumbnail","6":"product_cat-leisure-lifestyle","7":"product_cat-promotional-accessories","9":"first","10":"instock","11":"shipping-taxable","12":"purchasable","13":"product-type-simple"},"_links":{"self":[{"href":"https:\/\/wristbandfactory.eu\/et\/wp-json\/wp\/v2\/product\/6165","targetHints":{"allow":["GET"]}}],"collection":[{"href":"https:\/\/wristbandfactory.eu\/et\/wp-json\/wp\/v2\/product"}],"about":[{"href":"https:\/\/wristbandfactory.eu\/et\/wp-json\/wp\/v2\/types\/product"}],"replies":[{"embeddable":true,"href":"https:\/\/wristbandfactory.eu\/et\/wp-json\/wp\/v2\/comments?post=6165"}],"wp:featuredmedia":[{"embeddable":true,"href":"https:\/\/wristbandfactory.eu\/et\/wp-json\/wp\/v2\/media\/6304"}],"wp:attachment":[{"href":"https:\/\/wristbandfactory.eu\/et\/wp-json\/wp\/v2\/media?parent=6165"}],"wp:term":[{"taxonomy":"product_brand","embeddable":true,"href":"https:\/\/wristbandfactory.eu\/et\/wp-json\/wp\/v2\/product_brand?post=6165"},{"taxonomy":"product_cat","embeddable":true,"href":"https:\/\/wristbandfactory.eu\/et\/wp-json\/wp\/v2\/product_cat?post=6165"},{"taxonomy":"product_tag","embeddable":true,"href":"https:\/\/wristbandfactory.eu\/et\/wp-json\/wp\/v2\/product_tag?post=6165"}],"curies":[{"name":"t\u00f6\u00f6leht","href":"https:\/\/api.w.org\/{rel}","templated":true}]}}