{"id":6162,"date":"2025-12-19T22:20:32","date_gmt":"2025-12-19T19:20:32","guid":{"rendered":"https:\/\/wristbandfactory.eu\/?post_type=product&#038;p=6162"},"modified":"2025-12-29T13:59:23","modified_gmt":"2025-12-29T10:59:23","slug":"colored-eva-earplugs-in-transparent-case-with-carrying-chain","status":"publish","type":"product","link":"https:\/\/wristbandfactory.eu\/et\/p\/colored-eva-earplugs-in-transparent-case-with-carrying-chain\/","title":{"rendered":"V\u00e4rvilised EVA k\u00f5rvatropid karbi ja ketiga"},"content":{"rendered":"<p data-path-to-node=\"10\">Kaitske oma osalejate kuulmist stiilselt meie erksav\u00e4rviliste EVA-k\u00f5rvatroppidega. Need k\u00f5rvatropid on loodud pikaajaliseks kandmiseks ning on valmistatud pehmest et\u00fcleenvin\u00fc\u00fclatsetaadist (EVA), mis kohandub mugavalt k\u00f5rvakanaliga. Iga paar on pakendatud vastupidavasse l\u00e4bipaistvasse \u00fcksikkarpi, millel on praktiline kandekett, mis teeb nende kinnitamise v\u00f5tmehoidjatele, kaelapaeltele v\u00f5i lukkudele lihtsaks. H\u00e4davajalik ese festivalidel, ehitusplatsidel ja reisil.<\/p>\n<h2 data-path-to-node=\"11\">Peamised omadused<\/h2>\n<ul data-path-to-node=\"12\">\n<li>\n<p data-path-to-node=\"12,0,0\"><b data-path-to-node=\"12,0,0\" data-index-in-node=\"0\">Kaasaskantav disain:<\/b> Kaasasolev kett tagab, et k\u00f5rvatropid on alati k\u00e4eulatuses ja mustuse eest kaitstud, kui neid ei kasutata.<\/p>\n<\/li>\n<li>\n<p data-path-to-node=\"12,1,0\"><b data-path-to-node=\"12,1,0\" data-index-in-node=\"0\">Mugavus:<\/b> Pehme EVA-vahust materjal paisub \u00f5rnalt, et tagada kindel istuvus ilma survet avaldamata.<\/p>\n<\/li>\n<li>\n<p data-path-to-node=\"12,2,0\"><b data-path-to-node=\"12,2,0\" data-index-in-node=\"0\">Hea n\u00e4htavus:<\/b> Saadaval erksates ja erksates v\u00e4rvides, mis paistavad silma.<\/p>\n<\/li>\n<li>\n<p data-path-to-node=\"12,3,0\"><b data-path-to-node=\"12,3,0\" data-index-in-node=\"0\">Vastupidav \u00fcmbris:<\/b> L\u00e4bipaistev plastkarp pakub suurep\u00e4rast br\u00e4ndinguv\u00f5imalust ja kaitset.<\/p>\n<\/li>\n<\/ul>\n<h2 data-path-to-node=\"13\">Spetsifikatsioonid<\/h2>\n<ul data-path-to-node=\"14\">\n<li>\n<p data-path-to-node=\"14,0,0\"><b data-path-to-node=\"14,0,0\" data-index-in-node=\"0\">Materjal:<\/b> Pehme EVA (et\u00fcleenvin\u00fc\u00fclatsetaat) vaht.<\/p>\n<\/li>\n<li>\n<p data-path-to-node=\"14,1,0\"><b data-path-to-node=\"14,1,0\" data-index-in-node=\"0\">Korpuse materjal:<\/b> L\u00e4bipaistev plastik.<\/p>\n<\/li>\n<li>\n<p data-path-to-node=\"14,2,0\"><b data-path-to-node=\"14,2,0\" data-index-in-node=\"0\">Lisatud:<\/b> Metallist helmeskett \/ kandekett.<\/p>\n<\/li>\n<li>\n<p data-path-to-node=\"14,3,0\"><b data-path-to-node=\"14,3,0\" data-index-in-node=\"0\">V\u00e4rvid:<\/b> Erinevad erksad v\u00e4rvid.<\/p>\n<\/li>\n<li>\n<p data-path-to-node=\"14,4,0\"><b data-path-to-node=\"14,4,0\" data-index-in-node=\"0\">Korduvkasutatavus:<\/b> Korduvkasutatav ja pestav.<\/p>\n<\/li>\n<\/ul>\n<h2 data-path-to-node=\"15\">Kasutusjuhud<\/h2>\n<ul data-path-to-node=\"16\">\n<li>\n<p data-path-to-node=\"16,0,0\"><b data-path-to-node=\"16,0,0\" data-index-in-node=\"0\">Muusikafestivalid ja kontserdid:<\/b> H\u00e4davajalik kuulmiskaitse valjuh\u00e4\u00e4lsetesse keskkondadesse.<\/p>\n<\/li>\n<li>\n<p data-path-to-node=\"16,1,0\"><b data-path-to-node=\"16,1,0\" data-index-in-node=\"0\">Reisimine ja lennundus:<\/b> V\u00e4hendab salongi m\u00fcra rahuliku s\u00f5idu tagamiseks.<\/p>\n<\/li>\n<li>\n<p data-path-to-node=\"16,2,0\"><b data-path-to-node=\"16,2,0\" data-index-in-node=\"0\">Ehitus ja t\u00f6\u00f6stus:<\/b> P\u00f5hiline turvavarustus k\u00fclastajatele v\u00f5i kergema koormusega tsoonidele.<\/p>\n<\/li>\n<li>\n<p data-path-to-node=\"16,3,0\"><b data-path-to-node=\"16,3,0\" data-index-in-node=\"0\">Reklaamikampaaniad:<\/b> Suurep\u00e4rane br\u00e4nditud kingitus tervise- ja ohutusalaste teadlikkuse t\u00f5stmise \u00fcrituste jaoks.<\/p>\n<\/li>\n<\/ul>","protected":false},"excerpt":{"rendered":"<ul>\n<li>\n<p data-path-to-node=\"9,0,0\">Valmistatud pehmest ja mugavast EVA materjalist.<\/p>\n<\/li>\n<li>\n<p data-path-to-node=\"9,1,0\">Komplektis l\u00e4bipaistev \u00fcmbris koos kandeketiga.<\/p>\n<\/li>\n<li>\n<p data-path-to-node=\"9,2,0\">Erksad, h\u00e4sti n\u00e4htavad v\u00e4rvid.<\/p>\n<\/li>\n<li>\n<p data-path-to-node=\"9,3,0\">Korduvkasutatav ja kergesti puhastatav.<\/p>\n<\/li>\n<\/ul>","protected":false},"featured_media":6163,"comment_status":"closed","ping_status":"closed","template":"","meta":[],"product_brand":[],"product_cat":[68,121],"product_tag":[],"class_list":{"0":"post-6162","1":"product","2":"type-product","3":"status-publish","4":"has-post-thumbnail","6":"product_cat-event-supplies","7":"product_cat-promotional-merchandise","9":"first","10":"instock","11":"shipping-taxable","12":"purchasable","13":"product-type-simple"},"_links":{"self":[{"href":"https:\/\/wristbandfactory.eu\/et\/wp-json\/wp\/v2\/product\/6162","targetHints":{"allow":["GET"]}}],"collection":[{"href":"https:\/\/wristbandfactory.eu\/et\/wp-json\/wp\/v2\/product"}],"about":[{"href":"https:\/\/wristbandfactory.eu\/et\/wp-json\/wp\/v2\/types\/product"}],"replies":[{"embeddable":true,"href":"https:\/\/wristbandfactory.eu\/et\/wp-json\/wp\/v2\/comments?post=6162"}],"wp:featuredmedia":[{"embeddable":true,"href":"https:\/\/wristbandfactory.eu\/et\/wp-json\/wp\/v2\/media\/6163"}],"wp:attachment":[{"href":"https:\/\/wristbandfactory.eu\/et\/wp-json\/wp\/v2\/media?parent=6162"}],"wp:term":[{"taxonomy":"product_brand","embeddable":true,"href":"https:\/\/wristbandfactory.eu\/et\/wp-json\/wp\/v2\/product_brand?post=6162"},{"taxonomy":"product_cat","embeddable":true,"href":"https:\/\/wristbandfactory.eu\/et\/wp-json\/wp\/v2\/product_cat?post=6162"},{"taxonomy":"product_tag","embeddable":true,"href":"https:\/\/wristbandfactory.eu\/et\/wp-json\/wp\/v2\/product_tag?post=6162"}],"curies":[{"name":"t\u00f6\u00f6leht","href":"https:\/\/api.w.org\/{rel}","templated":true}]}}