{"id":6159,"date":"2025-12-19T16:35:18","date_gmt":"2025-12-19T13:35:18","guid":{"rendered":"https:\/\/wristbandfactory.eu\/?post_type=product&#038;p=6159"},"modified":"2025-12-19T16:35:18","modified_gmt":"2025-12-19T13:35:18","slug":"custom-printed-seamless-arm-sleeves-uv-protection","status":"publish","type":"product","link":"https:\/\/wristbandfactory.eu\/et\/p\/custom-printed-seamless-arm-sleeves-uv-protection\/","title":{"rendered":"Tr\u00fckiga spordik\u00e4ised (UV-kaitsega)"},"content":{"rendered":"<p data-path-to-node=\"11\">Maksimeeri oma br\u00e4ndi n\u00e4htavust v\u00e4li\u00fcritustel ja spordiv\u00f5istlustel meie eritellimusel tr\u00fckitud \u00f5mblusteta varrukatega. Need mitmek\u00fclgsed aksessuaarid on jooksjatele, jalgratturitele ja v\u00e4lit\u00f6\u00f6tajatele h\u00e4davajalikud, pakkudes suurt ja liikuvat l\u00f5uendit teie logo v\u00f5i kunstiteose jaoks.<\/p>\n<p data-path-to-node=\"12\">Erinevalt tavalistest siiditr\u00fckiga varrukatest on meie varrukad valmistatud sublimatsioonitehnoloogia abil. See t\u00e4hendab, et disain on kanga kiududesse sisse imbunud, tagades, et tr\u00fckk ei pragune, ei kooru ega tuhmu, s\u00e4ilitades samal ajal kanga hingavuse ja elastsuse.<\/p>\n<h2 data-path-to-node=\"13\">Peamised omadused<\/h2>\n<ul data-path-to-node=\"14\">\n<li>\n<p data-path-to-node=\"14,0,0\"><b data-path-to-node=\"14,0,0\" data-index-in-node=\"0\">Sujuv konstruktsioon:<\/b> Torukujulise koekonstruktsiooniga pole k\u00fclje\u00f5mblusi, mis hoiab \u00e4ra h\u00f5\u00f5rdumise ja \u00e4rrituse pikaajalisel kandmisel.<\/p>\n<\/li>\n<li>\n<p data-path-to-node=\"14,1,0\"><b data-path-to-node=\"14,1,0\" data-index-in-node=\"0\"><span class=\"citation-32\">P\u00e4ikese- ja nahakaitse:<\/span><\/b><span class=\"citation-32 citation-end-32\"> Pakub t\u00f5husat kaitset kahjulike UV-kiirte eest ja kaitseb nahka murup\u00f5letuste v\u00f5i kriimustuste eest.<\/span><\/p>\n<div class=\"source-inline-chip-container ng-star-inserted\"><\/div>\n<\/li>\n<li>\n<p data-path-to-node=\"14,2,0\"><b data-path-to-node=\"14,2,0\" data-index-in-node=\"0\">Elastne sobivus:<\/b> Pol\u00fcestri ja elastaani segu tagab, et varrukad p\u00fcsivad kindlalt paigal ilma liikumist piiramata.<\/p>\n<\/li>\n<li>\n<p data-path-to-node=\"14,3,0\"><b data-path-to-node=\"14,3,0\" data-index-in-node=\"0\">Elav kohandamine:<\/b> T\u00e4ielik pinnatr\u00fckk v\u00f5imaldab keerukaid gradiente, fotosid ja br\u00e4ndiv\u00e4rve ideaalselt reprodutseerida.<\/p>\n<\/li>\n<\/ul>\n<h2 data-path-to-node=\"15\">Spetsifikatsioonid<\/h2>\n<ul data-path-to-node=\"16\">\n<li>\n<p data-path-to-node=\"16,0,0\"><b data-path-to-node=\"16,0,0\" data-index-in-node=\"0\">Materjal:<\/b> 160 g\/m\u00b2 tehniline kangas (95% pol\u00fcester \/ 5% elastaan).<\/p>\n<\/li>\n<li>\n<p data-path-to-node=\"16,1,0\"><b data-path-to-node=\"16,1,0\" data-index-in-node=\"0\">Tr\u00fckitehnika:<\/b> T\u00e4isv\u00e4rviline v\u00e4rvisublimatsioon.<\/p>\n<\/li>\n<li>\n<p data-path-to-node=\"16,2,0\"><b data-path-to-node=\"16,2,0\" data-index-in-node=\"0\">Pakend:<\/b> M\u00fc\u00fcakse paarina (1 t\u00fckk = 2 varrukat).<\/p>\n<\/li>\n<li>\n<p data-path-to-node=\"16,3,0\"><b data-path-to-node=\"16,3,0\" data-index-in-node=\"0\">M\u00f5\u00f5tmed (keskmine):<\/b> 7 cm (randme) x 8 cm (\u00f5lavars) x 37 cm (pikkus).<\/p>\n<\/li>\n<li>\n<p data-path-to-node=\"16,4,0\"><b data-path-to-node=\"16,4,0\" data-index-in-node=\"0\">M\u00f5\u00f5tmed (suur):<\/b> 9 cm (randme\u00fcmberm\u00f5\u00f5t) x 11 cm (\u00f5lavars) x 44 cm (pikkus).<\/p>\n<\/li>\n<\/ul>\n<h2 data-path-to-node=\"17\">Kasutusjuhud<\/h2>\n<ul data-path-to-node=\"18\">\n<li>\n<p data-path-to-node=\"18,0,0\"><b data-path-to-node=\"18,0,0\" data-index-in-node=\"0\">Maratonid ja jalgrattaspordi\u00fcritused:<\/b> Osalejatele m\u00f5eldud h\u00e4davajalik varustus kinkekottides.<\/p>\n<\/li>\n<li>\n<p data-path-to-node=\"18,1,0\"><b data-path-to-node=\"18,1,0\" data-index-in-node=\"0\">Meeskonna vormiriietus:<\/b> \u00dchtne otsing korvpalli-, v\u00f5rkpalli- v\u00f5i e-spordi meeskondadele.<\/p>\n<\/li>\n<li>\n<p data-path-to-node=\"18,2,0\"><b data-path-to-node=\"18,2,0\" data-index-in-node=\"0\">V\u00e4listingimustes t\u00f6\u00f6j\u00f5ud:<\/b> Otsese p\u00e4ikesevalguse k\u00e4es t\u00f6\u00f6tavate t\u00f6\u00f6tajate kaitse (haljastus, \u00fcrituste turvalisus).<\/p>\n<\/li>\n<li>\n<p data-path-to-node=\"18,3,0\"><b data-path-to-node=\"18,3,0\" data-index-in-node=\"0\">Kauba m\u00fc\u00fck:<\/b> K\u00f5rge kasumimarginaaliga kaup spordiklubide v\u00f5i klubide jaoks.<\/p>\n<\/li>\n<\/ul>","protected":false},"excerpt":{"rendered":"<ul>\n<li>\n<p data-path-to-node=\"10,0,0\"><b data-path-to-node=\"10,0,0\" data-index-in-node=\"0\">Sujuv mugavus:<\/b> \u00c4rritavaid \u00f5mblusi pole, tagades maksimaalse mugavuse f\u00fc\u00fcsilise tegevuse ajal.<\/p>\n<\/li>\n<li>\n<p data-path-to-node=\"10,1,0\"><b data-path-to-node=\"10,1,0\" data-index-in-node=\"0\">T\u00e4isv\u00e4rviline br\u00e4nding:<\/b> Servast servani sublimatsioontr\u00fckk pakub piiramatuid kujundusv\u00f5imalusi.<\/p>\n<\/li>\n<li>\n<p data-path-to-node=\"10,2,0\"><b data-path-to-node=\"10,2,0\" data-index-in-node=\"0\"><span class=\"citation-33\">UV- ja kriimustuskaitse:<\/span><\/b><span class=\"citation-33 citation-end-33\"> Kaitseb k\u00e4sivarsi p\u00e4ikesekiirguse ja v\u00e4iksemate h\u00f5\u00f5rdumiste eest.<\/span><\/p>\n<\/li>\n<li>\n<p data-path-to-node=\"10,3,0\"><b data-path-to-node=\"10,3,0\" data-index-in-node=\"0\">M\u00fc\u00fcakse paarina:<\/b> \u00dcks komplekt sisaldab nii vasakut kui ka paremat varrukat.<\/p>\n<\/li>\n<\/ul>","protected":false},"featured_media":6160,"comment_status":"closed","ping_status":"closed","template":"","meta":[],"product_brand":[],"product_cat":[118],"product_tag":[],"class_list":{"0":"post-6159","1":"product","2":"type-product","3":"status-publish","4":"has-post-thumbnail","6":"product_cat-sports-fitness","8":"first","9":"instock","10":"shipping-taxable","11":"purchasable","12":"product-type-simple"},"_links":{"self":[{"href":"https:\/\/wristbandfactory.eu\/et\/wp-json\/wp\/v2\/product\/6159","targetHints":{"allow":["GET"]}}],"collection":[{"href":"https:\/\/wristbandfactory.eu\/et\/wp-json\/wp\/v2\/product"}],"about":[{"href":"https:\/\/wristbandfactory.eu\/et\/wp-json\/wp\/v2\/types\/product"}],"replies":[{"embeddable":true,"href":"https:\/\/wristbandfactory.eu\/et\/wp-json\/wp\/v2\/comments?post=6159"}],"wp:featuredmedia":[{"embeddable":true,"href":"https:\/\/wristbandfactory.eu\/et\/wp-json\/wp\/v2\/media\/6160"}],"wp:attachment":[{"href":"https:\/\/wristbandfactory.eu\/et\/wp-json\/wp\/v2\/media?parent=6159"}],"wp:term":[{"taxonomy":"product_brand","embeddable":true,"href":"https:\/\/wristbandfactory.eu\/et\/wp-json\/wp\/v2\/product_brand?post=6159"},{"taxonomy":"product_cat","embeddable":true,"href":"https:\/\/wristbandfactory.eu\/et\/wp-json\/wp\/v2\/product_cat?post=6159"},{"taxonomy":"product_tag","embeddable":true,"href":"https:\/\/wristbandfactory.eu\/et\/wp-json\/wp\/v2\/product_tag?post=6159"}],"curies":[{"name":"t\u00f6\u00f6leht","href":"https:\/\/api.w.org\/{rel}","templated":true}]}}