{"id":6155,"date":"2025-12-19T16:20:46","date_gmt":"2025-12-19T13:20:46","guid":{"rendered":"https:\/\/wristbandfactory.eu\/?post_type=product&#038;p=6155"},"modified":"2025-12-29T14:02:37","modified_gmt":"2025-12-29T11:02:37","slug":"custom-beach-slippers-with-logo-sand-imprint-sole","status":"publish","type":"product","link":"https:\/\/wristbandfactory.eu\/et\/p\/custom-beach-slippers-with-logo-sand-imprint-sole\/","title":{"rendered":"Rannapl\u00e4tud oma disaini ja liivaj\u00e4ljega"},"content":{"rendered":"<p data-path-to-node=\"12\">T\u00f5stke oma suviste turunduskampaaniate v\u00f5i hotelli mugavuste taset meie t\u00e4ielikult kohandatavate rannasussidega. Need pl\u00e4tud on loodud maksimaalse br\u00e4ndi n\u00e4htavuse tagamiseks ja pakuvad ainulaadset k\u00f5ndiva reklaamtahvli efekti. Olenemata sellest, kas tegemist on ettev\u00f5tte puhkuse, spaakingituse v\u00f5i suvise festivali loosimisega, pakume t\u00e4ielikku v\u00e4rvisobitamist, et need sobiksid rangelt teie br\u00e4ndi identiteediga.<\/p>\n<p data-path-to-node=\"13\">Erinevalt tavalistest reklaamjalatsitest pakuvad meie sussid uuenduslikke tallap\u00f5hja br\u00e4ndingu tehnikaid, mis muudavad iga sammu muljetavaldavaks.<\/p>\n<h2 data-path-to-node=\"14\">Peamised omadused<\/h2>\n<ul data-path-to-node=\"15\">\n<li>\n<p data-path-to-node=\"15,0,0\"><b data-path-to-node=\"15,0,0\" data-index-in-node=\"0\">Pantone v\u00e4rvide sobitamine:<\/b> Saame talla ja rihma v\u00e4rvid teie kaubam\u00e4rgi PMS-koodidega sobitada ilma t\u00e4iendavate seadistustasudeta.<\/p>\n<\/li>\n<li>\n<p data-path-to-node=\"15,1,0\"><b data-path-to-node=\"15,1,0\" data-index-in-node=\"0\">Stantsitud \u201cliivatee\u201d:<\/b> Tald on umbes 5 mm s\u00fcgavune v\u00e4ljal\u00f5ige. Pehmel liival k\u00f5ndides j\u00e4tab suss teie logo v\u00f5i s\u00f5numi selgelt eristuva j\u00e4ljendi.<\/p>\n<\/li>\n<li>\n<p data-path-to-node=\"15,2,0\"><b data-path-to-node=\"15,2,0\" data-index-in-node=\"0\">Alumise talla reljeeftr\u00fckk:<\/b> T\u00e4psemate detailide saamiseks saame teie logo umbes 2 mm s\u00fcgavusele alumisse talla sisse tembeldada (sobib suurep\u00e4raselt keerukate kujunduste jaoks).<\/p>\n<\/li>\n<li>\n<p data-path-to-node=\"15,3,0\"><b data-path-to-node=\"15,3,0\" data-index-in-node=\"0\">T\u00e4ispinna br\u00e4nding:<\/b> Traditsiooniline siiditr\u00fckk on saadaval nii talla kannal kui ka rihmadel, et logo oleks h\u00e4sti n\u00e4htav.<\/p>\n<\/li>\n<\/ul>\n<h2 data-path-to-node=\"16\">Spetsifikatsioonid<\/h2>\n<ul data-path-to-node=\"17\">\n<li>\n<p data-path-to-node=\"17,0,0\"><b data-path-to-node=\"17,0,0\" data-index-in-node=\"0\">Materjal:<\/b> Vastupidav ja mugav PE\/PVC kummisegu (eritellimusel saadaval ka eritellimusel materjalid).<\/p>\n<\/li>\n<li>\n<p data-path-to-node=\"17,1,0\"><b data-path-to-node=\"17,1,0\" data-index-in-node=\"0\">Talla paksus:<\/b> Standardpaksus, mis on optimeeritud mugavuse ja efektiivse stantsimise tagamiseks.<\/p>\n<\/li>\n<li>\n<p data-path-to-node=\"17,2,0\"><b data-path-to-node=\"17,2,0\" data-index-in-node=\"0\">Suurused:<\/b> Saadaval erinevates EL standardsuurustes (unisex, meeste, naiste, laste).<\/p>\n<\/li>\n<li>\n<p data-path-to-node=\"17,3,0\"><b data-path-to-node=\"17,3,0\" data-index-in-node=\"0\">Kohandamismeetodid:<\/b> Siiditr\u00fckk, reljeeftr\u00fckk (all), stantsitud kujund (all).<\/p>\n<\/li>\n<li>\n<p data-path-to-node=\"17,4,0\"><b data-path-to-node=\"17,4,0\" data-index-in-node=\"0\">Minimaalne tellimus:<\/b> Palun kontrollige meie m\u00fc\u00fcgimeeskonnaga praegust MOQ-d.<\/p>\n<\/li>\n<\/ul>\n<h2 data-path-to-node=\"18\">Kasutusjuhud<\/h2>\n<ul data-path-to-node=\"19\">\n<li>\n<p data-path-to-node=\"19,0,0\"><b data-path-to-node=\"19,0,0\" data-index-in-node=\"0\">Suvised festivalid ja \u00fcritused:<\/b> V\u00e4\u00e4rtuslikud kaubad, mida osalejad saavad kasutada kogu hooaja v\u00e4ltel.<\/p>\n<\/li>\n<li>\n<p data-path-to-node=\"19,1,0\"><b data-path-to-node=\"19,1,0\" data-index-in-node=\"0\">Hotellid ja spaad:<\/b> Kvaliteetsed kaubam\u00e4rgiga k\u00fclaliste mugavused basseinidele ja tervisekeskustele.<\/p>\n<\/li>\n<li>\n<p data-path-to-node=\"19,2,0\"><b data-path-to-node=\"19,2,0\" data-index-in-node=\"0\">Ettev\u00f5tte kingitused:<\/b> Ideaalne meeskonnat\u00f6\u00f6 koolitusteks v\u00f5i suvisteks stardikomplektideks.<\/p>\n<\/li>\n<li>\n<p data-path-to-node=\"19,3,0\"><b data-path-to-node=\"19,3,0\" data-index-in-node=\"0\">Reisib\u00fcrood:<\/b> Suurep\u00e4rane reklaamkingitus rannapuhkuse pakettidele.<\/p>\n<\/li>\n<\/ul>","protected":false},"excerpt":{"rendered":"<ul>\n<li>\n<p data-path-to-node=\"11,0,0\"><b data-path-to-node=\"11,0,0\" data-index-in-node=\"0\">Pantone&#039;i vaste:<\/b> Nii talla kui ka rihma v\u00e4rvid eritellimusel ilma lisakuludeta.<\/p>\n<\/li>\n<li>\n<p data-path-to-node=\"11,1,0\"><b data-path-to-node=\"11,1,0\" data-index-in-node=\"0\">Mitmed br\u00e4ndingukohad:<\/b> Tr\u00fckk rihmale, \u00fclemisele v\u00f5i alumisele tallale.<\/p>\n<\/li>\n<li>\n<p data-path-to-node=\"11,2,0\"><b data-path-to-node=\"11,2,0\" data-index-in-node=\"0\">Liivaj\u00e4lje efekt:<\/b> Valikuline stantsitud tald j\u00e4tab teie logo liiva sisse.<\/p>\n<\/li>\n<li>\n<p data-path-to-node=\"11,3,0\"><b data-path-to-node=\"11,3,0\" data-index-in-node=\"0\">Lisatasu kohandamine:<\/b> Vali detailse reljeeftr\u00fcki v\u00f5i l\u00f6\u00f6gikindlate stantsitud taldade vahel.<\/p>\n<\/li>\n<\/ul>","protected":false},"featured_media":6158,"comment_status":"closed","ping_status":"closed","template":"","meta":[],"product_brand":[],"product_cat":[129],"product_tag":[],"class_list":{"0":"post-6155","1":"product","2":"type-product","3":"status-publish","4":"has-post-thumbnail","6":"product_cat-leisure-lifestyle","8":"first","9":"instock","10":"shipping-taxable","11":"purchasable","12":"product-type-simple"},"_links":{"self":[{"href":"https:\/\/wristbandfactory.eu\/et\/wp-json\/wp\/v2\/product\/6155","targetHints":{"allow":["GET"]}}],"collection":[{"href":"https:\/\/wristbandfactory.eu\/et\/wp-json\/wp\/v2\/product"}],"about":[{"href":"https:\/\/wristbandfactory.eu\/et\/wp-json\/wp\/v2\/types\/product"}],"replies":[{"embeddable":true,"href":"https:\/\/wristbandfactory.eu\/et\/wp-json\/wp\/v2\/comments?post=6155"}],"wp:featuredmedia":[{"embeddable":true,"href":"https:\/\/wristbandfactory.eu\/et\/wp-json\/wp\/v2\/media\/6158"}],"wp:attachment":[{"href":"https:\/\/wristbandfactory.eu\/et\/wp-json\/wp\/v2\/media?parent=6155"}],"wp:term":[{"taxonomy":"product_brand","embeddable":true,"href":"https:\/\/wristbandfactory.eu\/et\/wp-json\/wp\/v2\/product_brand?post=6155"},{"taxonomy":"product_cat","embeddable":true,"href":"https:\/\/wristbandfactory.eu\/et\/wp-json\/wp\/v2\/product_cat?post=6155"},{"taxonomy":"product_tag","embeddable":true,"href":"https:\/\/wristbandfactory.eu\/et\/wp-json\/wp\/v2\/product_tag?post=6155"}],"curies":[{"name":"t\u00f6\u00f6leht","href":"https:\/\/api.w.org\/{rel}","templated":true}]}}