{"id":6150,"date":"2025-12-19T16:10:08","date_gmt":"2025-12-19T13:10:08","guid":{"rendered":"https:\/\/wristbandfactory.eu\/?post_type=product&#038;p=6150"},"modified":"2026-02-27T15:23:40","modified_gmt":"2026-02-27T12:23:40","slug":"custom-printed-hand-fans","status":"publish","type":"product","link":"https:\/\/wristbandfactory.eu\/et\/p\/custom-printed-hand-fans\/","title":{"rendered":"Tr\u00fckiga lehvikud"},"content":{"rendered":"<p data-path-to-node=\"7\">Hoidke oma kliendid lahedad ja oma br\u00e4nd h\u00e4sti n\u00e4htaval meie esmaklassiliste tr\u00fckitud k\u00e4si-lehvikutega. Need spetsiaalselt hulgim\u00fc\u00fcgi reklaamikampaaniate ja firma\u00fcrituste jaoks loodud lehvikud \u00fchendavad funktsionaalse igap\u00e4evase otstarbekuse tohutu br\u00e4ndingu l\u00f5uendiga. Koondades kolm erinevat pulkamaterjali \u2013 klassikaline puit, moodne plastik ja j\u00e4tkusuutlik bambus \u2013 \u00fchte kohandatavasse tootesse, saate v\u00e4limuse ja tunde ideaalselt oma br\u00e4ndi identiteedi v\u00f5i \u00fcrituse teemaga sobitada.<\/p>\n<h2 data-path-to-node=\"8\">Peamised omadused<\/h2>\n<ul data-path-to-node=\"9\">\n<li>\n<p data-path-to-node=\"9,0,0\"><b data-path-to-node=\"9,0,0\" data-index-in-node=\"0\">T\u00e4isv\u00e4rviline kangatr\u00fckk:<\/b> Vastupidav pol\u00fcesterkangast leht on optimeeritud k\u00f5rglahutusega sublimatsiooniks, tagades, et teie logod, mustrid ja gradientid j\u00e4\u00e4vad erksaks ja pleekimiskindlaks.<\/p>\n<\/li>\n<li>\n<p data-path-to-node=\"9,1,0\"><b data-path-to-node=\"9,1,0\" data-index-in-node=\"0\">Kolm raami stiili:<\/b> * <b data-path-to-node=\"9,1,0\" data-index-in-node=\"22\">Puupulgad:<\/b> Traditsiooniline, elegantne ja ajatu.<\/p>\n<ul data-path-to-node=\"9,1,1\">\n<li>\n<p data-path-to-node=\"9,1,1,0,0\"><b data-path-to-node=\"9,1,1,0,0\" data-index-in-node=\"0\">Plastpulgad:<\/b> V\u00e4ga vastupidav ja v\u00f5imalusega sobitada see teie br\u00e4ndi juhiste Pantone v\u00e4rviga t\u00e4pselt kokku.<\/p>\n<\/li>\n<li>\n<p data-path-to-node=\"9,1,1,1,0\"><b data-path-to-node=\"9,1,1,1,0\" data-index-in-node=\"0\">Bambuskepid:<\/b> Kaunilt stantsitud detailidega, mis annavad keskkonnas\u00f5braliku ja esmaklassilise viimistluse.<\/p>\n<\/li>\n<\/ul>\n<\/li>\n<li>\n<p data-path-to-node=\"9,2,0\"><b data-path-to-node=\"9,2,0\" data-index-in-node=\"0\">Eritellimusel valmistatud esitluskarbid:<\/b> J\u00e4ta kingituse \u00fcleandmise hetkest p\u00fcsiv mulje. Vali lamineeritud viimistluse, maal\u00e4hedase j\u00f5upaberi v\u00f5i elegantsete aknaga karpide vahel \u2013 k\u00f5ik need on t\u00e4ielikult teie kunstiteostega kohandatavad.<\/p>\n<\/li>\n<\/ul>\n<h2 data-path-to-node=\"10\">Spetsifikatsioonid<\/h2>\n<ul data-path-to-node=\"11\">\n<li>\n<p data-path-to-node=\"11,0,0\"><b data-path-to-node=\"11,0,0\" data-index-in-node=\"0\">Kanga materjal:<\/b> 100% pol\u00fcester (sublimatsiooniks optimeeritud)<\/p>\n<\/li>\n<li>\n<p data-path-to-node=\"11,1,0\"><b data-path-to-node=\"11,1,0\" data-index-in-node=\"0\">Pulgamaterjali valikud:<\/b> Puit, plastik (saadaval eridisainiga Pantone v\u00e4rvitoonis) v\u00f5i stantsitud bambus<\/p>\n<\/li>\n<li>\n<p data-path-to-node=\"11,2,0\"><b data-path-to-node=\"11,2,0\" data-index-in-node=\"0\">Br\u00e4ndingu meetod (f\u00e4nn):<\/b> T\u00e4isv\u00e4rviline sublimatsioontr\u00fckk kangale<\/p>\n<\/li>\n<li>\n<p data-path-to-node=\"11,3,0\"><b data-path-to-node=\"11,3,0\" data-index-in-node=\"0\">Pakendivalikud:<\/b> Eridisainiga tr\u00fckitud lamineeritud karbid, kraftkarbid v\u00f5i aknaga karbid<\/p>\n<\/li>\n<\/ul>\n<h2 data-path-to-node=\"12\">Kasutusjuhud<\/h2>\n<ul data-path-to-node=\"13\">\n<li>\n<p data-path-to-node=\"13,0,0\"><b data-path-to-node=\"13,0,0\" data-index-in-node=\"0\">Suvised festivalid ja vaba\u00f5hukontserdid:<\/b> Jagage praktilisi, kaubam\u00e4rgiga esemeid, mida osalejad saavad kogu \u00fcrituse v\u00e4ltel aktiivselt kasutada ja kaasas kanda.<\/p>\n<\/li>\n<li>\n<p data-path-to-node=\"13,1,0\"><b data-path-to-node=\"13,1,0\" data-index-in-node=\"0\">Firmapidu ja pulmad:<\/b> Kasutage k\u00fclalistele elegantsete meenetena bambusest v\u00f5i puidust variante koos eridisainiga kraftkarpidega.<\/p>\n<\/li>\n<li>\n<p data-path-to-node=\"13,2,0\"><b data-path-to-node=\"13,2,0\" data-index-in-node=\"0\">Turism ja k\u00fclalislahkus:<\/b> Ideaalne hotellidele, kruiisilaevadele ja kuurortidele, mis soovivad pakkuda soojas kliimas k\u00fclalistele kaubam\u00e4rgiga mugavusi.<\/p>\n<\/li>\n<\/ul>","protected":false},"excerpt":{"rendered":"<ul>\n<li>\n<p data-path-to-node=\"6,0,0\"><b data-path-to-node=\"6,0,0\" data-index-in-node=\"0\">Elav sublimatsioonibr\u00e4nding:<\/b> Sisaldab esmaklassilist pol\u00fcesterkangast, mis on spetsiaalselt loodud t\u00e4isv\u00e4rviliseks, servast servani sublimatsioonitr\u00fckiks, et teie ettev\u00f5tte kujundust veatult esitleda.<\/p>\n<\/li>\n<li>\n<p data-path-to-node=\"6,1,0\"><b data-path-to-node=\"6,1,0\" data-index-in-node=\"0\">Mitmek\u00fclgsed materjalivalikud:<\/b> Vali klassikaliste puidust pulkade, keskkonnas\u00f5bralike stantsitud bambusest v\u00f5i plastpulkade vahel, mis on saadaval laias standardvalikus v\u00f5i eridisainiga Pantone&#039;i v\u00e4rvitoonis.<\/p>\n<\/li>\n<li>\n<p data-path-to-node=\"6,2,0\"><b data-path-to-node=\"6,2,0\" data-index-in-node=\"0\">T\u00e4ielikult eridisainiga pakend:<\/b> T\u00f5stke oma firmakingituste taset k\u00f5rgelt kohandatavate esitluskarpidega, mis on saadaval lamineeritud, kraft- v\u00f5i aknaga stiilis, et need sobiksid teie kampaania esteetikaga.<\/p>\n<\/li>\n<li>\n<p data-path-to-node=\"6,3,0\"><b data-path-to-node=\"6,3,0\" data-index-in-node=\"0\">Ideaalne massi\u00fcrituste jaoks:<\/b> Kulut\u00f5hus ja h\u00e4sti n\u00e4htav reklaammaterjal, mis sobib ideaalselt suvefestivalidele, v\u00e4li\u00fcritustele ja suuremahulistele turunduskampaaniatele.<\/p>\n<\/li>\n<\/ul>","protected":false},"featured_media":6311,"comment_status":"closed","ping_status":"closed","template":"","meta":[],"product_brand":[],"product_cat":[45],"product_tag":[],"class_list":{"0":"post-6150","1":"product","2":"type-product","3":"status-publish","4":"has-post-thumbnail","6":"product_cat-other","8":"first","9":"instock","10":"shipping-taxable","11":"purchasable","12":"product-type-simple"},"_links":{"self":[{"href":"https:\/\/wristbandfactory.eu\/et\/wp-json\/wp\/v2\/product\/6150","targetHints":{"allow":["GET"]}}],"collection":[{"href":"https:\/\/wristbandfactory.eu\/et\/wp-json\/wp\/v2\/product"}],"about":[{"href":"https:\/\/wristbandfactory.eu\/et\/wp-json\/wp\/v2\/types\/product"}],"replies":[{"embeddable":true,"href":"https:\/\/wristbandfactory.eu\/et\/wp-json\/wp\/v2\/comments?post=6150"}],"wp:featuredmedia":[{"embeddable":true,"href":"https:\/\/wristbandfactory.eu\/et\/wp-json\/wp\/v2\/media\/6311"}],"wp:attachment":[{"href":"https:\/\/wristbandfactory.eu\/et\/wp-json\/wp\/v2\/media?parent=6150"}],"wp:term":[{"taxonomy":"product_brand","embeddable":true,"href":"https:\/\/wristbandfactory.eu\/et\/wp-json\/wp\/v2\/product_brand?post=6150"},{"taxonomy":"product_cat","embeddable":true,"href":"https:\/\/wristbandfactory.eu\/et\/wp-json\/wp\/v2\/product_cat?post=6150"},{"taxonomy":"product_tag","embeddable":true,"href":"https:\/\/wristbandfactory.eu\/et\/wp-json\/wp\/v2\/product_tag?post=6150"}],"curies":[{"name":"t\u00f6\u00f6leht","href":"https:\/\/api.w.org\/{rel}","templated":true}]}}