{"id":6144,"date":"2025-12-19T16:02:37","date_gmt":"2025-12-19T13:02:37","guid":{"rendered":"https:\/\/wristbandfactory.eu\/?post_type=product&#038;p=6144"},"modified":"2025-12-29T15:10:45","modified_gmt":"2025-12-29T12:10:45","slug":"custom-printed-picnic-blankets-fleece-waterproof-models","status":"publish","type":"product","link":"https:\/\/wristbandfactory.eu\/et\/p\/custom-printed-picnic-blankets-fleece-waterproof-models\/","title":{"rendered":"Logoga piknikutekid (Fliis ja Veekindel)"},"content":{"rendered":"<p data-path-to-node=\"10\">Muutke iga \u00f5ues toimuv kogunemine br\u00e4ndinguv\u00f5imaluseks meie abil <b data-path-to-node=\"10\" data-index-in-node=\"89\">Eridisainiga tr\u00fckitud piknikutekid<\/b>. Olenemata sellest, kas vajate hubast kingitust suvekontserdiks v\u00f5i luksuslikku firmakingitust t\u00f6\u00f6tajatele, pakume kahte erinevat materjali, mis sobivad teie eelarve ja funktsionaalsete vajadustega.<\/p>\n<p data-path-to-node=\"11\">M\u00f5lemal mudelil on servast servani digitaaltr\u00fckk, mis v\u00f5imaldab erksav\u00e4rvilisi fotosid, keerukaid mustreid v\u00f5i julgeid logosid kogu pinnale printida.<\/p>\n<h3 data-path-to-node=\"12\">Vali oma mudel<\/h3>\n<p>1. Pehme fliisist tekk (standardne)<\/p>\n<p>Klassikaline valik soojuse ja mugavuse nautimiseks.<\/p>\n<ul data-path-to-node=\"14\">\n<li>\n<p data-path-to-node=\"14,0,0\"><b data-path-to-node=\"14,0,0\" data-index-in-node=\"0\">\u00dclemine:<\/b> Pehme 100% pol\u00fcesterfliis (220 g\/m\u00b2) hubase tunde tagamiseks.<\/p>\n<\/li>\n<li>\n<p data-path-to-node=\"14,1,0\"><b data-path-to-node=\"14,1,0\" data-index-in-node=\"0\">Alumine osa:<\/b> Must 80gr lausriidest alusmaterjal.<\/p>\n<\/li>\n<li>\n<p data-path-to-node=\"14,2,0\"><b data-path-to-node=\"14,2,0\" data-index-in-node=\"0\">Pakend:<\/b> Eraldi pol\u00fckotis (eridisainiga paber\u00fcmbris on saadaval soovi korral).<\/p>\n<\/li>\n<\/ul>\n<p>2. Premium veekindel tekk (polsterdatud)<\/p>\n<p>Loodud vastupidavuse ja niiske pinnase jaoks.<\/p>\n<ul data-path-to-node=\"16\">\n<li>\n<p data-path-to-node=\"16,0,0\"><b data-path-to-node=\"16,0,0\" data-index-in-node=\"0\">Ehitus:<\/b> 3-kihiline v\u00f5ileivakujundus \u2013 300D pol\u00fcesterist pealispind, 2 mm vahtplastist s\u00fcdamik mugava istumise tagamiseks ja 210D pol\u00fcesterist p\u00f5hi.<\/p>\n<\/li>\n<li>\n<p data-path-to-node=\"16,1,0\"><b data-path-to-node=\"16,1,0\" data-index-in-node=\"0\">Veekindel:<\/b> PU-aluskiht hoiab niiskuse eemal.<\/p>\n<\/li>\n<li>\n<p data-path-to-node=\"16,2,0\"><b data-path-to-node=\"16,2,0\" data-index-in-node=\"0\">Kaasaskantavus:<\/b> Sisaldab sisse\u00f5mmeldud PP-rihmast k\u00e4epidet (umbes 2,5x50 cm) takjapaelaga sulguriga, et seda oleks lihtne rullida ja kaasas kanda.<\/p>\n<\/li>\n<\/ul>\n<h2 data-path-to-node=\"17\">Peamised omadused<\/h2>\n<ul data-path-to-node=\"18\">\n<li>\n<p data-path-to-node=\"18,0,0\"><b data-path-to-node=\"18,0,0\" data-index-in-node=\"0\">Elav digitaalne tr\u00fckk:<\/b> Tr\u00fckime teie kujunduse digitaalselt. <i data-path-to-node=\"18,0,0\" data-index-in-node=\"55\">M\u00e4rkus: Kanga tekstuuri t\u00f5ttu v\u00f5ivad l\u00f5plikud tr\u00fckiv\u00e4rvid originaalsest kunstiteosest kuni 15% toonis erineda.<\/i><\/p>\n<\/li>\n<li>\n<p data-path-to-node=\"18,1,0\"><b data-path-to-node=\"18,1,0\" data-index-in-node=\"0\">Praktiline br\u00e4nding:<\/b> Suur pindala tagab, et teie br\u00e4nd on randades, parkides ja festivalidel kaugelt n\u00e4htav.<\/p>\n<\/li>\n<li>\n<p data-path-to-node=\"18,2,0\"><b data-path-to-node=\"18,2,0\" data-index-in-node=\"0\">Tootmistaluvus:<\/b> Vastavalt t\u00f6\u00f6stusstandarditele j\u00e4tame endale \u00f5iguse tarnida ja arveldada tellitud kogusest +\/- 10%.<\/p>\n<\/li>\n<\/ul>\n<h2 data-path-to-node=\"19\">Spetsifikatsioonid<\/h2>\n<table data-path-to-node=\"20\">\n<thead>\n<tr>\n<td><strong>Funktsioon<\/strong><\/td>\n<td><strong>Fliisist mudel<\/strong><\/td>\n<td><strong>Veekindel polsterdatud mudel<\/strong><\/td>\n<\/tr>\n<\/thead>\n<tbody>\n<tr>\n<td><span data-path-to-node=\"20,1,0,0\"><b data-path-to-node=\"20,1,0,0\" data-index-in-node=\"0\">Pealismaterjal<\/b><\/span><\/td>\n<td><span data-path-to-node=\"20,1,1,0\">220 g\/m\u00b2 pol\u00fcesterfliis<\/span><\/td>\n<td><span data-path-to-node=\"20,1,2,0\">300D pol\u00fcester<\/span><\/td>\n<\/tr>\n<tr>\n<td><span data-path-to-node=\"20,2,0,0\"><b data-path-to-node=\"20,2,0,0\" data-index-in-node=\"0\">Tagak\u00fclg<\/b><\/span><\/td>\n<td><span data-path-to-node=\"20,2,1,0\">Must 80gr lausriie<\/span><\/td>\n<td><span data-path-to-node=\"20,2,2,0\">Veekindel PU + 210D pol\u00fcester<\/span><\/td>\n<\/tr>\n<tr>\n<td><span data-path-to-node=\"20,3,0,0\"><b data-path-to-node=\"20,3,0,0\" data-index-in-node=\"0\">Polsterdus<\/b><\/span><\/td>\n<td><span data-path-to-node=\"20,3,1,0\">Puudub<\/span><\/td>\n<td><span data-path-to-node=\"20,3,2,0\">2 mm vaht<\/span><\/td>\n<\/tr>\n<tr>\n<td><span data-path-to-node=\"20,4,0,0\"><b data-path-to-node=\"20,4,0,0\" data-index-in-node=\"0\">M\u00f5\u00f5tmed<\/b><\/span><\/td>\n<td><span data-path-to-node=\"20,4,1,0\">120x150cm V\u00d5I 130x170cm<\/span><\/td>\n<td><span data-path-to-node=\"20,4,2,0\">120x150cm<\/span><\/td>\n<\/tr>\n<tr>\n<td><span data-path-to-node=\"20,5,0,0\"><b data-path-to-node=\"20,5,0,0\" data-index-in-node=\"0\">Kandes\u00fcsteem<\/b><\/span><\/td>\n<td><span data-path-to-node=\"20,5,1,0\">Pol\u00fckott (\u00fcmbris valikuline)<\/span><\/td>\n<td><span data-path-to-node=\"20,5,2,0\">Integreeritud PP-rihmast k\u00e4epide<\/span><\/td>\n<\/tr>\n<tr>\n<td><span data-path-to-node=\"20,6,0,0\"><b data-path-to-node=\"20,6,0,0\" data-index-in-node=\"0\">Tr\u00fckitehnika<\/b><\/span><\/td>\n<td><span data-path-to-node=\"20,6,1,0\">T\u00e4isv\u00e4rviline digitaalne<\/span><\/td>\n<td><span data-path-to-node=\"20,6,2,0\">T\u00e4isv\u00e4rviline digitaalne<\/span><\/td>\n<\/tr>\n<\/tbody>\n<\/table>\n<p>&nbsp;<\/p>\n<h2 data-path-to-node=\"21\">Kasutusjuhud<\/h2>\n<ul data-path-to-node=\"22\">\n<li>\n<p data-path-to-node=\"22,0,0\"><b data-path-to-node=\"22,0,0\" data-index-in-node=\"0\">Suvised festivalid:<\/b> Br\u00e4nditud istekohad muusika\u00fcrituste jaoks.<\/p>\n<\/li>\n<li>\n<p data-path-to-node=\"22,1,0\"><b data-path-to-node=\"22,1,0\" data-index-in-node=\"0\">Ettev\u00f5tte piknikud:<\/b> Praktiline kingitus, mida t\u00f6\u00f6tajad korduvalt kasutavad.<\/p>\n<\/li>\n<li>\n<p data-path-to-node=\"22,2,0\"><b data-path-to-node=\"22,2,0\" data-index-in-node=\"0\">Kauplused:<\/b> K\u00f5rge v\u00e4\u00e4rtusega ese b\u00e4ndidele v\u00f5i spordimeeskondadele.<\/p>\n<\/li>\n<li>\n<p data-path-to-node=\"22,3,0\"><b data-path-to-node=\"22,3,0\" data-index-in-node=\"0\">V\u00e4listingimustes pakutavad pakkumised:<\/b> Ideaalne joogi- v\u00f5i elustiilibr\u00e4ndidele.<\/p>\n<\/li>\n<\/ul>","protected":false},"excerpt":{"rendered":"<ul>\n<li>\n<p data-path-to-node=\"9,0,0\"><b data-path-to-node=\"9,0,0\" data-index-in-node=\"0\">Kaks varianti:<\/b> Vali pehme fliisi (kerge) v\u00f5i veekindla (k\u00e4epidemega polsterdatud) vahel.<\/p>\n<\/li>\n<li>\n<p data-path-to-node=\"9,1,0\"><b data-path-to-node=\"9,1,0\" data-index-in-node=\"0\">T\u00e4ielik kohandamine:<\/b> K\u00f5rglahutusega digitaaltr\u00fckk katab kogu pealmise pinna.<\/p>\n<\/li>\n<li>\n<p data-path-to-node=\"9,2,0\"><b data-path-to-node=\"9,2,0\" data-index-in-node=\"0\">Mitmek\u00fclgsed suurused:<\/b> Standardm\u00f5\u00f5t 120x150cm v\u00f5i suurem 130x170cm (ainult fliis).<\/p>\n<\/li>\n<li>\n<p data-path-to-node=\"9,3,0\"><b data-path-to-node=\"9,3,0\" data-index-in-node=\"0\">\u00dcrituseks valmis:<\/b> Ideaalne v\u00e4lifestivalidele, firma piknikele ja suvekampaaniatele.<\/p>\n<\/li>\n<\/ul>","protected":false},"featured_media":6315,"comment_status":"closed","ping_status":"closed","template":"","meta":[],"product_brand":[],"product_cat":[68,121],"product_tag":[],"class_list":{"0":"post-6144","1":"product","2":"type-product","3":"status-publish","4":"has-post-thumbnail","6":"product_cat-event-supplies","7":"product_cat-promotional-merchandise","9":"first","10":"instock","11":"shipping-taxable","12":"purchasable","13":"product-type-simple"},"_links":{"self":[{"href":"https:\/\/wristbandfactory.eu\/et\/wp-json\/wp\/v2\/product\/6144","targetHints":{"allow":["GET"]}}],"collection":[{"href":"https:\/\/wristbandfactory.eu\/et\/wp-json\/wp\/v2\/product"}],"about":[{"href":"https:\/\/wristbandfactory.eu\/et\/wp-json\/wp\/v2\/types\/product"}],"replies":[{"embeddable":true,"href":"https:\/\/wristbandfactory.eu\/et\/wp-json\/wp\/v2\/comments?post=6144"}],"wp:featuredmedia":[{"embeddable":true,"href":"https:\/\/wristbandfactory.eu\/et\/wp-json\/wp\/v2\/media\/6315"}],"wp:attachment":[{"href":"https:\/\/wristbandfactory.eu\/et\/wp-json\/wp\/v2\/media?parent=6144"}],"wp:term":[{"taxonomy":"product_brand","embeddable":true,"href":"https:\/\/wristbandfactory.eu\/et\/wp-json\/wp\/v2\/product_brand?post=6144"},{"taxonomy":"product_cat","embeddable":true,"href":"https:\/\/wristbandfactory.eu\/et\/wp-json\/wp\/v2\/product_cat?post=6144"},{"taxonomy":"product_tag","embeddable":true,"href":"https:\/\/wristbandfactory.eu\/et\/wp-json\/wp\/v2\/product_tag?post=6144"}],"curies":[{"name":"t\u00f6\u00f6leht","href":"https:\/\/api.w.org\/{rel}","templated":true}]}}