{"id":6135,"date":"2025-12-19T15:54:46","date_gmt":"2025-12-19T12:54:46","guid":{"rendered":"https:\/\/wristbandfactory.eu\/?post_type=product&#038;p=6135"},"modified":"2025-12-29T15:18:47","modified_gmt":"2025-12-29T12:18:47","slug":"custom-printed-wooden-deck-chairs-patio-stools-made-in-eu","status":"publish","type":"product","link":"https:\/\/wristbandfactory.eu\/et\/p\/custom-printed-wooden-deck-chairs-patio-stools-made-in-eu\/","title":{"rendered":"Eritellimusel tr\u00fckitud puidust lamamistoolid"},"content":{"rendered":"<p data-path-to-node=\"10\">Looge l\u00f5\u00f5gastav br\u00e4ndikogemus meie esmaklassiliste toodetega <b data-path-to-node=\"10\" data-index-in-node=\"86\">Eritellimusel tr\u00fckitud puidust tekitoolid ja taburetid<\/b>. Olgu tegemist rannaklubi, muusikafestivali, ettev\u00f5tte suvise terrassi v\u00f5i talvise suusakuurordiga, need toolid pakuvad ideaalset mugavuse ja n\u00e4htavuse kombinatsiooni.<\/p>\n<p data-path-to-node=\"11\">Meie raamid on valmistatud otse EL-is tugevast p\u00f6\u00f6gipuidust (naturaalse viimistlusega), mis tagab vastupidavuse ja v\u00f5rreldes kergete imporditud toodetega luksusliku tunde. Istme kangas on digitaalselt t\u00e4isv\u00e4rvides tr\u00fckitud, mis v\u00f5imaldab luua fotorealistlikke kujundusi, mis katavad kogu pinna.<\/p>\n<h3 data-path-to-node=\"12\">Saadaval olevad mudelid<\/h3>\n<p data-path-to-node=\"13\">Pakume nelja erinevat konfiguratsiooni, mis vastavad teie \u00fcrituse vajadustele:<\/p>\n<ol start=\"1\" data-path-to-node=\"14\">\n<li>\n<p data-path-to-node=\"14,0,0\"><b data-path-to-node=\"14,0,0\" data-index-in-node=\"0\">Klassikaline tekitool:<\/b> Ajatu disain ilma k\u00e4etugedeta. Minimalistlik ja kaasaskantav.<\/p>\n<\/li>\n<li>\n<p data-path-to-node=\"14,1,0\"><b data-path-to-node=\"14,1,0\" data-index-in-node=\"0\">Mugav lamamistool:<\/b> Ergonoomilised k\u00e4etoed t\u00e4iendavaks l\u00f5\u00f5gastumiseks.<\/p>\n<\/li>\n<li>\n<p data-path-to-node=\"14,2,0\"><b data-path-to-node=\"14,2,0\" data-index-in-node=\"0\">Premium-tasemel lamamistool:<\/b> Sisaldab k\u00e4etugesid ja sisseehitatud topsihoidjat \u2013 \u00fclim valik festivaliks.<\/p>\n<\/li>\n<li>\n<p data-path-to-node=\"14,3,0\"><b data-path-to-node=\"14,3,0\" data-index-in-node=\"0\">Terrassitoolid:<\/b> Kompaktne, kokkupandav jalatugi v\u00f5i lisaiste, mis t\u00e4iendab toole ideaalselt.<\/p>\n<\/li>\n<\/ol>\n<h2 data-path-to-node=\"15\">Peamised omadused<\/h2>\n<ul data-path-to-node=\"16\">\n<li>\n<p data-path-to-node=\"16,0,0\"><b data-path-to-node=\"16,0,0\" data-index-in-node=\"0\">Reguleeritav mugavus:<\/b> K\u00f5ikidel toolimudelitel on seljatoe k\u00f5rguse kolmeastmeline reguleerimine personaalseks l\u00f5\u00f5gastumiseks (standard: 28\/60 mm ulatus; k\u00e4etoega mudelid: 28\/57 mm v\u00f5i 32\/61 mm ulatus).<\/p>\n<\/li>\n<li>\n<p data-path-to-node=\"16,1,0\"><b data-path-to-node=\"16,1,0\" data-index-in-node=\"0\">Elav br\u00e4nding:<\/b> 215 g\/m\u00b2 pol\u00fcesterkangas toetab k\u00f5rgresolutsiooniga CMYK-printimist. <i data-path-to-node=\"16,1,0\" data-index-in-node=\"83\">M\u00e4rkus: Tekstiili imendumise t\u00f5ttu v\u00f5ivad l\u00f5plikud v\u00e4rvid digitaalsest failist erineda kuni 15%.<\/i><\/p>\n<\/li>\n<li>\n<p data-path-to-node=\"16,2,0\"><b data-path-to-node=\"16,2,0\" data-index-in-node=\"0\">Nutikas disain:<\/b> Toolikatted on eemaldatavad ja vahetatavad, mis v\u00f5imaldab teil kampaaniaid uuendada ilma uusi raame ostmata. (M\u00e4rkus: Tabureti kangas on fikseeritud\/mitte eemaldatav).<\/p>\n<\/li>\n<li>\n<p data-path-to-node=\"16,3,0\"><b data-path-to-node=\"16,3,0\" data-index-in-node=\"0\">Ohutus ja koormus:<\/b> Tugev konstruktsioon toetab kuni 110 kg istme kohta.<\/p>\n<\/li>\n<\/ul>\n<h2 data-path-to-node=\"17\">Spetsifikatsioonid<\/h2>\n<table data-path-to-node=\"18\">\n<thead>\n<tr>\n<td><strong>Funktsioon<\/strong><\/td>\n<td><strong>Klassikaline tool<\/strong><\/td>\n<td><strong>K\u00e4etoega tool<\/strong><\/td>\n<td><strong>Topsihoidja tool<\/strong><\/td>\n<td><strong>Terrassitooli<\/strong><\/td>\n<\/tr>\n<\/thead>\n<tbody>\n<tr>\n<td><span data-path-to-node=\"18,1,0,0\"><b data-path-to-node=\"18,1,0,0\" data-index-in-node=\"0\">Raami materjal<\/b><\/span><\/td>\n<td><span data-path-to-node=\"18,1,1,0\">P\u00f6\u00f6gipuit<\/span><\/td>\n<td><span data-path-to-node=\"18,1,2,0\">P\u00f6\u00f6gipuit<\/span><\/td>\n<td><span data-path-to-node=\"18,1,3,0\">P\u00f6\u00f6gipuit<\/span><\/td>\n<td><span data-path-to-node=\"18,1,4,0\">P\u00f6\u00f6gipuit<\/span><\/td>\n<\/tr>\n<tr>\n<td><span data-path-to-node=\"18,2,0,0\"><b data-path-to-node=\"18,2,0,0\" data-index-in-node=\"0\">M\u00f5\u00f5tmed (kokkupandult)<\/b><\/span><\/td>\n<td><span data-path-to-node=\"18,2,1,0\">1250 x 560 mm<\/span><\/td>\n<td><span data-path-to-node=\"18,2,2,0\">1510 x 580 mm<\/span><\/td>\n<td><span data-path-to-node=\"18,2,3,0\">1510 x 580 mm<\/span><\/td>\n<td><span data-path-to-node=\"18,2,4,0\">500 x 320 mm<\/span><\/td>\n<\/tr>\n<tr>\n<td><span data-path-to-node=\"18,3,0,0\"><b data-path-to-node=\"18,3,0,0\" data-index-in-node=\"0\">K\u00f5rgustasemed<\/b><\/span><\/td>\n<td><span data-path-to-node=\"18,3,1,0\">3-astmeline<\/span><\/td>\n<td><span data-path-to-node=\"18,3,2,0\">3-astmeline<\/span><\/td>\n<td><span data-path-to-node=\"18,3,3,0\">3-astmeline<\/span><\/td>\n<td><span data-path-to-node=\"18,3,4,0\">Fikseeritud (70 mm)<\/span><\/td>\n<\/tr>\n<tr>\n<td><span data-path-to-node=\"18,4,0,0\"><b data-path-to-node=\"18,4,0,0\" data-index-in-node=\"0\">Kaal<\/b><\/span><\/td>\n<td><span data-path-to-node=\"18,4,1,0\">3,9 kg (7,8 kg\/karp)<\/span><\/td>\n<td><span data-path-to-node=\"18,4,2,0\">4,4 kg (8,8 kg\/karp)<\/span><\/td>\n<td><span data-path-to-node=\"18,4,3,0\">4,7 kg (9,4 kg\/karp)<\/span><\/td>\n<td><span data-path-to-node=\"18,4,4,0\">1,6 kg (3,2 kg\/karp)<\/span><\/td>\n<\/tr>\n<tr>\n<td><span data-path-to-node=\"18,5,0,0\"><b data-path-to-node=\"18,5,0,0\" data-index-in-node=\"0\">Kangas<\/b><\/span><\/td>\n<td><span data-path-to-node=\"18,5,1,0\">215 g\/m\u00b2 pol\u00fcester<\/span><\/td>\n<td><span data-path-to-node=\"18,5,2,0\">215 g\/m\u00b2 pol\u00fcester<\/span><\/td>\n<td><span data-path-to-node=\"18,5,3,0\">215 g\/m\u00b2 pol\u00fcester<\/span><\/td>\n<td><span data-path-to-node=\"18,5,4,0\">215 g\/m\u00b2 pol\u00fcester<\/span><\/td>\n<\/tr>\n<tr>\n<td><span data-path-to-node=\"18,6,0,0\"><b data-path-to-node=\"18,6,0,0\" data-index-in-node=\"0\">Pakend<\/b><\/span><\/td>\n<td><span data-path-to-node=\"18,6,1,0\">2 tk \/ karp<\/span><\/td>\n<td><span data-path-to-node=\"18,6,2,0\">2 tk \/ karp<\/span><\/td>\n<td><span data-path-to-node=\"18,6,3,0\">2 tk \/ karp<\/span><\/td>\n<td><span data-path-to-node=\"18,6,4,0\">2 tk \/ karp<\/span><\/td>\n<\/tr>\n<\/tbody>\n<\/table>\n<h2 data-path-to-node=\"19\">Kasutusjuhud<\/h2>\n<ul data-path-to-node=\"20\">\n<li>\n<p data-path-to-node=\"20,0,0\"><b data-path-to-node=\"20,0,0\" data-index-in-node=\"0\">Suvised festivalid ja rannabaarid:<\/b> looge br\u00e4nditud l\u00f5\u00f5gastusala.<\/p>\n<\/li>\n<li>\n<p data-path-to-node=\"20,1,0\"><b data-path-to-node=\"20,1,0\" data-index-in-node=\"0\">Suusakuurordid:<\/b> Vastupidav puit ja pol\u00fcester sobivad h\u00e4sti ka talvistele p\u00e4ikeseterrassidele.<\/p>\n<\/li>\n<li>\n<p data-path-to-node=\"20,2,0\"><b data-path-to-node=\"20,2,0\" data-index-in-node=\"0\">Ettev\u00f5tte kingitused:<\/b> V\u00e4\u00e4rtuslik kingitus partneritele aias v\u00f5i r\u00f5dul kasutamiseks.<\/p>\n<\/li>\n<li>\n<p data-path-to-node=\"20,3,0\"><b data-path-to-node=\"20,3,0\" data-index-in-node=\"0\">V\u00e4li\u00fcritused:<\/b> Kaasaskantav istekoht, mis toimib ka reklaamtahvlina.<\/p>\n<\/li>\n<\/ul>","protected":false},"excerpt":{"rendered":"<ul>\n<li>\n<p data-path-to-node=\"9,0,0\"><b data-path-to-node=\"9,0,0\" data-index-in-node=\"0\">Valmistatud EL-is:<\/b> K\u00e4sitsi valmistatud kvaliteetsest naturaalsest p\u00f6\u00f6gipuidust.<\/p>\n<\/li>\n<li>\n<p data-path-to-node=\"9,1,0\"><b data-path-to-node=\"9,1,0\" data-index-in-node=\"0\">T\u00e4ielik kohandamine:<\/b> Servast servani CMYK-tr\u00fckk vastupidavale 215 g\/m\u00b2 pol\u00fcesterpaberile.<\/p>\n<\/li>\n<li>\n<p data-path-to-node=\"9,2,0\"><b data-path-to-node=\"9,2,0\" data-index-in-node=\"0\">Saadaval on 4 mudelit:<\/b> Standard, k\u00e4etoed, k\u00e4etoed + topsihoidja ja kokkupandav tool.<\/p>\n<\/li>\n<li>\n<p data-path-to-node=\"9,3,0\"><b data-path-to-node=\"9,3,0\" data-index-in-node=\"0\">Vahetatav kangas:<\/b> K\u00f5ikide toolimudelite disaini saab h\u00f5lpsalt muuta (tabureti kangas on fikseeritud).<\/p>\n<\/li>\n<\/ul>","protected":false},"featured_media":6320,"comment_status":"closed","ping_status":"closed","template":"","meta":[],"product_brand":[],"product_cat":[68],"product_tag":[],"class_list":{"0":"post-6135","1":"product","2":"type-product","3":"status-publish","4":"has-post-thumbnail","6":"product_cat-event-supplies","8":"first","9":"instock","10":"shipping-taxable","11":"purchasable","12":"product-type-simple"},"_links":{"self":[{"href":"https:\/\/wristbandfactory.eu\/et\/wp-json\/wp\/v2\/product\/6135","targetHints":{"allow":["GET"]}}],"collection":[{"href":"https:\/\/wristbandfactory.eu\/et\/wp-json\/wp\/v2\/product"}],"about":[{"href":"https:\/\/wristbandfactory.eu\/et\/wp-json\/wp\/v2\/types\/product"}],"replies":[{"embeddable":true,"href":"https:\/\/wristbandfactory.eu\/et\/wp-json\/wp\/v2\/comments?post=6135"}],"wp:featuredmedia":[{"embeddable":true,"href":"https:\/\/wristbandfactory.eu\/et\/wp-json\/wp\/v2\/media\/6320"}],"wp:attachment":[{"href":"https:\/\/wristbandfactory.eu\/et\/wp-json\/wp\/v2\/media?parent=6135"}],"wp:term":[{"taxonomy":"product_brand","embeddable":true,"href":"https:\/\/wristbandfactory.eu\/et\/wp-json\/wp\/v2\/product_brand?post=6135"},{"taxonomy":"product_cat","embeddable":true,"href":"https:\/\/wristbandfactory.eu\/et\/wp-json\/wp\/v2\/product_cat?post=6135"},{"taxonomy":"product_tag","embeddable":true,"href":"https:\/\/wristbandfactory.eu\/et\/wp-json\/wp\/v2\/product_tag?post=6135"}],"curies":[{"name":"t\u00f6\u00f6leht","href":"https:\/\/api.w.org\/{rel}","templated":true}]}}