{"id":6125,"date":"2025-12-18T23:14:53","date_gmt":"2025-12-18T20:14:53","guid":{"rendered":"https:\/\/wristbandfactory.eu\/?post_type=product&#038;p=6125"},"modified":"2025-12-18T23:14:53","modified_gmt":"2025-12-18T20:14:53","slug":"custom-pvc-playing-cards-100-plastic-waterproof","status":"publish","type":"product","link":"https:\/\/wristbandfactory.eu\/et\/p\/custom-pvc-playing-cards-100-plastic-waterproof\/","title":{"rendered":"Eritellimusel PVC-materjalist m\u00e4ngukaardid"},"content":{"rendered":"<p data-path-to-node=\"12\">Suurenda oma br\u00e4ndi n\u00e4htavust meie premium-lahendustega <b data-path-to-node=\"12\" data-index-in-node=\"72\">Eridisainiga PVC m\u00e4ngukaardid<\/b>. Erinevalt tavalistest paberkaardipakkidest pakuvad need 100% plastkaardid suurep\u00e4rast vastupidavust, professionaalset \u201ckasiinotunnet\u201d ja t\u00e4ielikku veekindlust. Need on ideaalsed reklaamkaubad \u00f5lletehastele, vaba\u00f5hu\u00fcritustele, reisibr\u00e4ndidele ja tipptasemel firmakingitusteks.<\/p>\n<p data-path-to-node=\"13\">Kuna need on pestavad ja paindumiskindlad, p\u00fcsib teie kaubam\u00e4rgiga kaardipakk kauem ringluses, pakkudes teie logole p\u00fcsivat n\u00e4htavust. Olgu tegemist pokkeriturniiri v\u00f5i elustiilikingitusega, PVC m\u00e4ngukaardid s\u00fcmboliseerivad kvaliteeti ja vastupidavust.<\/p>\n<h2 data-path-to-node=\"14\">Peamised omadused<\/h2>\n<ul data-path-to-node=\"15\">\n<li>\n<p data-path-to-node=\"15,0,0\"><b data-path-to-node=\"15,0,0\" data-index-in-node=\"0\">100% veekindel:<\/b> Ideaalne ranna\u00fcritusteks, baarideks ja \u00f5ues kasutamiseks; mahavoolanud joogid saab lihtsalt \u00e4ra p\u00fchkida.<\/p>\n<\/li>\n<li>\n<p data-path-to-node=\"15,1,0\"><b data-path-to-node=\"15,1,0\" data-index-in-node=\"0\">Suurep\u00e4rane vastupidavus:<\/b> PVC materjal on kortsumis-, rebenemis- ja nurkade kulumiskindel palju paremini kui paber.<\/p>\n<\/li>\n<li>\n<p data-path-to-node=\"15,2,0\"><b data-path-to-node=\"15,2,0\" data-index-in-node=\"0\">K\u00f5rglahutusega printimine:<\/b> Karge ja ergas CMYK-tr\u00fckk keerukate logode ja eridisainiga kujunduste jaoks kaartide tagak\u00fclgedele.<\/p>\n<\/li>\n<li>\n<p data-path-to-node=\"15,3,0\"><b data-path-to-node=\"15,3,0\" data-index-in-node=\"0\">Sujuv k\u00e4sitsemine:<\/b> Professionaalseks segamiseks ja jagamiseks on saadaval tekstureeritud viimistlusvalikud.<\/p>\n<\/li>\n<\/ul>\n<h2 data-path-to-node=\"16\">Spetsifikatsioonid<\/h2>\n<ul data-path-to-node=\"17\">\n<li>\n<p data-path-to-node=\"17,0,0\"><b data-path-to-node=\"17,0,0\" data-index-in-node=\"0\">Materjal:<\/b> 100% Valge PVC v\u00f5i l\u00e4bipaistva PVC valikud.<\/p>\n<\/li>\n<li>\n<p data-path-to-node=\"17,1,0\"><b data-path-to-node=\"17,1,0\" data-index-in-node=\"0\">M\u00f5\u00f5tmed:<\/b> Standardne pokkeri suurus (63 mm x 88 mm) v\u00f5i silla suurus (57 mm x 87 mm).<\/p>\n<\/li>\n<li>\n<p data-path-to-node=\"17,2,0\"><b data-path-to-node=\"17,2,0\" data-index-in-node=\"0\">Paksus:<\/b> Standardne 0,3 mm (umbes 300 mikronit).<\/p>\n<\/li>\n<li>\n<p data-path-to-node=\"17,3,0\"><b data-path-to-node=\"17,3,0\" data-index-in-node=\"0\">Pakend:<\/b> Standardne valge karp, eritellimusel tr\u00fckitud karp v\u00f5i l\u00e4bipaistev plastkarp.<\/p>\n<\/li>\n<li>\n<p data-path-to-node=\"17,4,0\"><b data-path-to-node=\"17,4,0\" data-index-in-node=\"0\">Pakkide arv:<\/b> Standardne 54 kaarti (52 masti + 2 jokkerit).<\/p>\n<\/li>\n<\/ul>\n<h2 data-path-to-node=\"18\">Kasutusjuhud<\/h2>\n<ul data-path-to-node=\"19\">\n<li>\n<p data-path-to-node=\"19,0,0\"><b data-path-to-node=\"19,0,0\" data-index-in-node=\"0\">Jookide ja alkoholi kaubam\u00e4rgid:<\/b> Veekindlad kaardid on baarides ja pubides h\u00e4davajalikud.<\/p>\n<\/li>\n<li>\n<p data-path-to-node=\"19,1,0\"><b data-path-to-node=\"19,1,0\" data-index-in-node=\"0\">Reisimine ja turism:<\/b> Vastupidavad reisim\u00e4ngud hotellidele, kuurortidele ja reisikorraldajatele.<\/p>\n<\/li>\n<li>\n<p data-path-to-node=\"19,2,0\"><b data-path-to-node=\"19,2,0\" data-index-in-node=\"0\">Ettev\u00f5tte kingitused:<\/b> V\u00e4\u00e4rtuslik interaktiivne kingitus, mida kliendid oma kohvilaual hoiavad.<\/p>\n<\/li>\n<li>\n<p data-path-to-node=\"19,3,0\"><b data-path-to-node=\"19,3,0\" data-index-in-node=\"0\">Kasiinod ja m\u00e4nguklubid:<\/b> Turniirikvaliteediga kaardipakid eridisainiga br\u00e4ndinguga.<\/p>\n<\/li>\n<\/ul>","protected":false},"excerpt":{"rendered":"<ul>\n<li>\n<p data-path-to-node=\"11,0,0\">Materjal: 100% PVC plastik (paksus 0,3 mm v\u00f5i 0,32 mm)<\/p>\n<\/li>\n<li>\n<p data-path-to-node=\"11,1,0\">Omadused: T\u00e4iesti veekindel, pestav ja rebenemiskindel<\/p>\n<\/li>\n<li>\n<p data-path-to-node=\"11,2,0\">Kohandamine: T\u00e4isv\u00e4rviline tr\u00fckk tagak\u00fcljel, eridisainiga n\u00e4o valikud ja eridisainiga karp<\/p>\n<\/li>\n<li>\n<p data-path-to-node=\"11,3,0\">Vastupidavus: kasiinoklassi kinnitus ja vastupidavus pikaajaliseks kasutamiseks<\/p>\n<\/li>\n<\/ul>","protected":false},"featured_media":6126,"comment_status":"closed","ping_status":"closed","template":"","meta":[],"product_brand":[],"product_cat":[121],"product_tag":[],"class_list":{"0":"post-6125","1":"product","2":"type-product","3":"status-publish","4":"has-post-thumbnail","6":"product_cat-promotional-merchandise","8":"first","9":"instock","10":"shipping-taxable","11":"purchasable","12":"product-type-simple"},"_links":{"self":[{"href":"https:\/\/wristbandfactory.eu\/et\/wp-json\/wp\/v2\/product\/6125","targetHints":{"allow":["GET"]}}],"collection":[{"href":"https:\/\/wristbandfactory.eu\/et\/wp-json\/wp\/v2\/product"}],"about":[{"href":"https:\/\/wristbandfactory.eu\/et\/wp-json\/wp\/v2\/types\/product"}],"replies":[{"embeddable":true,"href":"https:\/\/wristbandfactory.eu\/et\/wp-json\/wp\/v2\/comments?post=6125"}],"wp:featuredmedia":[{"embeddable":true,"href":"https:\/\/wristbandfactory.eu\/et\/wp-json\/wp\/v2\/media\/6126"}],"wp:attachment":[{"href":"https:\/\/wristbandfactory.eu\/et\/wp-json\/wp\/v2\/media?parent=6125"}],"wp:term":[{"taxonomy":"product_brand","embeddable":true,"href":"https:\/\/wristbandfactory.eu\/et\/wp-json\/wp\/v2\/product_brand?post=6125"},{"taxonomy":"product_cat","embeddable":true,"href":"https:\/\/wristbandfactory.eu\/et\/wp-json\/wp\/v2\/product_cat?post=6125"},{"taxonomy":"product_tag","embeddable":true,"href":"https:\/\/wristbandfactory.eu\/et\/wp-json\/wp\/v2\/product_tag?post=6125"}],"curies":[{"name":"t\u00f6\u00f6leht","href":"https:\/\/api.w.org\/{rel}","templated":true}]}}