{"id":6109,"date":"2025-12-18T12:35:53","date_gmt":"2025-12-18T09:35:53","guid":{"rendered":"https:\/\/wristbandfactory.eu\/?post_type=product&#038;p=6109"},"modified":"2025-12-18T12:36:00","modified_gmt":"2025-12-18T09:36:00","slug":"full-color-tyvek-wristbands-cmyk-photo-print","status":"publish","type":"product","link":"https:\/\/wristbandfactory.eu\/et\/p\/full-color-tyvek-wristbands-cmyk-photo-print\/","title":{"rendered":"T\u00e4isv\u00e4rvides Tyvek k\u00e4epaelad (CMYK)"},"content":{"rendered":"<p data-path-to-node=\"12\">T\u00f5sta oma \u00fcrituse br\u00e4ndingut meie abil <b data-path-to-node=\"12\" data-index-in-node=\"62\">T\u00e4isv\u00e4rvilised Tyveki k\u00e4epaelad<\/b>. Erinevalt tavalistest \u00fchev\u00e4rvilistest valikutest k\u00f5rvaldab see esmaklassiline tr\u00fckimeetod k\u00f5ik disainipiirangud, v\u00f5imaldades teil muuta lihtsa turvapassi v\u00f5imsaks turundusvahendiks.<\/p>\n<p data-path-to-node=\"13\">Kasutades t\u00e4iustatud digitaalset CMYK-tr\u00fckitehnoloogiat, saame paljundada <b data-path-to-node=\"13\" data-index-in-node=\"66\">k\u00f5rgresolutsiooniga fotod, sujuvad v\u00e4rvigradiendid ja mitmev\u00e4rvilised sponsori logod<\/b> erakordse selgusega. Tr\u00fckk kantakse servast servani, andes teile t\u00e4ielikult eridisainiga l\u00f5uendi oma br\u00e4ndi identiteedi v\u00f5i festivali teema esitlemiseks.<\/p>\n<h2 data-path-to-node=\"14\">Peamised omadused<\/h2>\n<ul data-path-to-node=\"15\">\n<li>\n<p data-path-to-node=\"15,0,0\"><b data-path-to-node=\"15,0,0\" data-index-in-node=\"0\">CMYK-foto kvaliteet:<\/b> Printige miljoneid v\u00e4rve t\u00e4pselt. Ideaalne keeruka kunstiteose jaoks, mis n\u00f5uab varjutamist v\u00f5i peeneid detaile.<\/p>\n<\/li>\n<li>\n<p data-path-to-node=\"15,1,0\"><b data-path-to-node=\"15,1,0\" data-index-in-node=\"0\">Maksimaalne br\u00e4ndi n\u00e4htavus:<\/b> Ideaalne festivalidele ja firma\u00fcritustele, kus sponsorite logod peavad olema kuvatud originaalv\u00e4rvides.<\/p>\n<\/li>\n<li>\n<p data-path-to-node=\"15,2,0\"><b data-path-to-node=\"15,2,0\" data-index-in-node=\"0\">V\u00f5ltsimiskindel turvalisus:<\/b> Varustatud turvalise stantsitud liimkorgiga, mis eemaldamisel puruneb, et v\u00e4ltida piletite edasikandumist.<\/p>\n<\/li>\n<li>\n<p data-path-to-node=\"15,3,0\"><b data-path-to-node=\"15,3,0\" data-index-in-node=\"0\">J\u00e4rjestikune nummerdamine:<\/b> Igal ribal on unikaalne seerianumber mahutavuse j\u00e4lgimiseks ja turvalisuse auditeerimiseks.<\/p>\n<\/li>\n<li>\n<p data-path-to-node=\"15,4,0\"><b data-path-to-node=\"15,4,0\" data-index-in-node=\"0\">Ehtne DuPont\u2122 Tyvek\u00ae:<\/b> Kasutame autentset Tyvek\u00ae materjali, mis on veekindel, vastupidav ja mugav mitmep\u00e4evastel \u00fcritustel.<\/p>\n<\/li>\n<li>\n<p data-path-to-node=\"15,5,0\"><b data-path-to-node=\"15,5,0\" data-index-in-node=\"0\">Valikuline rebitav t\u00fckk:<\/b> Saab toota perforeeritud k\u00e4epidemega, mis sobib ideaalselt joogivaut\u0161erite, garderoobisiltide v\u00f5i loosimiste jaoks.<\/p>\n<\/li>\n<\/ul>\n<h2 data-path-to-node=\"16\">Spetsifikatsioonid<\/h2>\n<ul data-path-to-node=\"17\">\n<li>\n<p data-path-to-node=\"17,0,0\"><b data-path-to-node=\"17,0,0\" data-index-in-node=\"0\">Materjal:<\/b> DuPont\u2122 Tyvek\u00ae (taaskasutatav suure tihedusega pol\u00fcet\u00fcleen).<\/p>\n<\/li>\n<li>\n<p data-path-to-node=\"17,1,0\"><b data-path-to-node=\"17,1,0\" data-index-in-node=\"0\">Prindi t\u00fc\u00fcp:<\/b> T\u00e4isv\u00e4rviline digitaaltr\u00fckk (CMYK).<\/p>\n<\/li>\n<li>\n<p data-path-to-node=\"17,2,0\"><b data-path-to-node=\"17,2,0\" data-index-in-node=\"0\">Prinditav ala:<\/b> Servast servani (verejooks lubatud).<\/p>\n<\/li>\n<li>\n<p data-path-to-node=\"17,3,0\"><b data-path-to-node=\"17,3,0\" data-index-in-node=\"0\">Suurus:<\/b> Standardlaius 19 mm v\u00f5i 25 mm.<\/p>\n<\/li>\n<li>\n<p data-path-to-node=\"17,4,0\"><b data-path-to-node=\"17,4,0\" data-index-in-node=\"0\">Sulgemine:<\/b> \u00dchekordselt kasutatav avamiskindel liim.<\/p>\n<\/li>\n<li>\n<p data-path-to-node=\"17,5,0\"><b data-path-to-node=\"17,5,0\" data-index-in-node=\"0\">Vastupidavus:<\/b> Veekindel, rebenemiskindel, sobib 1-5 p\u00e4evaks.<\/p>\n<\/li>\n<\/ul>\n<h2 data-path-to-node=\"18\">Kasutusjuhud<\/h2>\n<ul data-path-to-node=\"19\">\n<li>\n<p data-path-to-node=\"19,0,0\"><b data-path-to-node=\"19,0,0\" data-index-in-node=\"0\">Muusikafestivalid:<\/b> Erksad kujundused, mis sobivad festivali visuaalse identiteediga.<\/p>\n<\/li>\n<li>\n<p data-path-to-node=\"19,1,0\"><b data-path-to-node=\"19,1,0\" data-index-in-node=\"0\">VIP-p\u00e4\u00e4s:<\/b> Erista VIP-k\u00fclalisi tavaliste k\u00e4epaeldega v\u00f5rreldes esmaklassilise ja v\u00e4rvilise v\u00e4limusega.<\/p>\n<\/li>\n<li>\n<p data-path-to-node=\"19,2,0\"><b data-path-to-node=\"19,2,0\" data-index-in-node=\"0\">Sponsorlus:<\/b> Kuva mitu sponsori logo selgelt nende ametlikes ettev\u00f5ttev\u00e4rvides.<\/p>\n<\/li>\n<li>\n<p data-path-to-node=\"19,3,0\"><b data-path-to-node=\"19,3,0\" data-index-in-node=\"0\">Turunduskampaaniad:<\/b> Kasutage QR-koode ja suure m\u00f5juga visuaale kaasatuse suurendamiseks.<\/p>\n<\/li>\n<\/ul>","protected":false},"excerpt":{"rendered":"<ul>\n<li>\n<p data-path-to-node=\"11,0,0\"><b data-path-to-node=\"11,0,0\" data-index-in-node=\"0\">Piiramatu loovus:<\/b> T\u00e4isv\u00e4rviline CMYK-printimine v\u00f5imaldab fotosid, gradiente ja keerukaid sponsorlogosid.<\/p>\n<\/li>\n<li>\n<p data-path-to-node=\"11,1,0\"><b data-path-to-node=\"11,1,0\" data-index-in-node=\"0\">Servast servani disain:<\/b> Maksimeeri br\u00e4ndi m\u00f5ju kunstiteostega, mis katavad kogu k\u00e4epaela pikkuse.<\/p>\n<\/li>\n<li>\n<p data-path-to-node=\"11,2,0\"><b data-path-to-node=\"11,2,0\" data-index-in-node=\"0\">K\u00f5rglahutus:<\/b> Terav ja fotorealistlik prindikvaliteet pole tavalise siiditr\u00fckiga saadaval.<\/p>\n<\/li>\n<li>\n<p data-path-to-node=\"11,3,0\"><b data-path-to-node=\"11,3,0\" data-index-in-node=\"0\">Turvaline ja vastupidav:<\/b> J\u00e4rjestikune numeratsioon ja ehtne rebenemiskindel DuPont\u2122 Tyvek\u00ae.<\/p>\n<\/li>\n<\/ul>","protected":false},"featured_media":6110,"comment_status":"closed","ping_status":"closed","template":"","meta":[],"product_brand":[],"product_cat":[41],"product_tag":[],"class_list":{"0":"post-6109","1":"product","2":"type-product","3":"status-publish","4":"has-post-thumbnail","6":"product_cat-tyvek","8":"first","9":"instock","10":"shipping-taxable","11":"purchasable","12":"product-type-simple"},"_links":{"self":[{"href":"https:\/\/wristbandfactory.eu\/et\/wp-json\/wp\/v2\/product\/6109","targetHints":{"allow":["GET"]}}],"collection":[{"href":"https:\/\/wristbandfactory.eu\/et\/wp-json\/wp\/v2\/product"}],"about":[{"href":"https:\/\/wristbandfactory.eu\/et\/wp-json\/wp\/v2\/types\/product"}],"replies":[{"embeddable":true,"href":"https:\/\/wristbandfactory.eu\/et\/wp-json\/wp\/v2\/comments?post=6109"}],"wp:featuredmedia":[{"embeddable":true,"href":"https:\/\/wristbandfactory.eu\/et\/wp-json\/wp\/v2\/media\/6110"}],"wp:attachment":[{"href":"https:\/\/wristbandfactory.eu\/et\/wp-json\/wp\/v2\/media?parent=6109"}],"wp:term":[{"taxonomy":"product_brand","embeddable":true,"href":"https:\/\/wristbandfactory.eu\/et\/wp-json\/wp\/v2\/product_brand?post=6109"},{"taxonomy":"product_cat","embeddable":true,"href":"https:\/\/wristbandfactory.eu\/et\/wp-json\/wp\/v2\/product_cat?post=6109"},{"taxonomy":"product_tag","embeddable":true,"href":"https:\/\/wristbandfactory.eu\/et\/wp-json\/wp\/v2\/product_tag?post=6109"}],"curies":[{"name":"t\u00f6\u00f6leht","href":"https:\/\/api.w.org\/{rel}","templated":true}]}}