{"id":6103,"date":"2025-12-17T16:17:31","date_gmt":"2025-12-17T13:17:31","guid":{"rendered":"https:\/\/wristbandfactory.eu\/?post_type=product&#038;p=6103"},"modified":"2025-12-19T01:19:49","modified_gmt":"2025-12-18T22:19:49","slug":"custom-tyvek-running-bibs-race-numbers","status":"publish","type":"product","link":"https:\/\/wristbandfactory.eu\/et\/p\/custom-tyvek-running-bibs-race-numbers\/","title":{"rendered":"Jooksunumbrid logoga (Tyvek)"},"content":{"rendered":"<p data-path-to-node=\"10\">Varusta oma sportlased professionaalsete vahenditega <b>Eridisainiga Tyveki jooksuriided<\/b>. Olenemata sellest, kas korraldate linnamaratoni, heategevuslikku jooksu v\u00f5i kooli kergej\u00f5ustikup\u00e4eva, peegeldab v\u00f5istlusnumbri kvaliteet \u00fcrituse kvaliteeti.<\/p>\n<p data-path-to-node=\"11\">Me kasutame <b>Tyvek\u00ae materjal<\/b>, mis on v\u00f5istlusnumbrite t\u00f6\u00f6stusstandard. See n\u00e4eb v\u00e4lja ja prindib nagu paber, kuid on plastikuga sama vastupidav. Seda on praktiliselt v\u00f5imatu k\u00e4sitsi rebida, see ei lagune vihma ega higi k\u00e4es ning j\u00e4\u00e4b kergeks (eriti meie soovitatud <b>43 g\/m\u00b2<\/b> variant), nii et konkurendid seda vaevu tunnevad.<\/p>\n<h2 data-path-to-node=\"12\">Peamised omadused<\/h2>\n<ul data-path-to-node=\"13\">\n<li>\n<p data-path-to-node=\"13,0,0\"><b>H\u00e4vimatu vastupidavus:<\/b> Tyvek peab vastu pikamaajooksude, mudajooksude ja halva ilma raskustele rebenemata v\u00f5i pleekimata.<\/p>\n<\/li>\n<li>\n<p data-path-to-node=\"13,1,0\"><b>Muutuvate andmete printimine:<\/b> Saame numbrim\u00e4rkidele otse printida j\u00e4rjestikuse nummerdamise, v\u00f6\u00f6tkoodid, QR-koodid ja iga osaleja nime.<\/p>\n<\/li>\n<li>\n<p data-path-to-node=\"13,2,0\"><b>Sponsori n\u00e4htavus:<\/b> Suur pind pakub sponsorite logodele suurep\u00e4rast ruumi, tagades, et need oleksid igal \u00fcrituse fotol n\u00e4htavad.<\/p>\n<\/li>\n<li>\n<p data-path-to-node=\"13,3,0\"><b>Turvaline manus:<\/b> M\u00f5eldud riietele h\u00f5lpsaks kinnitamiseks (turvan\u00f5elu m\u00fc\u00fcakse tavaliselt eraldi v\u00f5i komplektina).<\/p>\n<\/li>\n<\/ul>\n<h2 data-path-to-node=\"14\">Spetsifikatsioonid<\/h2>\n<ul data-path-to-node=\"15\">\n<li>\n<p data-path-to-node=\"15,0,0\"><b>Materjal:<\/b> Tyvek\u00ae (s\u00fcnteetiline paber).<\/p>\n<\/li>\n<li>\n<p data-path-to-node=\"15,1,0\"><b>Paksus:<\/b> 43 g\/m\u00b2 (kerge ja pehme), 55 g\/m\u00b2, 75 g\/m\u00b2 (j\u00e4ik).<\/p>\n<\/li>\n<li>\n<p data-path-to-node=\"15,2,0\"><b>Standardsuurused:<\/b><\/p>\n<ul data-path-to-node=\"15,2,1\">\n<li>\n<p data-path-to-node=\"15,2,1,0,0\">21 x 22 cm (suur)<\/p>\n<\/li>\n<li>\n<p data-path-to-node=\"15,2,1,1,0\">21 x 15 cm (standardne A5)<\/p>\n<\/li>\n<li>\n<p data-path-to-node=\"15,2,1,2,0\">20 x 20 cm \/ 18 x 18 cm (ruudukujuline)<\/p>\n<\/li>\n<li>\n<p data-path-to-node=\"15,2,1,3,0\">21 x 11 cm \/ 10 x 11 cm (v\u00e4ike)<\/p>\n<\/li>\n<\/ul>\n<\/li>\n<li>\n<p data-path-to-node=\"15,3,0\"><b>Prindi:<\/b> T\u00e4isv\u00e4rviline digitaalne (CMYK).<\/p>\n<\/li>\n<li>\n<p data-path-to-node=\"15,4,0\"><b>Kinnitamine:<\/b> 4 nurgaauku (valikuline).<\/p>\n<\/li>\n<li>\n<p data-path-to-node=\"15,5,0\"><b>MITTEKOHUSTUS:<\/b> 100 \u00fchikut.<\/p>\n<\/li>\n<\/ul>\n<h2 data-path-to-node=\"16\">Kasutusjuhud<\/h2>\n<ul data-path-to-node=\"17\">\n<li>\n<p data-path-to-node=\"17,0,0\"><b>Maratonid ja triatlonid:<\/b> H\u00e4davajalik isikut t\u00f5endav dokument ajav\u00f5tuga v\u00f5istlustel.<\/p>\n<\/li>\n<li>\n<p data-path-to-node=\"17,1,0\"><b>Heategevuslikud jalutusk\u00e4igud:<\/b> Br\u00e4ndinguv\u00f5imalus sponsoritele ja heategevusorganisatsioonidele.<\/p>\n<\/li>\n<li>\n<p data-path-to-node=\"17,2,0\"><b>Suusatamine ja jalgrattas\u00f5it:<\/b> Vastupidavad numbrid, mis taluvad tuult ja niiskust.<\/p>\n<\/li>\n<li>\n<p data-path-to-node=\"17,3,0\"><b>Auditooringud:<\/b> Kasutatakse tantsu- v\u00f5i casting-proovimiste ID-numbritena.<\/p>\n<\/li>\n<\/ul>","protected":false},"excerpt":{"rendered":"<ul>\n<li>\n<p data-path-to-node=\"9,0,0\"><b>Materjal:<\/b> Ehtne <b>Tyvek\u00ae<\/b> \u2013 rebenemiskindel, veekindel ja hingav.<\/p>\n<\/li>\n<li>\n<p data-path-to-node=\"9,1,0\"><b>Kaaluvalikud:<\/b> Saadaval 43 g\/m\u00b2 (soovitatav kerge), 55 g\/m\u00b2 v\u00f5i 75 g\/m\u00b2 kaaluga.<\/p>\n<\/li>\n<li>\n<p data-path-to-node=\"9,2,0\"><b>Kohandamine:<\/b> T\u00e4isv\u00e4rviline digitaaltr\u00fckk logode, numbrite ja sponsoriandmete jaoks.<\/p>\n<\/li>\n<li>\n<p data-path-to-node=\"9,3,0\"><b>Suurused:<\/b> Lai valik standardsuurusi (nt A5, A4, 21x22cm), et sobida igat t\u00fc\u00fcpi \u00fcritusteks.<\/p>\n<\/li>\n<\/ul>","protected":false},"featured_media":6132,"comment_status":"closed","ping_status":"closed","template":"","meta":[],"product_brand":[],"product_cat":[68,118],"product_tag":[],"class_list":{"0":"post-6103","1":"product","2":"type-product","3":"status-publish","4":"has-post-thumbnail","6":"product_cat-event-supplies","7":"product_cat-sports-fitness","9":"first","10":"instock","11":"shipping-taxable","12":"purchasable","13":"product-type-simple"},"_links":{"self":[{"href":"https:\/\/wristbandfactory.eu\/et\/wp-json\/wp\/v2\/product\/6103","targetHints":{"allow":["GET"]}}],"collection":[{"href":"https:\/\/wristbandfactory.eu\/et\/wp-json\/wp\/v2\/product"}],"about":[{"href":"https:\/\/wristbandfactory.eu\/et\/wp-json\/wp\/v2\/types\/product"}],"replies":[{"embeddable":true,"href":"https:\/\/wristbandfactory.eu\/et\/wp-json\/wp\/v2\/comments?post=6103"}],"wp:featuredmedia":[{"embeddable":true,"href":"https:\/\/wristbandfactory.eu\/et\/wp-json\/wp\/v2\/media\/6132"}],"wp:attachment":[{"href":"https:\/\/wristbandfactory.eu\/et\/wp-json\/wp\/v2\/media?parent=6103"}],"wp:term":[{"taxonomy":"product_brand","embeddable":true,"href":"https:\/\/wristbandfactory.eu\/et\/wp-json\/wp\/v2\/product_brand?post=6103"},{"taxonomy":"product_cat","embeddable":true,"href":"https:\/\/wristbandfactory.eu\/et\/wp-json\/wp\/v2\/product_cat?post=6103"},{"taxonomy":"product_tag","embeddable":true,"href":"https:\/\/wristbandfactory.eu\/et\/wp-json\/wp\/v2\/product_tag?post=6103"}],"curies":[{"name":"t\u00f6\u00f6leht","href":"https:\/\/api.w.org\/{rel}","templated":true}]}}