{"id":6096,"date":"2025-12-17T16:05:07","date_gmt":"2025-12-17T13:05:07","guid":{"rendered":"https:\/\/wristbandfactory.eu\/?post_type=product&#038;p=6096"},"modified":"2026-03-03T12:09:37","modified_gmt":"2026-03-03T09:09:37","slug":"custom-printed-full-color-boxer-shorts","status":"publish","type":"product","link":"https:\/\/wristbandfactory.eu\/et\/p\/custom-printed-full-color-boxer-shorts\/","title":{"rendered":"Tr\u00fckitud t\u00e4isv\u00e4rvilised bokserid"},"content":{"rendered":"<p data-path-to-node=\"6\">Muuda igap\u00e4evane oluline ese julgeks avalduseks meie eritellimusel tr\u00fckitud t\u00e4isv\u00e4rviliste bokserp\u00fckstega. Olenemata sellest, kas tegemist on spordimeeskonnaga, kes otsib \u00fchtset komplekti kuni aluskihini, b\u00e4ndiga, kes m\u00fc\u00fcb ainulaadset kaupa, v\u00f5i ettev\u00f5ttega, kes loob l\u00f5busat ja meeldej\u00e4\u00e4vat reklaamkingitust, pakuvad need bokserid v\u00f5rratut loomingulist vabadust.<\/p>\n<p data-path-to-node=\"7\">Erinevalt tavalisest tr\u00fckitud aluspesust, mille logo lihtsalt kuumpressitakse valmis r\u00f5ivale, toodame meie need nullist. Tr\u00fckime teie eridisainiga kujunduse enne l\u00f5ikamist ja \u00f5mblemist kvaliteetsele kangale rullides. See t\u00e4hendab, et teie disain \u2013 olgu see siis korduv logomuster, k\u00f5rgresolutsiooniga foto v\u00f5i kindlad br\u00e4ndiv\u00e4rvid \u2013 katab sujuvalt toote 100% osa, sealhulgas v\u00f6\u00f6koha.<\/p>\n<h2 data-path-to-node=\"8\">Peamised omadused<\/h2>\n<ul data-path-to-node=\"9\">\n<li>\n<p data-path-to-node=\"9,0,0\"><b data-path-to-node=\"9,0,0\" data-index-in-node=\"0\">Kvaliteetne materjalisegu:<\/b> Valmistatud vastupidavast ja venivast pol\u00fcesterkiudude ja spandexi segust. See tagab, et kangas on naha vastas pehme, v\u00e4ga hingav ja s\u00e4ilitab oma kuju ideaalselt aja jooksul.<\/p>\n<\/li>\n<li>\n<p data-path-to-node=\"9,1,0\"><b data-path-to-node=\"9,1,0\" data-index-in-node=\"0\">Elav sublimatsioonitr\u00fckk:<\/b> Kasutame t\u00e4iustatud k\u00f5rgresolutsiooniga tr\u00fckitehnoloogiat. Tint imbub otse kanga kiududesse, tagades, et teie ettev\u00f5tte kujundus ei pragune, ei kooru ega tuhmu isegi p\u00e4rast erinevaid pesuts\u00fckleid.<\/p>\n<\/li>\n<li>\n<p data-path-to-node=\"9,2,0\"><b data-path-to-node=\"9,2,0\" data-index-in-node=\"0\">T\u00e4ielik isikup\u00e4rastamine:<\/b> Ideaalne nimede isikup\u00e4rastamiseks. Saate tellida hulgim\u00fc\u00fcgipartii, kus igal \u00fcksikul paaril on v\u00f6\u00f6kohale v\u00f5i jalale tr\u00fckitud erinev nimi v\u00f5i number, lisades teie kaubale esmaklassilise ilme.<\/p>\n<\/li>\n<\/ul>\n<h2 data-path-to-node=\"10\">Spetsifikatsioonid<\/h2>\n<ul data-path-to-node=\"11\">\n<li>\n<p data-path-to-node=\"11,0,0\"><b data-path-to-node=\"11,0,0\" data-index-in-node=\"0\">Materjal:<\/b> Pol\u00fcesterkiu ja spandexi segu.<\/p>\n<\/li>\n<li>\n<p data-path-to-node=\"11,1,0\"><b data-path-to-node=\"11,1,0\" data-index-in-node=\"0\">Tr\u00fckitehnika:<\/b> T\u00e4ielik v\u00e4rvisublimatsioon (CMYK).<\/p>\n<\/li>\n<li>\n<p data-path-to-node=\"11,2,0\"><b data-path-to-node=\"11,2,0\" data-index-in-node=\"0\">Resolutsioon:<\/b> K\u00f5rglahutusega fotokvaliteet.<\/p>\n<\/li>\n<li>\n<p data-path-to-node=\"11,3,0\"><b data-path-to-node=\"11,3,0\" data-index-in-node=\"0\">Stiilid:<\/b> Meeste bokserid, naiste alusp\u00fcksid\/l\u00fchikesed p\u00fcksid.<\/p>\n<\/li>\n<li>\n<p data-path-to-node=\"11,4,0\"><b data-path-to-node=\"11,4,0\" data-index-in-node=\"0\">Suurused:<\/b> XS\u2013XXL.<\/p>\n<\/li>\n<li>\n<p data-path-to-node=\"11,5,0\"><b data-path-to-node=\"11,5,0\" data-index-in-node=\"0\">MITTEKOHUSTUS:<\/b> 50 \u00fchikut.<\/p>\n<\/li>\n<\/ul>\n<h2 data-path-to-node=\"12\">Kasutusjuhud<\/h2>\n<ul data-path-to-node=\"13\">\n<li>\n<p data-path-to-node=\"13,0,0\"><b data-path-to-node=\"13,0,0\" data-index-in-node=\"0\">Spordimeeskonnad ja klubid:<\/b> \u00dchtsed aluskihid jalgpalli-, korvpalli-, ragbi- v\u00f5i spordiklubidele.<\/p>\n<\/li>\n<li>\n<p data-path-to-node=\"13,1,0\"><b data-path-to-node=\"13,1,0\" data-index-in-node=\"0\">Kaup ja jaem\u00fc\u00fck:<\/b> L\u00f5busad ja k\u00f5rge kasumimarginaaliga r\u00f5ivaesemed b\u00e4ndidele, festivalidele ja m\u00f5jutajatele, kes soovivad oma f\u00e4nnikaupade valikut laiendada.<\/p>\n<\/li>\n<li>\n<p data-path-to-node=\"13,2,0\"><b data-path-to-node=\"13,2,0\" data-index-in-node=\"0\">Ettev\u00f5tte snaggi:<\/b> Humoorikas, ootamatu ja meeldej\u00e4\u00e4v reklaamkingitus firma\u00fcritusteks v\u00f5i loomingulisteks turunduskampaaniateks.<\/p>\n<\/li>\n<li>\n<p data-path-to-node=\"13,3,0\"><b data-path-to-node=\"13,3,0\" data-index-in-node=\"0\">\u00dcrituse loosimised:<\/b> Eritellimusel valmistatud r\u00f5ivad meeskonnat\u00f6\u00f6 \u00fcritusteks, poissmeeste-\/t\u00fcdrukute\u00f5htuteks v\u00f5i sponsoreeritud spordi\u00fcritusteks.<\/p>\n<\/li>\n<\/ul>","protected":false},"excerpt":{"rendered":"<ul>\n<li>\n<p data-path-to-node=\"5,0,0\">T\u00e4ielikult kohandatav servast servani sublimatsioontr\u00fckk ettev\u00f5tte v\u00f5i meeskonna br\u00e4ndi maksimaalse n\u00e4htavuse tagamiseks.<\/p>\n<\/li>\n<li>\n<p data-path-to-node=\"5,1,0\">Kvaliteetne pol\u00fcesterkiu ja spandexi segu tagab mugavuse terveks p\u00e4evaks, hingavuse ja vormi s\u00e4ilitamise.<\/p>\n<\/li>\n<li>\n<p data-path-to-node=\"5,2,0\">Ideaalne spordimeeskondadele, \u00fcrituste kaubale ja ainulaadsetele reklaamkingitustele ettev\u00f5tetele.<\/p>\n<\/li>\n<li>\n<p data-path-to-node=\"5,3,0\">Paindlik hulgitellimuste esitamine individuaalse isikup\u00e4rastamise v\u00f5imalustega, n\u00e4iteks iga paari unikaalsete nimedega.<\/p>\n<\/li>\n<\/ul>","protected":false},"featured_media":6937,"comment_status":"closed","ping_status":"closed","template":"","meta":[],"product_brand":[],"product_cat":[118,45],"product_tag":[],"class_list":{"0":"post-6096","1":"product","2":"type-product","3":"status-publish","4":"has-post-thumbnail","6":"product_cat-sports-fitness","7":"product_cat-other","9":"first","10":"instock","11":"shipping-taxable","12":"purchasable","13":"product-type-simple"},"_links":{"self":[{"href":"https:\/\/wristbandfactory.eu\/et\/wp-json\/wp\/v2\/product\/6096","targetHints":{"allow":["GET"]}}],"collection":[{"href":"https:\/\/wristbandfactory.eu\/et\/wp-json\/wp\/v2\/product"}],"about":[{"href":"https:\/\/wristbandfactory.eu\/et\/wp-json\/wp\/v2\/types\/product"}],"replies":[{"embeddable":true,"href":"https:\/\/wristbandfactory.eu\/et\/wp-json\/wp\/v2\/comments?post=6096"}],"wp:featuredmedia":[{"embeddable":true,"href":"https:\/\/wristbandfactory.eu\/et\/wp-json\/wp\/v2\/media\/6937"}],"wp:attachment":[{"href":"https:\/\/wristbandfactory.eu\/et\/wp-json\/wp\/v2\/media?parent=6096"}],"wp:term":[{"taxonomy":"product_brand","embeddable":true,"href":"https:\/\/wristbandfactory.eu\/et\/wp-json\/wp\/v2\/product_brand?post=6096"},{"taxonomy":"product_cat","embeddable":true,"href":"https:\/\/wristbandfactory.eu\/et\/wp-json\/wp\/v2\/product_cat?post=6096"},{"taxonomy":"product_tag","embeddable":true,"href":"https:\/\/wristbandfactory.eu\/et\/wp-json\/wp\/v2\/product_tag?post=6096"}],"curies":[{"name":"t\u00f6\u00f6leht","href":"https:\/\/api.w.org\/{rel}","templated":true}]}}