{"id":6080,"date":"2025-12-17T15:25:31","date_gmt":"2025-12-17T12:25:31","guid":{"rendered":"https:\/\/wristbandfactory.eu\/?post_type=product&#038;p=6080"},"modified":"2026-03-31T09:50:24","modified_gmt":"2026-03-31T06:50:24","slug":"custom-metal-enamel-lapel-pins-badges","status":"publish","type":"product","link":"https:\/\/wristbandfactory.eu\/et\/p\/custom-metal-enamel-lapel-pins-badges\/","title":{"rendered":"Metallist rinnam\u00e4rgid logoga (Emailitud)"},"content":{"rendered":"<p data-path-to-node=\"11\">Ajastul, kus br\u00e4ndi identiteet on \u00fclioluline, <b>Eridisainiga metallist rinnan\u00f5elad<\/b> pakuvad keerukat viisi oma ettev\u00f5tte eristamiseks. Need m\u00e4rgid on enamat kui lihtsalt aksessuaarid, need s\u00fcmbolid on prestii\u017ei, solidaarsuse ja kuuluvuse s\u00fcmbolid.<\/p>\n<p data-path-to-node=\"12\">Me \u00fchendame traditsioonilise k\u00e4sit\u00f6\u00f6 ja kaasaegsed br\u00e4ndinguvajadused. Hea n\u00e4ide on meie t\u00f6\u00f6 j\u00e4rgmistele ettev\u00f5tetele: <b>TASUTA<\/b>, kus me l\u00f5ime 20 mm messingist tihvtid, millel on <b>K\u00f5va emaili imitatsioon<\/b>. L\u00e4ikiv nikkelkate loob kauni kontrasti s\u00fcgavate emailiv\u00e4rvide ja peene liivakarva tekstuuriga, muutes ettev\u00f5tte logo ehteks.<\/p>\n<p data-path-to-node=\"13\">Kuid ka metalln\u00f5elad on funktsionaalsed t\u00f6\u00f6riistad. <b>49. Saaremaa ralli<\/b>, valmistasime stiilseid n\u00f6\u00f6pn\u00f5elu, mis toimisid ka <b>kantavad sissep\u00e4\u00e4supassid<\/b>, mis t\u00f5estab, et turvamandaadid v\u00f5ivad olla stiilsed. Olenemata sellest, kas vajate tipptasemel firmakingitust, funktsionaalset \u00fcrituse \u017eetoone v\u00f5i toetuss\u00fcmbolit (nagu meie <b>Eesti-Ukraina lipu n\u00f6\u00f6pn\u00f5elad<\/b>), pakume t\u00e4psust ja kvaliteeti.<\/p>\n<h2 data-path-to-node=\"14\">Peamised omadused<\/h2>\n<ul data-path-to-node=\"15\">\n<li>\n<p data-path-to-node=\"15,0,0\"><b>K\u00f5va emaili imitatsioon (Epola):<\/b> Annab sileda ja tasase pinna, kus metalljooned on v\u00e4rvilise emailiga samal tasapinnal. See annab ehtelaadse ja v\u00e4\u00e4rtusliku viimistluse (nagu kasutati FREEN projektis).<\/p>\n<\/li>\n<li>\n<p data-path-to-node=\"15,1,0\"><b>Materjali tipptase:<\/b> Valmistatud vastupidavast materjalist <b>Messing v\u00f5i raud<\/b>, tagades, et n\u00f6\u00f6pn\u00f5el tundub toekas ja kestab aastaid.<\/p>\n<\/li>\n<li>\n<p data-path-to-node=\"15,2,0\"><b>Kattevalikud:<\/b> Vali oma br\u00e4ndijuhistele vastavaks l\u00e4ikiva kulla, h\u00f5beda (nikkel), musta nikli, antiikpronksi ja muu hulgast.<\/p>\n<\/li>\n<li>\n<p data-path-to-node=\"15,3,0\"><b>Turvaline manus:<\/b> Standardne <b>Liblikas sidur<\/b> tagab, et n\u00f6\u00f6pn\u00f5el p\u00fcsib paigal \u00fclikonna rev\u00e4\u00e4ridel, seljakottidel v\u00f5i vormiriietusel. Saadaval on ka magnetilised alusn\u00f5elad v\u00f5i turvan\u00f5elad.<\/p>\n<\/li>\n<\/ul>\n<h2 data-path-to-node=\"16\">Spetsifikatsioonid<\/h2>\n<ul data-path-to-node=\"17\">\n<li>\n<p data-path-to-node=\"17,0,0\"><b>Materjal:<\/b> Messing, vask, raud v\u00f5i tsingisulam.<\/p>\n<\/li>\n<li>\n<p data-path-to-node=\"17,1,0\"><b>Tehnika:<\/b> K\u00f5va emaili, pehme emaili v\u00f5i ofsettr\u00fckiga stants.<\/p>\n<\/li>\n<li>\n<p data-path-to-node=\"17,2,0\"><b>Standardsuurused:<\/b> 15\u201350 mm (saadaval ka eritellimusel valmistatud kujundid).<\/p>\n<\/li>\n<li>\n<p data-path-to-node=\"17,3,0\"><b>Paksus:<\/b> Tavaliselt 1,2\u20132,0 mm.<\/p>\n<\/li>\n<li>\n<p data-path-to-node=\"17,4,0\"><b>Katmine:<\/b> Kuld, nikkel, must nikkel, pronks jne.<\/p>\n<\/li>\n<li>\n<p data-path-to-node=\"17,5,0\"><b>Tagak\u00fclg:<\/b> Libliksidur (standardne), kummist sidur, turvatihvt, magnet.<\/p>\n<\/li>\n<li>\n<p data-path-to-node=\"17,6,0\"><b>MITTEKOHUSTUS:<\/b> 50 \u00fchikut.<\/p>\n<\/li>\n<\/ul>\n<h2 data-path-to-node=\"18\">Kasutusjuhud<\/h2>\n<ul data-path-to-node=\"19\">\n<li>\n<p data-path-to-node=\"19,0,0\"><b>Ettev\u00f5tte identiteet:<\/b> T\u00f5sta oma meeskonna riietust esile diskreetsete ja elegantsete logoga n\u00f6\u00f6pn\u00f5eltega.<\/p>\n<\/li>\n<li>\n<p data-path-to-node=\"19,1,0\"><b>\u00dcrituse ligip\u00e4\u00e4s:<\/b> Asenda paberpiletid kogutavate n\u00f6\u00f6pn\u00f5eltega (nt VIP-p\u00e4\u00e4smed v\u00f5i rallim\u00e4rgid).<\/p>\n<\/li>\n<li>\n<p data-path-to-node=\"19,2,0\"><b>CSR ja solidaarsus:<\/b> N\u00e4ita sotsiaalse vastutuse n\u00e4itamiseks toetust globaalsetele eesm\u00e4rkidele (nt lipum\u00e4rkidega).<\/p>\n<\/li>\n<li>\n<p data-path-to-node=\"19,3,0\"><b>Kaup:<\/b> K\u00f5rge kasumimarginaaliga jaem\u00fc\u00fcgiartikkel b\u00e4ndidele, artistidele ja suveniiripoodidele.<\/p>\n<\/li>\n<\/ul>","protected":false},"excerpt":{"rendered":"<ul>\n<li>\n<p data-path-to-node=\"10,0,0\"><b>Premium-viimistlus:<\/b> Saadaval k\u00f5va emailiga (imitatsioon), pehme emailiga v\u00f5i ofsettr\u00fckiga.<\/p>\n<\/li>\n<li>\n<p data-path-to-node=\"10,1,0\"><b>Materjal:<\/b> Kvaliteetne messingist v\u00f5i tsingisulam erinevate kattega (nikkel, kuld, must).<\/p>\n<\/li>\n<li>\n<p data-path-to-node=\"10,2,0\"><b>Mitmek\u00fclgne:<\/b> Kasutage ettev\u00f5tte ehetena, \u00fcrituste sissep\u00e4\u00e4sukaartidena v\u00f5i heategevuss\u00fcmbolitena.<\/p>\n<\/li>\n<li>\n<p data-path-to-node=\"10,3,0\"><b>Kohandamine:<\/b> T\u00e4ielikult eritellimusel valmistatud kujundid, suurused ja tekstuurid (nt liivapritsiga t\u00f6\u00f6deldud taust)<\/p>\n<\/li>\n<\/ul>","protected":false},"featured_media":6081,"comment_status":"closed","ping_status":"closed","template":"","meta":[],"product_brand":[],"product_cat":[121,122,45],"product_tag":[],"class_list":{"0":"post-6080","1":"product","2":"type-product","3":"status-publish","4":"has-post-thumbnail","6":"product_cat-promotional-merchandise","7":"product_cat-promotional-accessories","8":"product_cat-other","10":"first","11":"instock","12":"shipping-taxable","13":"purchasable","14":"product-type-simple"},"_links":{"self":[{"href":"https:\/\/wristbandfactory.eu\/et\/wp-json\/wp\/v2\/product\/6080","targetHints":{"allow":["GET"]}}],"collection":[{"href":"https:\/\/wristbandfactory.eu\/et\/wp-json\/wp\/v2\/product"}],"about":[{"href":"https:\/\/wristbandfactory.eu\/et\/wp-json\/wp\/v2\/types\/product"}],"replies":[{"embeddable":true,"href":"https:\/\/wristbandfactory.eu\/et\/wp-json\/wp\/v2\/comments?post=6080"}],"wp:featuredmedia":[{"embeddable":true,"href":"https:\/\/wristbandfactory.eu\/et\/wp-json\/wp\/v2\/media\/6081"}],"wp:attachment":[{"href":"https:\/\/wristbandfactory.eu\/et\/wp-json\/wp\/v2\/media?parent=6080"}],"wp:term":[{"taxonomy":"product_brand","embeddable":true,"href":"https:\/\/wristbandfactory.eu\/et\/wp-json\/wp\/v2\/product_brand?post=6080"},{"taxonomy":"product_cat","embeddable":true,"href":"https:\/\/wristbandfactory.eu\/et\/wp-json\/wp\/v2\/product_cat?post=6080"},{"taxonomy":"product_tag","embeddable":true,"href":"https:\/\/wristbandfactory.eu\/et\/wp-json\/wp\/v2\/product_tag?post=6080"}],"curies":[{"name":"t\u00f6\u00f6leht","href":"https:\/\/api.w.org\/{rel}","templated":true}]}}