{"id":6077,"date":"2025-12-17T15:18:17","date_gmt":"2025-12-17T12:18:17","guid":{"rendered":"https:\/\/wristbandfactory.eu\/?post_type=product&#038;p=6077"},"modified":"2025-12-29T15:34:37","modified_gmt":"2025-12-29T12:34:37","slug":"custom-high-visibility-reflective-shopping-bags","status":"publish","type":"product","link":"https:\/\/wristbandfactory.eu\/et\/p\/custom-high-visibility-reflective-shopping-bags\/","title":{"rendered":"Helkurkangast poekotid logoga"},"content":{"rendered":"<p data-path-to-node=\"11\">\u00dchendage praktiline kasulikkus olulise liiklusohutusega, kasutades meie <b>Helkurkangast poekotid logoga<\/b>. Pimedatel s\u00fcgis- ja talvekuudel on n\u00e4htavus \u00fclioluline. See uuenduslik kott muudab tavalise reklaamtoote elup\u00e4\u00e4stvaks aksessuaariks, peegeldades auto esitulesid igast nurgast, et kandja oleks n\u00e4htav.<\/p>\n<p data-path-to-node=\"12\">See kott sobib ideaalselt koolidele, liiklusohutuskampaaniatele ja ettev\u00f5tete \u201cOle turvaline\u201d algatustele, pakkudes suurt pinda teie logo jaoks, pakkudes samal ajal saajale m\u00e4rkimisv\u00e4\u00e4rset v\u00e4\u00e4rtust. Erinevalt v\u00e4ikestest helkuritest, mida saab peita, on t\u00e4ielikult helkurmaterjalist kandekotti v\u00f5imatu m\u00e4rkamata j\u00e4tta.<\/p>\n<h2 data-path-to-node=\"13\">Peamised omadused<\/h2>\n<ul data-path-to-node=\"14\">\n<li>\n<p data-path-to-node=\"14,0,1\"><span data-path-to-node=\"14,0,1,0\"><b><span class=\"citation-84\">360\u00b0 peegelduvus:<\/span><\/b><span class=\"citation-84\"> Kott on t\u00e4ielikult valmistatud \u201ck\u00f5rgema\/madalama n\u00e4htavusega helkurkangast\u201d, muutes kogu eseme ohutusmajakaks.<\/span><\/span><span data-path-to-node=\"14,0,1,2\">.<\/span><\/p>\n<\/li>\n<li>\n<p data-path-to-node=\"14,1,1\"><span data-path-to-node=\"14,1,1,0\"><b><span class=\"citation-83\">Tugev konstruktsioon:<\/span><\/b><span class=\"citation-83\"> Valmistatud vastupidavast pol\u00fcestrist ja struktureeritud alumise vahet\u00fckiga (8 cm), mis v\u00f5imaldab toidukaupade, raamatute v\u00f5i \u00fcrituste materjalide turvalist hoidmist.<\/span><\/span><span data-path-to-node=\"14,1,1,2\">.<\/span><\/p>\n<\/li>\n<li>\n<p data-path-to-node=\"14,2,1\"><span data-path-to-node=\"14,2,1,0\"><b><span class=\"citation-82\">Ohutusn\u00f5uetele vastav:<\/span><\/b><span class=\"citation-82\"> Valmistatud k\u00f5rgete standardite j\u00e4rgi, l\u00e4bides ranged testid <\/span><b><span class=\"citation-82\">Ftalaadid<\/span><\/b><span class=\"citation-82\"> ja <\/span><b><span class=\"citation-82\">Plii<\/span><\/b><span class=\"citation-82\">, tagades, et materjal on mittetoksiline ja ohutu igas vanuses inimestele<\/span><\/span><span data-path-to-node=\"14,2,1,2\">.<\/span><\/p>\n<\/li>\n<li>\n<p data-path-to-node=\"14,3,0\"><b>Eridisainiga br\u00e4nding:<\/b> Teie logo tr\u00fckitakse otse peegeldavale pinnale, tagades, et teie br\u00e4nd seostub ohutuse ja hoolivusega.<\/p>\n<\/li>\n<\/ul>\n<h2 data-path-to-node=\"15\">Spetsifikatsioonid<\/h2>\n<ul data-path-to-node=\"16\">\n<li>\n<p data-path-to-node=\"16,0,1\"><span data-path-to-node=\"16,0,1,0\"><b><span class=\"citation-81\">M\u00f5\u00f5tmed:<\/span><\/b><span class=\"citation-81\"> 38 cm (L) x 42 cm (K) x 8 cm (S)<\/span><\/span><span data-path-to-node=\"16,0,1,2\">.<\/span><\/p>\n<\/li>\n<li>\n<p data-path-to-node=\"16,1,1\"><span data-path-to-node=\"16,1,1,0\"><b><span class=\"citation-80\">Materjal:<\/span><\/b><span class=\"citation-80\"> Pol\u00fcester peegeldava kattega<\/span><\/span><span data-path-to-node=\"16,1,1,2\">.<\/span><\/p>\n<\/li>\n<li>\n<p data-path-to-node=\"16,2,1\"><span data-path-to-node=\"16,2,1,0\"><b><span class=\"citation-79\">Stiil:<\/span><\/b><span class=\"citation-79\"> K\u00e4epidemega ostukott \/ kandekott<\/span><\/span><span data-path-to-node=\"16,2,1,2\">.<\/span><\/p>\n<\/li>\n<li>\n<p data-path-to-node=\"16,3,0\"><span data-path-to-node=\"16,3,0,0\"><b>Kaal:<\/b> Ligikaudu. <\/span><span data-path-to-node=\"16,3,0,2\"><span class=\"citation-78\">0,250 kg \u00fchiku kohta<\/span><\/span><span data-path-to-node=\"16,3,0,4\">.<\/span><\/p>\n<\/li>\n<li>\n<p data-path-to-node=\"16,4,1\"><span data-path-to-node=\"16,4,1,0\"><b><span class=\"citation-77\">Pakend:<\/span><\/b><span class=\"citation-77\"> Lahtiselt (100 tk\/karp)<\/span><\/span><span data-path-to-node=\"16,4,1,2\">.<\/span><\/p>\n<\/li>\n<li>\n<p data-path-to-node=\"16,4,1\"><span data-path-to-node=\"16,5,1,0\"><b><span class=\"citation-76\">Vastavus:<\/span><\/b><span class=\"citation-76\"> L\u00e4bis ftalaatide, plii ja A20 testi vastavalt lausriide\/PP standarditele<\/span><\/span><\/p>\n<\/li>\n<\/ul>\n<h2 data-path-to-node=\"17\">Kasutusjuhud<\/h2>\n<ul data-path-to-node=\"18\">\n<li>\n<p data-path-to-node=\"18,0,0\"><b>Liiklusohutuskampaaniad:<\/b> Ideaalne jalak\u00e4ijatele ja jalgratturitele pimedatel kuudel m\u00f5eldud jaotusvahend.<\/p>\n<\/li>\n<li>\n<p data-path-to-node=\"18,1,0\"><b>Kooli- ja noortegrupid:<\/b> Turvalised raamatukotid \u00f5pilastele p\u00e4rastl\u00f5unal koju jalutades.<\/p>\n<\/li>\n<li>\n<p data-path-to-node=\"18,2,0\"><b>\u00dcrituse kinkekaart:<\/b> K\u00f5rge v\u00e4\u00e4rtusega konverentsikott, mida osalejad selle turvaelementide t\u00f5ttu taaskasutavad.<\/p>\n<\/li>\n<\/ul>","protected":false},"excerpt":{"rendered":"<ul>\n<li data-path-to-node=\"10,0,0\"><b>Hea n\u00e4htavus:<\/b> Kogu koti pind on valmistatud helkurmaterjalist, mis tagab maksimaalse ohutuse h\u00e4maras.<\/li>\n<li>\n<p data-path-to-node=\"10,0,0\"><span style=\"font-family: -apple-system, BlinkMacSystemFont, 'Segoe UI', Roboto, 'Helvetica Neue', Arial, 'Noto Sans', sans-serif, 'Apple Color Emoji', 'Segoe UI Emoji', 'Segoe UI Symbol', 'Noto Color Emoji';\" data-path-to-node=\"10,1,1,0\"><b><span class=\"citation-87\">Vastupidav materjal:<\/span><\/b><span class=\"citation-87\"> Valmistatud tugevast pol\u00fcestrist peegeldava kattega<\/span><\/span><span style=\"font-family: -apple-system, BlinkMacSystemFont, 'Segoe UI', Roboto, 'Helvetica Neue', Arial, 'Noto Sans', sans-serif, 'Apple Color Emoji', 'Segoe UI Emoji', 'Segoe UI Symbol', 'Noto Color Emoji';\" data-path-to-node=\"10,1,1,2\">.<\/span><\/p>\n<\/li>\n<li>\n<p data-path-to-node=\"10,2,1\"><span data-path-to-node=\"10,2,1,0\"><b><span class=\"citation-86\">Sertifitseeritud ohutus:<\/span><\/b><span class=\"citation-86\"> Testitud ftalaatide ja pliisisalduse suhtes, mist\u00f5ttu on see igap\u00e4evaseks kasutamiseks ohutu<\/span><\/span><span data-path-to-node=\"10,2,1,2\">.<\/span><\/p>\n<\/li>\n<li>\n<p data-path-to-node=\"10,3,1\"><span data-path-to-node=\"10,3,1,0\"><b><span class=\"citation-85\">Praktiline suurus:<\/span><\/b><span class=\"citation-85\"> Keskmise suurusega ostukott (38 x 42 x 8 cm) mugavate k\u00e4epidemetega<\/span><\/span><span data-path-to-node=\"10,3,1,2\">.<\/span><\/p>\n<\/li>\n<\/ul>","protected":false},"featured_media":6329,"comment_status":"closed","ping_status":"closed","template":"","meta":[],"product_brand":[],"product_cat":[131],"product_tag":[],"class_list":{"0":"post-6077","1":"product","2":"type-product","3":"status-publish","4":"has-post-thumbnail","6":"product_cat-custom-bags-totes","8":"first","9":"instock","10":"shipping-taxable","11":"purchasable","12":"product-type-simple"},"_links":{"self":[{"href":"https:\/\/wristbandfactory.eu\/et\/wp-json\/wp\/v2\/product\/6077","targetHints":{"allow":["GET"]}}],"collection":[{"href":"https:\/\/wristbandfactory.eu\/et\/wp-json\/wp\/v2\/product"}],"about":[{"href":"https:\/\/wristbandfactory.eu\/et\/wp-json\/wp\/v2\/types\/product"}],"replies":[{"embeddable":true,"href":"https:\/\/wristbandfactory.eu\/et\/wp-json\/wp\/v2\/comments?post=6077"}],"wp:featuredmedia":[{"embeddable":true,"href":"https:\/\/wristbandfactory.eu\/et\/wp-json\/wp\/v2\/media\/6329"}],"wp:attachment":[{"href":"https:\/\/wristbandfactory.eu\/et\/wp-json\/wp\/v2\/media?parent=6077"}],"wp:term":[{"taxonomy":"product_brand","embeddable":true,"href":"https:\/\/wristbandfactory.eu\/et\/wp-json\/wp\/v2\/product_brand?post=6077"},{"taxonomy":"product_cat","embeddable":true,"href":"https:\/\/wristbandfactory.eu\/et\/wp-json\/wp\/v2\/product_cat?post=6077"},{"taxonomy":"product_tag","embeddable":true,"href":"https:\/\/wristbandfactory.eu\/et\/wp-json\/wp\/v2\/product_tag?post=6077"}],"curies":[{"name":"t\u00f6\u00f6leht","href":"https:\/\/api.w.org\/{rel}","templated":true}]}}