{"id":6073,"date":"2025-12-17T15:08:59","date_gmt":"2025-12-17T12:08:59","guid":{"rendered":"https:\/\/wristbandfactory.eu\/?post_type=product&#038;p=6073"},"modified":"2026-01-03T01:21:06","modified_gmt":"2026-01-02T22:21:06","slug":"custom-charity-bracelets-with-printed-backing-cards","status":"publish","type":"product","link":"https:\/\/wristbandfactory.eu\/et\/p\/custom-charity-bracelets-with-printed-backing-cards\/","title":{"rendered":"Logoga heategevuslikud k\u00e4epaelad infokaardiga"},"content":{"rendered":"<p data-path-to-node=\"8\">Muutke lihtne aksessuaar v\u00f5imsaks liikumiseks meie eridisainiga heategevusk\u00e4epaeldega. Need k\u00e4epaeld, mis on loodud spetsiaalselt vaba\u00fchenduste ja sotsiaalkampaaniate jaoks, on enamat kui tavalised reklaamesemed, olles kantavad t\u00e4nut\u00e4heks annetajatele ja vabatahtlikele. Mugava randmepaela ja eridisainiga kujuga fookuspunkti kombinatsioon muudab selle v\u00e4\u00e4rtuslikuks esemeks iga \u00fclla eesm\u00e4rgi jaoks.<\/p>\n<p data-path-to-node=\"9\">Komplekt sisaldab professionaalselt tr\u00fckitud taustakaarti, mis muudab k\u00e4epael terviklikuks suhtlusvahendiks. See jaem\u00fc\u00fcgivalmis l\u00e4henemine tagab teie s\u00f5numi selge edastamise nii \u00fcritustel, otsepostituse teel kui ka m\u00fc\u00fcgikohtades.<\/p>\n<h2 data-path-to-node=\"10\">Peamised omadused<\/h2>\n<ul data-path-to-node=\"11\">\n<li>\n<p data-path-to-node=\"11,0,0\"><b data-path-to-node=\"11,0,0\" data-index-in-node=\"0\">Esmaklassiline esteetika:<\/b> Erinevalt ajutistest festivalib\u00e4ndidest on nendes k\u00e4epaeldes kasutatud pehmeid materjale ja metallilisi aktsente, et anda neile ehtelaadne tunne.<\/p>\n<\/li>\n<li>\n<p data-path-to-node=\"11,1,1\"><span data-path-to-node=\"11,1,1,0\"><b data-path-to-node=\"11,1,1,0\" data-index-in-node=\"0\"><span class=\"citation-11394\">Eritellimusel valmistatud akr\u00fc\u00fclripatsid:<\/span><\/b><span class=\"citation-11394\"> Kasutame t\u00e4ppislaserl\u00f5ikust, et luua teie kampaania identiteediga sobivaid ripatseid, alates verepiiskadest kuni ettev\u00f5tte logodeni.<\/span><\/span><span data-path-to-node=\"11,1,1,2\">.<\/span><\/p>\n<\/li>\n<li>\n<p data-path-to-node=\"11,2,0\"><b data-path-to-node=\"11,2,0\" data-index-in-node=\"0\">Mitmek\u00fclgne s\u00f5numivahetusplatvorm:<\/b> Suureformaadiline aluskaart (75 \u00d7 160 mm) on m\u00f5lemalt poolt tr\u00fckitud t\u00e4is-CMYK v\u00e4rvides, mis sobib ideaalselt haridusliku sisu jaoks.<\/p>\n<\/li>\n<li>\n<p data-path-to-node=\"11,3,0\"><b data-path-to-node=\"11,3,0\" data-index-in-node=\"0\">Universaalne reguleeritavus:<\/b> Liugs\u00f5lmede s\u00fcsteem tagab ideaalse sobivuse k\u00f5igile toetajatele, lastest t\u00e4iskasvanuteni.<\/p>\n<\/li>\n<\/ul>\n<h2 data-path-to-node=\"12\">Spetsifikatsioonid<\/h2>\n<ul data-path-to-node=\"13\">\n<li>\n<p data-path-to-node=\"13,0,1\"><span data-path-to-node=\"13,0,1,0\"><b data-path-to-node=\"13,0,1,0\" data-index-in-node=\"0\"><span class=\"citation-11393\">K\u00e4epael materjal:<\/span><\/b><span class=\"citation-11393\"> Pehme nailonist\/puuvillast pael h\u00f5bedaste helmestega<\/span><\/span><span data-path-to-node=\"13,0,1,2\">.<\/span><\/p>\n<\/li>\n<li>\n<p data-path-to-node=\"13,1,0\"><b data-path-to-node=\"13,1,0\" data-index-in-node=\"0\">Amulettmaterjal:<\/b> V\u00e4rviline akr\u00fc\u00fcl eridisainiga kujundites.<\/p>\n<\/li>\n<li>\n<p data-path-to-node=\"13,2,0\"><b data-path-to-node=\"13,2,0\" data-index-in-node=\"0\">Kaardi m\u00f5\u00f5tmed:<\/b> 75 mm \u00d7 160 mm (t\u00e4ielikult kohandatav).<\/p>\n<\/li>\n<li>\n<p data-path-to-node=\"13,3,0\"><b data-path-to-node=\"13,3,0\" data-index-in-node=\"0\">Kaardi tr\u00fckkimine:<\/b> T\u00e4isv\u00e4rviline (CMYK) m\u00f5lemal k\u00fcljel.<\/p>\n<\/li>\n<li>\n<p data-path-to-node=\"13,4,0\"><b data-path-to-node=\"13,4,0\" data-index-in-node=\"0\">Minimaalne tellimuse kogus (MOQ):<\/b> 500 \u00fchikut.<\/p>\n<\/li>\n<\/ul>\n<h2 data-path-to-node=\"14\">Kasutusjuhud<\/h2>\n<ul data-path-to-node=\"15\">\n<li>\n<p data-path-to-node=\"15,0,0\"><b data-path-to-node=\"15,0,0\" data-index-in-node=\"0\">Tervishoiualane teadlikkus:<\/b> Ideaalne vereannetuse keskuste, v\u00e4hiuuringute fondide ja vaimse tervise algatuste jaoks.<\/p>\n<\/li>\n<li>\n<p data-path-to-node=\"15,1,0\"><b data-path-to-node=\"15,1,0\" data-index-in-node=\"0\">Heategevuslik kaup:<\/b> Vastupidav ja atraktiivne toode heategevusorganisatsioonidele, mida m\u00fc\u00fca suure kasumimarginaaliga annetuste kogumise vahendina.<\/p>\n<\/li>\n<li>\n<p data-path-to-node=\"15,2,0\"><b data-path-to-node=\"15,2,0\" data-index-in-node=\"0\">Ettev\u00f5tte sotsiaalne vastutus:<\/b> T\u00e4hendusrikkad kingitused t\u00f6\u00f6tajatele, kes osalevad kogukonnateenistuses v\u00f5i sotsiaalse m\u00f5ju projektides.<\/p>\n<\/li>\n<li>\n<p data-path-to-node=\"15,3,1\"><span data-path-to-node=\"15,3,1,0\"><b data-path-to-node=\"15,3,1,0\" data-index-in-node=\"0\"><span class=\"citation-11392\">Meeldej\u00e4\u00e4vad m\u00e4lestusesemed s\u00fcndmustest:<\/span><\/b><span class=\"citation-11392\"> J\u00e4tkusuutlikud suveniirid gala\u00f5htus\u00f6\u00f6kideks, heategevusjooksudeks v\u00f5i eestkoste tippkohtumisteks<\/span><\/span><span data-path-to-node=\"15,3,1,2\">.<\/span><\/p>\n<\/li>\n<\/ul>","protected":false},"excerpt":{"rendered":"<ul>\n<li>\n<p data-path-to-node=\"7,0,0\"><b data-path-to-node=\"7,0,0\" data-index-in-node=\"0\">Jaem\u00fc\u00fcgivalmis esitlus:<\/b> Iga k\u00e4epael on eelnevalt paigaldatud 75 \u00d7 160 mm t\u00e4isv\u00e4rvilisele alusplaadile, mis pakub piisavalt ruumi kampaania lugude jutustamiseks v\u00f5i QR-koodide jaoks.<\/p>\n<\/li>\n<li>\n<p data-path-to-node=\"7,1,1\"><span data-path-to-node=\"7,1,1,0\"><b data-path-to-node=\"7,1,1,0\" data-index-in-node=\"0\"><span class=\"citation-11395\">T\u00e4ielikult kohandatavad v\u00f5lusid:<\/span><\/b><span class=\"citation-11395\"> Sisaldab laserl\u00f5igatud akr\u00fc\u00fclripatsit, mis on saadaval mis tahes kuju ja v\u00e4rviga, n\u00e4iteks teadlikkuse paelte v\u00f5i logodega<\/span><\/span><span data-path-to-node=\"7,1,1,2\">.<\/span><\/p>\n<\/li>\n<li>\n<p data-path-to-node=\"7,2,0\"><b data-path-to-node=\"7,2,0\" data-index-in-node=\"0\">Ehtekvaliteediga viimistlus:<\/b> Valmistatud pehmest nailonist v\u00f5i puuvillast paelast ja rafineeritud h\u00f5bedatoonis helmestest, mis on loodud pikaajaliseks igap\u00e4evaseks kandmiseks.<\/p>\n<\/li>\n<li>\n<p data-path-to-node=\"7,3,0\"><b data-path-to-node=\"7,3,0\" data-index-in-node=\"0\">Suure m\u00f5juga B2B t\u00f6\u00f6riist:<\/b> Ideaalne tervishoiuorganisatsioonidele, vaba\u00fchendustele ja ettev\u00f5tete sotsiaalse vastutuse algatustele minimaalse tellimusega 500 \u00fchikut.<\/p>\n<\/li>\n<\/ul>","protected":false},"featured_media":6074,"comment_status":"closed","ping_status":"closed","template":"","meta":[],"product_brand":[],"product_cat":[122,45],"product_tag":[],"class_list":{"0":"post-6073","1":"product","2":"type-product","3":"status-publish","4":"has-post-thumbnail","6":"product_cat-promotional-accessories","7":"product_cat-other","9":"first","10":"instock","11":"shipping-taxable","12":"purchasable","13":"product-type-simple"},"_links":{"self":[{"href":"https:\/\/wristbandfactory.eu\/et\/wp-json\/wp\/v2\/product\/6073","targetHints":{"allow":["GET"]}}],"collection":[{"href":"https:\/\/wristbandfactory.eu\/et\/wp-json\/wp\/v2\/product"}],"about":[{"href":"https:\/\/wristbandfactory.eu\/et\/wp-json\/wp\/v2\/types\/product"}],"replies":[{"embeddable":true,"href":"https:\/\/wristbandfactory.eu\/et\/wp-json\/wp\/v2\/comments?post=6073"}],"wp:featuredmedia":[{"embeddable":true,"href":"https:\/\/wristbandfactory.eu\/et\/wp-json\/wp\/v2\/media\/6074"}],"wp:attachment":[{"href":"https:\/\/wristbandfactory.eu\/et\/wp-json\/wp\/v2\/media?parent=6073"}],"wp:term":[{"taxonomy":"product_brand","embeddable":true,"href":"https:\/\/wristbandfactory.eu\/et\/wp-json\/wp\/v2\/product_brand?post=6073"},{"taxonomy":"product_cat","embeddable":true,"href":"https:\/\/wristbandfactory.eu\/et\/wp-json\/wp\/v2\/product_cat?post=6073"},{"taxonomy":"product_tag","embeddable":true,"href":"https:\/\/wristbandfactory.eu\/et\/wp-json\/wp\/v2\/product_tag?post=6073"}],"curies":[{"name":"t\u00f6\u00f6leht","href":"https:\/\/api.w.org\/{rel}","templated":true}]}}