{"id":5995,"date":"2025-12-16T16:28:57","date_gmt":"2025-12-16T13:28:57","guid":{"rendered":"https:\/\/wristbandfactory.eu\/?post_type=product&#038;p=5995"},"modified":"2025-12-29T15:58:22","modified_gmt":"2025-12-29T12:58:22","slug":"custom-printed-microfiber-cleaning-cloths-screens-glasses","status":"publish","type":"product","link":"https:\/\/wristbandfactory.eu\/et\/p\/custom-printed-microfiber-cleaning-cloths-screens-glasses\/","title":{"rendered":"Mikrofiiber prillilapid logoga"},"content":{"rendered":"<p data-path-to-node=\"9\">Veenduge, et teie br\u00e4nd oleks n\u00e4htav iga kord, kui klient oma prille v\u00f5i nutitelefoni ekraani puhastab. Meie <b>Eridisainiga mikrokiust puhastuslapid<\/b> on v\u00e4ga praktiline, kerge ja eelarves\u00f5bralik reklaammaterjal. Erinevalt paberr\u00e4tikutest kasutatakse neid vastupidavaid lappe korduvalt, pakkudes pikaajalist br\u00e4ndi n\u00e4htavust.<\/p>\n<p data-path-to-node=\"10\">Pakume mitmek\u00fclgset materjalide ja suuruste valikut, et see sobiks teie eelarve ja j\u00e4tkusuutlikkuse eesm\u00e4rkidega, alates kulut\u00f5husatest kingitustest kuni Euroopas valmistatud kvaliteetsete ja paksude puhastuslappideni.<\/p>\n<h2 data-path-to-node=\"11\">Materjal ja \u00f6kovalikud<\/h2>\n<p data-path-to-node=\"12\">Valige oma vajadustele vastav kanga paksus:<\/p>\n<ul data-path-to-node=\"13\">\n<li>\n<p data-path-to-node=\"13,0,0\"><b>Standardne mikrokiud (170 g\/m\u00b2):<\/b> Kerge ja kulut\u00f5hus. Ideaalne suuremahuliste postituskampaaniate ja messimaterjalide jaoks.<\/p>\n<\/li>\n<li>\n<p data-path-to-node=\"13,1,0\"><b>Kvaliteetne mikrokiud (200 g\/m\u00b2):<\/b> Paksem, pehmem ja vastupidavam. Tundub k\u00e4es toekam \u2013 ideaalne esmaklassilisteks firmakingitusteks.<\/p>\n<\/li>\n<li>\n<p data-path-to-node=\"13,2,0\"><b>Keskkonnas\u00f5bralik rPET (170 g\/m\u00b2\/200 g\/m\u00b2):<\/b> Valmistatud taaskasutatud plastpudelitest. J\u00e4tkusuutlik valik, mis toimib sama h\u00e4sti kui tavaline mikrokiud, kuid v\u00e4hendab keskkonnam\u00f5ju.<\/p>\n<\/li>\n<\/ul>\n<h2 data-path-to-node=\"14\">Br\u00e4ndingu tehnikad<\/h2>\n<ul data-path-to-node=\"15\">\n<li>\n<p data-path-to-node=\"15,0,0\"><b>T\u00e4isv\u00e4rviline sublimatsioon:<\/b> Tr\u00fckime teie k\u00f5rglahutusega foto, logo v\u00f5i mustri kogu kanga pinnale (servast servani).<\/p>\n<\/li>\n<li>\n<p data-path-to-node=\"15,1,0\"><b>S\u00fcvistatud br\u00e4nding:<\/b> Teie logo pressitakse kangasse kuumpressimise teel, luues peene ja p\u00fcsiva tekstuuri ilma tindita. Elegantne v\u00e4limus 200 g\/m\u00b2 ja rPET-kangastele.<\/p>\n<\/li>\n<\/ul>\n<h2 data-path-to-node=\"16\">Saadaval olevad suurused<\/h2>\n<p data-path-to-node=\"17\">Pakume erinevaid standardsuurusi, mis sobivad erinevatele seadmetele:<\/p>\n<ul data-path-to-node=\"18\">\n<li>\n<p data-path-to-node=\"18,0,0\"><b>Tasku suurus:<\/b> 12 \u00d7 12 cm (sobib ideaalselt prillide jaoks)<\/p>\n<\/li>\n<li>\n<p data-path-to-node=\"18,1,0\"><b>Standard:<\/b> 15 \u00d7 15 cm \/ 17 \u00d7 12 cm (Suurep\u00e4rane telefonide jaoks)<\/p>\n<\/li>\n<li>\n<p data-path-to-node=\"18,2,0\"><b>Suur:<\/b> 17 \u00d7 15 cm \/ 17 \u00d7 18 cm (ideaalne tahvelarvutite ja s\u00fclearvutite jaoks)<\/p>\n<\/li>\n<\/ul>\n<h2 data-path-to-node=\"19\">Spetsifikatsioonid<\/h2>\n<ul data-path-to-node=\"20\">\n<li>\n<p data-path-to-node=\"20,0,0\"><b>Minimaalne tellimuse kogus (MOQ):<\/b><\/p>\n<ul data-path-to-node=\"20,0,1\">\n<li>\n<p data-path-to-node=\"20,0,1,0,0\">Standardne import: <b>250 tk<\/b><\/p>\n<\/li>\n<li>\n<p data-path-to-node=\"20,0,1,1,0\">Valmistatud EL-is: <b>100 tk<\/b><\/p>\n<\/li>\n<\/ul>\n<\/li>\n<li>\n<p data-path-to-node=\"20,1,0\"><b>Pakend:<\/b> Lahtiselt pakendatud v\u00f5i eraldi pol\u00fckottidesse pakitud (valikuline).<\/p>\n<\/li>\n<li>\n<p data-path-to-node=\"20,2,0\"><b>P\u00e4ritolu:<\/b> Valikuv\u00f5imalus Aasia impordi (parim hind) v\u00f5i Euroopa toodangu (kiireim tarne) vahel.<\/p>\n<\/li>\n<li>\n<p data-path-to-node=\"20,3,0\"><b>Kasutamine:<\/b> Ebemevaba ja mitteabrasiivne puhastusvahend \u00f5rnadele optilistele pindadele.<\/p>\n<\/li>\n<\/ul>\n<h2 data-path-to-node=\"21\">Kasutusjuhud<\/h2>\n<ul data-path-to-node=\"22\">\n<li>\n<p data-path-to-node=\"22,0,0\"><b>Tehnoloogia- ja IT-ettev\u00f5tted:<\/b> H\u00e4davajalik lisatarvik s\u00fclearvutitele ja monitoridele.<\/p>\n<\/li>\n<li>\n<p data-path-to-node=\"22,1,0\"><b>Optikud ja prillid:<\/b> Klassikaline br\u00e4nditud kingitus iga prillipaari juurde.<\/p>\n<\/li>\n<li>\n<p data-path-to-node=\"22,2,0\"><b>Otsepostituse kampaaniad:<\/b> \u00c4\u00e4rmiselt kerged ja lamedad, mist\u00f5ttu on nende saatmine \u00fclemaailmselt odav.<\/p>\n<\/li>\n<li>\n<p data-path-to-node=\"22,3,0\"><b>\u00dcrituse kinkekotid:<\/b> Kasulik ese, mida osalejad \u00e4ra ei viska.<\/p>\n<\/li>\n<\/ul>\n<p data-path-to-node=\"23\">","protected":false},"excerpt":{"rendered":"<ul>\n<li>\n<p data-path-to-node=\"8,0,0\"><b>Kristallselge puhastus:<\/b> Ideaalne nutitelefonide, tahvelarvutite, s\u00fclearvutite ja prillide jaoks.<\/p>\n<\/li>\n<li>\n<p data-path-to-node=\"8,1,0\"><b>Materjalivalikud:<\/b> Standardne 170 g\/m\u00b2\/200 g\/m\u00b2 v\u00f5i keskkonnas\u00f5bralik <b>rPET<\/b> (Taaskasutatud pudelid).<\/p>\n<\/li>\n<li>\n<p data-path-to-node=\"8,2,0\"><b>Printimisvalikud:<\/b> Elav <b>T\u00e4isv\u00e4rviline<\/b> sublimatsioon v\u00f5i peen <b>Reljeefne<\/b> br\u00e4nding.<\/p>\n<\/li>\n<li>\n<p data-path-to-node=\"8,3,0\"><b>Euroopa toodang:<\/b> Kiired kohaletoimetamise v\u00f5imalused madalate miinimumtellimustega (alates 100 tk).<\/p>\n<\/li>\n<\/ul>","protected":false},"featured_media":6333,"comment_status":"closed","ping_status":"closed","template":"","meta":[],"product_brand":[],"product_cat":[128],"product_tag":[],"class_list":{"0":"post-5995","1":"product","2":"type-product","3":"status-publish","4":"has-post-thumbnail","6":"product_cat-mobile-tech-accessories","8":"first","9":"instock","10":"shipping-taxable","11":"purchasable","12":"product-type-simple"},"_links":{"self":[{"href":"https:\/\/wristbandfactory.eu\/et\/wp-json\/wp\/v2\/product\/5995","targetHints":{"allow":["GET"]}}],"collection":[{"href":"https:\/\/wristbandfactory.eu\/et\/wp-json\/wp\/v2\/product"}],"about":[{"href":"https:\/\/wristbandfactory.eu\/et\/wp-json\/wp\/v2\/types\/product"}],"replies":[{"embeddable":true,"href":"https:\/\/wristbandfactory.eu\/et\/wp-json\/wp\/v2\/comments?post=5995"}],"wp:featuredmedia":[{"embeddable":true,"href":"https:\/\/wristbandfactory.eu\/et\/wp-json\/wp\/v2\/media\/6333"}],"wp:attachment":[{"href":"https:\/\/wristbandfactory.eu\/et\/wp-json\/wp\/v2\/media?parent=5995"}],"wp:term":[{"taxonomy":"product_brand","embeddable":true,"href":"https:\/\/wristbandfactory.eu\/et\/wp-json\/wp\/v2\/product_brand?post=5995"},{"taxonomy":"product_cat","embeddable":true,"href":"https:\/\/wristbandfactory.eu\/et\/wp-json\/wp\/v2\/product_cat?post=5995"},{"taxonomy":"product_tag","embeddable":true,"href":"https:\/\/wristbandfactory.eu\/et\/wp-json\/wp\/v2\/product_tag?post=5995"}],"curies":[{"name":"t\u00f6\u00f6leht","href":"https:\/\/api.w.org\/{rel}","templated":true}]}}