{"id":5985,"date":"2025-12-16T16:19:40","date_gmt":"2025-12-16T13:19:40","guid":{"rendered":"https:\/\/wristbandfactory.eu\/?post_type=product&#038;p=5985"},"modified":"2026-01-09T18:37:15","modified_gmt":"2026-01-09T15:37:15","slug":"custom-knitted-socks-with-logo-cotton-bamboo-merino-sports","status":"publish","type":"product","link":"https:\/\/wristbandfactory.eu\/et\/p\/custom-knitted-socks-with-logo-cotton-bamboo-merino-sports\/","title":{"rendered":"Logoga kootud sokid"},"content":{"rendered":"<p data-path-to-node=\"10\">Muutke igap\u00e4evane oluline ese oma br\u00e4ndi populaarseimaks kaubaks. Meie <b>Eridisainiga kootud sokid<\/b> Ei ole lihtsalt tr\u00fckitud, vaid need luuakse nullist \u017eakaarkudumistehnoloogia abil. See t\u00e4hendab, et teie logo ja kujundus kootakse otse kangasse kuni viie erineva l\u00f5ngav\u00e4rviga, tagades, et kujundus ei kooru ega tuhmu kunagi.<\/p>\n<p data-path-to-node=\"11\">Olenemata sellest, kas vajate professionaalseid firmakingitusi, tipptasemel spordivarustust v\u00f5i keskkonnateadlikke kaupu, katavad meie tootmisv\u00f5imalused k\u00f5ik vajadused madalate miinimumkogustega.<\/p>\n<h2 data-path-to-node=\"12\">Materjali valikud<\/h2>\n<p data-path-to-node=\"13\">Pakume erinevaid materjalisegusid, mis sobivad teie konkreetse eesm\u00e4rgiga:<\/p>\n<ul data-path-to-node=\"14\">\n<li>\n<p data-path-to-node=\"14,0,0\"><b>Klassikaline puuvillasegu:<\/b> Mugavuse ja vastupidavuse t\u00f6\u00f6stusstandard. Ideaalne igap\u00e4evaseks kandmiseks ja kingitusteks.<\/p>\n<ul data-path-to-node=\"14,0,1\">\n<li>\n<p data-path-to-node=\"14,0,1,0,0\"><i>Koostis:<\/i> 68% puuvill, 29% pol\u00fcester, 3% spandex (standardne) v\u00f5i 80% puuvillasegu EL-i toodanguks.<\/p>\n<\/li>\n<\/ul>\n<\/li>\n<li>\n<p data-path-to-node=\"14,1,0\"><b>Premium bambus:<\/b> J\u00e4tkusuutlik, pehmem ja loomulikult h\u00fcpoallergeenne valik.<\/p>\n<ul data-path-to-node=\"14,1,1\">\n<li>\n<p data-path-to-node=\"14,1,1,0,0\"><i>Koostis:<\/i> 65% bambus, 25% puuvill, 8% pol\u00fcester, 2% elastaan.<\/p>\n<\/li>\n<\/ul>\n<\/li>\n<li>\n<p data-path-to-node=\"14,2,0\"><b>Meriinovill (talv ja matkamine):<\/b> Pehme, hingav ja l\u00f5hna imav. Ideaalne nii v\u00e4libr\u00e4ndidele kui ka talvistele kingitustele.<\/p>\n<ul data-path-to-node=\"14,2,1\">\n<li>\n<p data-path-to-node=\"14,2,1,0,0\"><i>Koostis:<\/i> 43% meriinovill, 25% pol\u00fcamiid, 29% akr\u00fc\u00fcl, 3% elastaan.<\/p>\n<\/li>\n<\/ul>\n<\/li>\n<li>\n<p data-path-to-node=\"14,3,0\"><b>V\u00f5imsusspordi segu:<\/b> Jooksmiseks ja jalgpalliks loodud vastupidavad segud.<\/p>\n<ul data-path-to-node=\"14,3,1\">\n<li>\n<p data-path-to-node=\"14,3,1,0,0\"><i>Koostis:<\/i> Pol\u00fcamiidi\/puuvilla\/elastaani segukangas v\u00f5rgust ventilatsiooniga.<\/p>\n<\/li>\n<\/ul>\n<\/li>\n<\/ul>\n<h2 data-path-to-node=\"15\">Saadaval olevad stiilid ja l\u00f5iked<\/h2>\n<p data-path-to-node=\"16\">Saate oma disaini rakendada mis tahes j\u00e4rgmistele l\u00f5igetele:<\/p>\n<ul data-path-to-node=\"17\">\n<li>\n<p data-path-to-node=\"17,0,0\"><b>Meeskonna sokid:<\/b> Klassikaline pikkus pools\u00e4\u00e4reni. Saadaval k\u00f5ikidest materjalidest.<\/p>\n<\/li>\n<li>\n<p data-path-to-node=\"17,1,0\"><b>Pahkluu- ja mitten\u00e4htavad sokid:<\/b> Diskreetsed ja moodsad l\u00f5iked, ideaalsed suveks v\u00f5i tossudeks.<\/p>\n<\/li>\n<li>\n<p data-path-to-node=\"17,2,0\"><b>Spordi- ja tennisesokid:<\/b> Omadused <b>360\u00b0 v\u00f5lvitugi<\/b> ja valikulised pehmendusega (poolfrotee) tallad l\u00f6\u00f6kide neeldumiseks.<\/p>\n<\/li>\n<li>\n<p data-path-to-node=\"17,3,0\"><b>Jooksusokid:<\/b> T\u00e4iustatud kudum hingava v\u00f5rkkangaga esijala \u00fclaosas ja pikee-kudumisega s\u00e4\u00e4rel.<\/p>\n<\/li>\n<li>\n<p data-path-to-node=\"17,4,0\"><b>Jalgpalli sokid:<\/b> \u00dcle s\u00e4\u00e4re ulatuv pikkus, v\u00f5rkpaneelidega s\u00e4\u00e4remarjal ja pealistallal.<\/p>\n<\/li>\n<li>\n<p data-path-to-node=\"17,5,0\"><b>Jooga ja libisemisvastane:<\/b> Taldal on silikoonist libisemisvastased haarduvad pinnad teie valitud mustri j\u00e4rgi. Saadaval t\u00e4is- v\u00f5i varvasteta versioonina.<\/p>\n<\/li>\n<\/ul>\n<h2 data-path-to-node=\"18\">Spetsifikatsioonid<\/h2>\n<ul data-path-to-node=\"19\">\n<li>\n<p data-path-to-node=\"19,0,0\"><b>Kudumise tehnoloogia:<\/b> \u017dakaar (kangasse kootud disain).<\/p>\n<\/li>\n<li>\n<p data-path-to-node=\"19,1,0\"><b>V\u00e4rvid:<\/b> Kuni 5 v\u00e4rvi kujunduse kohta.<\/p>\n<\/li>\n<li>\n<p data-path-to-node=\"19,2,0\"><b>Minimaalne tellimuse kogus (MOQ):<\/b> Algab <b>25 paari<\/b> valitud spordimudelite ja <b>50 paari<\/b> standardsete disainilahenduste jaoks.<\/p>\n<\/li>\n<li>\n<p data-path-to-node=\"19,3,0\"><b>Suurused:<\/b> Saadaval on \u00fcks suurus enamusele v\u00f5i kindlad suurusvahemikud.<\/p>\n<\/li>\n<li>\n<p data-path-to-node=\"19,4,0\"><b>Pakend:<\/b> Valikulised eridisainiga t\u00e4isv\u00e4rvilised pabersildid. <i>M\u00e4rkus: Mitme sama sildikujundusega suuruse puhul kasutatakse kulude v\u00e4hendamiseks suuruskleebiseid.<\/i><\/p>\n<\/li>\n<li>\n<p data-path-to-node=\"19,5,0\"><b>Kujundusm\u00e4rkus:<\/b> Vasakul ja paremal sokil v\u00f5ivad olla erinevad kujundused (lisatasu eest). M\u00f5lema s\u00e4\u00e4re v\u00e4lisk\u00fcljel olevaid logosid peetakse orientatsiooni t\u00f5ttu eraldi kujundusteks.<\/p>\n<\/li>\n<\/ul>\n<h2 data-path-to-node=\"20\">Kasutusjuhud<\/h2>\n<ul data-path-to-node=\"21\">\n<li>\n<p data-path-to-node=\"21,0,0\"><b>Ettev\u00f5tte snaggi:<\/b> L\u00f5busad ja praktilised kontorikingitused, mida t\u00f6\u00f6tajad p\u00e4riselt kannavad.<\/p>\n<\/li>\n<li>\n<p data-path-to-node=\"21,1,0\"><b>Spordimeeskonnad:<\/b> Meeskonnav\u00e4rvides eridisainiga jalgpalli-, korvpalli- ja jooksusokid.<\/p>\n<\/li>\n<li>\n<p data-path-to-node=\"21,2,0\"><b>Jaem\u00fc\u00fck ja kaubad:<\/b> Kvaliteetsed edasim\u00fc\u00fcgitooted b\u00e4ndidele, m\u00f5jutajatele ja r\u00f5ivabr\u00e4ndidele.<\/p>\n<\/li>\n<li>\n<p data-path-to-node=\"21,3,0\"><b>Heaolu stuudiod:<\/b> Br\u00e4nditud libisemisvastased sokid jooga ja pilatese tundidesse.<\/p>\n<\/li>\n<\/ul>\n<p data-path-to-node=\"22\">","protected":false},"excerpt":{"rendered":"<ul>\n<li>\n<p data-path-to-node=\"9,0,0\"><b>\u017dakaarkudumine:<\/b> Teie disain on vastupidavuse ja esmaklassilise v\u00e4limuse tagamiseks otse kangasse kootud (kuni 5 v\u00e4rvi).<\/p>\n<\/li>\n<li>\n<p data-path-to-node=\"9,1,0\"><b>Materjali valik:<\/b> Saadaval tavalisest puuvillast, keskkonnas\u00f5bralikust bambusest v\u00f5i soojast meriinovillast.<\/p>\n<\/li>\n<li>\n<p data-path-to-node=\"9,2,0\"><b>Mitmek\u00fclgsed stiilid:<\/b> Meeskonnajooga, pahkluujooga, ilmumata j\u00e4tmise jooga, sportlik (v\u00f5lvitoetus) ja libisemisvastane jooga.<\/p>\n<\/li>\n<li>\n<p data-path-to-node=\"9,3,0\"><b>Eridisainiga sildid:<\/b> Valikulised t\u00e4isv\u00e4rvilised pabersildid v\u00f5i kleebised jaem\u00fc\u00fcgivalmis pakendamiseks.<\/p>\n<\/li>\n<\/ul>","protected":false},"featured_media":6670,"comment_status":"closed","ping_status":"closed","template":"","meta":[],"product_brand":[],"product_cat":[129],"product_tag":[],"class_list":{"0":"post-5985","1":"product","2":"type-product","3":"status-publish","4":"has-post-thumbnail","6":"product_cat-leisure-lifestyle","8":"first","9":"instock","10":"shipping-taxable","11":"product-type-simple"},"_links":{"self":[{"href":"https:\/\/wristbandfactory.eu\/et\/wp-json\/wp\/v2\/product\/5985","targetHints":{"allow":["GET"]}}],"collection":[{"href":"https:\/\/wristbandfactory.eu\/et\/wp-json\/wp\/v2\/product"}],"about":[{"href":"https:\/\/wristbandfactory.eu\/et\/wp-json\/wp\/v2\/types\/product"}],"replies":[{"embeddable":true,"href":"https:\/\/wristbandfactory.eu\/et\/wp-json\/wp\/v2\/comments?post=5985"}],"wp:featuredmedia":[{"embeddable":true,"href":"https:\/\/wristbandfactory.eu\/et\/wp-json\/wp\/v2\/media\/6670"}],"wp:attachment":[{"href":"https:\/\/wristbandfactory.eu\/et\/wp-json\/wp\/v2\/media?parent=5985"}],"wp:term":[{"taxonomy":"product_brand","embeddable":true,"href":"https:\/\/wristbandfactory.eu\/et\/wp-json\/wp\/v2\/product_brand?post=5985"},{"taxonomy":"product_cat","embeddable":true,"href":"https:\/\/wristbandfactory.eu\/et\/wp-json\/wp\/v2\/product_cat?post=5985"},{"taxonomy":"product_tag","embeddable":true,"href":"https:\/\/wristbandfactory.eu\/et\/wp-json\/wp\/v2\/product_tag?post=5985"}],"curies":[{"name":"t\u00f6\u00f6leht","href":"https:\/\/api.w.org\/{rel}","templated":true}]}}